{"id":9962,"date":"2025-04-04T13:46:13","date_gmt":"2025-04-04T05:46:13","guid":{"rendered":"https:\/\/zojopackaging.com\/?post_type=product&#038;p=9962"},"modified":"2025-04-04T14:00:59","modified_gmt":"2025-04-04T06:00:59","slug":"custom-branded-printed-soap-packaging-wholesale-supplier","status":"publish","type":"product","link":"https:\/\/zojopackaging.com\/pl\/product\/custom-branded-printed-soap-packaging-wholesale-supplier\/","title":{"rendered":"Niestandardowe opakowania na myd\u0142o z nadrukiem Dostawca hurtowy"},"content":{"rendered":"<h2 id=\"-1-material-and-craftsmanship-high-end-cardboard-and-four-color-printing-technology-\"><strong>1. Materia\u0142 i wykonanie: wysokiej jako\u015bci karton i technologia druku czterokolorowego<\/strong><\/h2>\n<p>Nasze pude\u0142ka na myd\u0142o s\u0105 wykonane z wysokiej jako\u015bci bia\u0142ego kartonu lub podw\u00f3jnego papieru miedzianego (o dostosowywanej gramaturze), a LOGO marki, wz\u00f3r i kolor s\u0105 dok\u0142adnie odtworzone.\u00a0<strong>Technologia druku czterokolorowego<\/strong>\u00a0aby zapewni\u0107 bogate warstwy i naturalne przej\u015bcia. W po\u0142\u0105czeniu z\u00a0<strong>technologia laminowania<\/strong>\u00a0(opcjonalnie klej b\u0142yszcz\u0105cy\/matowy), nie tylko zwi\u0119ksza odporno\u015b\u0107 na zu\u017cycie i wodoodporno\u015b\u0107 korpusu pude\u0142ka, ale tak\u017ce poprawia og\u00f3lny po\u0142ysk i tekstur\u0119. Linie pude\u0142ek s\u0105 przetwarzane za pomoc\u0105 precyzyjnej technologii sztancowania i wci\u0119\u0107, z delikatnymi i g\u0142adkimi kraw\u0119dziami oraz wysokiej jako\u015bci dotykiem.<\/p>\n<h2 id=\"-2-innovative-design-double-insert-opening-structure-and-flat-shipping-advantages-\"><strong>2. Innowacyjna konstrukcja: podw\u00f3jna struktura otwierania i zalety p\u0142askiego transportu<\/strong><\/h2>\n<p>Produkt przyjmuje\u00a0<strong>Konstrukcja z podw\u00f3jn\u0105 wk\u0142adk\u0105<\/strong>Pokrywa pude\u0142ka i korpus pude\u0142ka s\u0105 po\u0142\u0105czone za pomoc\u0105 precyzyjnych szczelin, otwieranie i zamykanie s\u0105 p\u0142ynne, a zamkni\u0119cie jest szczelne, co mo\u017ce chroni\u0107 myd\u0142o przed zanieczyszczeniem i nada\u0107 opakowaniu wyj\u0105tkowe poczucie rytua\u0142u. Jednocze\u015bnie opakowanie mo\u017cna ca\u0142kowicie sp\u0142aszczy\u0107 do p\u0142askiego kszta\u0142tu, znacznie zmniejszaj\u0105c zajmowan\u0105 przestrze\u0144 magazynow\u0105, i mo\u017cna je uk\u0142ada\u0107 w stosy i pakowa\u0107 podczas transportu, zmniejszaj\u0105c koszty logistyki nawet o 30%.<\/p>\n<h2 id=\"-3-customized-service-flexible-adaptation-and-brand-display-\"><strong>3. Indywidualna us\u0142uga: elastyczna adaptacja i wy\u015bwietlanie marki<\/strong><\/h2>\n<p>Wspieramy\u00a0<strong>Pe\u0142nowymiarowa personalizacja<\/strong>Niezale\u017cnie od tego, czy jest to r\u0119cznie robione myd\u0142o, myd\u0142o z olejkami eterycznymi czy myd\u0142o o specjalnym kszta\u0142cie, rozmiar \u015brednicy wewn\u0119trznej mo\u017cna dok\u0142adnie dopasowa\u0107. Schemat kolor\u00f3w mo\u017ce by\u0107 drukowany w oparciu o kart\u0119 kolor\u00f3w Pantone lub okre\u015blon\u0105 przez klienta warto\u015b\u0107 CMYK, z otworem okiennym, t\u0142oczeniem na gor\u0105co, lokaln\u0105 jasn\u0105 foli\u0105 UV i innymi procesami w celu zwi\u0119kszenia atrakcyjno\u015bci wizualnej. Powierzchnia pude\u0142ka mo\u017ce by\u0107 zadrukowana historiami marki, opisami sk\u0142adnik\u00f3w lub logo certyfikacji \u015brodowiskowej, aby pom\u00f3c produktom wyr\u00f3\u017cni\u0107 si\u0119 na p\u00f3\u0142kach sklepowych.<\/p>\n<h2 id=\"-4-professional-support-one-stop-service-from-the-source-factory-\"><strong>4. Profesjonalne wsparcie: kompleksowa obs\u0142uga z fabryki \u017ar\u00f3d\u0142owej<\/strong><\/h2>\n<p>Jako\u00a0<strong>16-letnia fabryka opakowa\u0144 w Guangdong<\/strong>Posiadamy zdolno\u015b\u0107 produkcyjn\u0105 ca\u0142ego \u0142a\u0144cucha przemys\u0142owego (projektowanie \u2192 drukowanie \u2192 sztancowanie \u2192 laminowanie \u2192 formowanie), mo\u017cemy przyj\u0105\u0107 minimalne zam\u00f3wienie 500 sztuk i dostarczy\u0107 je szybko w ci\u0105gu 7-15 dni. Zesp\u00f3\u0142 projektowy zapewnia bezp\u0142atne wydruki pr\u00f3bne i podgl\u0105dy renderowania 3D oraz zaleca rozwi\u0105zania optymalizuj\u0105ce typ pude\u0142ka (takie jak pude\u0142ka z szufladami, pude\u0142ka na ksi\u0105\u017cki itp.) w oparciu o trendy rynkowe.<\/p>\n<h2 id=\"-5-application-scenarios-and-added-value-\"><strong>5. Scenariusze zastosowa\u0144 i warto\u015b\u0107 dodana<\/strong><\/h2>\n<ul>\n<li><strong>Scenariusze detaliczne<\/strong>: Konstrukcja okna mo\u017ce bezpo\u015brednio wy\u015bwietla\u0107 tekstur\u0119 korpusu myd\u0142a, a proces t\u0142oczenia laserowego lub na gor\u0105co mo\u017ce zwi\u0119kszy\u0107 rozpoznawalno\u015b\u0107 na p\u00f3\u0142ce.<\/li>\n<li><strong>Rynek prezent\u00f3w<\/strong>: Obs\u0142uguje niestandardowe zestawy pude\u0142ek upominkowych (w tym podszewk\u0119, wst\u0105\u017cki itp.), odpowiednie do promocji \u015bwi\u0105tecznych lub wysokiej klasy pami\u0105tek.<\/li>\n<li><strong>Dostawy transgraniczne<\/strong>: Przeszed\u0142 certyfikacj\u0119 FSC, spe\u0142nia standardy eksportowe platform takich jak Amazon i niezale\u017cnych stacji oraz obs\u0142uguje rozwi\u0105zania logistyczne DDP\/DDU.<\/li>\n<\/ul>\n<h2 id=\"-cooperation-process-\"><strong>Proces wsp\u00f3\u0142pracy<\/strong><\/h2>\n<ol>\n<li><strong>Komunikacja na \u017c\u0105danie<\/strong>: Dostarczenie rozmiaru produktu, projektu lub pr\u00f3bki, okre\u015blenie materia\u0142u i procesu;<\/li>\n<li><strong>Potwierdzenie proofingu<\/strong>: Wy\u015blij fizyczn\u0105 pr\u00f3bk\u0119 w ci\u0105gu 3-5 dni roboczych;<\/li>\n<li><strong>Produkcja masowa<\/strong>: Rozpocz\u0119cie produkcji po przedp\u0142aceniu depozytu 30% i zapewnienie wizualnej informacji zwrotnej na temat post\u0119pu ca\u0142ego procesu;<\/li>\n<li><strong>Dostawa logistyczna<\/strong>: Bezp\u0142atna wysy\u0142ka na terenie ca\u0142ego kraju, wsparcie eksportowej deklaracji celnej i dedykowany transport liniowy.<\/li>\n<\/ol>","protected":false},"excerpt":{"rendered":"<ol>\n<li>Technologia zapobiegaj\u0105ca podrabianiu: Dzi\u0119ki zmiennym kodom QR i kodom cyfrowym uzyskuje si\u0119 dok\u0142adne zabezpieczenie przed podrabianiem \"unikalne w ka\u017cdym pude\u0142ku\", aby zapewni\u0107 obieg oryginalnych produkt\u00f3w<\/li>\n<li>\u00a0Ochrona \u015brodowiska i wysoka wydajno\u015b\u0107: Przyj\u0119cie materia\u0142\u00f3w nadaj\u0105cych si\u0119 do recyklingu i zautomatyzowanego projektu adaptacyjnego w celu zaspokojenia nowoczesnych potrzeb produkcyjnych<\/li>\n<li>Innowacje w zakresie do\u015bwiadczenia u\u017cytkownika: Takie jak nachylona struktura drena\u017cu, lekka konstrukcja itp. w celu poprawy wygody konsument\u00f3w<br \/>\nWarto\u015b\u0107 dodana marki: Wzmocnienie wysokiej klasy wizerunku produkt\u00f3w dzi\u0119ki wzornictwu \u0142\u0105cz\u0105cemu estetyk\u0119 i funkcjonalno\u015b\u0107.<\/li>\n<\/ol>","protected":false},"featured_media":9967,"template":"","meta":[],"product_brand":[],"product_cat":[30,390,430,31],"product_tag":[1311,1312,1310,1313],"class_list":{"0":"post-9962","1":"product","2":"type-product","3":"status-publish","4":"has-post-thumbnail","6":"product_cat-by-industry","7":"product_cat-custom-cosmetics-boxes","8":"product_cat-folding-cartons","9":"product_cat-paper-box-style","10":"product_tag-custom-printed-soap-boxes","11":"product_tag-custom-soap-boxes-wholesale","12":"product_tag-soap-boxes","13":"product_tag-soap-boxes-for-homemade-soap","15":"first","16":"instock","17":"shipping-taxable","18":"product-type-grouped"},"_links":{"self":[{"href":"https:\/\/zojopackaging.com\/pl\/wp-json\/wp\/v2\/product\/9962","targetHints":{"allow":["GET"]}}],"collection":[{"href":"https:\/\/zojopackaging.com\/pl\/wp-json\/wp\/v2\/product"}],"about":[{"href":"https:\/\/zojopackaging.com\/pl\/wp-json\/wp\/v2\/types\/product"}],"version-history":[{"count":1,"href":"https:\/\/zojopackaging.com\/pl\/wp-json\/wp\/v2\/product\/9962\/revisions"}],"predecessor-version":[{"id":9969,"href":"https:\/\/zojopackaging.com\/pl\/wp-json\/wp\/v2\/product\/9962\/revisions\/9969"}],"wp:featuredmedia":[{"embeddable":true,"href":"https:\/\/zojopackaging.com\/pl\/wp-json\/wp\/v2\/media\/9967"}],"wp:attachment":[{"href":"https:\/\/zojopackaging.com\/pl\/wp-json\/wp\/v2\/media?parent=9962"}],"wp:term":[{"taxonomy":"product_brand","embeddable":true,"href":"https:\/\/zojopackaging.com\/pl\/wp-json\/wp\/v2\/product_brand?post=9962"},{"taxonomy":"product_cat","embeddable":true,"href":"https:\/\/zojopackaging.com\/pl\/wp-json\/wp\/v2\/product_cat?post=9962"},{"taxonomy":"product_tag","embeddable":true,"href":"https:\/\/zojopackaging.com\/pl\/wp-json\/wp\/v2\/product_tag?post=9962"}],"curies":[{"name":"wp","href":"https:\/\/api.w.org\/{rel}","templated":true}]}}