{"id":9970,"date":"2025-04-04T14:01:08","date_gmt":"2025-04-04T06:01:08","guid":{"rendered":"https:\/\/zojopackaging.com\/?post_type=product&#038;p=9970"},"modified":"2025-04-04T14:14:18","modified_gmt":"2025-04-04T06:14:18","slug":"high-quality-custom-printed-handmade-soap-boxes-wholesale","status":"publish","type":"product","link":"https:\/\/zojopackaging.com\/pl\/product\/high-quality-custom-printed-handmade-soap-boxes-wholesale\/","title":{"rendered":"Wysokiej jako\u015bci r\u0119cznie drukowane pude\u0142ka na myd\u0142o w sprzeda\u017cy hurtowej"},"content":{"rendered":"<h2 id=\"-high-quality-custom-printed-handmade-soap-box-wholesale-\">Wysokiej jako\u015bci r\u0119cznie drukowane pude\u0142ka na myd\u0142o w sprzeda\u017cy hurtowej<\/h2>\n<h2 id=\"-1-flexible-customization-upgraded-touch-\"><strong>1. Elastyczne dostosowywanie, ulepszony dotyk<\/strong><\/h2>\n<p>Obs\u0142uguje spersonalizowane dostosowywanie rozmiaru, odpowiednie dla r\u0119cznie robionych myde\u0142 o r\u00f3\u017cnych specyfikacjach (takich jak okr\u0105g\u0142e, kwadratowe, o specjalnym kszta\u0142cie) i zapewnia r\u00f3\u017cnorodne opcje materia\u0142\u00f3w kartonowych (takich jak matowy, per\u0142owy, papier artystyczny). Powierzchnia pude\u0142ka wykorzystuje przyjazn\u0105 dla \u015brodowiska technologi\u0119 laminowania, z opcjonalnymi efektami wysokiego po\u0142ysku\/matu, nadaj\u0105c opakowaniu delikatny dotyk i wysokiej klasy tekstur\u0119.<\/p>\n<h2 id=\"-2-brand-vision-simple-focus-\"><strong>2. Wizja marki, proste ukierunkowanie<\/strong><\/h2>\n<p>Z minimalistyczn\u0105 koncepcj\u0105 projektow\u0105 jako rdzeniem, przyj\u0119to jednokolorowy lub dwukolorowy schemat drukowania, a logo klienta jest umieszczone w wizualnym centrum powierzchni pude\u0142ka, z pustym t\u0142em w celu zwi\u0119kszenia rozpoznawalno\u015bci marki. Obs\u0142uguje sitodruk, technologi\u0119 t\u0142oczenia na gor\u0105co \/ srebro, aby zapewni\u0107, \u017ce logo jest wyra\u017ane i przyci\u0105gaj\u0105ce wzrok oraz przekazuje profesjonalny wizerunek.<\/p>\n<h2 id=\"-3-fast-packaging-saving-time-and-effort-\"><strong>3. Szybkie pakowanie, oszcz\u0119dno\u015b\u0107 czasu i wysi\u0142ku<\/strong><\/h2>\n<p>Wewn\u0119trzna konstrukcja kartonowego pude\u0142ka jest dostosowana do rozmiaru r\u0119cznie robionego myd\u0142a. Wymagane s\u0105 tylko dwa kroki - w\u0142o\u017cenie korpusu myd\u0142a, z\u0142o\u017cenie i zamocowanie, a opakowanie mo\u017ce zosta\u0107 uko\u0144czone. Zajmuje to mniej ni\u017c 1 minut\u0119 na pojedyncz\u0105 sztuk\u0119, co znacznie poprawia wydajno\u015b\u0107 linii monta\u017cowej.<\/p>\n<h2 id=\"-4-diverse-processes-quality-assurance-\"><strong>4. Zr\u00f3\u017cnicowane procesy, zapewnienie jako\u015bci<\/strong><\/h2>\n<p>Zapewnienie ponad 10 opcji proces\u00f3w o warto\u015bci dodanej:<\/p>\n<ul>\n<li><strong>Cz\u0119\u015bciowe UV<\/strong>Podkre\u015blaj\u0105 tr\u00f3jwymiarowy po\u0142ysk logo lub wzoru;<\/li>\n<li><strong>Wyt\u0142aczane\/t\u0142oczone<\/strong>Tworz\u0105 reliefowy dotyk i zwi\u0119kszaj\u0105 poziom opakowania;<\/li>\n<li><strong>Mi\u0119kka w dotyku folia<\/strong>Symuluj\u0105 delikatny dotyk sk\u00f3ry, odpowiedni dla produkt\u00f3w z najwy\u017cszej p\u00f3\u0142ki;<\/li>\n<li><strong>Folia do t\u0142oczenia na gor\u0105co<\/strong>Zwi\u0119ksz metaliczn\u0105 tekstur\u0119, odpowiedni\u0105 dla \u015bwi\u0105tecznych edycji limitowanych;<\/li>\n<li><strong>Wykrawanie o specjalnym kszta\u0142cie<\/strong>Realizuj kreatywne struktury, takie jak puste okna i zakrzywione kraw\u0119dzie.<\/li>\n<\/ul>\n<h2 id=\"-5-source-factory-full-chain-advantage-\"><strong>5. Fabryka \u017ar\u00f3d\u0142owa, przewaga pe\u0142nego \u0142a\u0144cucha<\/strong><\/h2>\n<p>Od 16 lat jeste\u015bmy g\u0142\u0119boko zaanga\u017cowani w bran\u017c\u0119 opakowa\u0144, buduj\u0105c zintegrowany system \u0142a\u0144cucha dostaw od zakupu surowc\u00f3w po produkcj\u0119, kontrol\u0119 jako\u015bci i logistyk\u0119. Zmniejszenie koszt\u00f3w tektury dzi\u0119ki zakupom na du\u017c\u0105 skal\u0119 i po\u0142\u0105czenie ze zautomatyzowanymi liniami produkcyjnymi w celu zapewnienia, \u017ce b\u0142\u0105d grubo\u015bci ka\u017cdej partii produkt\u00f3w wynosi \u22640,1 mm, r\u00f3\u017cnica kolor\u00f3w druku \u0394E \u22641,5, a jako\u015b\u0107 spe\u0142nia normy eksportowe.<\/p>\n<h2 id=\"-cooperation-process-\"><strong>Proces wsp\u00f3\u0142pracy<\/strong><\/h2>\n<ol>\n<li><strong>Komunikacja w zakresie wymaga\u0144<\/strong>: Podaj rozmiar \/ proces \/ projekt lub nasz projektant przedstawi bezp\u0142atn\u0105 propozycj\u0119;<\/li>\n<li><strong>Potwierdzenie proofingu<\/strong>: Fizyczne pude\u0142ko z pr\u00f3bk\u0105 zostanie wys\u0142ane w ci\u0105gu 3 dni roboczych;<\/li>\n<li><strong>Produkcja masowa<\/strong>: Produkcja rozpocznie si\u0119 po wp\u0142aceniu depozytu, a post\u0119p b\u0119dzie \u015bledzony wizualnie przez ca\u0142y proces;<\/li>\n<li><strong>Gwarancja posprzeda\u017cna<\/strong>: Wspieranie wymiany uszkodzonych produkt\u00f3w i \u015bwiadczenie d\u0142ugoterminowych us\u0142ug magazynowania.<\/li>\n<\/ol>\n<h2 id=\"-technical-parameters-\"><strong>Parametry techniczne<\/strong><\/h2>\n<table>\n<thead>\n<tr>\n<th>Projekt<\/th>\n<th>Specyfikacja<\/th>\n<\/tr>\n<\/thead>\n<tbody>\n<tr>\n<td>Grubo\u015b\u0107 materia\u0142u<\/td>\n<td>Karton 350g (\u00b15g)<\/td>\n<\/tr>\n<tr>\n<td>Minimalna ilo\u015b\u0107 zam\u00f3wienia<\/td>\n<td>500 sztuk<\/td>\n<\/tr>\n<tr>\n<td>Cykl dostawy<\/td>\n<td>7-14 dni<\/td>\n<\/tr>\n<tr>\n<td>Standard kontroli jako\u015bci<\/td>\n<td>GB\/T 6544-2008<\/td>\n<\/tr>\n<\/tbody>\n<\/table>\n<h2 id=\"use-scenario-\">Scenariusz u\u017cycia<\/h2>\n<ul>\n<li>R\u0119cznie robione myd\u0142o marki zwyk\u0142e\/\u015bwi\u0105teczne pude\u0142ko upominkowe<\/li>\n<li>Hotelowy zestaw piel\u0119gnacyjny<\/li>\n<li>Pami\u0105tki z wesela\/imprezy firmowej<\/li>\n<\/ul>","protected":false},"excerpt":{"rendered":"<p>1. To pude\u0142ko na myd\u0142o wykorzystuje prosty styl drukowania, koncentruj\u0105c si\u0119 na logo klienta w widocznym centralnym miejscu, dzi\u0119ki czemu ca\u0142y projekt pude\u0142ka mo\u017ce odzwierciedla\u0107 wizerunek marki klienta.<br \/>\n2. Pude\u0142ko jest wykonane z bia\u0142ego kartonu o gramaturze 350 g, co sprawia, \u017ce ca\u0142e pude\u0142ko jest bardzo trwa\u0142e i ma w\u0142a\u015bciwo\u015bci p\u0142askiej przesy\u0142ki, dzi\u0119ki czemu mo\u017cna je dobrze transportowa\u0107.<br \/>\n3. 16 lat praktyki w chi\u0144skich fabrykach \u017ar\u00f3d\u0142owych sprawi\u0142o, \u017ce jeste\u015bmy g\u0142\u0119boko \u015bwiadomi znaczenia \u0142a\u0144cucha dostaw, dlatego zbudowali\u015bmy kompletny system \u0142a\u0144cucha dostaw, aby zapewni\u0107 korzy\u015bci cenowe, jednocze\u015bnie gwarantuj\u0105c jako\u015b\u0107 produktu.<\/p>","protected":false},"featured_media":9973,"template":"","meta":[],"product_brand":[],"product_cat":[30,390,430,31],"product_tag":[1311,1312,1310,1313],"class_list":{"0":"post-9970","1":"product","2":"type-product","3":"status-publish","4":"has-post-thumbnail","6":"product_cat-by-industry","7":"product_cat-custom-cosmetics-boxes","8":"product_cat-folding-cartons","9":"product_cat-paper-box-style","10":"product_tag-custom-printed-soap-boxes","11":"product_tag-custom-soap-boxes-wholesale","12":"product_tag-soap-boxes","13":"product_tag-soap-boxes-for-homemade-soap","15":"first","16":"instock","17":"shipping-taxable","18":"product-type-grouped"},"_links":{"self":[{"href":"https:\/\/zojopackaging.com\/pl\/wp-json\/wp\/v2\/product\/9970","targetHints":{"allow":["GET"]}}],"collection":[{"href":"https:\/\/zojopackaging.com\/pl\/wp-json\/wp\/v2\/product"}],"about":[{"href":"https:\/\/zojopackaging.com\/pl\/wp-json\/wp\/v2\/types\/product"}],"version-history":[{"count":1,"href":"https:\/\/zojopackaging.com\/pl\/wp-json\/wp\/v2\/product\/9970\/revisions"}],"predecessor-version":[{"id":9977,"href":"https:\/\/zojopackaging.com\/pl\/wp-json\/wp\/v2\/product\/9970\/revisions\/9977"}],"wp:featuredmedia":[{"embeddable":true,"href":"https:\/\/zojopackaging.com\/pl\/wp-json\/wp\/v2\/media\/9973"}],"wp:attachment":[{"href":"https:\/\/zojopackaging.com\/pl\/wp-json\/wp\/v2\/media?parent=9970"}],"wp:term":[{"taxonomy":"product_brand","embeddable":true,"href":"https:\/\/zojopackaging.com\/pl\/wp-json\/wp\/v2\/product_brand?post=9970"},{"taxonomy":"product_cat","embeddable":true,"href":"https:\/\/zojopackaging.com\/pl\/wp-json\/wp\/v2\/product_cat?post=9970"},{"taxonomy":"product_tag","embeddable":true,"href":"https:\/\/zojopackaging.com\/pl\/wp-json\/wp\/v2\/product_tag?post=9970"}],"curies":[{"name":"wp","href":"https:\/\/api.w.org\/{rel}","templated":true}]}}