{"id":9978,"date":"2025-04-04T14:14:41","date_gmt":"2025-04-04T06:14:41","guid":{"rendered":"https:\/\/zojopackaging.com\/?post_type=product&#038;p=9978"},"modified":"2025-04-04T14:30:06","modified_gmt":"2025-04-04T06:30:06","slug":"facial-personal-care-beauty-tool-packaging-box-wholesale","status":"publish","type":"product","link":"https:\/\/zojopackaging.com\/pl\/product\/facial-personal-care-beauty-tool-packaging-box-wholesale\/","title":{"rendered":"Pude\u0142ko do pakowania narz\u0119dzi kosmetycznych do piel\u0119gnacji twarzy Hurtownia"},"content":{"rendered":"<h2 id=\"-high-end-customized-facial-massage-tool-environmentally-friendly-packaging-box-solution-\"><strong>Wysokiej klasy niestandardowe narz\u0119dzie do masa\u017cu twarzy przyjazne dla \u015brodowiska rozwi\u0105zanie opakowaniowe<\/strong><\/h2>\n<h2 id=\"-i-core-material-environmentally-friendly-cardboard-and-high-end-textured-paper-\"><strong>1. Materia\u0142 rdzenia: przyjazny dla \u015brodowiska karton i wysokiej jako\u015bci papier teksturowany<\/strong><\/h2>\n<p>Oferujemy dwie opcje materia\u0142owe, aby zaspokoi\u0107 r\u00f3\u017cne potrzeby zwi\u0105zane z pozycjonowaniem:<\/p>\n<ol>\n<li><strong>Karton przyjazny dla \u015brodowiska<\/strong>: Wybrano przyjazn\u0105 dla \u015brodowiska tektur\u0119 z certyfikatem FSC, o zakresie grubo\u015bci 200-400 g\/m\u00b2, o doskona\u0142ej zdolno\u015bci do recyklingu i degradacji. Dzi\u0119ki optymalizacji proporcji w\u0142\u00f3kien papierowych wytrzyma\u0142o\u015b\u0107 na \u015bciskanie wynosi \u226550 N, co zapewnia bezpiecze\u0144stwo transportu.<\/li>\n<li><strong>Wysokiej jako\u015bci papier teksturowany<\/strong>: W przypadku produkt\u00f3w luksusowych zaleca si\u0119 stosowanie importowanego per\u0142owego kartonu, papieru artystycznego (np. o fakturze tkaniny, w drobn\u0105 kratk\u0119) lub specjalnego papieru o fakturze metalicznej.<\/li>\n<\/ol>\n<h2 id=\"-ii-brand-visual-presentation-combination-of-printing-and-surface-technology-\"><strong>2. Wizualna prezentacja marki: po\u0142\u0105czenie technologii druku i powierzchni<\/strong><\/h2>\n<ol>\n<li><strong>Czterokolorowy proces drukowania<\/strong>: Wykorzystuj\u0105c technologi\u0119 czterokolorowego nadruku CMYK, rozdzielczo\u015b\u0107 osi\u0105ga 300 dpi, dok\u0142adnie przywraca LOGO marki i szczeg\u00f3\u0142y wzoru, a kontrola r\u00f3\u017cnicy kolor\u00f3w \u0394E \u2264 1,5.<\/li>\n<li><strong>Opcje proces\u00f3w o warto\u015bci dodanej<\/strong>:<\/li>\n<li><strong>T\u0142oczenie na gor\u0105co\/gor\u0105ce srebro<\/strong>: Zastosowanie niemieckiej elektrochemicznej folii aluminiowej Kurz o odporno\u015bci na zarysowania i twardo\u015bci 3H, zapewniaj\u0105cej tr\u00f3jwymiarowy efekt t\u0142oczenia na gor\u0105co;<\/li>\n<li><strong>Lokalne promieniowanie UV<\/strong>: Dzi\u0119ki odwr\u00f3conemu procesowi UV uzyskuje si\u0119 kontrast mi\u0119dzy matowymi i lustrzanymi powierzchniami, a lokalna jasno\u015b\u0107 jest zwi\u0119kszona przez 70%;<\/li>\n<li><strong>Laser holograficzny<\/strong>: Opcjonalny dynamiczny wz\u00f3r zmieniaj\u0105cy \u015bwiat\u0142o w celu zwi\u0119kszenia ochrony przed podrabianiem i efektu wizualnego.<\/li>\n<\/ol>\n<h2 id=\"-three-full-process-design-service-from-logo-to-finished-product-delivery-\"><strong>3. Pe\u0142ny proces projektowania: od LOGO do dostawy gotowego produktu<\/strong><\/h2>\n<ol>\n<li><strong>Tryb wsp\u00f3\u0142pracy projektowej<\/strong>: Klienci musz\u0105 jedynie dostarczy\u0107 pliki wektorowe LOGO (format AI\/EPS), a nasz zesp\u00f3\u0142 projektowy je uzupe\u0142ni:<\/li>\n<li>Renderowanie modeli 3D (podgl\u0105d w formacie PDF\/JPG);<\/li>\n<li>Rysunki konstrukcyjne (w tym linie matryc i parametry no\u015bno\u015bci);<\/li>\n<li>Plan dopasowania procesu materia\u0142owego.<\/li>\n<li><strong>Us\u0142uga niestandardowej tacy wewn\u0119trznej<\/strong>:<\/li>\n<li>Zaprojektuj wewn\u0119trzn\u0105 tac\u0119 z pianki EVA \/ blister zgodnie z rozmiarem produktu (np. wa\u0142ki do twarzy, deski do skrobania i inne narz\u0119dzia o specjalnym kszta\u0142cie), z tolerancj\u0105 \u00b1 0,5 mm i dok\u0142adno\u015bci\u0105 szczelin \u00b1 0,2 mm;<\/li>\n<li>Dostarczy\u0107 raport z testu sejsmicznego (symulowana cz\u0119stotliwo\u015b\u0107 drga\u0144 transportowych 5-200 Hz, amplituda \u00b13 mm), aby zapewni\u0107 brak uszkodze\u0144 produktu.<\/li>\n<\/ol>\n<h2 id=\"-fourth-supply-chain-and-production-guarantee-\"><strong>4. \u0141a\u0144cuch dostaw i gwarancja produkcji<\/strong><\/h2>\n<ol>\n<li><strong>Identyfikowalno\u015b\u0107 surowc\u00f3w<\/strong>:<\/li>\n<li>Papier: Wsp\u00f3\u0142praca z dostawcami takimi jak Stora Enso z Finlandii i Prince Paper z Japonii, o bia\u0142o\u015bci \u226592% i g\u0142adko\u015bci \u226550s;<\/li>\n<li>Klej: U\u017cywaj niemieckiego kleju Henkel na bazie wody, emisja LZO &lt;0,1 mg\/m\u00b3;<\/li>\n<li>Akcesoria: Metalowe elementy z\u0142\u0105czne przechodz\u0105 48-godzinny test mg\u0142y solnej (norma ASTM B117).<\/li>\n<li><strong>Zdolno\u015b\u0107 produkcyjna<\/strong>:<\/li>\n<li>5320\u33a1 w pe\u0142ni zautomatyzowany warsztat: wyposa\u017cony w sze\u015bciokolorow\u0105 maszyn\u0119 drukuj\u0105c\u0105 Heidelberg Speedmaster CD102, w pe\u0142ni automatyczn\u0105 maszyn\u0119 sztancuj\u0105c\u0105 (dok\u0142adno\u015b\u0107 \u00b10,1 mm);<\/li>\n<li>P\u00f3\u0142automatyczny warsztat: obs\u0142uguje elastyczn\u0105 produkcj\u0119 ma\u0142oseryjn\u0105 (MOQ 500 sztuk), nadaje si\u0119 do niestandardowych opakowa\u0144 limitowanych \/ festiwalowych.<\/li>\n<\/ol>\n<h2 id=\"-v-environmental-certification-and-delivery-standards-\"><strong>5. Certyfikacja \u015brodowiskowa i standardy dostaw<\/strong><\/h2>\n<ol>\n<li>Przeszed\u0142 certyfikacj\u0119 systemu zarz\u0105dzania \u015brodowiskowego ISO 14001, raport \u015bladu w\u0119glowego mo\u017cna prze\u015bledzi\u0107 wstecz do ka\u017cdej partii surowc\u00f3w;<\/li>\n<li>Cykl dostawy: 7-10 dni w przypadku zwyk\u0142ych zam\u00f3wie\u0144 (w tym potwierdzenie proofingu), zam\u00f3wienia przyspieszone mo\u017cna skompresowa\u0107 do 5 dni;<\/li>\n<li>Standard pakowania: przy u\u017cyciu nadaj\u0105cej si\u0119 do recyklingu folii opakowaniowej PP + pude\u0142ka z tektury falistej, wska\u017anik p\u0119kni\u0119cia &lt;0,3%.<\/li>\n<\/ol>","protected":false},"excerpt":{"rendered":"<p>1. Mo\u017cemy zaprojektowa\u0107 opakowanie prezentowe dla klient\u00f3w w ca\u0142ym procesie. Klienci musz\u0105 jedynie poda\u0107 tre\u015b\u0107 logo, a my zaprojektujemy reszt\u0119 materia\u0142u papierowego, rozmiar i styl zgodnie z Twoimi wymaganiami.<br \/>\n2. Zgodnie z dostarczonymi produktami zaprojektujemy wewn\u0119trzn\u0105 tac\u0119 pude\u0142ka upominkowego zgodnie z dostarczonymi produktami i obliczymy wymagany rozmiar podszewki pude\u0142ka upominkowego, aby spe\u0142ni\u0107 wymagania produktu.<br \/>\n3. Posiadamy warsztat produkcyjny o powierzchni 5320 metr\u00f3w kwadratowych z w pe\u0142ni zmechanizowanym wyposa\u017ceniem. Jednocze\u015bnie posiadamy r\u00f3wnie\u017c p\u00f3\u0142automatyczn\u0105 struktur\u0119 warsztatu produkcyjnego, kt\u00f3ra jest koordynowana przez r\u0119czny i zmechanizowany sprz\u0119t w tym samym czasie.<\/p>","protected":false},"featured_media":9980,"template":"","meta":[],"product_brand":[],"product_cat":[30,390,430,31],"product_tag":[1316,1314,1315],"class_list":{"0":"post-9978","1":"product","2":"type-product","3":"status-publish","4":"has-post-thumbnail","6":"product_cat-by-industry","7":"product_cat-custom-cosmetics-boxes","8":"product_cat-folding-cartons","9":"product_cat-paper-box-style","10":"product_tag-beauty-tool-packaging-box-wholesale","11":"product_tag-care-beauty-tool-packaging","12":"product_tag-facial-personal-care-packaging","14":"first","15":"instock","16":"shipping-taxable","17":"product-type-grouped"},"_links":{"self":[{"href":"https:\/\/zojopackaging.com\/pl\/wp-json\/wp\/v2\/product\/9978","targetHints":{"allow":["GET"]}}],"collection":[{"href":"https:\/\/zojopackaging.com\/pl\/wp-json\/wp\/v2\/product"}],"about":[{"href":"https:\/\/zojopackaging.com\/pl\/wp-json\/wp\/v2\/types\/product"}],"version-history":[{"count":1,"href":"https:\/\/zojopackaging.com\/pl\/wp-json\/wp\/v2\/product\/9978\/revisions"}],"predecessor-version":[{"id":9986,"href":"https:\/\/zojopackaging.com\/pl\/wp-json\/wp\/v2\/product\/9978\/revisions\/9986"}],"wp:featuredmedia":[{"embeddable":true,"href":"https:\/\/zojopackaging.com\/pl\/wp-json\/wp\/v2\/media\/9980"}],"wp:attachment":[{"href":"https:\/\/zojopackaging.com\/pl\/wp-json\/wp\/v2\/media?parent=9978"}],"wp:term":[{"taxonomy":"product_brand","embeddable":true,"href":"https:\/\/zojopackaging.com\/pl\/wp-json\/wp\/v2\/product_brand?post=9978"},{"taxonomy":"product_cat","embeddable":true,"href":"https:\/\/zojopackaging.com\/pl\/wp-json\/wp\/v2\/product_cat?post=9978"},{"taxonomy":"product_tag","embeddable":true,"href":"https:\/\/zojopackaging.com\/pl\/wp-json\/wp\/v2\/product_tag?post=9978"}],"curies":[{"name":"wp","href":"https:\/\/api.w.org\/{rel}","templated":true}]}}