{"id":9985,"date":"2025-04-04T14:28:29","date_gmt":"2025-04-04T06:28:29","guid":{"rendered":"https:\/\/zojopackaging.com\/?post_type=product&#038;p=9985"},"modified":"2025-04-04T14:37:51","modified_gmt":"2025-04-04T06:37:51","slug":"custom-foldable-slide-box-cosmetic-skincare-packaging-drawer-boxes","status":"publish","type":"product","link":"https:\/\/zojopackaging.com\/pl\/product\/custom-foldable-slide-box-cosmetic-skincare-packaging-drawer-boxes\/","title":{"rendered":"Niestandardowe sk\u0142adane pude\u0142ko na kosmetyki do piel\u0119gnacji sk\u00f3ry Pude\u0142ka do szuflad"},"content":{"rendered":"<h3 id=\"-1-structural-innovation-the-balance-of-folding-drawer-card-boxes-\"><strong>1. Innowacja strukturalna: R\u00f3wnowaga sk\u0142adanych pude\u0142ek na karty z szufladami<\/strong><\/h3>\n<p>Przyj\u0119cie\u00a0<strong>Technologia sk\u0142adania na trzy sposoby<\/strong>Dzi\u0119ki precyzyjnym obliczeniom k\u0105t\u00f3w sk\u0142adania i konstrukcji no\u015bnych, grubo\u015b\u0107 korpusu skrzyni po roz\u0142o\u017ceniu wynosi tylko 1\/3 stanu roz\u0142o\u017conego, a stopie\u0144 wykorzystania przestrzeni transportowej wzrasta o 70%.<\/p>\n<h3 id=\"-2-material-aesthetics-a-visual-revolution-of-350g-single-powder-card-\"><strong>2. Estetyka materia\u0142u: wizualna rewolucja 350g pojedynczej karty proszkowej<\/strong><\/h3>\n<p>-\u00a0<strong>Wyb\u00f3r materia\u0142u bazowego<\/strong>: Wybrana pojedyncza karta proszkowa o wadze 350 g, chropowato\u015b\u0107 powierzchni Ra\u22641,2 \u03bcm, z\u00a0<strong>Dwustronna laminacja matowa<\/strong>\u00a0proces, aby osi\u0105gn\u0105\u0107 dok\u0142adno\u015b\u0107 drukowania 0,1 mm;<\/p>\n<p>-\u00a0<strong>Wydajno\u015b\u0107 kolor\u00f3w<\/strong>: Gradientowy nadruk Pantone 15-1247 TCX (szampa\u0144skie z\u0142oto) i 18-1755 TCX (per\u0142owa biel) tworzy wizualn\u0105 hierarchi\u0119 na poziomie luksusu;<\/p>\n<p>-\u00a0<strong>Wra\u017cenia dotykowe<\/strong>: Lokalny\u00a0<strong>T\u0142oczenie UV + grawerowanie laserowe<\/strong>\u00a0Dzi\u0119ki temu procesowi wyrazisto\u015b\u0107 LOGO w dotyku wzrasta o 40%, a odporno\u015b\u0107 na podrabianie osi\u0105ga mi\u0119dzynarodowe standardy certyfikacji.<\/p>\n<h3 id=\"-3-environmental-commitment-fsc-certified-full-link-sustainability-\"><strong>3. Zaanga\u017cowanie w ochron\u0119 \u015brodowiska: Zr\u00f3wnowa\u017cony rozw\u00f3j z certyfikatem FSC<\/strong><\/h3>\n<p>-\u00a0<strong>Identyfikowalno\u015b\u0107 materia\u0142\u00f3w<\/strong>: U\u017cywany jest papier z pulpy drzewnej 100% z certyfikatem FSC, a ka\u017cda partia mo\u017ce by\u0107 przypisana do las\u00f3w zarz\u0105dzanych w spos\u00f3b zr\u00f3wnowa\u017cony;<\/p>\n<p>-\u00a0<strong>Proces produkcji<\/strong>: Drukowanie atramentem na bazie wody (emisja LZO \u226450g\/L), zgodnie z przepisami UE REACH;<\/p>\n<p>-\u00a0<strong>Okr\u0105g\u0142a konstrukcja<\/strong>: Korpus pude\u0142ka mo\u017ce by\u0107 w pe\u0142ni poddany recyklingowi, szara tektura wspiera ponowne u\u017cycie, a \u015blad w\u0119glowy jest zmniejszony o 35% (patrz raport z oceny cyklu \u017cycia).<\/p>\n<h3 id=\"-4-process-matrix-multi-dimensional-expression-of-brand-personality-\"><strong>4. Matryca procesu: Wielowymiarowa ekspresja osobowo\u015bci marki<\/strong><\/h3>\n<p>-\u00a0<strong>Obr\u00f3bka powierzchni<\/strong>: -\u00a0<strong>T\u0142oczenie na gor\u0105co<\/strong>: R\u00f3\u017cowe z\u0142oto \/ szampa\u0144skie z\u0142oto niestandardowa karta kolor\u00f3w, r\u00f3\u017cnica kolor\u00f3w \u0394E\u22640,8;<\/p>\n<p>-\u00a0<strong>Wyt\u0142oczony<\/strong>: 0,3 mm tr\u00f3jwymiarowy relief, w dotyku jak jedwab; -\u00a0<strong>T\u0142oczenie UV<\/strong>: Miejscowe pod\u015bwietlenie, odporno\u015b\u0107 na zu\u017cycie zwi\u0119kszona przez 50%;<\/p>\n<p>-\u00a0<strong>Druk cyfrowy<\/strong>: Obs\u0142uga dostosowywania ma\u0142ych partii (minimalne zam\u00f3wienie 500 sztuk) i pe\u0142na weryfikacja modelowania 3D w ci\u0105gu 8 godzin.<\/p>\n<h3 id=\"-5-smart-manufacturing-foundation-16-years-of-industry-experience-\"><strong>5. Inteligentne podstawy produkcji: 16 lat do\u015bwiadczenia w bran\u017cy<\/strong><\/h3>\n<p>-\u00a0<strong>Matryca urz\u0105dze\u0144<\/strong>: Wyposa\u017cony w 18 mi\u0119dzynarodowych urz\u0105dze\u0144, takich jak pi\u0119ciokolorowa maszyna drukarska Manroland R700, 7-kolorowa offsetowa maszyna drukarska UV Heidelberg itp. z pr\u0119dko\u015bci\u0105 drukowania 15 000 arkuszy\/godzin\u0119;<\/p>\n<p>-\u00a0<strong>System kontroli jako\u015bci<\/strong>: Przeszed\u0142 certyfikacj\u0119 ISO 9001\/BRCGS, ka\u017cda partia produkt\u00f3w przechodzi 12 kontroli jako\u015bci (r\u00f3\u017cnica kolor\u00f3w\/test kompresji\/test kropli);<\/p>\n<p>-\u00a0<strong>Zdolno\u015b\u0107 produkcyjna<\/strong>: Dzienna zdolno\u015b\u0107 produkcyjna 200 000 sztuk, obs\u0142uga zam\u00f3wie\u0144 od 500 sztuk do masowej produkcji na poziomie miliona sztuk, a pilne zam\u00f3wienia s\u0105 dostarczane w ci\u0105gu 24 godzin.<\/p>\n<h3 id=\"-6-design-empowerment-precise-implementation-from-concept-to-mass-production-\"><strong>6. Uprawnienia projektowe: precyzyjne wdro\u017cenie od koncepcji do masowej produkcji<\/strong><\/h3>\n<p>Specjalny zesp\u00f3\u0142 5 projektant\u00f3w opakowa\u0144 z ponad 10-letnim do\u015bwiadczeniem zapewnia trzy niestandardowe us\u0142ugi:<\/p>\n<p>-\u00a0<strong>Innowacje strukturalne<\/strong>: Opracowanie 12 opatentowanych typ\u00f3w pude\u0142ek (takich jak obrotowe warstwy, magnetyczne zamki na has\u0142o), kompatybilnych z umieszczaniem kosmetyk\u00f3w o specjalnym kszta\u0142cie;<\/p>\n<p>-\u00a0<strong>Interaktywna optymalizacja<\/strong>: Wbudowany chip NFC (opcjonalnie), skanowanie kodu w celu uzyskania informacji o identyfikowalno\u015bci produktu i historii marki;<\/p>\n<p>-\u00a0<strong>Szybka iteracja<\/strong>: Obs\u0142uga podgl\u0105du modelowania 3D w czasie rzeczywistym i pe\u0142ne potwierdzenie planu projektu w ci\u0105gu 8 godzin.<\/p>\n<h3 id=\"-7-value-commitment-triple-balance-of-quality-efficiency-and-cost-\"><strong>7. Zaanga\u017cowanie w warto\u015b\u0107: potr\u00f3jna r\u00f3wnowaga jako\u015bci, wydajno\u015bci i koszt\u00f3w<\/strong><\/h3>\n<p>-\u00a0<strong>Optymalizacja koszt\u00f3w<\/strong>: Przyj\u0119cie cyfrowego systemu sk\u0142adu, zmniejszenie strat materia\u0142u do mniej ni\u017c 3%, oszcz\u0119dno\u015b\u0107 koszt\u00f3w 18% w por\u00f3wnaniu z tradycyjnym procesem;<\/p>\n<p>-\u00a0<strong>Zwinna reakcja<\/strong>: Ustanowienie podw\u00f3jnego systemu logistyki magazynowej we wschodnich i po\u0142udniowych Chinach, z 48-godzinnym bezpo\u015brednim dost\u0119pem na terenie ca\u0142ego kraju;<\/p>\n<p>-\u00a0<strong>Us\u0142uga d\u0142ugoterminowa<\/strong>: Zapewnienie zarz\u0105dzania cyklem \u017cycia opakowania, w tym ostrzeganie o zapasach, plan uzupe\u0142niania zapas\u00f3w i plan recyklingu starych opakowa\u0144.<\/p>","protected":false},"excerpt":{"rendered":"<p><strong>ZOJO Print | Dostosowane sk\u0142adane pude\u0142ko przesuwne Kosmetyki do piel\u0119gnacji sk\u00f3ry Szuflada Ekspert - Innowacyjny design, interpretacja nowych wy\u017cyn pi\u0119kna<\/strong><\/p>\n<p>W dziedzinie opakowa\u0144 kosmetyk\u00f3w i produkt\u00f3w do piel\u0119gnacji sk\u00f3ry, projekt musi nie tylko nie\u015b\u0107 warto\u015b\u0107 estetyczn\u0105, ale tak\u017ce uwzgl\u0119dnia\u0107 funkcjonalno\u015b\u0107, ochron\u0119 \u015brodowiska i op\u0142acalno\u015b\u0107. Firma ZOJO Print jest g\u0142\u0119boko zaanga\u017cowana w t\u0119 bran\u017c\u0119 od 16 lat, koncentruj\u0105c si\u0119 na dostarczaniu wysokiej klasy markom kosmetycznym innowacyjnych i konkurencyjnych komercyjnie rozwi\u0105za\u0144 w zakresie sk\u0142adanych pude\u0142ek przesuwnych.<\/p>","protected":false},"featured_media":9999,"template":"","meta":[],"product_brand":[],"product_cat":[30,390,31,426],"product_tag":[1319,1317,1318],"class_list":{"0":"post-9985","1":"product","2":"type-product","3":"status-publish","4":"has-post-thumbnail","6":"product_cat-by-industry","7":"product_cat-custom-cosmetics-boxes","8":"product_cat-paper-box-style","9":"product_cat-paper-drawer-boxes","10":"product_tag-cosmetic-skincare-packaging","11":"product_tag-custom-foldable-slide-box","12":"product_tag-skincare-packaging-drawer-boxes","14":"first","15":"instock","16":"shipping-taxable","17":"product-type-grouped"},"_links":{"self":[{"href":"https:\/\/zojopackaging.com\/pl\/wp-json\/wp\/v2\/product\/9985","targetHints":{"allow":["GET"]}}],"collection":[{"href":"https:\/\/zojopackaging.com\/pl\/wp-json\/wp\/v2\/product"}],"about":[{"href":"https:\/\/zojopackaging.com\/pl\/wp-json\/wp\/v2\/types\/product"}],"version-history":[{"count":1,"href":"https:\/\/zojopackaging.com\/pl\/wp-json\/wp\/v2\/product\/9985\/revisions"}],"predecessor-version":[{"id":10000,"href":"https:\/\/zojopackaging.com\/pl\/wp-json\/wp\/v2\/product\/9985\/revisions\/10000"}],"wp:featuredmedia":[{"embeddable":true,"href":"https:\/\/zojopackaging.com\/pl\/wp-json\/wp\/v2\/media\/9999"}],"wp:attachment":[{"href":"https:\/\/zojopackaging.com\/pl\/wp-json\/wp\/v2\/media?parent=9985"}],"wp:term":[{"taxonomy":"product_brand","embeddable":true,"href":"https:\/\/zojopackaging.com\/pl\/wp-json\/wp\/v2\/product_brand?post=9985"},{"taxonomy":"product_cat","embeddable":true,"href":"https:\/\/zojopackaging.com\/pl\/wp-json\/wp\/v2\/product_cat?post=9985"},{"taxonomy":"product_tag","embeddable":true,"href":"https:\/\/zojopackaging.com\/pl\/wp-json\/wp\/v2\/product_tag?post=9985"}],"curies":[{"name":"wp","href":"https:\/\/api.w.org\/{rel}","templated":true}]}}