{"id":9987,"date":"2025-04-04T14:31:08","date_gmt":"2025-04-04T06:31:08","guid":{"rendered":"https:\/\/zojopackaging.com\/?post_type=product&#038;p=9987"},"modified":"2025-04-04T14:44:17","modified_gmt":"2025-04-04T06:44:17","slug":"custom-jewelry-slide-drawer-style-rigid-gift-box-with-ribbon","status":"publish","type":"product","link":"https:\/\/zojopackaging.com\/pl\/product\/custom-jewelry-slide-drawer-style-rigid-gift-box-with-ribbon\/","title":{"rendered":"Niestandardowe sztywne pude\u0142ko na bi\u017cuteri\u0119 z szuflad\u0105 i wst\u0105\u017ck\u0105"},"content":{"rendered":"<h2 id=\"-customized-jewelry-drawer-style-hard-gift-box-product-description-\"><strong>Niestandardowe twarde pude\u0142ko na bi\u017cuteri\u0119 w stylu szuflady opis produktu<\/strong><\/h2>\n<h2 id=\"-1-material-and-structural-design-\"><strong>1. Projekt materia\u0142owy i konstrukcyjny<\/strong><\/h2>\n<p>To pude\u0142ko na bi\u017cuteri\u0119 jest wykonane z\u00a0<strong>papier powlekany + szara tektura<\/strong>\u00a0Materia\u0142 \u0142\u0105czony, z warstw\u0105 zewn\u0119trzn\u0105 pokryt\u0105 papierem powlekanym o wysokiej gramaturze 157 g \/ m2 i warstw\u0105 wewn\u0119trzn\u0105 z rdzeniem z szarej tektury o wysokiej wytrzyma\u0142o\u015bci 2 mm, co nie tylko zapewnia, \u017ce korpus pude\u0142ka jest twardy i odporny na nacisk, ale tak\u017ce poprawia og\u00f3ln\u0105 tekstur\u0119 dzi\u0119ki g\u0142adkiemu dotykowi powlekanego papieru. Konstrukcja prowadnicy w stylu szuflady jest precyzyjnie obliczona i mo\u017cna j\u0105 p\u0142ynnie wyci\u0105ga\u0107 i szczelnie zamyka\u0107, skutecznie zapobiegaj\u0105c przedostawaniu si\u0119 kurzu, zapewniaj\u0105c podw\u00f3jn\u0105 ochron\u0119 bi\u017cuterii.<\/p>\n<h2 id=\"-2-appearance-design-and-craftsmanship-\"><strong>2. Wygl\u0105d zewn\u0119trzny i jako\u015b\u0107 wykonania<\/strong><\/h2>\n<ul>\n<li><strong>Estetyka dopasowania kolor\u00f3w dopaminy<\/strong>: Korpus pude\u0142ka jest oparty na\u00a0<strong>jasno\u017c\u00f3\u0142ty<\/strong>i wykorzystuje technologi\u0119 matowej laminacji. Emanuje witalno\u015bci\u0105 w delikatnym po\u0142ysku, kt\u00f3ry pasuje do obecnego popularnego trendu estetycznego dopaminy, ma silny wp\u0142yw wizualny i nie jest \u0142atwy do pozostawienia odcisk\u00f3w palc\u00f3w.<\/li>\n<li><strong>Szczeg\u00f3\u0142owe ulepszenie rzemios\u0142a<\/strong>: Wsparcie\u00a0<strong>logo t\u0142oczone na gor\u0105co, wyt\u0142aczana tekstura, cz\u0119\u015bciowe UV<\/strong>\u00a0i inne niestandardowe rzemios\u0142a, takie jak t\u0142oczenie na gor\u0105co logo marki lub wzoru na powierzchni pude\u0142ka, z tr\u00f3jwymiarowym efektem t\u0142oczenia, podkre\u015blaj\u0105cym wysokiej klasy ton marki.<\/li>\n<\/ul>\n<h2 id=\"-3-humanized-functional-design-\"><strong>3. Humanizowany projekt funkcjonalny<\/strong><\/h2>\n<ul>\n<li><strong>Wysuwana wst\u0105\u017cka i podszewka<\/strong>: Przednia cz\u0119\u015b\u0107 szuflady jest wyposa\u017cona w\u00a0<strong>uchwyt z satynowej wst\u0105\u017cki<\/strong>kt\u00f3ry jest \u0142atwy i pracoch\u0142onny do ci\u0105gni\u0119cia i ma delikatny dotyk; podszewka wykonana jest z\u00a0<strong>Materia\u0142 flokowany EVA<\/strong>Powierzchnia jest pokryta kr\u00f3tk\u0105 flanel\u0105, kt\u00f3ra jest mi\u0119kka i odporna na zarysowania oraz mo\u017ce ustali\u0107 pozycj\u0119 bi\u017cuterii, aby unikn\u0105\u0107 uszkodze\u0144 podczas transportu.<\/li>\n<li><strong>Warstwowa struktura pami\u0119ci masowej<\/strong>: Konfigurowalne wewn\u0119trzne gniazda na karty lub przegr\u00f3dki, odpowiednie do r\u00f3\u017cnych rodzaj\u00f3w bi\u017cuterii, takich jak naszyjniki, pier\u015bcionki, kolczyki itp.<\/li>\n<\/ul>\n<h2 id=\"-4-customized-service-\"><strong>4. Us\u0142uga dostosowana do potrzeb klienta<\/strong><\/h2>\n<ul>\n<li><strong>Elastyczna regulacja rozmiaru<\/strong>: Obs\u0142uga dostosowywania w pe\u0142nym rozmiarze z\u00a0<strong>63x65x40mm (pude\u0142ko na pier\u015bcionek) do 217x45x40mm (pude\u0142ko na bransoletk\u0119)<\/strong>dok\u0142adnie dopasowuj\u0105c si\u0119 do r\u00f3\u017cnych rozmiar\u00f3w bi\u017cuterii.<\/li>\n<li><strong>Spersonalizowana kombinacja r\u0119kodzie\u0142a<\/strong>: Opr\u00f3cz podstawowych rzemios\u0142,\u00a0<strong>wyt\u0142aczanie, laser, wzory sitodrukowe<\/strong>itp. mog\u0105 by\u0107 nak\u0142adane w celu zaspokojenia potrzeb zwi\u0105zanych z r\u00f3\u017cnicowaniem marki.<\/li>\n<\/ul>\n<h2 id=\"-5-support-for-the-entire-design-and-production-process-\"><strong>5. Wsparcie dla ca\u0142ego procesu projektowania i produkcji<\/strong><\/h2>\n<ul>\n<li><strong>Modelowanie 3D i proofing<\/strong>: Profesjonalny zesp\u00f3\u0142 projektant\u00f3w zapewnia\u00a0<strong>Us\u0142ugi podgl\u0105du cyfrowych modeli 3D<\/strong>, kt\u00f3ry intuicyjnie prezentuje efekty t\u0142oczenia na gor\u0105co, UV i innych rzemios\u0142, zapewniaj\u0105c zerowy b\u0142\u0105d mi\u0119dzy szkicem projektu a gotowym produktem.<\/li>\n<li><strong>Gwarancja kompleksowej produkcji<\/strong>: Fabryka przyjmuje\u00a0<strong>Wykrawanie CNC, automatyczne wklejanie<\/strong>\u00a0i innymi procesami, w po\u0142\u0105czeniu z systemem kontroli jako\u015bci zgromadzonym przez ponad 16 lat do\u015bwiadczenia, i kontroluje ca\u0142y proces od wyboru materia\u0142u do wysy\u0142ki, aby zapewni\u0107, \u017ce ka\u017cde ogniwo spe\u0142nia normy ochrony \u015brodowiska i trwa\u0142o\u015bci.<\/li>\n<\/ul>\n<h2 id=\"-6-applicable-scenarios-and-style-adaptation-\"><strong>6. Odpowiednie scenariusze i dostosowanie stylu<\/strong><\/h2>\n<ul>\n<li><strong>R\u00f3\u017cnorodno\u015b\u0107 stylu<\/strong>: Czy jest to\u00a0<strong>prosty styl ins<\/strong>\u00a0lub\u00a0<strong>luksusowy styl biznesowy<\/strong>Mo\u017cna to osi\u0105gn\u0105\u0107, dostosowuj\u0105c kolorystyk\u0119 (np. r\u00f3\u017cowy, czarny, kolory metaliczne) i elementy dekoracyjne (np. kokardy ze wst\u0105\u017cki, puste okna).<\/li>\n<li><strong>Pe\u0142ne pokrycie scenariuszy<\/strong>: Nadaje si\u0119 do sprzeda\u017cy detalicznej bi\u017cuterii, prezent\u00f3w \u015bwi\u0105tecznych, ekspozycji wystawowych i innych scenariuszy, aby poprawi\u0107 wizerunek marki i poczucie ceremonii konsument\u00f3w podczas otwierania pude\u0142ek.<\/li>\n<\/ul>\n<h2 id=\"-advantages-of-cooperation-\"><strong>Zalety wsp\u00f3\u0142pracy<\/strong>:<\/h2>\n<ul>\n<li><strong>16 lat do\u015bwiadczenia w bran\u017cy<\/strong>: Fabryka nadal wprowadza innowacje, \u0142\u0105cz\u0105c przyjazne dla \u015brodowiska materia\u0142y (takie jak degradowalne szare p\u0142yty) z inteligentn\u0105 produkcj\u0105, bior\u0105c pod uwag\u0119 zar\u00f3wno pi\u0119kno, jak i praktyczno\u015b\u0107.<\/li>\n<\/ul>\n<p>Je\u015bli chcesz dowiedzie\u0107 si\u0119 wi\u0119cej o niestandardowych rozwi\u0105zaniach lub uzyska\u0107 pr\u00f3bki projekt\u00f3w 3D, skontaktuj si\u0119 z naszym zespo\u0142em projektowym!<\/p>","protected":false},"excerpt":{"rendered":"<p>Nasze papierowe pude\u0142ka do pakowania bi\u017cuterii s\u0105 delikatne jak jedwab i s\u0105 po\u0142\u0105czone z wyt\u0142aczan\u0105 z\u0142ot\u0105 technologi\u0105 t\u0142oczenia, pokazuj\u0105c luksusow\u0105 tekstur\u0119. Pude\u0142ko wykorzystuje flokowan\u0105 podszewk\u0119 i niestandardow\u0105 struktur\u0119 rowk\u00f3w, kt\u00f3ra idealnie pasuje do konturu bi\u017cuterii, zapewniaj\u0105c bezpiecze\u0144stwo transportu, jednocze\u015bnie daj\u0105c poczucie rytua\u0142u podczas otwierania pude\u0142ka.<\/p>","protected":false},"featured_media":9989,"template":"","meta":[],"product_brand":[],"product_cat":[30,415,31,426],"product_tag":[1093,813,1320],"class_list":{"0":"post-9987","1":"product","2":"type-product","3":"status-publish","4":"has-post-thumbnail","6":"product_cat-by-industry","7":"product_cat-custom-jewelry-boxes-by-industry","8":"product_cat-paper-box-style","9":"product_cat-paper-drawer-boxes","10":"product_tag-custom-jewelry-gift-box","11":"product_tag-jewelry-drawer-box","12":"product_tag-jewelry-rigid-box-with-ribbon","14":"first","15":"instock","16":"shipping-taxable","17":"product-type-grouped"},"_links":{"self":[{"href":"https:\/\/zojopackaging.com\/pl\/wp-json\/wp\/v2\/product\/9987","targetHints":{"allow":["GET"]}}],"collection":[{"href":"https:\/\/zojopackaging.com\/pl\/wp-json\/wp\/v2\/product"}],"about":[{"href":"https:\/\/zojopackaging.com\/pl\/wp-json\/wp\/v2\/types\/product"}],"version-history":[{"count":1,"href":"https:\/\/zojopackaging.com\/pl\/wp-json\/wp\/v2\/product\/9987\/revisions"}],"predecessor-version":[{"id":10008,"href":"https:\/\/zojopackaging.com\/pl\/wp-json\/wp\/v2\/product\/9987\/revisions\/10008"}],"wp:featuredmedia":[{"embeddable":true,"href":"https:\/\/zojopackaging.com\/pl\/wp-json\/wp\/v2\/media\/9989"}],"wp:attachment":[{"href":"https:\/\/zojopackaging.com\/pl\/wp-json\/wp\/v2\/media?parent=9987"}],"wp:term":[{"taxonomy":"product_brand","embeddable":true,"href":"https:\/\/zojopackaging.com\/pl\/wp-json\/wp\/v2\/product_brand?post=9987"},{"taxonomy":"product_cat","embeddable":true,"href":"https:\/\/zojopackaging.com\/pl\/wp-json\/wp\/v2\/product_cat?post=9987"},{"taxonomy":"product_tag","embeddable":true,"href":"https:\/\/zojopackaging.com\/pl\/wp-json\/wp\/v2\/product_tag?post=9987"}],"curies":[{"name":"wp","href":"https:\/\/api.w.org\/{rel}","templated":true}]}}