{"id":6488,"date":"2024-07-04T13:45:11","date_gmt":"2024-07-04T05:45:11","guid":{"rendered":"https:\/\/zojopackaging.com\/?page_id=6488"},"modified":"2024-07-06T15:18:14","modified_gmt":"2024-07-06T07:18:14","slug":"privacy-policy","status":"publish","type":"page","link":"https:\/\/zojopackaging.com\/pt\/privacy-policy\/","title":{"rendered":"Pol\u00edtica de privacidade"},"content":{"rendered":"<h1 class=\"wp-block-heading\" style=\"text-align: left;\">Pol\u00edtica de privacidade<\/h1>\n\n\n\n<p>A sua privacidade \u00e9 importante para n\u00f3s. \u00c9 pol\u00edtica da Zojoprint respeitar a sua privacidade e cumprir com todas as leis e regulamentos aplic\u00e1veis em rela\u00e7\u00e3o a qualquer informa\u00e7\u00e3o pessoal que possamos recolher sobre si, incluindo atrav\u00e9s do nosso site,&nbsp;<em><a href=\"https:\/\/zojopackaging.com\/pt\/\">https:\/\/zojopackaging.com<\/a><\/em> e outros s\u00edtios que possu\u00edmos e operamos.<\/p>\n\n\n\n<p>Esta pol\u00edtica \u00e9 actualizada em 23 de fevereiro de 2023.<\/p>\n\n\n\n<h2 class=\"wp-block-heading\">Informa\u00e7\u00f5es que recolhemos<\/h2>\n\n\n\n<p>As informa\u00e7\u00f5es que recolhemos incluem tanto as informa\u00e7\u00f5es que o utilizador nos fornece consciente e ativamente quando utiliza ou participa em qualquer um dos nossos servi\u00e7os e promo\u00e7\u00f5es, como quaisquer informa\u00e7\u00f5es enviadas automaticamente pelos seus dispositivos no decurso do acesso aos nossos produtos e servi\u00e7os.<\/p>\n\n\n\n<h2 class=\"wp-block-heading\">Dados de registo<\/h2>\n\n\n\n<p>Quando visita o nosso s\u00edtio Web, os nossos servidores podem registar automaticamente os dados padr\u00e3o fornecidos pelo seu navegador Web. Estes podem incluir o endere\u00e7o IP (Internet Protocol) do seu dispositivo, o tipo e a vers\u00e3o do seu browser, as p\u00e1ginas que visita, a hora e a data da sua visita, o tempo passado em cada p\u00e1gina, outros detalhes sobre a sua visita e detalhes t\u00e9cnicos que ocorrem em conjunto com quaisquer erros que possa encontrar.<\/p>\n\n\n\n<p>Tenha em aten\u00e7\u00e3o que, embora estas informa\u00e7\u00f5es possam n\u00e3o ser pessoalmente identific\u00e1veis por si s\u00f3, pode ser poss\u00edvel combin\u00e1-las com outros dados para identificar pessoalmente pessoas individuais.<\/p>\n\n\n\n<h2 class=\"wp-block-heading\">Informa\u00e7\u00f5es pessoais<\/h2>\n\n\n\n<p>Podemos solicitar informa\u00e7\u00f5es pessoais que podem incluir um ou mais dos seguintes elementos:<\/p>\n\n\n\n<ul class=\"wp-block-list\">\n<li>Nome<\/li>\n\n\n\n<li>Correio eletr\u00f3nico<\/li>\n\n\n\n<li>Nome da empresa<\/li>\n\n\n\n<li>N\u00famero de telefone<\/li>\n<\/ul>\n\n\n\n<h2 class=\"wp-block-heading\">Raz\u00f5es leg\u00edtimas para processar as suas informa\u00e7\u00f5es pessoais<\/h2>\n\n\n\n<p>Apenas recolhemos e utilizamos as suas informa\u00e7\u00f5es pessoais quando temos uma raz\u00e3o leg\u00edtima para o fazer. Neste caso, apenas recolhemos informa\u00e7\u00f5es pessoais que sejam razoavelmente necess\u00e1rias para lhe prestar os nossos servi\u00e7os.<\/p>\n\n\n\n<h2 class=\"wp-block-heading\">Recolha e utiliza\u00e7\u00e3o de informa\u00e7\u00f5es<\/h2>\n\n\n\n<p>Podemos recolher informa\u00e7\u00f5es pessoais do utilizador quando este efectua qualquer uma das seguintes ac\u00e7\u00f5es no nosso s\u00edtio Web:<\/p>\n\n\n\n<ul class=\"wp-block-list\">\n<li>Utilizar um dispositivo m\u00f3vel ou um navegador Web para aceder ao nosso conte\u00fado<\/li>\n\n\n\n<li>Contactar-nos por correio eletr\u00f3nico, redes sociais ou quaisquer tecnologias semelhantes<\/li>\n\n\n\n<li>Quando nos menciona nas redes sociais<\/li>\n<\/ul>\n\n\n\n<p>Podemos recolher, guardar, utilizar e divulgar informa\u00e7\u00f5es para os seguintes fins, e as informa\u00e7\u00f5es pessoais n\u00e3o ser\u00e3o processadas de forma incompat\u00edvel com estes fins:<\/p>\n\n\n\n<p>Podemos recolher, guardar, utilizar e divulgar informa\u00e7\u00f5es para os seguintes fins, e as informa\u00e7\u00f5es pessoais n\u00e3o ser\u00e3o processadas de forma incompat\u00edvel com estes fins:<\/p>\n\n\n\n<ul class=\"wp-block-list\">\n<li>para permitir ao utilizador personalizar a sua experi\u00eancia no nosso s\u00edtio Web<\/li>\n\n\n\n<li>para an\u00e1lise, pesquisa de mercado e desenvolvimento de neg\u00f3cios, incluindo para operar e melhorar o nosso s\u00edtio Web, aplica\u00e7\u00f5es associadas e plataformas de redes sociais associadas<\/li>\n<\/ul>\n\n\n\n<p>Tenha em aten\u00e7\u00e3o que podemos combinar as informa\u00e7\u00f5es que recolhemos sobre o utilizador com informa\u00e7\u00f5es gerais ou dados de investiga\u00e7\u00e3o que recebemos de outras fontes fidedignas.<\/p>\n\n\n\n<h2 class=\"wp-block-heading\">Seguran\u00e7a das suas informa\u00e7\u00f5es pessoais<\/h2>\n\n\n\n<p>Quando recolhemos e processamos informa\u00e7\u00f5es pessoais, e enquanto as mantivermos, proteg\u00ea-las-emos com meios comercialmente aceit\u00e1veis para evitar perdas e roubos, bem como acesso, divulga\u00e7\u00e3o, c\u00f3pia, utiliza\u00e7\u00e3o ou modifica\u00e7\u00e3o n\u00e3o autorizados.<\/p>\n\n\n\n<p>Embora fa\u00e7amos o nosso melhor para proteger as informa\u00e7\u00f5es pessoais que nos fornece, informamos que nenhum m\u00e9todo de transmiss\u00e3o ou armazenamento eletr\u00f3nico \u00e9 100% seguro e ningu\u00e9m pode garantir a seguran\u00e7a absoluta dos dados. Cumpriremos as leis que nos s\u00e3o aplic\u00e1veis no que respeita a qualquer viola\u00e7\u00e3o de dados.<\/p>\n\n\n\n<p>O utilizador \u00e9 respons\u00e1vel pela sele\u00e7\u00e3o de qualquer palavra-passe e pela sua for\u00e7a de seguran\u00e7a global, garantindo a seguran\u00e7a das suas pr\u00f3prias informa\u00e7\u00f5es dentro dos limites dos nossos servi\u00e7os.<\/p>\n\n\n\n<h4 class=\"wp-block-heading\">Durante quanto tempo guardamos as suas informa\u00e7\u00f5es pessoais<\/h4>\n\n\n\n<p>Conservamos as suas informa\u00e7\u00f5es pessoais apenas durante o tempo necess\u00e1rio. Este per\u00edodo de tempo pode depender da finalidade para a qual estamos a utilizar as suas informa\u00e7\u00f5es, de acordo com esta pol\u00edtica de privacidade. Se as suas informa\u00e7\u00f5es pessoais j\u00e1 n\u00e3o forem necess\u00e1rias, apag\u00e1-las-emos ou torn\u00e1-las-emos an\u00f3nimas, removendo todos os detalhes que o identifiquem.<\/p>\n\n\n\n<p>No entanto, se necess\u00e1rio, podemos reter as suas informa\u00e7\u00f5es pessoais para cumprirmos uma obriga\u00e7\u00e3o legal, contabil\u00edstica ou de informa\u00e7\u00e3o, ou para fins de arquivo de interesse p\u00fablico, fins de investiga\u00e7\u00e3o cient\u00edfica ou hist\u00f3rica ou fins estat\u00edsticos.<\/p>\n\n\n\n<h3 class=\"wp-block-heading\">Privacidade das crian\u00e7as<\/h3>\n\n\n\n<p>N\u00e3o destinamos nenhum dos nossos produtos ou servi\u00e7os diretamente a crian\u00e7as com menos de 13 anos e n\u00e3o recolhemos intencionalmente informa\u00e7\u00f5es pessoais sobre crian\u00e7as com menos de 13 anos.<\/p>\n\n\n\n<h2 class=\"wp-block-heading\">Transfer\u00eancias internacionais de informa\u00e7\u00f5es pessoais<\/h2>\n\n\n\n<p>As informa\u00e7\u00f5es pessoais que recolhemos s\u00e3o armazenadas e\/ou processadas nos locais onde n\u00f3s ou os nossos parceiros, afiliados e fornecedores terceiros mantemos instala\u00e7\u00f5es. Tenha em aten\u00e7\u00e3o que os locais para onde armazenamos, processamos ou transferimos as suas informa\u00e7\u00f5es pessoais podem n\u00e3o ter as mesmas leis de prote\u00e7\u00e3o de dados que o pa\u00eds onde inicialmente forneceu as informa\u00e7\u00f5es. Se transferirmos as suas informa\u00e7\u00f5es pessoais para terceiros noutros pa\u00edses: (i) efectuaremos essas transfer\u00eancias de acordo com os requisitos da legisla\u00e7\u00e3o aplic\u00e1vel; e (ii) protegeremos as informa\u00e7\u00f5es pessoais transferidas de acordo com esta pol\u00edtica de privacidade.<\/p>\n\n\n\n<h2 class=\"wp-block-heading\">Os seus direitos e o controlo das suas informa\u00e7\u00f5es pessoais<\/h2>\n\n\n\n<p>O utilizador tem sempre o direito de n\u00e3o nos fornecer informa\u00e7\u00f5es pessoais, tendo em conta que a sua experi\u00eancia no nosso s\u00edtio Web pode ser afetada. N\u00e3o discriminaremos o utilizador por exercer qualquer dos seus direitos sobre as suas informa\u00e7\u00f5es pessoais. Se nos fornecer informa\u00e7\u00f5es pessoais, compreende que as iremos recolher, guardar, utilizar e divulgar de acordo com esta pol\u00edtica de privacidade. O utilizador tem o direito de solicitar informa\u00e7\u00f5es pormenorizadas sobre quaisquer informa\u00e7\u00f5es pessoais que detenhamos a seu respeito.<\/p>\n\n\n\n<p>Se recebermos informa\u00e7\u00f5es pessoais sobre o utilizador de um terceiro, proteg\u00ea-las-emos conforme estabelecido na presente pol\u00edtica de privacidade. Se for um terceiro a fornecer informa\u00e7\u00f5es pessoais sobre outra pessoa, o utilizador declara e garante que tem o consentimento dessa pessoa para nos fornecer as informa\u00e7\u00f5es pessoais.<\/p>\n\n\n\n<p>Se tiver concordado anteriormente com a utiliza\u00e7\u00e3o das suas informa\u00e7\u00f5es pessoais para fins de marketing direto, pode mudar de opini\u00e3o em qualquer altura. Dar-lhe-emos a possibilidade de anular a subscri\u00e7\u00e3o da nossa base de dados de correio eletr\u00f3nico ou de optar por n\u00e3o receber comunica\u00e7\u00f5es. Tenha em aten\u00e7\u00e3o que poderemos ter de solicitar informa\u00e7\u00f5es espec\u00edficas ao utilizador para nos ajudar a confirmar a sua identidade.<\/p>\n\n\n\n<p>Se considerar que as informa\u00e7\u00f5es que temos sobre si s\u00e3o inexactas, desactualizadas, incompletas, irrelevantes ou enganadoras, contacte-nos utilizando os dados fornecidos nesta pol\u00edtica de privacidade. Tomaremos medidas razo\u00e1veis para corrigir qualquer informa\u00e7\u00e3o considerada incorrecta, incompleta, enganosa ou desactualizada.<\/p>\n\n\n\n<p>Se considerar que viol\u00e1mos uma lei de prote\u00e7\u00e3o de dados relevante e pretender apresentar uma queixa, contacte-nos utilizando os dados abaixo indicados e forne\u00e7a-nos todos os detalhes da alegada viola\u00e7\u00e3o. Investigaremos prontamente a sua queixa e responder-lhe-emos, por escrito, indicando o resultado da nossa investiga\u00e7\u00e3o e as medidas que tomaremos para lidar com a sua queixa. O utilizador tamb\u00e9m tem o direito de contactar um organismo regulador ou uma autoridade de prote\u00e7\u00e3o de dados em rela\u00e7\u00e3o \u00e0 sua queixa.<\/p>\n\n\n\n<h2 class=\"wp-block-heading\">Utiliza\u00e7\u00e3o de cookies<\/h2>\n\n\n\n<p>Utilizamos \"cookies\" para recolher informa\u00e7\u00f5es sobre o utilizador e a sua atividade no nosso site. Um cookie \u00e9 um pequeno fragmento de dados que o nosso s\u00edtio Web armazena no seu computador e ao qual acede sempre que o visita, para que possamos compreender como utiliza o nosso s\u00edtio. Isto ajuda-nos a fornecer-lhe conte\u00fados com base nas prefer\u00eancias que especificou.<\/p>\n\n\n\n<h2 class=\"wp-block-heading\">Limites da nossa pol\u00edtica<\/h2>\n\n\n\n<p>O nosso s\u00edtio Web pode ter liga\u00e7\u00f5es a s\u00edtios externos que n\u00e3o s\u00e3o geridos por n\u00f3s. Tenha em aten\u00e7\u00e3o que n\u00e3o temos qualquer controlo sobre o conte\u00fado e as pol\u00edticas desses s\u00edtios e n\u00e3o podemos aceitar responsabilidade pelas respectivas pr\u00e1ticas de privacidade.<\/p>\n\n\n\n<h2 class=\"wp-block-heading\">Altera\u00e7\u00f5es a esta pol\u00edtica<\/h2>\n\n\n\n<p>Se assim o entendermos, poderemos alterar a nossa pol\u00edtica de privacidade para refletir actualiza\u00e7\u00f5es dos nossos processos comerciais, pr\u00e1ticas actuais aceit\u00e1veis ou altera\u00e7\u00f5es legislativas ou regulamentares. Se decidirmos alterar esta pol\u00edtica de privacidade, publicaremos as altera\u00e7\u00f5es aqui, na mesma liga\u00e7\u00e3o atrav\u00e9s da qual est\u00e1 a aceder a esta pol\u00edtica de privacidade.<\/p>\n\n\n\n<p>Se exigido por lei, obteremos a sua autoriza\u00e7\u00e3o ou dar-lhe-emos a oportunidade de optar por aceitar ou recusar, conforme aplic\u00e1vel, quaisquer novas utiliza\u00e7\u00f5es das suas informa\u00e7\u00f5es pessoais.<\/p>\n\n\n\n<h2 class=\"wp-block-heading\">Contactar-nos<\/h2>\n\n\n\n<p>Para quaisquer quest\u00f5es ou preocupa\u00e7\u00f5es relativas \u00e0 sua privacidade, pode contactar-nos utilizando os seguintes dados:<\/p>\n\n\n\n<p><a href=\"mailto:info@zojoprint.com\">info@zojoprint.com<\/a><\/p>","protected":false},"excerpt":{"rendered":"<p>Privacy Policy Your privacy is important to us. It is Zojoprint\u2019s policy to respect your privacy and comply with any applicable law and regulation regarding any personal information we may collect about you, including across our website,&nbsp;https:\/\/zojopackaging.com and other sites we own and operate. This policy is updated at 23 February 2023. Information We Collect [&hellip;]<\/p>\n","protected":false},"author":1,"featured_media":0,"parent":0,"menu_order":0,"comment_status":"closed","ping_status":"closed","template":"","meta":{"footnotes":""},"class_list":["post-6488","page","type-page","status-publish","hentry"],"_links":{"self":[{"href":"https:\/\/zojopackaging.com\/pt\/wp-json\/wp\/v2\/pages\/6488","targetHints":{"allow":["GET"]}}],"collection":[{"href":"https:\/\/zojopackaging.com\/pt\/wp-json\/wp\/v2\/pages"}],"about":[{"href":"https:\/\/zojopackaging.com\/pt\/wp-json\/wp\/v2\/types\/page"}],"author":[{"embeddable":true,"href":"https:\/\/zojopackaging.com\/pt\/wp-json\/wp\/v2\/users\/1"}],"replies":[{"embeddable":true,"href":"https:\/\/zojopackaging.com\/pt\/wp-json\/wp\/v2\/comments?post=6488"}],"version-history":[{"count":11,"href":"https:\/\/zojopackaging.com\/pt\/wp-json\/wp\/v2\/pages\/6488\/revisions"}],"predecessor-version":[{"id":6632,"href":"https:\/\/zojopackaging.com\/pt\/wp-json\/wp\/v2\/pages\/6488\/revisions\/6632"}],"wp:attachment":[{"href":"https:\/\/zojopackaging.com\/pt\/wp-json\/wp\/v2\/media?parent=6488"}],"curies":[{"name":"wp","href":"https:\/\/api.w.org\/{rel}","templated":true}]}}