{"id":6490,"date":"2024-07-04T13:49:51","date_gmt":"2024-07-04T05:49:51","guid":{"rendered":"https:\/\/zojopackaging.com\/?page_id=6490"},"modified":"2024-07-04T13:49:53","modified_gmt":"2024-07-04T05:49:53","slug":"terms-conditions","status":"publish","type":"page","link":"https:\/\/zojopackaging.com\/pt\/terms-conditions\/","title":{"rendered":"Termos e condi\u00e7\u00f5es"},"content":{"rendered":"<p>Bem-vindo \u00e0 Zojoprint!<\/p>\n\n\n\n<p>Estes termos e condi\u00e7\u00f5es descrevem as regras e regulamentos para o uso do site da Zojoprint Print LLC, localizado em <a href=\"https:\/\/zojopackaging.com\/pt\/\">https:\/\/zojopackaging.com\/<\/a>.<\/p>\n\n\n\n<p>Ao aceder a este site, assumimos que aceita estes termos e condi\u00e7\u00f5es. N\u00e3o continue a utilizar a Zojoprint se n\u00e3o estiver de acordo com todos os termos e condi\u00e7\u00f5es indicados nesta p\u00e1gina.<\/p>\n\n\n\n<h4 class=\"wp-block-heading\">Cookies:<\/h4>\n\n\n\n<p>O site utiliza cookies para ajudar a personalizar a sua experi\u00eancia online. Ao aceder \u00e0 Zojoprint est\u00e1 a concordar com a utiliza\u00e7\u00e3o dos cookies necess\u00e1rios.<\/p>\n\n\n\n<p>Um cookie \u00e9 um ficheiro de texto que \u00e9 colocado no seu disco r\u00edgido por um servidor de p\u00e1ginas Web. Os cookies n\u00e3o podem ser utilizados para executar programas ou enviar v\u00edrus para o seu computador. Os cookies s\u00e3o atribu\u00eddos exclusivamente ao utilizador e s\u00f3 podem ser lidos por um servidor Web no dom\u00ednio que emitiu o cookie para o utilizador.<\/p>\n\n\n\n<p>Podemos utilizar cookies para recolher, armazenar e rastrear informa\u00e7\u00f5es para fins estat\u00edsticos ou de marketing para operar o nosso s\u00edtio Web. O utilizador tem a possibilidade de aceitar ou recusar Cookies opcionais. Existem alguns cookies obrigat\u00f3rios que s\u00e3o necess\u00e1rios para o funcionamento do nosso s\u00edtio Web. Estes cookies n\u00e3o requerem o seu consentimento, uma vez que funcionam sempre. Tenha em aten\u00e7\u00e3o que, ao aceitar os cookies necess\u00e1rios, tamb\u00e9m aceita cookies de terceiros, que podem ser utilizados atrav\u00e9s de servi\u00e7os fornecidos por terceiros se utilizar esses servi\u00e7os no nosso s\u00edtio Web, por exemplo, uma janela de visualiza\u00e7\u00e3o de v\u00eddeo fornecida por terceiros e integrada no nosso s\u00edtio Web.<\/p>\n\n\n\n<h4 class=\"wp-block-heading\">Licen\u00e7a:<\/h4>\n\n\n\n<p>Salvo indica\u00e7\u00e3o em contr\u00e1rio, a Zojoprint Print LLC e\/ou os seus licenciantes det\u00eam os direitos de propriedade intelectual de todo o material da Zojoprint. Todos os direitos de propriedade intelectual s\u00e3o reservados. O utilizador pode aceder a este material a partir da Zojoprint para seu uso pessoal, sujeito \u00e0s restri\u00e7\u00f5es estabelecidas nestes termos e condi\u00e7\u00f5es.<\/p>\n\n\n\n<p>N\u00e3o pode:<\/p>\n\n\n\n<ul class=\"wp-block-list\">\n<li>Copiar ou republicar material da Zojoprint<\/li>\n\n\n\n<li>Vender, alugar ou sublicenciar material da Zojoprint<\/li>\n\n\n\n<li>Reproduzir, duplicar ou copiar material da Zojoprint<\/li>\n\n\n\n<li>Redistribuir conte\u00fado do Zojoprint<\/li>\n<\/ul>\n\n\n\n<p>O presente acordo tem in\u00edcio na data do mesmo.<\/p>\n\n\n\n<p>Algumas partes deste site oferecem aos utilizadores a oportunidade de publicar e trocar opini\u00f5es e informa\u00e7\u00f5es em determinadas \u00e1reas do site. A ZojoprintPrint LLC n\u00e3o filtra, edita, publica ou revisa os Coment\u00e1rios antes de sua presen\u00e7a no site. Os coment\u00e1rios n\u00e3o refletem os pontos de vista e opini\u00f5es da Zojoprint Print LLC, seus agentes e\/ou afiliados. Os coment\u00e1rios reflectem os pontos de vista e opini\u00f5es da pessoa que os publica. Na medida do permitido pelas leis aplic\u00e1veis, a Zojoprint Print LLC n\u00e3o ser\u00e1 respons\u00e1vel pelos Coment\u00e1rios ou por qualquer responsabilidade, danos ou despesas causados e\/ou sofridos como resultado de qualquer uso e\/ou publica\u00e7\u00e3o e\/ou aparecimento dos Coment\u00e1rios neste site.<\/p>\n\n\n\n<p>A Zojoprint Print LLC reserva-se o direito de monitorizar todos os Coment\u00e1rios e de remover quaisquer Coment\u00e1rios que possam ser considerados inapropriados, ofensivos ou que violem estes Termos e Condi\u00e7\u00f5es.<\/p>\n\n\n\n<p>O utilizador garante e declara que:<\/p>\n\n\n\n<ul class=\"wp-block-list\">\n<li>O utilizador tem o direito de publicar os Coment\u00e1rios no nosso s\u00edtio Web e possui todas as licen\u00e7as e autoriza\u00e7\u00f5es necess\u00e1rias para o fazer;<\/li>\n\n\n\n<li>Os Coment\u00e1rios n\u00e3o invadem qualquer direito de propriedade intelectual, incluindo, sem limita\u00e7\u00e3o, direitos de autor, patentes ou marcas registadas de terceiros;<\/li>\n\n\n\n<li>Os Coment\u00e1rios n\u00e3o cont\u00eam qualquer material difamat\u00f3rio, calunioso, ofensivo, indecente ou de outra forma ilegal, que constitua uma invas\u00e3o de privacidade.<\/li>\n\n\n\n<li>Os Coment\u00e1rios n\u00e3o ser\u00e3o utilizados para solicitar ou promover neg\u00f3cios ou costumes ou apresentar actividades comerciais ou actividades ilegais.<\/li>\n<\/ul>\n\n\n\n<p>Pelo presente, o utilizador concede \u00e0 Zojoprint Print LLC uma licen\u00e7a n\u00e3o exclusiva para utilizar, reproduzir, editar e autorizar outros a utilizar, reproduzir e editar quaisquer dos seus Coment\u00e1rios em todas e quaisquer formas, formatos ou meios.<\/p>\n\n\n\n<h4 class=\"wp-block-heading\">Hiperliga\u00e7\u00e3o ao nosso Conte\u00fado:<\/h4>\n\n\n\n<p>As seguintes organiza\u00e7\u00f5es podem estabelecer liga\u00e7\u00f5es ao nosso s\u00edtio Web sem autoriza\u00e7\u00e3o pr\u00e9via por escrito:<\/p>\n\n\n\n<ul class=\"wp-block-list\">\n<li>Ag\u00eancias governamentais;<\/li>\n\n\n\n<li>Motores de pesquisa;<\/li>\n\n\n\n<li>Organiza\u00e7\u00f5es noticiosas;<\/li>\n\n\n\n<li>Os distribuidores de diret\u00f3rios em linha podem estabelecer liga\u00e7\u00f5es ao nosso s\u00edtio Web da mesma forma que estabelecem hiperliga\u00e7\u00f5es para os s\u00edtios Web de outras empresas listadas; e<\/li>\n\n\n\n<li>Empresas acreditadas em todo o sistema, exceto organiza\u00e7\u00f5es sem fins lucrativos, centros comerciais de benefic\u00eancia e grupos de angaria\u00e7\u00e3o de fundos de benefic\u00eancia que n\u00e3o podem estabelecer hiperliga\u00e7\u00f5es para o nosso Web site.<\/li>\n<\/ul>\n\n\n\n<p>Estas organiza\u00e7\u00f5es podem estabelecer liga\u00e7\u00f5es \u00e0 nossa p\u00e1gina inicial, a publica\u00e7\u00f5es ou a outras informa\u00e7\u00f5es do s\u00edtio Web, desde que a liga\u00e7\u00e3o (a) n\u00e3o seja de forma alguma enganadora; (b) n\u00e3o implique falsamente o patroc\u00ednio, o endosso ou a aprova\u00e7\u00e3o da parte que estabelece a liga\u00e7\u00e3o e dos seus produtos e\/ou servi\u00e7os; e (c) se enquadre no contexto do s\u00edtio da parte que estabelece a liga\u00e7\u00e3o.<\/p>\n\n\n\n<p>Podemos considerar e aprovar outros pedidos de liga\u00e7\u00e3o dos seguintes tipos de organiza\u00e7\u00f5es:<\/p>\n\n\n\n<ul class=\"wp-block-list\">\n<li>fontes de informa\u00e7\u00e3o comummente conhecidas dos consumidores e\/ou das empresas;<\/li>\n\n\n\n<li>s\u00edtios comunit\u00e1rios dot.com;<\/li>\n\n\n\n<li>associa\u00e7\u00f5es ou outros grupos representativos de institui\u00e7\u00f5es de solidariedade social;<\/li>\n\n\n\n<li>distribuidores de diret\u00f3rios em linha;<\/li>\n\n\n\n<li>portais de Internet;<\/li>\n\n\n\n<li>empresas de contabilidade, advocacia e consultoria; e<\/li>\n\n\n\n<li>institui\u00e7\u00f5es de ensino e associa\u00e7\u00f5es profissionais.<\/li>\n<\/ul>\n\n\n\n<p>Aprovaremos os pedidos de hiperliga\u00e7\u00e3o destas organiza\u00e7\u00f5es se decidirmos que: (a) a hiperliga\u00e7\u00e3o n\u00e3o nos prejudica a n\u00f3s pr\u00f3prios ou \u00e0s nossas empresas acreditadas; (b) a organiza\u00e7\u00e3o n\u00e3o tem quaisquer registos negativos connosco; (c) o benef\u00edcio para n\u00f3s da visibilidade da hiperliga\u00e7\u00e3o compensa a aus\u00eancia da Zojoprint Print LLC; e (d) a hiperliga\u00e7\u00e3o est\u00e1 no contexto de informa\u00e7\u00e3o geral de recursos.<\/p>\n\n\n\n<p>Estas organiza\u00e7\u00f5es podem estabelecer uma liga\u00e7\u00e3o \u00e0 nossa p\u00e1gina inicial, desde que essa liga\u00e7\u00e3o (a) n\u00e3o seja de forma alguma enganadora; (b) n\u00e3o implique falsamente o patroc\u00ednio, o endosso ou a aprova\u00e7\u00e3o da parte que estabelece a liga\u00e7\u00e3o e dos seus produtos ou servi\u00e7os; e (c) se enquadre no contexto do s\u00edtio da parte que estabelece a liga\u00e7\u00e3o.<\/p>\n\n\n\n<p>Se \u00e9 uma das organiza\u00e7\u00f5es listadas no par\u00e1grafo 2 acima e est\u00e1 interessado em criar um link para o nosso site, deve informar-nos enviando um e-mail para a Zojoprint Print LLC. Por favor, inclua o seu nome, o nome da sua organiza\u00e7\u00e3o, informa\u00e7\u00f5es de contacto, bem como o URL do seu site, uma lista de todos os URLs a partir dos quais pretende criar um link para o nosso site, e uma lista dos URLs no nosso site para os quais gostaria de criar um link. Aguarde 2-3 semanas por uma resposta.<\/p>\n\n\n\n<p>As organiza\u00e7\u00f5es aprovadas podem criar hiperliga\u00e7\u00f5es para o nosso s\u00edtio Web da seguinte forma:<\/p>\n\n\n\n<ul class=\"wp-block-list\">\n<li>Atrav\u00e9s da utiliza\u00e7\u00e3o da nossa denomina\u00e7\u00e3o social; ou<\/li>\n\n\n\n<li>Atrav\u00e9s da utiliza\u00e7\u00e3o do localizador uniforme de recursos que est\u00e1 a ser ligado; ou<\/li>\n\n\n\n<li>Utilizar qualquer outra descri\u00e7\u00e3o do nosso s\u00edtio Web ao qual est\u00e1 ligado que fa\u00e7a sentido no contexto e no formato do conte\u00fado do s\u00edtio da parte que estabelece a liga\u00e7\u00e3o.<\/li>\n<\/ul>\n\n\n\n<p>N\u00e3o ser\u00e1 permitida a utiliza\u00e7\u00e3o do log\u00f3tipo da Zojoprint Print LLC ou de outro trabalho art\u00edstico para liga\u00e7\u00e3o sem um acordo de licen\u00e7a de marca registada.<\/p>\n\n\n\n<h4 class=\"wp-block-heading\">Responsabilidade pelo conte\u00fado:<\/h4>\n\n\n\n<p>N\u00e3o podemos ser responsabilizados por qualquer conte\u00fado que apare\u00e7a no seu s\u00edtio Web. O utilizador concorda em proteger-nos e defender-nos contra todas as queixas apresentadas no seu s\u00edtio Web. N\u00e3o devem aparecer liga\u00e7\u00f5es em nenhum s\u00edtio Web que possam ser interpretadas como difamat\u00f3rias, obscenas ou criminosas, ou que infrinjam, violem ou defendam a infra\u00e7\u00e3o ou outra viola\u00e7\u00e3o de quaisquer direitos de terceiros.<\/p>\n\n\n\n<h4 class=\"wp-block-heading\">Reserva de direitos:<\/h4>\n\n\n\n<p>Reservamo-nos o direito de solicitar a remo\u00e7\u00e3o de todas as liga\u00e7\u00f5es ou de qualquer liga\u00e7\u00e3o espec\u00edfica ao nosso s\u00edtio Web. O utilizador aprova a remo\u00e7\u00e3o imediata de todas as hiperliga\u00e7\u00f5es para o nosso s\u00edtio Web mediante pedido. Tamb\u00e9m nos reservamos o direito de alterar estes termos e condi\u00e7\u00f5es e a sua pol\u00edtica de liga\u00e7\u00e3o em qualquer altura. Ao estabelecer continuamente uma liga\u00e7\u00e3o ao nosso s\u00edtio Web, o utilizador concorda em respeitar e seguir os presentes termos e condi\u00e7\u00f5es de liga\u00e7\u00e3o.<\/p>\n\n\n\n<h4 class=\"wp-block-heading\">Remo\u00e7\u00e3o de liga\u00e7\u00f5es do nosso s\u00edtio Web:<\/h4>\n\n\n\n<p>Se encontrar uma hiperliga\u00e7\u00e3o no nosso s\u00edtio Web que seja ofensiva por qualquer motivo, pode contactar-nos e informar-nos a qualquer momento. Teremos em considera\u00e7\u00e3o os pedidos de remo\u00e7\u00e3o de liga\u00e7\u00f5es, mas n\u00e3o somos obrigados a faz\u00ea-lo ou a responder-lhe diretamente.<\/p>\n\n\n\n<p>N\u00e3o garantimos que as informa\u00e7\u00f5es contidas neste s\u00edtio Web estejam corretas. N\u00e3o garantimos a sua integridade ou exatid\u00e3o, nem prometemos assegurar que o s\u00edtio Web permanece dispon\u00edvel ou que o material no s\u00edtio Web \u00e9 mantido atualizado.<\/p>\n\n\n\n<h4 class=\"wp-block-heading\">Exonera\u00e7\u00e3o de responsabilidade:<\/h4>\n\n\n\n<p>Na medida m\u00e1xima permitida pela legisla\u00e7\u00e3o aplic\u00e1vel, exclu\u00edmos todas as representa\u00e7\u00f5es, garantias e condi\u00e7\u00f5es relacionadas com o nosso s\u00edtio Web e a utiliza\u00e7\u00e3o do mesmo. Nada nesta declara\u00e7\u00e3o de exonera\u00e7\u00e3o de responsabilidade ser\u00e1:<\/p>\n\n\n\n<ul class=\"wp-block-list\">\n<li>limitar ou excluir a nossa ou a sua responsabilidade por morte ou danos pessoais;<\/li>\n\n\n\n<li>limitar ou excluir a nossa ou a sua responsabilidade por fraude ou falsas declara\u00e7\u00f5es fraudulentas;<\/li>\n\n\n\n<li>limitar qualquer uma das nossas ou das suas responsabilidades de qualquer forma que n\u00e3o seja permitida pela lei aplic\u00e1vel; ou<\/li>\n\n\n\n<li>excluir qualquer responsabilidade nossa ou do utilizador que n\u00e3o possa ser exclu\u00edda ao abrigo da legisla\u00e7\u00e3o aplic\u00e1vel.<\/li>\n<\/ul>\n\n\n\n<p>As limita\u00e7\u00f5es e proibi\u00e7\u00f5es de responsabilidade estabelecidas nesta sec\u00e7\u00e3o e noutras partes da presente declara\u00e7\u00e3o de exonera\u00e7\u00e3o de responsabilidade: (a) est\u00e3o sujeitas ao par\u00e1grafo anterior; e (b) regem todas as responsabilidades decorrentes da declara\u00e7\u00e3o de exonera\u00e7\u00e3o de responsabilidade, incluindo as responsabilidades decorrentes de contrato, de delito e de viola\u00e7\u00e3o de deveres legais.<\/p>\n\n\n\n<p>Enquanto o s\u00edtio Web e as informa\u00e7\u00f5es e servi\u00e7os nele contidos forem fornecidos gratuitamente, n\u00e3o seremos respons\u00e1veis por quaisquer perdas ou danos de qualquer natureza.<\/p>\n\n\n\n<h3 class=\"wp-block-heading\">Contactar-nos<\/h3>\n\n\n\n<p>Para quaisquer quest\u00f5es ou d\u00favidas relativas aos nossos Termos e Condi\u00e7\u00f5es, pode contactar-nos utilizando os seguintes dados:<\/p>\n\n\n\n<p>Wu Lian Su:<\/p>\n\n\n\n<p><a href=\"mailto:info@zojoprint.com\">info@zojoprint.com<\/a><\/p>","protected":false},"excerpt":{"rendered":"<p>Welcome to Zojoprint! These terms and conditions outline the rules and regulations for the use of Zojoprint Print LLC\u2019s Website, located at https:\/\/zojopackaging.com\/. By accessing this website, we assume you accept these terms and conditions. Do not continue to use Zojoprint if you do not agree to take all of the terms and conditions stated [&hellip;]<\/p>\n","protected":false},"author":1,"featured_media":0,"parent":0,"menu_order":0,"comment_status":"closed","ping_status":"closed","template":"","meta":{"footnotes":""},"class_list":["post-6490","page","type-page","status-publish","hentry"],"_links":{"self":[{"href":"https:\/\/zojopackaging.com\/pt\/wp-json\/wp\/v2\/pages\/6490","targetHints":{"allow":["GET"]}}],"collection":[{"href":"https:\/\/zojopackaging.com\/pt\/wp-json\/wp\/v2\/pages"}],"about":[{"href":"https:\/\/zojopackaging.com\/pt\/wp-json\/wp\/v2\/types\/page"}],"author":[{"embeddable":true,"href":"https:\/\/zojopackaging.com\/pt\/wp-json\/wp\/v2\/users\/1"}],"replies":[{"embeddable":true,"href":"https:\/\/zojopackaging.com\/pt\/wp-json\/wp\/v2\/comments?post=6490"}],"version-history":[{"count":1,"href":"https:\/\/zojopackaging.com\/pt\/wp-json\/wp\/v2\/pages\/6490\/revisions"}],"predecessor-version":[{"id":6491,"href":"https:\/\/zojopackaging.com\/pt\/wp-json\/wp\/v2\/pages\/6490\/revisions\/6491"}],"wp:attachment":[{"href":"https:\/\/zojopackaging.com\/pt\/wp-json\/wp\/v2\/media?parent=6490"}],"curies":[{"name":"wp","href":"https:\/\/api.w.org\/{rel}","templated":true}]}}