{"id":897,"date":"2023-11-24T00:01:11","date_gmt":"2023-11-23T16:01:11","guid":{"rendered":"https:\/\/zojopackaging.com\/?page_id=897"},"modified":"2024-05-15T23:37:30","modified_gmt":"2024-05-15T15:37:30","slug":"packaging-box-manufacturing-process","status":"publish","type":"page","link":"https:\/\/zojopackaging.com\/pt\/packaging-box-manufacturing-process\/","title":{"rendered":"Processo de fabrico de caixas de embalagem"},"content":{"rendered":"<div data-elementor-type=\"wp-page\" data-elementor-id=\"897\" class=\"elementor elementor-897\" data-elementor-post-type=\"page\">\n\t\t\t\t<div class=\"elementor-element elementor-element-0ffa265 e-flex e-con-boxed e-con e-parent\" data-id=\"0ffa265\" data-element_type=\"container\" data-e-type=\"container\" data-settings=\"{&quot;background_background&quot;:&quot;classic&quot;}\">\n\t\t\t\t\t<div class=\"e-con-inner\">\n\t\t\t\t<div class=\"elementor-element elementor-element-62abf0e elementor-widget elementor-widget-woocommerce-breadcrumb\" data-id=\"62abf0e\" data-element_type=\"widget\" data-e-type=\"widget\" data-widget_type=\"woocommerce-breadcrumb.default\">\n\t\t\t\t<div class=\"elementor-widget-container\">\n\t\t\t\t\t<nav class=\"woocommerce-breadcrumb\" aria-label=\"Breadcrumb\" data-no-translation=\"\" data-trp-gettext=\"\">In\u00edcio<\/nav>\t\t\t\t<\/div>\n\t\t\t\t<\/div>\n\t\t\t\t\t<\/div>\n\t\t\t\t<\/div>\n\t\t<div class=\"elementor-element elementor-element-7ee81d9 e-con-full e-flex e-con e-parent\" data-id=\"7ee81d9\" data-element_type=\"container\" data-e-type=\"container\" data-settings=\"{&quot;background_background&quot;:&quot;classic&quot;}\">\n\t\t\t\t<div class=\"elementor-element elementor-element-a8be8f9 hd-title elementor-widget elementor-widget-heading\" data-id=\"a8be8f9\" data-element_type=\"widget\" data-e-type=\"widget\" data-widget_type=\"heading.default\">\n\t\t\t\t<div class=\"elementor-widget-container\">\n\t\t\t\t\t<h1 class=\"elementor-heading-title elementor-size-default\">Processo de fabrico de caixas de embalagem<\/h1>\t\t\t\t<\/div>\n\t\t\t\t<\/div>\n\t\t\t\t<div class=\"elementor-element elementor-element-59072c8 elementor-widget-divider--view-line elementor-widget elementor-widget-divider\" data-id=\"59072c8\" data-element_type=\"widget\" data-e-type=\"widget\" data-widget_type=\"divider.default\">\n\t\t\t\t<div class=\"elementor-widget-container\">\n\t\t\t\t\t\t\t<div class=\"elementor-divider\">\n\t\t\t<span class=\"elementor-divider-separator\">\n\t\t\t\t\t\t<\/span>\n\t\t<\/div>\n\t\t\t\t\t\t<\/div>\n\t\t\t\t<\/div>\n\t\t\t\t<div class=\"elementor-element elementor-element-506007a elementor-widget__width-initial elementor-widget elementor-widget-video\" data-id=\"506007a\" data-element_type=\"widget\" data-e-type=\"widget\" data-settings=\"{&quot;youtube_url&quot;:&quot;https:\\\/\\\/www.youtube.com\\\/watch?v=6JlO25DoCUc&quot;,&quot;autoplay&quot;:&quot;yes&quot;,&quot;video_type&quot;:&quot;youtube&quot;,&quot;controls&quot;:&quot;yes&quot;}\" data-widget_type=\"video.default\">\n\t\t\t\t<div class=\"elementor-widget-container\">\n\t\t\t\t\t\t\t<div class=\"elementor-wrapper elementor-open-inline\">\n\t\t\t<div class=\"elementor-video\"><\/div>\t\t<\/div>\n\t\t\t\t\t\t<\/div>\n\t\t\t\t<\/div>\n\t\t\t\t<\/div>\n\t\t<div class=\"elementor-element elementor-element-566103f e-flex e-con-boxed e-con e-parent\" data-id=\"566103f\" data-element_type=\"container\" data-e-type=\"container\">\n\t\t\t\t\t<div class=\"e-con-inner\">\n\t\t\t\t<div class=\"elementor-element elementor-element-b666dc2 elementor-widget__width-auto elementor-widget elementor-widget-image\" data-id=\"b666dc2\" data-element_type=\"widget\" data-e-type=\"widget\" data-widget_type=\"image.default\">\n\t\t\t\t<div class=\"elementor-widget-container\">\n\t\t\t\t\t\t\t\t\t\t\t\t\t\t\t<img fetchpriority=\"high\" decoding=\"async\" width=\"1737\" height=\"2560\" src=\"https:\/\/zojopackaging.com\/wp-content\/uploads\/2024\/03\/\u751f\u4ea7\u6d41\u7a0b-scaled.jpg\" class=\"attachment-full size-full wp-image-4963\" alt=\"Processo de produ\u00e7\u00e3o\" srcset=\"https:\/\/zojopackaging.com\/wp-content\/uploads\/2024\/03\/\u751f\u4ea7\u6d41\u7a0b-scaled.jpg 1737w, https:\/\/zojopackaging.com\/wp-content\/uploads\/2024\/03\/\u751f\u4ea7\u6d41\u7a0b-204x300.jpg 204w, https:\/\/zojopackaging.com\/wp-content\/uploads\/2024\/03\/\u751f\u4ea7\u6d41\u7a0b-699x1030.jpg 699w, https:\/\/zojopackaging.com\/wp-content\/uploads\/2024\/03\/\u751f\u4ea7\u6d41\u7a0b-768x1132.jpg 768w, https:\/\/zojopackaging.com\/wp-content\/uploads\/2024\/03\/\u751f\u4ea7\u6d41\u7a0b-1042x1536.jpg 1042w, https:\/\/zojopackaging.com\/wp-content\/uploads\/2024\/03\/\u751f\u4ea7\u6d41\u7a0b-1389x2048.jpg 1389w, https:\/\/zojopackaging.com\/wp-content\/uploads\/2024\/03\/\u751f\u4ea7\u6d41\u7a0b-600x884.jpg 600w\" sizes=\"(max-width: 1737px) 100vw, 1737px\" title=\"\">\t\t\t\t\t\t\t\t\t\t\t\t\t\t\t<\/div>\n\t\t\t\t<\/div>\n\t\t\t\t\t<\/div>\n\t\t\t\t<\/div>\n\t\t<div class=\"elementor-element elementor-element-80f2626 e-flex e-con-boxed e-con e-parent\" data-id=\"80f2626\" data-element_type=\"container\" data-e-type=\"container\">\n\t\t\t\t\t<div class=\"e-con-inner\">\n\t\t\t\t<div class=\"elementor-element elementor-element-f7818c0 elementor-widget__width-inherit elementor-widget-mobile__width-inherit elementor-widget elementor-widget-text-editor\" data-id=\"f7818c0\" data-element_type=\"widget\" data-e-type=\"widget\" data-widget_type=\"text-editor.default\">\n\t\t\t\t<div class=\"elementor-widget-container\">\n\t\t\t\t\t\t\t\t\t<ul><li><strong>Conce\u00e7\u00e3o<\/strong>: O processo come\u00e7a com a conce\u00e7\u00e3o da caixa de embalagem. Isto implica a cria\u00e7\u00e3o de um projeto que especifica as dimens\u00f5es, a estrutura, o material e quaisquer elementos de design gr\u00e1fico da caixa.<\/li>\n<li><strong>Sele\u00e7\u00e3o de materiais<\/strong>: Uma vez finalizado o design, s\u00e3o selecionados os materiais adequados para a produ\u00e7\u00e3o da caixa. Os materiais mais comuns utilizados para a produ\u00e7\u00e3o de caixas de embalagem s\u00e3o o cart\u00e3o, o cart\u00e3o canelado, o papel\u00e3o e o pl\u00e1stico.<\/li>\n<li><strong>Corte<\/strong>: O material selecionado \u00e9 ent\u00e3o cortado na forma e tamanho pretendidos utilizando m\u00e1quinas de corte. O corte de precis\u00e3o \u00e9 essencial para garantir que as pe\u00e7as se encaixam corretamente durante a montagem.<\/li>\n<li><strong>Impress\u00e3o<\/strong>: Se a caixa de embalagem necessitar de uma marca, de uma etiqueta ou de elementos gr\u00e1ficos, ser\u00e1 submetida a um processo de impress\u00e3o. Este processo pode envolver t\u00e9cnicas como a impress\u00e3o offset, a impress\u00e3o digital ou a impress\u00e3o serigr\u00e1fica.<\/li>\n<li><strong>Dobragem e colagem<\/strong>: As pe\u00e7as cortadas da caixa de embalagem s\u00e3o dobradas ao longo das linhas de vinco para formar a estrutura da caixa. A cola \u00e9 aplicada nas \u00e1reas apropriadas e a caixa \u00e9 ent\u00e3o colada para manter a sua forma.<\/li>\n<li><strong>Corte e vinco<\/strong>: Em alguns casos, a caixa de embalagem pode necessitar de personaliza\u00e7\u00e3o adicional, como janelas, pegas ou formas \u00fanicas. Isto \u00e9 conseguido atrav\u00e9s de um processo de corte e vinco que corta o material em formas espec\u00edficas.<\/li>\n<li><strong>Controlo de qualidade<\/strong>: Ao longo do processo de produ\u00e7\u00e3o, s\u00e3o efectuadas verifica\u00e7\u00f5es de controlo de qualidade para garantir que as caixas cumprem os requisitos especificados. Isto pode incluir a exatid\u00e3o dimensional, a qualidade de impress\u00e3o, a integridade estrutural e o aspeto geral.<\/li>\n<li><strong>Embalagem e expedi\u00e7\u00e3o<\/strong>: Depois de as caixas de embalagem terem passado as verifica\u00e7\u00f5es de controlo de qualidade, s\u00e3o embaladas em contentores maiores para envio aos clientes ou centros de distribui\u00e7\u00e3o.<\/li>\n<\/ul>\t\t\t\t\t\t\t\t<\/div>\n\t\t\t\t<\/div>\n\t\t\t\t\t<\/div>\n\t\t\t\t<\/div>\n\t\t\t\t<\/div>","protected":false},"excerpt":{"rendered":"<p>Packaging Box Manufacturing Process Design: The process begins with the design of the packaging box. This involves creating a blueprint that specifies the dimensions, structure, material, and any graphic design elements of the box. Material selection: Once the design is finalized, the appropriate materials are selected for the production of the box. Common materials used [&hellip;]<\/p>\n","protected":false},"author":1,"featured_media":0,"parent":0,"menu_order":0,"comment_status":"closed","ping_status":"closed","template":"","meta":{"footnotes":""},"class_list":["post-897","page","type-page","status-publish","hentry"],"_links":{"self":[{"href":"https:\/\/zojopackaging.com\/pt\/wp-json\/wp\/v2\/pages\/897","targetHints":{"allow":["GET"]}}],"collection":[{"href":"https:\/\/zojopackaging.com\/pt\/wp-json\/wp\/v2\/pages"}],"about":[{"href":"https:\/\/zojopackaging.com\/pt\/wp-json\/wp\/v2\/types\/page"}],"author":[{"embeddable":true,"href":"https:\/\/zojopackaging.com\/pt\/wp-json\/wp\/v2\/users\/1"}],"replies":[{"embeddable":true,"href":"https:\/\/zojopackaging.com\/pt\/wp-json\/wp\/v2\/comments?post=897"}],"version-history":[{"count":77,"href":"https:\/\/zojopackaging.com\/pt\/wp-json\/wp\/v2\/pages\/897\/revisions"}],"predecessor-version":[{"id":5044,"href":"https:\/\/zojopackaging.com\/pt\/wp-json\/wp\/v2\/pages\/897\/revisions\/5044"}],"wp:attachment":[{"href":"https:\/\/zojopackaging.com\/pt\/wp-json\/wp\/v2\/media?parent=897"}],"curies":[{"name":"wp","href":"https:\/\/api.w.org\/{rel}","templated":true}]}}