{"id":10001,"date":"2025-04-04T14:38:24","date_gmt":"2025-04-04T06:38:24","guid":{"rendered":"https:\/\/zojopackaging.com\/?post_type=product&#038;p=10001"},"modified":"2025-04-04T15:05:50","modified_gmt":"2025-04-04T07:05:50","slug":"custom-skin-care-drawer-box-cosmetic-carton-folding-packaging","status":"publish","type":"product","link":"https:\/\/zojopackaging.com\/pt\/product\/custom-skin-care-drawer-box-cosmetic-carton-folding-packaging\/","title":{"rendered":"Caixa de gaveta personalizada para cuidados com a pele Embalagem dobr\u00e1vel para cart\u00e3o de cosm\u00e9ticos"},"content":{"rendered":"<h3 id=\"-1-folding-drawer-gift-box-\"><strong>1. Caixa de oferta com gaveta dobr\u00e1vel<\/strong><\/h3>\n<p>A caixa de presente com gaveta dobr\u00e1vel adopta um design estrutural inovador, que atinge eficazmente o objetivo de controlo de custos, mantendo a textura de alta qualidade da caixa de presente<\/p>\n<h3 id=\"-2-single-powder-card-material-\"><strong>2. Material do cart\u00e3o de p\u00f3 \u00fanico<\/strong><\/h3>\n<p>O nosso material de cart\u00e3o de p\u00f3 \u00fanico \u00e9 posicionado como de alta qualidade, com um toque de superf\u00edcie delicado e suave, forte adaptabilidade de impress\u00e3o, e pode apresentar efeitos de cores claras e brilhantes<\/p>\n<h3 id=\"-3-environmentally-friendly-and-recyclable-materials-\"><strong>3. Materiais amigos do ambiente e recicl\u00e1veis<\/strong><\/h3>\n<p>O produto utiliza materiais ecol\u00f3gicos e recicl\u00e1veis, foi aprovado na certifica\u00e7\u00e3o do sistema de certifica\u00e7\u00e3o florestal FSC e cumpre integralmente as normas ambientais internacionais<\/p>\n<h3 id=\"-4-surface-processing-solutions-\"><strong>4. Solu\u00e7\u00f5es de tratamento de superf\u00edcies<\/strong><\/h3>\n<p>As solu\u00e7\u00f5es de processamento de superf\u00edcie s\u00e3o ricas e diversificadas, e podem alcan\u00e7ar personaliza\u00e7\u00e3o personalizada, como estampagem a quente, revestimento UV parcial, grava\u00e7\u00e3o em relevo, escultura oca, etc.<\/p>\n<h3 id=\"-5-zojo-print-industry-reputation-\"><strong>5. Reputa\u00e7\u00e3o da ZOJO Print no sector<\/strong><\/h3>\n<p>Como fornecedor profissional de servi\u00e7os de personaliza\u00e7\u00e3o de embalagens de papel, a ZOJO Print goza de uma excelente reputa\u00e7\u00e3o na ind\u00fastria, tanto no mercado nacional como no estrangeiro<\/p>\n<h3 id=\"-6-senior-design-team-\"><strong>6. Equipa de design s\u00e9nior<\/strong><\/h3>\n<p>Estamos equipados com uma equipa de design s\u00e9nior, que pode participar profundamente no processo de realiza\u00e7\u00e3o criativa da marca para garantir a implementa\u00e7\u00e3o precisa do conceito de design<\/p>\n<h3 id=\"-7-professional-packaging-technology-consultant-team-\"><strong>7. Equipa de consultores profissionais em tecnologia de embalagem<\/strong><\/h3>\n<p>A equipa de consultores profissionais em tecnologia de embalagem ir\u00e1 adaptar a solu\u00e7\u00e3o de embalagem ideal com base nas carater\u00edsticas do produto.<\/p>","protected":false},"excerpt":{"rendered":"<p><strong>ZOJO Print | Especialista em caixa de gaveta dobr\u00e1vel para cuidados com a pele personalizada - interpretando o novo auge da beleza com design inovador<\/strong><\/p>\n<p>No dom\u00ednio das embalagens para cuidados com a pele, o design n\u00e3o deve ter apenas valor est\u00e9tico, mas tamb\u00e9m ter em conta a funcionalidade, a prote\u00e7\u00e3o ambiental e a rela\u00e7\u00e3o custo-efic\u00e1cia. A ZOJO Print est\u00e1 profundamente envolvida na ind\u00fastria h\u00e1 16 anos, concentrando-se em fornecer \u00e0s marcas de produtos de beleza topo de gama solu\u00e7\u00f5es de caixas de gavetas dobr\u00e1veis que s\u00e3o simultaneamente inovadoras e comercialmente competitivas.<\/p>","protected":false},"featured_media":10007,"template":"","meta":[],"product_brand":[],"product_cat":[30,390,31,426],"product_tag":[1322,817,1321],"class_list":{"0":"post-10001","1":"product","2":"type-product","3":"status-publish","4":"has-post-thumbnail","6":"product_cat-by-industry","7":"product_cat-custom-cosmetics-boxes","8":"product_cat-paper-box-style","9":"product_cat-paper-drawer-boxes","10":"product_tag-carton-folding-packaging","11":"product_tag-custom-box","12":"product_tag-skin-care-drawer-box","14":"first","15":"instock","16":"shipping-taxable","17":"product-type-grouped"},"_links":{"self":[{"href":"https:\/\/zojopackaging.com\/pt\/wp-json\/wp\/v2\/product\/10001","targetHints":{"allow":["GET"]}}],"collection":[{"href":"https:\/\/zojopackaging.com\/pt\/wp-json\/wp\/v2\/product"}],"about":[{"href":"https:\/\/zojopackaging.com\/pt\/wp-json\/wp\/v2\/types\/product"}],"version-history":[{"count":1,"href":"https:\/\/zojopackaging.com\/pt\/wp-json\/wp\/v2\/product\/10001\/revisions"}],"predecessor-version":[{"id":10016,"href":"https:\/\/zojopackaging.com\/pt\/wp-json\/wp\/v2\/product\/10001\/revisions\/10016"}],"wp:featuredmedia":[{"embeddable":true,"href":"https:\/\/zojopackaging.com\/pt\/wp-json\/wp\/v2\/media\/10007"}],"wp:attachment":[{"href":"https:\/\/zojopackaging.com\/pt\/wp-json\/wp\/v2\/media?parent=10001"}],"wp:term":[{"taxonomy":"product_brand","embeddable":true,"href":"https:\/\/zojopackaging.com\/pt\/wp-json\/wp\/v2\/product_brand?post=10001"},{"taxonomy":"product_cat","embeddable":true,"href":"https:\/\/zojopackaging.com\/pt\/wp-json\/wp\/v2\/product_cat?post=10001"},{"taxonomy":"product_tag","embeddable":true,"href":"https:\/\/zojopackaging.com\/pt\/wp-json\/wp\/v2\/product_tag?post=10001"}],"curies":[{"name":"wp","href":"https:\/\/api.w.org\/{rel}","templated":true}]}}