{"id":10009,"date":"2025-04-04T14:44:34","date_gmt":"2025-04-04T06:44:34","guid":{"rendered":"https:\/\/zojopackaging.com\/?post_type=product&#038;p=10009"},"modified":"2025-04-04T15:06:02","modified_gmt":"2025-04-04T07:06:02","slug":"custom-luxury-cosmetic-skin-care-face-cream-packaging-boxes","status":"publish","type":"product","link":"https:\/\/zojopackaging.com\/pt\/product\/custom-luxury-cosmetic-skin-care-face-cream-packaging-boxes\/","title":{"rendered":"Caixas de embalagem personalizadas para cosm\u00e9ticos de luxo para cuidados com a pele e creme facial"},"content":{"rendered":"<h2 id=\"-customized-luxury-cosmetic-skin-care-cream-packaging-box-product-description-\"><strong>Caixas de embalagem personalizadas para cosm\u00e9ticos de luxo para cuidados com a pele<\/strong><\/h2>\n<h2 id=\"-i-box-structure-and-material-design-\"><strong>1. Estrutura da caixa e conce\u00e7\u00e3o dos materiais<\/strong><\/h2>\n<ol>\n<li><strong>Caixa de cobertura superior e inferior cl\u00e1ssica<\/strong>\u00a0Adoptando uma estrutura de tampa superior e inferior dividida, sem um design complexo de abertura e fecho, combina praticidade com uma est\u00e9tica simples. A caixa abre e fecha suavemente, com uma taxa de utiliza\u00e7\u00e3o de material superior a 95%, reduzindo o desperd\u00edcio de res\u00edduos, e utilizando cart\u00e3o cinzento ou substrato de cart\u00e3o branco de alta densidade para garantir que a caixa \u00e9 n\u00edtida, ecol\u00f3gica e dur\u00e1vel.<\/li>\n<li><strong>Textura de luxo discreta<\/strong>\u00a0A cor principal \u00e9 o preto profundo e a superf\u00edcie \u00e9 feita de papel especial de toque mate ou tecnologia de lamina\u00e7\u00e3o, com linhas locais de estampagem a quente\/prata quente ou log\u00f3tipos da marca, para transmitir uma experi\u00eancia visual calma e de alta qualidade. A superf\u00edcie da caixa pode ser integrada com texturas em relevo (como textura de imita\u00e7\u00e3o de couro, textura de m\u00e1rmore) para melhorar o sentido tridimensional e o reconhecimento diferenciado.<\/li>\n<\/ol>\n<h2 id=\"-second-customized-technology-and-brand-presentation-\"><strong>2. Tecnologia personalizada e apresenta\u00e7\u00e3o da marca<\/strong><\/h2>\n<ol>\n<li><strong>Tecnologia de impress\u00e3o completa<\/strong><\/li>\n<li><strong>Estampagem a quente<\/strong>: O log\u00f3tipo, o nome da marca ou os elementos decorativos s\u00e3o estampados com folha de ouro\/prata de 24K para aumentar a sensa\u00e7\u00e3o de luxo;<\/li>\n<li><strong>Grava\u00e7\u00e3o em relevo UV<\/strong>: Os padr\u00f5es ou textos locais s\u00e3o transformados num toque tridimensional atrav\u00e9s de um revestimento UV para melhorar o foco visual;<\/li>\n<li><strong>Tecnologia em relevo<\/strong>: Texturas exclusivas personalizadas (tais como linhas geom\u00e9tricas, texturas naturais) conferem \u00e0 embalagem uma mem\u00f3ria t\u00e1til \u00fanica.<\/li>\n<li><strong>Adapta\u00e7\u00e3o flex\u00edvel a v\u00e1rias categorias<\/strong>\u00a0O tamanho da caixa pode ser personalizado (intervalo de refer\u00eancia: comprimento 10-30cm \u00d7 largura 8-25cm \u00d7 altura 5-15cm), adequado para cremes, perfumes, velas perfumadas, ch\u00e1s de alta qualidade e outras categorias. O forro pode ser combinado com:<\/li>\n<li><strong>Ranhura em esponja EVA<\/strong>: Fixar com exatid\u00e3o o produto para evitar que se agite durante o transporte;<\/li>\n<li><strong>Tabuleiro interior com flocagem<\/strong>: Material de flocagem preto ou dourado para aumentar a sensa\u00e7\u00e3o de cerim\u00f3nia ao abrir a caixa;<\/li>\n<li><strong>Suporte em acr\u00edlico transparente<\/strong>: Real\u00e7ar o aspeto do produto, adequado para caixas de oferta de exposi\u00e7\u00e3o.<\/li>\n<\/ol>\n<h2 id=\"-iii-supply-chain-guarantee-and-quality-commitment-\"><strong>3. Garantia da cadeia de abastecimento e compromisso de qualidade<\/strong><\/h2>\n<ol>\n<li><strong>Vantagem da f\u00e1brica de origem<\/strong>\u00a0Com base em 16 anos de experi\u00eancia de produ\u00e7\u00e3o, constru\u00edmos um sistema integrado de cadeia de fornecimento desde a conce\u00e7\u00e3o, sele\u00e7\u00e3o de materiais, produ\u00e7\u00e3o e inspe\u00e7\u00e3o de qualidade para garantir:<\/li>\n<li><strong>Otimiza\u00e7\u00e3o de custos<\/strong>: Aquisi\u00e7\u00e3o de mat\u00e9rias-primas em grande escala para reduzir o custo por caixa;<\/li>\n<li><strong>Controlo de qualidade rigoroso<\/strong>: Controlo de erros dentro de \u00b10,5mm, sem deforma\u00e7\u00e3o na moldagem, sem defeitos de superf\u00edcie;<\/li>\n<li><strong>Entrega r\u00e1pida<\/strong>: Apoio a 500 pe\u00e7as de encomenda m\u00ednima, 7-14 dias para concluir a prova para a produ\u00e7\u00e3o em massa.<\/li>\n<\/ol>\n<h2 id=\"-iv-design-service-and-brand-empowerment-\"><strong>4. Servi\u00e7o de design e capacita\u00e7\u00e3o da marca<\/strong><\/h2>\n<ol>\n<li><strong>Suporte exclusivo \u00e0 personaliza\u00e7\u00e3o<\/strong><\/li>\n<li><strong>Colabora\u00e7\u00e3o na conce\u00e7\u00e3o<\/strong>: Fornecer desenhos de modela\u00e7\u00e3o 3D e provas f\u00edsicas para garantir a implementa\u00e7\u00e3o exacta dos efeitos de conce\u00e7\u00e3o;<\/li>\n<li><strong>Integra\u00e7\u00e3o da hist\u00f3ria da marca<\/strong>: Transmitir o valor central do produto atrav\u00e9s do design da embalagem KV (tais como elementos dourados, temas temporais);<\/li>\n<li><strong>Certifica\u00e7\u00e3o ambiental<\/strong>: Opcionalmente, papel certificado FSC ou materiais degrad\u00e1veis, em conformidade com o conceito de marca sustent\u00e1vel.<\/li>\n<\/ol>\n<p><strong>Cen\u00e1rios aplic\u00e1veis<\/strong>: caixas de oferta de primeiro lan\u00e7amento de produtos de cuidados da pele topo de gama, conjuntos limitados de f\u00e9rias, embalagens com a mesma marca, etc.<\/p>\n<p><strong>Processo de coopera\u00e7\u00e3o<\/strong>: comunica\u00e7\u00e3o da procura \u2192 proposta de conce\u00e7\u00e3o \u2192 confirma\u00e7\u00e3o da prova \u2192 produ\u00e7\u00e3o em massa \u2192 inspe\u00e7\u00e3o da qualidade e entrega.<\/p>\n<p>Atrav\u00e9s do equil\u00edbrio entre a estrutura minimalista e os pormenores requintados, esta s\u00e9rie de caixas de embalagem ajudar\u00e1 a marca a ocupar as mentes do mercado de consumo topo de gama com a linguagem visual do \"luxo discreto\"<\/p>","protected":false},"excerpt":{"rendered":"<p>O nosso design de embalagens de cosm\u00e9ticos combina funcionalidade e valor est\u00e9tico, o que pode efetivamente aumentar a competitividade da marca e a experi\u00eancia do consumidor. Em primeiro lugar, em termos de prote\u00e7\u00e3o, a embalagem utiliza materiais de alta qualidade, e a estrutura selada e o design \u00e0 prova de luz prolongam o prazo de validade dos cosm\u00e9ticos, reduzindo as perdas no transporte. Em segundo lugar, em termos de atra\u00e7\u00e3o visual, linhas minimalistas ou elementos est\u00e9ticos naturais.<\/p>","protected":false},"featured_media":10010,"template":"","meta":[],"product_brand":[],"product_cat":[30,390,425,31],"product_tag":[1323,1324,1060],"class_list":{"0":"post-10009","1":"product","2":"type-product","3":"status-publish","4":"has-post-thumbnail","6":"product_cat-by-industry","7":"product_cat-custom-cosmetics-boxes","8":"product_cat-lid-and-base-gift-box","9":"product_cat-paper-box-style","10":"product_tag-cosmetic-packaging-boxes","11":"product_tag-custom-face-cream-packaging","12":"product_tag-skin-care-packaging-boxes","14":"first","15":"instock","16":"shipping-taxable","17":"product-type-grouped"},"_links":{"self":[{"href":"https:\/\/zojopackaging.com\/pt\/wp-json\/wp\/v2\/product\/10009","targetHints":{"allow":["GET"]}}],"collection":[{"href":"https:\/\/zojopackaging.com\/pt\/wp-json\/wp\/v2\/product"}],"about":[{"href":"https:\/\/zojopackaging.com\/pt\/wp-json\/wp\/v2\/types\/product"}],"version-history":[{"count":1,"href":"https:\/\/zojopackaging.com\/pt\/wp-json\/wp\/v2\/product\/10009\/revisions"}],"predecessor-version":[{"id":10017,"href":"https:\/\/zojopackaging.com\/pt\/wp-json\/wp\/v2\/product\/10009\/revisions\/10017"}],"wp:featuredmedia":[{"embeddable":true,"href":"https:\/\/zojopackaging.com\/pt\/wp-json\/wp\/v2\/media\/10010"}],"wp:attachment":[{"href":"https:\/\/zojopackaging.com\/pt\/wp-json\/wp\/v2\/media?parent=10009"}],"wp:term":[{"taxonomy":"product_brand","embeddable":true,"href":"https:\/\/zojopackaging.com\/pt\/wp-json\/wp\/v2\/product_brand?post=10009"},{"taxonomy":"product_cat","embeddable":true,"href":"https:\/\/zojopackaging.com\/pt\/wp-json\/wp\/v2\/product_cat?post=10009"},{"taxonomy":"product_tag","embeddable":true,"href":"https:\/\/zojopackaging.com\/pt\/wp-json\/wp\/v2\/product_tag?post=10009"}],"curies":[{"name":"wp","href":"https:\/\/api.w.org\/{rel}","templated":true}]}}