{"id":10018,"date":"2025-04-04T15:06:06","date_gmt":"2025-04-04T07:06:06","guid":{"rendered":"https:\/\/zojopackaging.com\/?post_type=product&#038;p=10018"},"modified":"2025-04-04T16:26:33","modified_gmt":"2025-04-04T08:26:33","slug":"custom-eyebrow-pencil-folding-boxes-packaging-supplier","status":"publish","type":"product","link":"https:\/\/zojopackaging.com\/pt\/product\/custom-eyebrow-pencil-folding-boxes-packaging-supplier\/","title":{"rendered":"Caixas dobr\u00e1veis para l\u00e1pis de sobrancelha personalizadas Fornecedor de embalagens"},"content":{"rendered":"<h3 id=\"-1-structural-innovation-dual-advantages-of-double-insert-box-design-\"><strong>1. Inova\u00e7\u00e3o estrutural: dupla vantagem da conce\u00e7\u00e3o da caixa de dupla inser\u00e7\u00e3o<\/strong><\/h3>\n<p>Adotar\u00a0<strong>estrutura de caixa de dupla inser\u00e7\u00e3o<\/strong>O design sim\u00e9trico da ficha superior e inferior permite uma montagem r\u00e1pida, n\u00e3o \u00e9 necess\u00e1ria colagem e poupa-se tempo de embalagem 30%.<\/p>\n<h3 id=\"-2-printing-process-luxurious-expression-of-four-color-hot-stamping-\"><strong>2. Processo de impress\u00e3o: express\u00e3o luxuosa de estampagem a quente a quatro cores<\/strong><\/h3>\n<p>-\u00a0<strong>Precis\u00e3o da cor<\/strong>: Adote a impressora de quatro cores Heidelberg, diferen\u00e7a de cor \u0394E\u22641,5, suporte Pantone 15-1247 TCX (ouro champanhe) e 18-1755 TCX (branco p\u00e9rola) sobreimpress\u00e3o de gradiente;<\/p>\n<p>-\u00a0<strong>Processo de estampagem a quente<\/strong>O brilho do metal atinge 90GU, a resist\u00eancia ao desgaste \u00e9 melhorada em 50% e o desempenho anti-contrafa\u00e7\u00e3o \u00e9 certificado pela SGS;<\/p>\n<p>-\u00a0<strong>Psicologia visual<\/strong>: A combina\u00e7\u00e3o de prateado e branco p\u00e9rola transmite um tom de marca topo de gama e limpo, que se adequa \u00e0 tend\u00eancia est\u00e9tica das consumidoras da Gera\u00e7\u00e3o Z.<\/p>\n<h3 id=\"-3-precision-fit-the-ultimate-design-of-eyelash-card-box-\"><strong>3. Ajuste de precis\u00e3o: o melhor design da caixa de cart\u00e3o para pestanas<\/strong><\/h3>\n<p>-\u00a0<strong>Personaliza\u00e7\u00e3o do tamanho<\/strong>: O tamanho m\u00ednimo pode ser personalizado para 5cm\u00d73cm (para um \u00fanico grupo de pestanas), e o tamanho m\u00e1ximo suporta 15cm\u00d710cm (v\u00e1rios pacotes), com espessura ajust\u00e1vel de 0,8-3cm;<\/p>\n<p>-\u00a0<strong>Design port\u00e1til<\/strong>: Estrutura magn\u00e9tica da tampa articulada, for\u00e7a de abertura com uma s\u00f3 m\u00e3o \u22642N, em conformidade com as normas de seguran\u00e7a para crian\u00e7as da UE EN 71-3;<\/p>\n<p>-\u00a0<strong>Otimiza\u00e7\u00e3o do ecr\u00e3<\/strong>: Janela transparente + LOGOTIPO em relevo UV, visibilidade do produto aumentada em 80% e maior atratividade nas prateleiras (consulte o caso do design da embalagem de pestanas).<\/p>\n<h3 id=\"-4-smart-customization-full-link-service-from-concept-to-mass-production-\"><strong>4. Personaliza\u00e7\u00e3o inteligente: servi\u00e7o de liga\u00e7\u00e3o total desde o conceito at\u00e9 \u00e0 produ\u00e7\u00e3o em massa<\/strong><\/h3>\n<p>-\u00a0<strong>Flexibilidade de tamanho<\/strong>: suporta a pr\u00e9-visualiza\u00e7\u00e3o em tempo real da modela\u00e7\u00e3o 3D, confirma\u00e7\u00e3o completa do projeto estrutural em 8 horas;<\/p>\n<p>-\u00a0<strong>Matriz de material<\/strong>: -\u00a0<strong>Cart\u00e3o cinzento amigo do ambiente<\/strong>: Pasta de madeira virgem 100% certificada pelo FSC, espessura opcional de 0,5-2mm;<\/p>\n<p>-\u00a0<strong>Papel especial<\/strong>: papel perolado\/imita\u00e7\u00e3o de papel com padr\u00e3o de crocodilo, parece seda;<\/p>\n<p>-\u00a0<strong>Prova r\u00e1pida<\/strong>: equipada com uma m\u00e1quina de impress\u00e3o a cinco cores Manroland R700, entrega da caixa de amostras em 8 horas, ciclo de produ\u00e7\u00e3o em massa reduzido para 10 dias.<\/p>\n<h3 id=\"-5-smart-manufacturing-foundation-16-years-of-industry-experience-\"><strong>5. Base de fabrico inteligente: 16 anos de experi\u00eancia no sector<\/strong><\/h3>\n<p>-\u00a0<strong>Matriz de equipamento<\/strong>: 5 linhas de produ\u00e7\u00e3o de caixas de cart\u00e3o totalmente automatizadas, equipadas com sistema de controlo Schneider PLC, produ\u00e7\u00e3o di\u00e1ria de 100.000 pe\u00e7as, taxa de erro &lt;0,1%;<\/p>\n<p>-\u00a0<strong>Sistema de controlo da qualidade<\/strong>: Aprovado na certifica\u00e7\u00e3o ISO 9001\/BSCI, cada lote de produtos \u00e9 submetido a 12 inspec\u00e7\u00f5es de qualidade (testes de compress\u00e3o\/descarga\/resist\u00eancia da cor);<\/p>\n<p>-\u00a0<strong>Capacidade de produ\u00e7\u00e3o<\/strong>: Capacidade de produ\u00e7\u00e3o di\u00e1ria de 200.000 pe\u00e7as, suportando encomendas de 500 pe\u00e7as a produ\u00e7\u00e3o em massa ao n\u00edvel de um milh\u00e3o, e entrega de encomendas urgentes 24 horas por dia.<\/p>\n<h3 id=\"-6-design-empowerment-precise-transformation-from-demand-to-implementation-\"><strong>6. Capacita\u00e7\u00e3o para a conce\u00e7\u00e3o: transforma\u00e7\u00e3o precisa da procura \u00e0 implementa\u00e7\u00e3o<\/strong><\/h3>\n<p>Uma equipa especial de 8 designers com mais de 10 anos de experi\u00eancia oferece tr\u00eas grandes servi\u00e7os personalizados:<\/p>\n<p>-\u00a0<strong>Inova\u00e7\u00e3o estrutural<\/strong>: Desenvolver 12 tipos de caixas patenteadas (tais como camadas rotativas, fechos magn\u00e9ticos com palavra-passe), compat\u00edveis com a coloca\u00e7\u00e3o de produtos com formas especiais;<\/p>\n<p>-\u00a0<strong>Otimiza\u00e7\u00e3o interactiva<\/strong>: Incorporar o chip NFC (opcional), ler o c\u00f3digo para obter informa\u00e7\u00f5es sobre a rastreabilidade do produto e tutoriais de beleza;<\/p>\n<p>-\u00a0<strong>Itera\u00e7\u00e3o r\u00e1pida<\/strong>: Suporte ao sistema de correspond\u00eancia de cores inteligente AI, 200 esquemas de correspond\u00eancia de cores s\u00e3o gerados em 10 minutos.<\/p>\n<h3 id=\"-7-value-commitment-triple-balance-of-quality-efficiency-and-cost-\"><strong>7. Compromisso de valor: equil\u00edbrio triplo entre qualidade, efici\u00eancia e custo<\/strong><\/h3>\n<p>-\u00a0<strong>Otimiza\u00e7\u00e3o de custos<\/strong>: O sistema de composi\u00e7\u00e3o digital reduz a perda de material para 2,5%, poupando 20% de custos em compara\u00e7\u00e3o com os processos tradicionais;<\/p>\n<p>-\u00a0<strong>Resposta \u00e1gil<\/strong>: Estabelecer um sistema log\u00edstico de armaz\u00e9m duplo no Leste e no Sul da China, com entrega direta em 48 horas em todo o pa\u00eds;<\/p>\n<p>-\u00a0<strong>Servi\u00e7o de longa dura\u00e7\u00e3o<\/strong>: Fornecer gest\u00e3o do ciclo de vida das embalagens, incluindo aviso de invent\u00e1rio, plano de reabastecimento e plano de reciclagem de caixas antigas.<\/p>","protected":false},"excerpt":{"rendered":"<p><strong>ZOJO Print | Caixa dobr\u00e1vel para l\u00e1pis de sobrancelha personalizada especialista em embalagens - defina novos patamares de beleza com design inovador<\/strong><\/p>\n<p>Na atual ind\u00fastria da beleza, cada vez mais competitiva, a embalagem do l\u00e1pis para sobrancelhas n\u00e3o \u00e9 apenas um recipiente para o produto, mas tamb\u00e9m um suporte essencial da imagem da marca e da experi\u00eancia do consumidor. A ZOJO Print est\u00e1 profundamente envolvida no campo da embalagem h\u00e1 16 anos, concentrando-se em fornecer solu\u00e7\u00f5es de caixas dobr\u00e1veis que combinam funcionalidade, valor est\u00e9tico e competitividade comercial para produtos de beleza como l\u00e1pis para sobrancelhas e pestanas.<\/p>","protected":false},"featured_media":10030,"template":"","meta":[],"product_brand":[],"product_cat":[30,390,430,31],"product_tag":[1326,757,1325],"class_list":{"0":"post-10018","1":"product","2":"type-product","3":"status-publish","4":"has-post-thumbnail","6":"product_cat-by-industry","7":"product_cat-custom-cosmetics-boxes","8":"product_cat-folding-cartons","9":"product_cat-paper-box-style","10":"product_tag-boxes-packaging-supplier","11":"product_tag-custom-boxes","12":"product_tag-eyebrow-pencil-folding-boxes","14":"first","15":"instock","16":"shipping-taxable","17":"product-type-grouped"},"_links":{"self":[{"href":"https:\/\/zojopackaging.com\/pt\/wp-json\/wp\/v2\/product\/10018","targetHints":{"allow":["GET"]}}],"collection":[{"href":"https:\/\/zojopackaging.com\/pt\/wp-json\/wp\/v2\/product"}],"about":[{"href":"https:\/\/zojopackaging.com\/pt\/wp-json\/wp\/v2\/types\/product"}],"version-history":[{"count":1,"href":"https:\/\/zojopackaging.com\/pt\/wp-json\/wp\/v2\/product\/10018\/revisions"}],"predecessor-version":[{"id":10035,"href":"https:\/\/zojopackaging.com\/pt\/wp-json\/wp\/v2\/product\/10018\/revisions\/10035"}],"wp:featuredmedia":[{"embeddable":true,"href":"https:\/\/zojopackaging.com\/pt\/wp-json\/wp\/v2\/media\/10030"}],"wp:attachment":[{"href":"https:\/\/zojopackaging.com\/pt\/wp-json\/wp\/v2\/media?parent=10018"}],"wp:term":[{"taxonomy":"product_brand","embeddable":true,"href":"https:\/\/zojopackaging.com\/pt\/wp-json\/wp\/v2\/product_brand?post=10018"},{"taxonomy":"product_cat","embeddable":true,"href":"https:\/\/zojopackaging.com\/pt\/wp-json\/wp\/v2\/product_cat?post=10018"},{"taxonomy":"product_tag","embeddable":true,"href":"https:\/\/zojopackaging.com\/pt\/wp-json\/wp\/v2\/product_tag?post=10018"}],"curies":[{"name":"wp","href":"https:\/\/api.w.org\/{rel}","templated":true}]}}