{"id":10033,"date":"2025-04-04T15:16:35","date_gmt":"2025-04-04T07:16:35","guid":{"rendered":"https:\/\/zojopackaging.com\/?post_type=product&#038;p=10033"},"modified":"2025-04-04T15:25:19","modified_gmt":"2025-04-04T07:25:19","slug":"premium-customize-fragrance-perfume-gift-boxes-wholesale","status":"publish","type":"product","link":"https:\/\/zojopackaging.com\/pt\/product\/premium-customize-fragrance-perfume-gift-boxes-wholesale\/","title":{"rendered":"Caixas de presente de perfume com fragr\u00e2ncia personalizada por atacado"},"content":{"rendered":"<h2 id=\"-high-end-customized-perfume-gift-box-wholesale-\"><strong>Caixa de presente de perfume personalizada de alta qualidade por atacado<\/strong><\/h2>\n<h2 id=\"-1-environmentally-friendly-materials-quality-assurance-\"><strong>1. Materiais amigos do ambiente, garantia de qualidade<\/strong><\/h2>\n<ul>\n<li><strong>Combina\u00e7\u00e3o de cart\u00e3o cinzento + papel revestido<\/strong>O cart\u00e3o cinzento de 2,0 mm de espessura e o papel revestido de 157 g s\u00e3o combinados. O cart\u00e3o cinzento \u00e9 feito de pasta de papel renov\u00e1vel, que \u00e9 dur\u00e1vel e cumpre as normas ambientais;<\/li>\n<\/ul>\n<h2 id=\"-2-brand-customization-process-highlighting-uniqueness-\"><strong>2. Processo de personaliza\u00e7\u00e3o da marca, real\u00e7ando a sua singularidade<\/strong><\/h2>\n<ul>\n<li><strong>Atualiza\u00e7\u00e3o do processo do log\u00f3tipo<\/strong>: Suporte para estampagem a quente, grava\u00e7\u00e3o em relevo, UV local e outros processos de personaliza\u00e7\u00e3o:<\/li>\n<li><strong>Estampagem a quente\/prata quente<\/strong>: O brilho met\u00e1lico refor\u00e7a o log\u00f3tipo da marca, adequado para o posicionamento de empresas de topo de gama;<\/li>\n<li><strong>Grava\u00e7\u00e3o em relevo 3D<\/strong>: O toque tridimensional melhora o n\u00edvel visual e cria uma experi\u00eancia t\u00e1til de luxo;<\/li>\n<li><strong>UV local<\/strong>: O verniz cobre os padr\u00f5es principais, melhora o brilho local e a anti-incrusta\u00e7\u00e3o, e adapta-se ao design moderno.<\/li>\n<li><strong>Correspond\u00eancia exacta de tamanhos<\/strong>: Personalizar o tipo de caixa de acordo com as especifica\u00e7\u00f5es do frasco de perfume fornecidas pelo cliente (como altura, di\u00e2metro e estrutura de forma especial) para garantir que o revestimento e o corpo do frasco se encaixam perfeitamente, tendo em conta tanto a est\u00e9tica como o car\u00e1cter pr\u00e1tico.<\/li>\n<\/ul>\n<h2 id=\"-three-scientific-protection-design-worry-free-transportation-\"><strong>3. Conce\u00e7\u00e3o cient\u00edfica da prote\u00e7\u00e3o, transporte sem preocupa\u00e7\u00f5es<\/strong><\/h2>\n<ul>\n<li><strong>Tecnologia de corte e vinco do forro em EVA<\/strong>: Utilizando material EVA de alta densidade, o equipamento CNC corta com precis\u00e3o a ranhura na forma do frasco de perfume para obter uma prote\u00e7\u00e3o de 360\u00b0, resist\u00eancia ao choque e \u00e0 press\u00e3o, e evitar o risco de danos causados por agita\u00e7\u00e3o durante o transporte.<\/li>\n<li><strong>Otimiza\u00e7\u00e3o da estrutura da cabe\u00e7a e da caixa de terra<\/strong>: As caixas superior e inferior est\u00e3o separadas, o que \u00e9 conveniente para abrir e fechar e tem uma boa veda\u00e7\u00e3o, o que \u00e9 conveniente para os consumidores utilizarem e guardarem.<\/li>\n<\/ul>\n<h2 id=\"-four-one-stop-service-full-process-control-\"><strong>4. Servi\u00e7o de balc\u00e3o \u00fanico, controlo total do processo<\/strong><\/h2>\n<ul>\n<li><strong>Liga\u00e7\u00e3o sem falhas desde a conce\u00e7\u00e3o at\u00e9 \u00e0 entrega<\/strong>:<\/li>\n<li><strong>Design criativo<\/strong>: A equipa de profissionais fornece representa\u00e7\u00f5es em 3D, sele\u00e7\u00e3o de materiais e sugest\u00f5es de processos;<\/li>\n<li><strong>Produ\u00e7\u00e3o flex\u00edvel<\/strong>: Apoio \u00e0 produ\u00e7\u00e3o experimental de pequenos lotes para encomendas de grandes lotes, entrega r\u00e1pida de 5-15 dias (dependendo da complexidade do processo);<\/li>\n<li><strong>Log\u00edstica global<\/strong>: Fornecer transporte mar\u00edtimo, transporte a\u00e9reo e entrega em viaturas especiais, abrangendo o com\u00e9rcio eletr\u00f3nico transfronteiri\u00e7o, balc\u00f5es offline e outros cen\u00e1rios.<\/li>\n<li><strong>Garantia de certifica\u00e7\u00e3o de qualidade<\/strong>: Passar o sistema de gest\u00e3o da qualidade ISO e a certifica\u00e7\u00e3o de prote\u00e7\u00e3o ambiental para garantir que os produtos cumprem as normas internacionais de exporta\u00e7\u00e3o e apoiar a emiss\u00e3o de facturas de imposto sobre o valor acrescentado.<\/li>\n<\/ul>\n<h2 id=\"-v-brand-value-added-services-to-help-break-through-the-market-\"><strong>5. Servi\u00e7os de valor acrescentado da marca para ajudar a penetrar no mercado<\/strong><\/h2>\n<ul>\n<li><strong>Posicionamento de diferencia\u00e7\u00e3o<\/strong>: Melhorar a qualidade dos produtos atrav\u00e9s de embalagens personalizadas para atrair grupos de consumidores que se concentram na prote\u00e7\u00e3o ambiental e na experi\u00eancia de alta qualidade;<\/li>\n<li><strong>Suporte de dados<\/strong>: Fornecer an\u00e1lise das tend\u00eancias do mercado de embalagens e refer\u00eancia de casos de produtos concorrentes para ajudar as marcas a posicionarem-se com precis\u00e3o.<\/li>\n<\/ul>","protected":false},"excerpt":{"rendered":"<p>\u2705\u00a0<strong>16 anos de acumula\u00e7\u00e3o no sector<\/strong>: Mais de 3.000 marcas de perfumes, beleza, artigos de luxo e outros sectores;<br \/>\n\u2705\u00a0<strong>Solu\u00e7\u00e3o de otimiza\u00e7\u00e3o de custos<\/strong>: Aquisi\u00e7\u00e3o em grande escala e cadeia de produ\u00e7\u00e3o eficiente para reduzir os custos unit\u00e1rios;<br \/>\n\u2705\u00a0<strong>Compromisso p\u00f3s-venda sem preocupa\u00e7\u00f5es<\/strong>: Reposi\u00e7\u00e3o gratuita ou retrabalho para perdas causadas por problemas de qualidade.<\/p>","protected":false},"featured_media":10040,"template":"","meta":[],"product_brand":[],"product_cat":[30,417,425,31],"product_tag":[764,912,540,1058],"class_list":{"0":"post-10033","1":"product","2":"type-product","3":"status-publish","4":"has-post-thumbnail","6":"product_cat-by-industry","7":"product_cat-custom-perfume-boxes-by-industry","8":"product_cat-lid-and-base-gift-box","9":"product_cat-paper-box-style","10":"product_tag-custom-perfume-gift-boxes","11":"product_tag-fragrance-box","12":"product_tag-perfume-boxes-wholesale","13":"product_tag-perfume-packaging","15":"first","16":"instock","17":"shipping-taxable","18":"product-type-grouped"},"_links":{"self":[{"href":"https:\/\/zojopackaging.com\/pt\/wp-json\/wp\/v2\/product\/10033","targetHints":{"allow":["GET"]}}],"collection":[{"href":"https:\/\/zojopackaging.com\/pt\/wp-json\/wp\/v2\/product"}],"about":[{"href":"https:\/\/zojopackaging.com\/pt\/wp-json\/wp\/v2\/types\/product"}],"version-history":[{"count":1,"href":"https:\/\/zojopackaging.com\/pt\/wp-json\/wp\/v2\/product\/10033\/revisions"}],"predecessor-version":[{"id":10042,"href":"https:\/\/zojopackaging.com\/pt\/wp-json\/wp\/v2\/product\/10033\/revisions\/10042"}],"wp:featuredmedia":[{"embeddable":true,"href":"https:\/\/zojopackaging.com\/pt\/wp-json\/wp\/v2\/media\/10040"}],"wp:attachment":[{"href":"https:\/\/zojopackaging.com\/pt\/wp-json\/wp\/v2\/media?parent=10033"}],"wp:term":[{"taxonomy":"product_brand","embeddable":true,"href":"https:\/\/zojopackaging.com\/pt\/wp-json\/wp\/v2\/product_brand?post=10033"},{"taxonomy":"product_cat","embeddable":true,"href":"https:\/\/zojopackaging.com\/pt\/wp-json\/wp\/v2\/product_cat?post=10033"},{"taxonomy":"product_tag","embeddable":true,"href":"https:\/\/zojopackaging.com\/pt\/wp-json\/wp\/v2\/product_tag?post=10033"}],"curies":[{"name":"wp","href":"https:\/\/api.w.org\/{rel}","templated":true}]}}