{"id":10041,"date":"2025-04-04T15:22:19","date_gmt":"2025-04-04T07:22:19","guid":{"rendered":"https:\/\/zojopackaging.com\/?post_type=product&#038;p=10041"},"modified":"2025-04-04T16:26:09","modified_gmt":"2025-04-04T08:26:09","slug":"custom-hand-cream-boxes-packaging-folding-carton-supplier","status":"publish","type":"product","link":"https:\/\/zojopackaging.com\/pt\/product\/custom-hand-cream-boxes-packaging-folding-carton-supplier\/","title":{"rendered":"Caixas de creme para as m\u00e3os personalizadas Fornecedor de embalagens de cart\u00e3o dobr\u00e1vel"},"content":{"rendered":"<h3 id=\"-1-structural-innovation-visual-revolution-of-double-insert-box-with-window-\"><strong>1. Inova\u00e7\u00e3o estrutural: revolu\u00e7\u00e3o visual da caixa de dupla inser\u00e7\u00e3o com janela<\/strong><\/h3>\n<p>Adotar\u00a0<strong>caixa de dupla entrada + design de liga\u00e7\u00e3o de janela<\/strong>A estrutura de dobragem precisa permite uma abertura e um fecho r\u00e1pidos em 0,5 segundos e a \u00e1rea da janela \u00e9 de 30%-50%, pelo que os consumidores podem apreciar diretamente a textura e a cor do produto<\/p>\n<h3 id=\"-2-color-psychology-romantic-expression-of-gentle-purple-\"><strong>2. Psicologia da cor: express\u00e3o rom\u00e2ntica do roxo suave<\/strong><\/h3>\n<p>-\u00a0<strong>Sele\u00e7\u00e3o de cores<\/strong>: A cor principal adopta\u00a0<strong>Pantone 18-3838 TCX (p\u00farpura lavanda)<\/strong>e corresponde\u00a0<strong>15-3717 TCX (branco p\u00e9rola)<\/strong>\u00a0para formar um contraste visual, e consegue uma transi\u00e7\u00e3o de gradiente de 0,1 mm atrav\u00e9s de uma impress\u00e3o de alta precis\u00e3o de 1200 dpi;<\/p>\n<p>-\u00a0<strong>Conhecimento do consumidor<\/strong>: A cor p\u00farpura transmite eleg\u00e2ncia e cura, o que vai ao encontro das expectativas das consumidoras de cuidados rom\u00e2nticos e requintados (consultar o \"Relat\u00f3rio de Tend\u00eancias de Consumo de Beleza 2024\");<\/p>\n<p>-\u00a0<strong>Hierarquia visual<\/strong>: O rebordo da janela adopta\u00a0<strong>Grava\u00e7\u00e3o UV em relevo + grava\u00e7\u00e3o a laser<\/strong>\u00a0para melhorar o sentido de topo de gama do produto e o reconhecimento da marca.<\/p>\n<h3 id=\"-3-process-empowerment-the-artistic-fusion-of-spot-color-printing-and-surface-treatment-\"><strong>3. Capacita\u00e7\u00e3o do processo: a fus\u00e3o art\u00edstica da impress\u00e3o a cores diretas e do tratamento de superf\u00edcie<\/strong><\/h3>\n<p>-\u00a0<strong>Impress\u00e3o em cores diretas<\/strong>: Adote a impressora de seis cores Heidelberg, diferen\u00e7a de cor \u0394E\u22641.2, suporte a sobreimpress\u00e3o de cores especiais Pantone, satura\u00e7\u00e3o de cor aumentada em 40%;<\/p>\n<p>-\u00a0<strong>Tratamento de superf\u00edcie<\/strong>: -\u00a0<strong>Processo de estampagem a quente<\/strong>: Cart\u00e3o de cor personalizada em ouro rosa\/ouro champanhe, o brilho do metal atinge 90GU, a resist\u00eancia ao desgaste passa no teste ISO 2838; -\u00a0<strong>Grava\u00e7\u00e3o em relevo<\/strong>: Grava\u00e7\u00e3o de flores tridimensionais de 0,3 mm, clareza t\u00e1til aumentada em 50%, o desempenho anti-falsifica\u00e7\u00e3o atinge as normas de certifica\u00e7\u00e3o internacionais;<\/p>\n<p>-\u00a0<strong>Sele\u00e7\u00e3o de materiais<\/strong>: 350g de cart\u00e3o de p\u00f3 \u00fanico de alto peso, rugosidade da superf\u00edcie Ra\u22641,2\u03bcm, adaptabilidade de impress\u00e3o aumentada por 30%.<\/p>\n<h3 id=\"-4-logistics-optimization-cost-reduction-and-efficiency-improvement-through-flat-design-\"><strong>4. Otimiza\u00e7\u00e3o log\u00edstica: Redu\u00e7\u00e3o de custos e melhoria da efici\u00eancia atrav\u00e9s da conce\u00e7\u00e3o plana<\/strong><\/h3>\n<p>-\u00a0<strong>Utiliza\u00e7\u00e3o do espa\u00e7o<\/strong>: O design plano aumenta a efici\u00eancia de carregamento em 70% e reduz os custos de transporte em 25%;<\/p>\n<p>-\u00a0<strong>Certifica\u00e7\u00e3o ambiental<\/strong>: Todos os materiais s\u00e3o certificados pelo FSC e cumprem os regulamentos REACH da UE;<\/p>\n<p>-\u00a0<strong>Embalagem inteligente<\/strong>: Com a ado\u00e7\u00e3o de um revestimento dobr\u00e1vel, o volume da caixa vazia \u00e9 reduzido em 60%, o que ajuda a atingir o objetivo de neutralidade de carbono (consultar o relat\u00f3rio de avalia\u00e7\u00e3o do ciclo de vida).<\/p>\n<h3 id=\"-5-functional-design-refined-solution-for-lining-system-\"><strong>5. Conce\u00e7\u00e3o funcional: Solu\u00e7\u00e3o aperfei\u00e7oada para o sistema de revestimento<\/strong><\/h3>\n<p>-\u00a0<strong>Estrutura interior do cart\u00e3o personaliz\u00e1vel<\/strong>: -\u00a0<strong>Forro de papel<\/strong>: Cart\u00e3o cinzento certificado pelo FSC + forro de flocagem, parece seda, pode fixar 3-6 cremes para as m\u00e3os;<\/p>\n<p>-\u00a0<strong>Cart\u00e3o interior do blister<\/strong>: Material PET de qualidade alimentar, suporta a apresenta\u00e7\u00e3o em camadas de conjuntos e melhora o desempenho \u00e0 prova de choque em 80%;<\/p>\n<p>-\u00a0<strong>Adapta\u00e7\u00e3o de cenas<\/strong>: Caixas de oferta personaliz\u00e1veis para as festas (por exemplo, em forma de floco de neve de Natal), conjuntos de viagem (arruma\u00e7\u00e3o dividida) e outras solu\u00e7\u00f5es de cenas segmentadas.<\/p>\n<h3 id=\"-6-smart-manufacturing-foundation-16-years-of-industry-experience-\"><strong>6. Base de fabrico inteligente: 16 anos de experi\u00eancia no sector<\/strong><\/h3>\n<p>-\u00a0<strong>Matriz de equipamento<\/strong>: Equipado com 5 linhas de produ\u00e7\u00e3o de caixas de cart\u00e3o totalmente automatizadas, equipadas com sistema de controlo Schneider PLC, produ\u00e7\u00e3o di\u00e1ria de 100.000 pe\u00e7as, taxa de erro &lt;0,1%;<\/p>\n<p>-\u00a0<strong>Sistema de controlo da qualidade<\/strong>: Aprovado na certifica\u00e7\u00e3o ISO 9001\/BSCI, cada lote de produtos \u00e9 submetido a 12 inspec\u00e7\u00f5es de qualidade (testes de compress\u00e3o\/descarga\/resist\u00eancia da cor);<\/p>\n<p>-\u00a0<strong>Capacidade de produ\u00e7\u00e3o<\/strong>: Capacidade de produ\u00e7\u00e3o di\u00e1ria de 200.000 pe\u00e7as, suportando encomendas de 500 pe\u00e7as a produ\u00e7\u00e3o em massa ao n\u00edvel de um milh\u00e3o, e entrega de encomendas urgentes 24 horas por dia.<\/p>\n<h3 id=\"-7-design-empowerment-precise-transformation-from-demand-to-implementation-\"><strong>7. Capacita\u00e7\u00e3o para a conce\u00e7\u00e3o: transforma\u00e7\u00e3o precisa da procura para a implementa\u00e7\u00e3o<\/strong><\/h3>\n<p>Uma equipa especial de 8 designers com mais de 10 anos de experi\u00eancia oferece tr\u00eas grandes servi\u00e7os personalizados:<\/p>\n<p>-\u00a0<strong>Inova\u00e7\u00e3o estrutural<\/strong>: Desenvolver 12 tipos de caixas patenteadas (tais como camadas rotativas, fechos magn\u00e9ticos com palavra-passe), compat\u00edveis com a coloca\u00e7\u00e3o de produtos com formas especiais;<\/p>\n<p>-\u00a0<strong>Otimiza\u00e7\u00e3o interactiva<\/strong>: Incorporar o chip NFC (opcional), ler o c\u00f3digo para obter informa\u00e7\u00f5es sobre a rastreabilidade do produto e tutoriais de beleza;<\/p>\n<p>-\u00a0<strong>Itera\u00e7\u00e3o r\u00e1pida<\/strong>: Suporte para pr\u00e9-visualiza\u00e7\u00e3o em tempo real de modela\u00e7\u00e3o 3D e confirma\u00e7\u00e3o completa do plano de design no prazo de 8 horas.<\/p>","protected":false},"excerpt":{"rendered":"<p><strong>ZOJO Print | Especialista em caixas de cart\u00e3o dobr\u00e1veis para cremes para as m\u00e3os personalizadas - capacitando com design, interpretando a nova est\u00e9tica da beleza<\/strong><\/p>\n<p>Numa altura em que a concorr\u00eancia no mercado dos cremes para as m\u00e3os est\u00e1 a tornar-se cada vez mais feroz, a embalagem n\u00e3o \u00e9 apenas um recipiente para o produto, mas tamb\u00e9m um meio de liga\u00e7\u00e3o emocional entre as marcas e os consumidores. A ZOJO Print est\u00e1 profundamente envolvida no sector da embalagem h\u00e1 16 anos, concentrando-se em fornecer solu\u00e7\u00f5es de cart\u00e3o dobr\u00e1vel para cremes para as m\u00e3os e produtos de beleza que combinam funcionalidade, valor est\u00e9tico e competitividade comercial.<\/p>","protected":false},"featured_media":10059,"template":"","meta":[],"product_brand":[],"product_cat":[30,390,430,31],"product_tag":[817,1330,1331],"class_list":{"0":"post-10041","1":"product","2":"type-product","3":"status-publish","4":"has-post-thumbnail","6":"product_cat-by-industry","7":"product_cat-custom-cosmetics-boxes","8":"product_cat-folding-cartons","9":"product_cat-paper-box-style","10":"product_tag-custom-box","11":"product_tag-custom-hand-cream-boxes","12":"product_tag-packaging-folding-carton-supplier","14":"first","15":"instock","16":"shipping-taxable","17":"product-type-grouped"},"_links":{"self":[{"href":"https:\/\/zojopackaging.com\/pt\/wp-json\/wp\/v2\/product\/10041","targetHints":{"allow":["GET"]}}],"collection":[{"href":"https:\/\/zojopackaging.com\/pt\/wp-json\/wp\/v2\/product"}],"about":[{"href":"https:\/\/zojopackaging.com\/pt\/wp-json\/wp\/v2\/types\/product"}],"version-history":[{"count":1,"href":"https:\/\/zojopackaging.com\/pt\/wp-json\/wp\/v2\/product\/10041\/revisions"}],"predecessor-version":[{"id":10064,"href":"https:\/\/zojopackaging.com\/pt\/wp-json\/wp\/v2\/product\/10041\/revisions\/10064"}],"wp:featuredmedia":[{"embeddable":true,"href":"https:\/\/zojopackaging.com\/pt\/wp-json\/wp\/v2\/media\/10059"}],"wp:attachment":[{"href":"https:\/\/zojopackaging.com\/pt\/wp-json\/wp\/v2\/media?parent=10041"}],"wp:term":[{"taxonomy":"product_brand","embeddable":true,"href":"https:\/\/zojopackaging.com\/pt\/wp-json\/wp\/v2\/product_brand?post=10041"},{"taxonomy":"product_cat","embeddable":true,"href":"https:\/\/zojopackaging.com\/pt\/wp-json\/wp\/v2\/product_cat?post=10041"},{"taxonomy":"product_tag","embeddable":true,"href":"https:\/\/zojopackaging.com\/pt\/wp-json\/wp\/v2\/product_tag?post=10041"}],"curies":[{"name":"wp","href":"https:\/\/api.w.org\/{rel}","templated":true}]}}