{"id":10043,"date":"2025-04-04T15:25:32","date_gmt":"2025-04-04T07:25:32","guid":{"rendered":"https:\/\/zojopackaging.com\/?post_type=product&#038;p=10043"},"modified":"2025-04-04T15:34:29","modified_gmt":"2025-04-04T07:34:29","slug":"jade-roller-stone-mailing-face-roller-and-guasha-set-box","status":"publish","type":"product","link":"https:\/\/zojopackaging.com\/pt\/product\/jade-roller-stone-mailing-face-roller-and-guasha-set-box\/","title":{"rendered":"Caixa de envio de rolo de pedra de jade rolo facial e conjunto de guasha"},"content":{"rendered":"<h2 id=\"jade-roller-gua-sha-gift-box-product-description\">Caixa de envio de rolo de pedra de jade rolo facial e conjunto de guasha<\/h2>\n<h2 id=\"-1-environmentally-friendly-materials-and-high-end-craftsmanship-\"><strong>1. Materiais amigos do ambiente e fabrico artesanal de alta qualidade<\/strong><\/h2>\n<p>Esta caixa de oferta extra\u00edvel \u00e9 feita de\u00a0<strong>Papel revestido de 157 g<\/strong>\u00a0e\u00a0<strong>Cart\u00e3o cinzento branco de 1200 g com uma face<\/strong>que \u00e9 simultaneamente amigo do ambiente e bonito. A superf\u00edcie do papel revestido \u00e9 lisa e delicada, adequada para impress\u00e3o de alta precis\u00e3o e, com a estrutura r\u00edgida do cart\u00e3o cinzento, pode proteger eficazmente os produtos internos contra danos de transporte. O corpo da caixa suporta\u00a0<strong>grava\u00e7\u00e3o em relevo, grava\u00e7\u00e3o em relevo, estampagem a quente, revestimento UV<\/strong>\u00a0e outros processos de transforma\u00e7\u00e3o. Por exemplo, a estampagem a quente pode acrescentar uma textura met\u00e1lica e um efeito tridimensional ao log\u00f3tipo da marca, e o revestimento UV pode melhorar a resist\u00eancia ao desgaste e o brilho.<\/p>\n<h2 id=\"-2-simple-design-and-blank-art-\"><strong>2. Design simples e arte em branco<\/strong><\/h2>\n<p>O forro da caixa de presente \u00e9 feito de\u00a0<strong>material ecol\u00f3gico branco puro<\/strong>que ecoa o tom de cor simples do exterior, e transmite a conce\u00e7\u00e3o est\u00e9tica oriental atrav\u00e9s de\u00a0<strong>desenho de impress\u00e3o em branco<\/strong>. Este design n\u00e3o s\u00f3 real\u00e7a a textura nobre do jade natural do produto, como tamb\u00e9m cria uma experi\u00eancia imersiva de desembalagem para os consumidores, estimulando a resson\u00e2ncia emocional com a cultura da marca.<\/p>\n<h2 id=\"-3-deep-customization-and-brand-empowerment-\"><strong>3. Personaliza\u00e7\u00e3o profunda e capacita\u00e7\u00e3o da marca<\/strong><\/h2>\n<p>Suporta a personaliza\u00e7\u00e3o de todo o processo:<\/p>\n<ul>\n<li><strong>Conce\u00e7\u00e3o visual<\/strong>: Imagens, texto e cores da marca personaliz\u00e1veis para se adequarem a diferentes posicionamentos de mercado (como simplicidade moderna ou eleg\u00e2ncia ao estilo chin\u00eas).<\/li>\n<li><strong>Expans\u00e3o da fun\u00e7\u00e3o<\/strong>: Fornecer\u00a0<strong>v\u00e1rias especifica\u00e7\u00f5es e tamanhos<\/strong>\u00a0(como o conjunto rolo + t\u00e1bua de raspar ou combina\u00e7\u00e3o com garrafa de rolo) para satisfazer as necessidades de ferramentas de beleza, presentes de neg\u00f3cios, presentes de f\u00e9rias e outros cen\u00e1rios.<\/li>\n<li><strong>Combina\u00e7\u00e3o de artesanato<\/strong>: Por exemplo, o log\u00f3tipo de estampagem a quente \u00e9 combinado com a textura de jade em relevo para refor\u00e7ar a relev\u00e2ncia do produto com materiais naturais.<\/li>\n<\/ul>\n<h2 id=\"-4-high-end-retail-experience-\"><strong>4. Experi\u00eancia de retalho topo de gama<\/strong><\/h2>\n<p>O design da abertura da caixa extra\u00edvel confere ao produto uma\u00a0<strong>sentido de ritual e dignidade<\/strong>que satisfaz as necessidades de embalagem de bens de luxo, com\u00e9rcio eletr\u00f3nico de alta gama e servi\u00e7os de assinatura. O rolo de jade, a t\u00e1bua de raspar e o manual de instru\u00e7\u00f5es podem ser apresentados em camadas na caixa, com fitas ou cart\u00f5es personalizados para aumentar a surpresa dos clientes quando abrem a caixa.<\/p>\n<h2 id=\"-5-production-strength-and-quality-assurance-\"><strong>5. For\u00e7a de produ\u00e7\u00e3o e garantia de qualidade<\/strong><\/h2>\n<p>Confiar em\u00a0<strong>5320 metros quadrados de oficina moderna<\/strong>\u00a0e um sistema de qualidade rigoroso, asseguram a execu\u00e7\u00e3o exacta de cada liga\u00e7\u00e3o:<\/p>\n<ul>\n<li><strong>Controlo das mat\u00e9rias-primas<\/strong>: Selecionar papel ecol\u00f3gico certificado pelo FSC, em conformidade com as normas de exporta\u00e7\u00e3o transfronteiri\u00e7as.<\/li>\n<li><strong>Norma de processo<\/strong>: Passar a certifica\u00e7\u00e3o de gest\u00e3o da qualidade ISO9001 para garantir uma estampagem a quente, UV e outros processos sem falhas.<\/li>\n<li><strong>Efici\u00eancia de entrega<\/strong>: Apoio \u00e0 produ\u00e7\u00e3o experimental de pequenos lotes e personaliza\u00e7\u00e3o de grandes lotes, entrega r\u00e1pida de 7-15 dias, cobrindo as necessidades log\u00edsticas globais.<\/li>\n<\/ul>\n<h2 id=\"-6-application-scenarios-and-market-adaptability-\"><strong>6. Cen\u00e1rios de aplica\u00e7\u00e3o e adaptabilidade ao mercado<\/strong><\/h2>\n<ul>\n<li><strong>Ind\u00fastria da beleza<\/strong>: Como um conjunto de ferramentas de beleza em jade natural, destaca pontos de venda como \"O cristal em p\u00f3 promove a circula\u00e7\u00e3o sangu\u00ednea\" e \"Desintoxica\u00e7\u00e3o e beleza da raspagem\".<\/li>\n<li><strong>Mercado das prendas<\/strong>: Adequado para festivais, neg\u00f3cios e presentes de bem-estar, e pode personalizar log\u00f3tipos e b\u00ean\u00e7\u00e3os de empresas.<\/li>\n<li><strong>Com\u00e9rcio eletr\u00f3nico transfronteiri\u00e7o<\/strong>: Satisfazer as exig\u00eancias da Amazon, das esta\u00e7\u00f5es independentes e de outras plataformas em termos de beleza e praticidade da embalagem.<\/li>\n<\/ul>\n<h2 id=\"-7-service-commitment-\"><strong>7. Compromisso de servi\u00e7o<\/strong><\/h2>\n<p>Desde a conce\u00e7\u00e3o at\u00e9 \u00e0 entrega, fornecemos solu\u00e7\u00f5es completas:<\/p>\n<ul>\n<li><strong>Prova gratuita<\/strong>: As amostras f\u00edsicas ser\u00e3o fornecidas no prazo de 3-5 dias \u00fateis e a produ\u00e7\u00e3o ser\u00e1 iniciada ap\u00f3s a confirma\u00e7\u00e3o dos pormenores.<\/li>\n<li><strong>Log\u00edstica global<\/strong>: Apoio a v\u00e1rios canais, como a DHL e o transporte mar\u00edtimo, e fornecimento de documentos de declara\u00e7\u00e3o aduaneira de exporta\u00e7\u00e3o.<\/li>\n<li><strong>Apoio p\u00f3s-venda<\/strong>: Refazer ou reembolsar incondicionalmente os problemas de qualidade para proteger os direitos do cliente.<\/li>\n<\/ul>\n<p><strong>Contactar-nos<\/strong>: Obtenha imediatamente solu\u00e7\u00f5es de embalagem exclusivas, para que as suas ferramentas de beleza jade possam chegar aos consumidores globais de uma forma impressionante!<\/p>","protected":false},"excerpt":{"rendered":"<ul>\n<li><strong>Capacita\u00e7\u00e3o cultural<\/strong>: Incorporar elementos culturais tradicionais como \"Jade Beauty\" e \"Chinese Medicine Gua Sha\" para melhorar a hist\u00f3ria do produto.<\/li>\n<li><strong>Otimiza\u00e7\u00e3o de custos<\/strong>: Grande quantidade e bom pre\u00e7o, quantidade m\u00ednima de encomenda t\u00e3o baixa como 500 conjuntos, apoio \u00e0 personaliza\u00e7\u00e3o de lotes mistos.<\/li>\n<li><strong>Sustentabilidade<\/strong>: Utilizar materiais degrad\u00e1veis para responder \u00e0 tend\u00eancia de prote\u00e7\u00e3o ambiental dos mercados europeu e americano.<\/li>\n<\/ul>","protected":false},"featured_media":10047,"template":"","meta":[],"product_brand":[],"product_cat":[30,390,31,426],"product_tag":[1327,1328,1329],"class_list":{"0":"post-10043","1":"product","2":"type-product","3":"status-publish","4":"has-post-thumbnail","6":"product_cat-by-industry","7":"product_cat-custom-cosmetics-boxes","8":"product_cat-paper-box-style","9":"product_cat-paper-drawer-boxes","10":"product_tag-jade-roller-set-box","11":"product_tag-jade-stone-roller-box","12":"product_tag-roller-and-guasha-set-box","14":"first","15":"instock","16":"shipping-taxable","17":"product-type-grouped"},"_links":{"self":[{"href":"https:\/\/zojopackaging.com\/pt\/wp-json\/wp\/v2\/product\/10043","targetHints":{"allow":["GET"]}}],"collection":[{"href":"https:\/\/zojopackaging.com\/pt\/wp-json\/wp\/v2\/product"}],"about":[{"href":"https:\/\/zojopackaging.com\/pt\/wp-json\/wp\/v2\/types\/product"}],"version-history":[{"count":1,"href":"https:\/\/zojopackaging.com\/pt\/wp-json\/wp\/v2\/product\/10043\/revisions"}],"predecessor-version":[{"id":10050,"href":"https:\/\/zojopackaging.com\/pt\/wp-json\/wp\/v2\/product\/10043\/revisions\/10050"}],"wp:featuredmedia":[{"embeddable":true,"href":"https:\/\/zojopackaging.com\/pt\/wp-json\/wp\/v2\/media\/10047"}],"wp:attachment":[{"href":"https:\/\/zojopackaging.com\/pt\/wp-json\/wp\/v2\/media?parent=10043"}],"wp:term":[{"taxonomy":"product_brand","embeddable":true,"href":"https:\/\/zojopackaging.com\/pt\/wp-json\/wp\/v2\/product_brand?post=10043"},{"taxonomy":"product_cat","embeddable":true,"href":"https:\/\/zojopackaging.com\/pt\/wp-json\/wp\/v2\/product_cat?post=10043"},{"taxonomy":"product_tag","embeddable":true,"href":"https:\/\/zojopackaging.com\/pt\/wp-json\/wp\/v2\/product_tag?post=10043"}],"curies":[{"name":"wp","href":"https:\/\/api.w.org\/{rel}","templated":true}]}}