{"id":10051,"date":"2025-04-04T15:34:43","date_gmt":"2025-04-04T07:34:43","guid":{"rendered":"https:\/\/zojopackaging.com\/?post_type=product&#038;p=10051"},"modified":"2025-04-04T16:01:30","modified_gmt":"2025-04-04T08:01:30","slug":"rainbow-a5-deep-holographic-magnetic-collapsible-shiny-box","status":"publish","type":"product","link":"https:\/\/zojopackaging.com\/pt\/product\/rainbow-a5-deep-holographic-magnetic-collapsible-shiny-box\/","title":{"rendered":"Caixa brilhante magn\u00e9tica desmont\u00e1vel e dobr\u00e1vel Rainbow A5 Deep Holographic"},"content":{"rendered":"<h2 id=\"-1-minimalist-dynamic-aesthetics-visual-narrative-of-holographic-iridescent-purple-\"><strong>1. Est\u00e9tica din\u00e2mica minimalista: narrativa visual do roxo hologr\u00e1fico iridescente<\/strong><\/h2>\n<p>Com base em\u00a0<strong>tecnologia de revestimento de n\u00edvel nano<\/strong>, o\u00a0<strong>revestimento de interfer\u00eancia multicamada<\/strong>\u00a0comprime o espetro de cores do arco-\u00edris para formar um tom principal \u00fanico de \"p\u00farpura iridescente\". Quando a luz incide, a superf\u00edcie apresenta um brilho hologr\u00e1fico din\u00e2mico que muda gradualmente de p\u00farpura escuro para verde-azulado, simulando o efeito de fluxo da aurora. O corpo da caixa adopta\u00a0<strong>tecnologia de estampagem a frio por laser<\/strong>O seu design \u00e9 uma das carater\u00edsticas mais importantes da marca, integrando texturas de micro-escultura em linhas minimalistas. Quando est\u00e1tica, \u00e9 t\u00e3o profunda como a ametista e, sob luz e sombra din\u00e2micas, mostra uma aur\u00e9ola de v\u00e1rios n\u00edveis, que se adequa ao mist\u00e9rio e \u00e0 express\u00e3o interactiva das marcas topo de gama.<\/p>\n<h2 id=\"-2-highly-customized-full-dimensional-adaptation-solution-\"><strong>2. Altamente personalizada: solu\u00e7\u00e3o de adapta\u00e7\u00e3o integral<\/strong><\/h2>\n<ul>\n<li><strong>Tipo e tamanho da caixa<\/strong>: Suporta o tamanho padr\u00e3o A5 (148\u00d7210mm) e personaliza\u00e7\u00e3o n\u00e3o padr\u00e3o, espessura ajust\u00e1vel de 0,5-5mm;<\/li>\n<li><strong>Sele\u00e7\u00e3o de materiais<\/strong>: Fornecer BOPET (amigo do ambiente e recicl\u00e1vel), PVC mate\/brilhante, pel\u00edcula composta de metal e outras op\u00e7\u00f5es;<\/li>\n<li><strong>Tecnologia de superf\u00edcie<\/strong>: Compat\u00edvel com estampagem a quente hologr\u00e1fica, estampagem de pel\u00edcula em nuvem 3D, codifica\u00e7\u00e3o laser anti-contrafa\u00e7\u00e3o, etc., por exemplo, pode integrar a mesma\u00a0<strong>tecnologia de gravura de microtexto<\/strong>\u00a0de Moutai para refor\u00e7ar a luta contra a contrafa\u00e7\u00e3o;<\/li>\n<li><strong>Sistema de cores<\/strong>: Para al\u00e9m do ultravioleta iridescente, suporta a correspond\u00eancia de cores diretas Pantone e consegue uma textura met\u00e1lica ou um efeito de gradiente atrav\u00e9s de\u00a0<strong>revestimento por pulveriza\u00e7\u00e3o cat\u00f3dica de magnetr\u00f5es<\/strong>.<\/li>\n<\/ul>\n<h2 id=\"-3-smart-manufacturing-service-16-years-of-one-stop-solution-\"><strong>3. Servi\u00e7o de fabrico inteligente: 16 anos de solu\u00e7\u00e3o \u00fanica<\/strong><\/h2>\n<p>Confiar em\u00a0<strong>16 anos de experi\u00eancia em personaliza\u00e7\u00e3o de embalagens<\/strong>A nossa empresa fornece servi\u00e7os de processo completo, desde a conce\u00e7\u00e3o at\u00e9 \u00e0 entrega da produ\u00e7\u00e3o em massa:<\/p>\n<ul>\n<li><strong>Apoio \u00e0 conce\u00e7\u00e3o<\/strong>: Combinando modela\u00e7\u00e3o de IA e prova manual, produzimos renderiza\u00e7\u00f5es 3D e caixas de amostras f\u00edsicas no prazo de 72 horas;<\/li>\n<li><strong>Garantia de produ\u00e7\u00e3o<\/strong>: Adoptando uma m\u00e1quina de corte e vinco totalmente autom\u00e1tica e uma linha de montagem de posicionamento magn\u00e9tico, a precis\u00e3o atinge \u00b10,1mm;<\/li>\n<li><strong>Otimiza\u00e7\u00e3o log\u00edstica<\/strong>: A solu\u00e7\u00e3o de embalagem dobr\u00e1vel aumenta a capacidade de transporte de um \u00fanico ve\u00edculo em 300%.<\/li>\n<\/ul>\n<h2 id=\"-technical-parameters-\"><strong>Par\u00e2metros t\u00e9cnicos<\/strong><\/h2>\n<table>\n<thead>\n<tr>\n<th>Projeto<\/th>\n<th>Par\u00e2metros<\/th>\n<\/tr>\n<\/thead>\n<tbody>\n<tr>\n<td>For\u00e7a magn\u00e9tica<\/td>\n<td>3-5N (8N de grau militar personaliz\u00e1vel)<\/td>\n<\/tr>\n<tr>\n<td>Dobrar a vida<\/td>\n<td>\u2265200 vezes (ensaio ASTM D4169)<\/td>\n<\/tr>\n<tr>\n<td>Certifica\u00e7\u00e3o ambiental<\/td>\n<td>Certifica\u00e7\u00e3o RoHS\/REACH\/FSC<\/td>\n<\/tr>\n<\/tbody>\n<\/table>\n<p>Esta caixa de embalagem redefine a forma e os limites funcionais das embalagens topo de gama com o conceito de\u00a0<strong>a tecnologia ao servi\u00e7o da est\u00e9tica<\/strong>. N\u00e3o se trata apenas de um contentor de produtos, mas tamb\u00e9m de um suporte art\u00edstico da narrativa da marca.<\/p>","protected":false},"excerpt":{"rendered":"<p>1. Esta caixa de embalagem est\u00e1 centrada numa est\u00e9tica minimalista, apresentando uma narrativa visual do recipiente de brilho arco-\u00edris de est\u00e1tico a din\u00e2mico, de simples a interativo<br \/>\n2. O espetro de cores do arco-\u00edris \u00e9 comprimido no tom p\u00farpura principal atrav\u00e9s da tecnologia de revestimento de n\u00edvel nano, formando um fen\u00f3meno \u00fanico de \"p\u00farpura \u00edris\", que \u00e9 muito adequado para caixas de embalagem de produtos topo de gama<br \/>\n3. O tipo de caixa, tamanho, cor, material e impress\u00e3o de superf\u00edcie podem ser altamente personalizados para se adequarem \u00e0 sua embalagem brilhante dobr\u00e1vel magn\u00e9tica hologr\u00e1fica profunda A5 arco-\u00edris<br \/>\n4. 16 anos de servi\u00e7o de personaliza\u00e7\u00e3o de embalagens, especializado em design e opera\u00e7\u00e3o de produ\u00e7\u00e3o, desde o design \u00e0 produ\u00e7\u00e3o e ao transporte, o servi\u00e7o de balc\u00e3o \u00fanico \u00e9 tudo feito!<\/p>","protected":false},"featured_media":10053,"template":"","meta":[],"product_brand":[],"product_cat":[30,390,31,426],"product_tag":[1327,1328,1329],"class_list":{"0":"post-10051","1":"product","2":"type-product","3":"status-publish","4":"has-post-thumbnail","6":"product_cat-by-industry","7":"product_cat-custom-cosmetics-boxes","8":"product_cat-paper-box-style","9":"product_cat-paper-drawer-boxes","10":"product_tag-jade-roller-set-box","11":"product_tag-jade-stone-roller-box","12":"product_tag-roller-and-guasha-set-box","14":"first","15":"instock","16":"shipping-taxable","17":"product-type-grouped"},"_links":{"self":[{"href":"https:\/\/zojopackaging.com\/pt\/wp-json\/wp\/v2\/product\/10051","targetHints":{"allow":["GET"]}}],"collection":[{"href":"https:\/\/zojopackaging.com\/pt\/wp-json\/wp\/v2\/product"}],"about":[{"href":"https:\/\/zojopackaging.com\/pt\/wp-json\/wp\/v2\/types\/product"}],"version-history":[{"count":1,"href":"https:\/\/zojopackaging.com\/pt\/wp-json\/wp\/v2\/product\/10051\/revisions"}],"predecessor-version":[{"id":10065,"href":"https:\/\/zojopackaging.com\/pt\/wp-json\/wp\/v2\/product\/10051\/revisions\/10065"}],"wp:featuredmedia":[{"embeddable":true,"href":"https:\/\/zojopackaging.com\/pt\/wp-json\/wp\/v2\/media\/10053"}],"wp:attachment":[{"href":"https:\/\/zojopackaging.com\/pt\/wp-json\/wp\/v2\/media?parent=10051"}],"wp:term":[{"taxonomy":"product_brand","embeddable":true,"href":"https:\/\/zojopackaging.com\/pt\/wp-json\/wp\/v2\/product_brand?post=10051"},{"taxonomy":"product_cat","embeddable":true,"href":"https:\/\/zojopackaging.com\/pt\/wp-json\/wp\/v2\/product_cat?post=10051"},{"taxonomy":"product_tag","embeddable":true,"href":"https:\/\/zojopackaging.com\/pt\/wp-json\/wp\/v2\/product_tag?post=10051"}],"curies":[{"name":"wp","href":"https:\/\/api.w.org\/{rel}","templated":true}]}}