{"id":10066,"date":"2025-04-04T16:02:38","date_gmt":"2025-04-04T08:02:38","guid":{"rendered":"https:\/\/zojopackaging.com\/?post_type=product&#038;p=10066"},"modified":"2025-04-04T16:47:10","modified_gmt":"2025-04-04T08:47:10","slug":"custom-perfume-packaging-kraft-paper-tubes-boxes-wholesale","status":"publish","type":"product","link":"https:\/\/zojopackaging.com\/pt\/product\/custom-perfume-packaging-kraft-paper-tubes-boxes-wholesale\/","title":{"rendered":"Embalagem de perfume personalizada Caixas de papel kraft por atacado"},"content":{"rendered":"<h2 id=\"-customized-perfume-packaging-kraft-paper-tube-box-wholesale-products-\"><strong>Caixa de tubo de papel kraft para embalagem de perfume personalizada Produtos por atacado<\/strong><\/h2>\n<h2 id=\"1-multi-functional-applicability-\">1.\u00a0<strong>Aplicabilidade multifuncional<\/strong><\/h2>\n<ul>\n<li>Adequado para perfumes, velas, gr\u00e3os de caf\u00e9, ch\u00e1, produtos de cuidados da pele e outras embalagens de produtos diversificados, o espa\u00e7o interno pode ser personalizado em profundidade e di\u00e2metro para se adaptar a diferentes tamanhos de produtos.<\/li>\n<\/ul>\n<h2 id=\"2-flexible-customization-service-\">2.\u00a0<strong>Servi\u00e7o de personaliza\u00e7\u00e3o flex\u00edvel<\/strong><\/h2>\n<ul>\n<li>Fornecer apoio total ao processo, desde a prova de uma \u00fanica pe\u00e7a at\u00e9 \u00e0 produ\u00e7\u00e3o em massa, sem limite de quantidade, para satisfazer as necessidades das marcas em fase de arranque at\u00e9 \u00e0s grandes empresas.<\/li>\n<li>Suporta a personaliza\u00e7\u00e3o de imagens, textos e cores, fornece uma pr\u00e9-visualiza\u00e7\u00e3o do design 3D e a confirma\u00e7\u00e3o de amostras f\u00edsicas para garantir que o produto final corresponde \u00e0s expectativas.<\/li>\n<\/ul>\n<h2 id=\"-production-process-and-quality-assurance-\"><strong>Processo de produ\u00e7\u00e3o e garantia de qualidade<\/strong><\/h2>\n<ul>\n<li><strong>Sistema de controlo de qualidade rigoroso<\/strong>: A f\u00e1brica possui uma oficina padronizada de 5.320 metros quadrados equipada com uma linha de produ\u00e7\u00e3o totalmente autom\u00e1tica. Desde a sele\u00e7\u00e3o do material at\u00e9 \u00e0 embalagem do produto acabado, passou a certifica\u00e7\u00e3o de qualidade ISO para garantir zero defeitos em cada liga\u00e7\u00e3o.<\/li>\n<li><strong>Servi\u00e7o de balc\u00e3o \u00fanico<\/strong>: A equipa com 16 anos de experi\u00eancia na ind\u00fastria fornece apoio total ao processo de conce\u00e7\u00e3o, produ\u00e7\u00e3o e log\u00edstica, resposta ao servi\u00e7o de apoio ao cliente 7\u00d724 horas e resolve v\u00e1rias necessidades, desde a otimiza\u00e7\u00e3o de desenhos ao acompanhamento do transporte.<\/li>\n<\/ul>\n<h2 id=\"-application-scenarios-\"><strong>Cen\u00e1rios de aplica\u00e7\u00e3o<\/strong><\/h2>\n<ul>\n<li><strong>Ofertas comerciais<\/strong>: caixas de oferta de perfumes topo de gama, conjuntos de fragr\u00e2ncias de edi\u00e7\u00e3o limitada.<\/li>\n<li><strong>Embalagem para venda a retalho<\/strong>: latas de ch\u00e1, caixas para guardar gr\u00e3os de caf\u00e9, recipientes para cuidados da pele.<\/li>\n<li><strong>Personaliza\u00e7\u00e3o da marca<\/strong>: brindes para eventos empresariais, embalagens de edi\u00e7\u00e3o limitada para f\u00e9rias.<\/li>\n<\/ul>\n<h2 id=\"-service-commitment-\"><strong>Compromisso de servi\u00e7o<\/strong><\/h2>\n<ul>\n<li><strong>Entrega r\u00e1pida<\/strong>A produ\u00e7\u00e3o em massa ser\u00e1 conclu\u00edda no prazo de 7-15 dias ap\u00f3s a confirma\u00e7\u00e3o da amostra, apoiando a log\u00edstica global (terra\/ar\/mar).<\/li>\n<li><strong>Garantia p\u00f3s-venda<\/strong>: servi\u00e7o de substitui\u00e7\u00e3o em caso de avaria e apoio de consultoria t\u00e9cnica ao longo da vida.<\/li>\n<\/ul>\n<p><strong>Contactar-nos<\/strong>\u00a0Comece j\u00e1 a conceber embalagens exclusivas e interprete o valor da marca com pormenores! Fornecemos servi\u00e7os gratuitos de consulta de design e de or\u00e7amento para ajudar os seus produtos a destacarem-se no mercado.<\/p>\n<blockquote><p><em>\"Desde a conce\u00e7\u00e3o at\u00e9 \u00e0 entrega, fazemos da embalagem a linguagem da marca.\"<\/em><\/p><\/blockquote>","protected":false},"excerpt":{"rendered":"<p>A nossa caixa tubular de papel kraft recicl\u00e1vel e amiga do ambiente foi concebida para produtos de perfumaria e fragr\u00e2ncias topo de gama, sendo tamb\u00e9m adequada para as necessidades de embalagem de uma variedade de produtos requintados, como velas, caf\u00e9 em gr\u00e3o, ch\u00e1, cosm\u00e9ticos, etc. \u00c9 feito de papel kraft castanho natural com uma superf\u00edcie lisa e delicada, que n\u00e3o s\u00f3 apresenta uma beleza natural e simples, mas tamb\u00e9m est\u00e1 em conformidade com o conceito moderno de prote\u00e7\u00e3o ambiental. O design cil\u00edndrico padr\u00e3o \u00e9 combinado com uma tampa de veda\u00e7\u00e3o da mesma cor, a borda de abertura \u00e9 plana e o espa\u00e7o interno \u00e9 espa\u00e7oso, o que pode acomodar uma variedade de especifica\u00e7\u00f5es de produtos, garantindo tanto a veda\u00e7\u00e3o quanto a est\u00e9tica.<\/p>","protected":false},"featured_media":10072,"template":"","meta":[],"product_brand":[],"product_cat":[30,417,31,429],"product_tag":[1334,1058,521],"class_list":{"0":"post-10066","1":"product","2":"type-product","3":"status-publish","4":"has-post-thumbnail","6":"product_cat-by-industry","7":"product_cat-custom-perfume-boxes-by-industry","8":"product_cat-paper-box-style","9":"product_cat-paper-tube-boxes","10":"product_tag-perfume-kraft-packaging","11":"product_tag-perfume-packaging","12":"product_tag-perfume-paper-tubes","14":"first","15":"instock","16":"shipping-taxable","17":"product-type-grouped"},"_links":{"self":[{"href":"https:\/\/zojopackaging.com\/pt\/wp-json\/wp\/v2\/product\/10066","targetHints":{"allow":["GET"]}}],"collection":[{"href":"https:\/\/zojopackaging.com\/pt\/wp-json\/wp\/v2\/product"}],"about":[{"href":"https:\/\/zojopackaging.com\/pt\/wp-json\/wp\/v2\/types\/product"}],"version-history":[{"count":1,"href":"https:\/\/zojopackaging.com\/pt\/wp-json\/wp\/v2\/product\/10066\/revisions"}],"predecessor-version":[{"id":10081,"href":"https:\/\/zojopackaging.com\/pt\/wp-json\/wp\/v2\/product\/10066\/revisions\/10081"}],"wp:featuredmedia":[{"embeddable":true,"href":"https:\/\/zojopackaging.com\/pt\/wp-json\/wp\/v2\/media\/10072"}],"wp:attachment":[{"href":"https:\/\/zojopackaging.com\/pt\/wp-json\/wp\/v2\/media?parent=10066"}],"wp:term":[{"taxonomy":"product_brand","embeddable":true,"href":"https:\/\/zojopackaging.com\/pt\/wp-json\/wp\/v2\/product_brand?post=10066"},{"taxonomy":"product_cat","embeddable":true,"href":"https:\/\/zojopackaging.com\/pt\/wp-json\/wp\/v2\/product_cat?post=10066"},{"taxonomy":"product_tag","embeddable":true,"href":"https:\/\/zojopackaging.com\/pt\/wp-json\/wp\/v2\/product_tag?post=10066"}],"curies":[{"name":"wp","href":"https:\/\/api.w.org\/{rel}","templated":true}]}}