{"id":10073,"date":"2025-04-04T16:21:22","date_gmt":"2025-04-04T08:21:22","guid":{"rendered":"https:\/\/zojopackaging.com\/?post_type=product&#038;p=10073"},"modified":"2025-04-04T16:25:35","modified_gmt":"2025-04-04T08:25:35","slug":"custom-cmyk-printing-folding-cardboard-box-paper-perfume-boxes","status":"publish","type":"product","link":"https:\/\/zojopackaging.com\/pt\/product\/custom-cmyk-printing-folding-cardboard-box-paper-perfume-boxes\/","title":{"rendered":"Impress\u00e3o CMYK personalizada Caixa de cart\u00e3o dobr\u00e1vel Caixas de perfume de papel"},"content":{"rendered":"<h3 id=\"-1-structural-innovation-visual-revolution-of-double-insert-box-\"><strong>1. Inova\u00e7\u00e3o estrutural: revolu\u00e7\u00e3o visual da caixa de dupla inser\u00e7\u00e3o<\/strong><\/h3>\n<p>A estrutura da caixa de dupla inser\u00e7\u00e3o \u00e9 robusta e pode proteger o produto. \u00c9 f\u00e1cil de abrir e fechar, e pode ser aberta e fechada rapidamente em 0,5 segundos. Esta estrutura pode espalhar o envio e poupar espa\u00e7o, especialmente face ao crescente frete log\u00edstico internacional, o que poupa muitos custos \u00e0s empresas<\/p>\n<h3 id=\"-2-color-psychology-advanced-expression-of-minimalist-design-\"><strong>2. Psicologia da cor: express\u00e3o avan\u00e7ada do design minimalista<\/strong><\/h3>\n<p><strong>Sele\u00e7\u00e3o de cores<\/strong>: A cor principal \u00e9 o branco p\u00e9rola, com o laranja vibrante como moldura e o padr\u00e3o de perfume no centro para formar um contraste visual e alcan\u00e7ar uma nitidez visual de n\u00edvel nano atrav\u00e9s de uma impress\u00e3o de alta precis\u00e3o de 1200 dpi<\/p>\n<h3 id=\"-3-process-empowerment-artistic-fusion-of-spot-color-printing-and-surface-treatment-\"><strong>3. Capacita\u00e7\u00e3o do processo: fus\u00e3o art\u00edstica de impress\u00e3o a cores diretas e tratamento de superf\u00edcie<\/strong><\/h3>\n<p>-\u00a0<strong>Impress\u00e3o em cores diretas<\/strong>: Utilizando a impressora de seis cores Heidelberg, diferen\u00e7a de cor \u0394E\u22641,2, suportando a sobreimpress\u00e3o de cores diretas Pantone, satura\u00e7\u00e3o de cor aumentada em 40%; -\u00a0<strong>Processo de estampagem a quente<\/strong>: Cart\u00e3o de cor personalizada em ouro rosa\/ouro champanhe, brilho met\u00e1lico at\u00e9 90GU, resist\u00eancia ao desgaste aprovada no teste ISO 2838; -\u00a0<strong>Grava\u00e7\u00e3o em relevo<\/strong>: Grava\u00e7\u00e3o de flores tridimensionais de 0,3 mm, clareza t\u00e1til aumentada em 50%, o desempenho anti-contrafa\u00e7\u00e3o atinge as normas de certifica\u00e7\u00e3o internacionais; -\u00a0<strong>Sele\u00e7\u00e3o de materiais<\/strong>: 350g de cart\u00e3o de p\u00f3 \u00fanico de alto peso, rugosidade da superf\u00edcie Ra\u22641,2\u03bcm, adaptabilidade de impress\u00e3o melhorada por 30%.<\/p>\n<h3 id=\"-4-logistics-optimization-cost-reduction-and-efficiency-improvement-through-flat-design-\"><strong>4. Otimiza\u00e7\u00e3o log\u00edstica: redu\u00e7\u00e3o de custos e melhoria da efici\u00eancia atrav\u00e9s da conce\u00e7\u00e3o de planos<\/strong><\/h3>\n<p>-\u00a0<strong>Utiliza\u00e7\u00e3o do espa\u00e7o<\/strong>: O design plano aumenta a efici\u00eancia de carregamento em 70% e reduz os custos de transporte em 25%; -\u00a0<strong>Certifica\u00e7\u00e3o ambiental<\/strong>: Todos os materiais s\u00e3o certificados pelo FSC e cumprem os regulamentos REACH da UE; -\u00a0<strong>Embalagem inteligente<\/strong>: O forro dobr\u00e1vel \u00e9 utilizado para reduzir o volume da caixa vazia em 60%, ajudando a atingir o objetivo de neutralidade de carbono.<\/p>\n<h3 id=\"-5-functional-design-refined-solution-for-lining-system-\"><strong>5. Conce\u00e7\u00e3o funcional: solu\u00e7\u00e3o aperfei\u00e7oada para o sistema de revestimento<\/strong><\/h3>\n<p><strong>Estrutura interna do cart\u00e3o<\/strong>: O papel ondulado ecol\u00f3gico ou o cart\u00e3o de p\u00f3 simples podem ser utilizados para obter fun\u00e7\u00f5es de fixa\u00e7\u00e3o e de prote\u00e7\u00e3o de tamp\u00f5es atrav\u00e9s de corte, dobragem, encurvadura, etc.<\/p>\n<h3 id=\"-6-smart-manufacturing-cornerstone-hard-core-support-of-16-years-of-industry-experience-\"><strong>6. Pedra angular do fabrico inteligente: apoio fundamental de 16 anos de experi\u00eancia no sector<\/strong><\/h3>\n<p>-\u00a0<strong>Matriz de equipamento<\/strong>: equipado com 5 linhas de produ\u00e7\u00e3o de caixas de cart\u00e3o totalmente automatizadas, equipadas com sistema de controlo Schneider PLC, produ\u00e7\u00e3o di\u00e1ria de 100 000 pe\u00e7as, taxa de erro &lt;0,1%; -\u00a0<strong>Sistema de controlo da qualidade<\/strong>: Aprova\u00e7\u00e3o da certifica\u00e7\u00e3o ISO 9001\/BSCI, cada lote de produtos \u00e9 submetido a 12 inspec\u00e7\u00f5es de qualidade (testes de compress\u00e3o\/descarga\/resist\u00eancia da cor); -\u00a0<strong>Capacidade de produ\u00e7\u00e3o<\/strong>A nossa empresa tem uma capacidade de produ\u00e7\u00e3o di\u00e1ria de 200 000 pe\u00e7as, suportando a produ\u00e7\u00e3o em massa de 500 pe\u00e7as a um milh\u00e3o de unidades, e as encomendas urgentes s\u00e3o entregues no prazo de 24 horas.<\/p>\n<h3 id=\"-7-design-empowerment-precise-transformation-from-demand-to-implementation-\"><strong>7. Capacita\u00e7\u00e3o para a conce\u00e7\u00e3o: transforma\u00e7\u00e3o precisa da procura para a implementa\u00e7\u00e3o<\/strong><\/h3>\n<p>Uma equipa especial de 3 designers com mais de 10 anos de experi\u00eancia oferece tr\u00eas grandes servi\u00e7os personalizados: -\u00a0<strong>Inova\u00e7\u00e3o estrutural<\/strong>: Desenvolver 12 tipos de caixas patenteadas (tais como camadas rotativas, fechos magn\u00e9ticos com palavra-passe), compat\u00edveis com a coloca\u00e7\u00e3o de produtos com formas especiais; -\u00a0<strong>Otimiza\u00e7\u00e3o interactiva<\/strong>: Incorporar o chip NFC (opcional), ler o c\u00f3digo para obter informa\u00e7\u00f5es sobre a rastreabilidade do produto e tutoriais de beleza; -\u00a0<strong>Itera\u00e7\u00e3o r\u00e1pida<\/strong>: Suporte para pr\u00e9-visualiza\u00e7\u00e3o em tempo real de modela\u00e7\u00e3o 3D e confirma\u00e7\u00e3o completa do plano de design no prazo de 8 horas.<\/p>","protected":false},"excerpt":{"rendered":"<p><strong>ZOJO Print | Especialista em caixas de papel para perfumes personalizadas - capacitando com design, interpretando a nova est\u00e9tica do perfume<\/strong><\/p>\n<p>Numa altura em que a concorr\u00eancia no mercado dos perfumes \u00e9 cada vez mais feroz, a embalagem n\u00e3o \u00e9 apenas um recipiente para o produto, mas tamb\u00e9m um meio de liga\u00e7\u00e3o emocional entre as marcas e os consumidores. A ZOJO Print est\u00e1 profundamente envolvida no sector da embalagem h\u00e1 16 anos, concentrando-se em fornecer solu\u00e7\u00f5es de caixas de papel para perfumes e produtos de beleza que combinam funcionalidade, valor est\u00e9tico e competitividade comercial.<\/p>","protected":false},"featured_media":10076,"template":"","meta":[],"product_brand":[],"product_cat":[30,417,430,31],"product_tag":[1333,1332,336],"class_list":{"0":"post-10073","1":"product","2":"type-product","3":"status-publish","4":"has-post-thumbnail","6":"product_cat-by-industry","7":"product_cat-custom-perfume-boxes-by-industry","8":"product_cat-folding-cartons","9":"product_cat-paper-box-style","10":"product_tag-cmyk-printing-folding-cardboard-box","11":"product_tag-custom-folding-cardboard-box","12":"product_tag-perfume-boxes","14":"first","15":"instock","16":"shipping-taxable","17":"product-type-grouped"},"_links":{"self":[{"href":"https:\/\/zojopackaging.com\/pt\/wp-json\/wp\/v2\/product\/10073","targetHints":{"allow":["GET"]}}],"collection":[{"href":"https:\/\/zojopackaging.com\/pt\/wp-json\/wp\/v2\/product"}],"about":[{"href":"https:\/\/zojopackaging.com\/pt\/wp-json\/wp\/v2\/types\/product"}],"version-history":[{"count":1,"href":"https:\/\/zojopackaging.com\/pt\/wp-json\/wp\/v2\/product\/10073\/revisions"}],"predecessor-version":[{"id":10080,"href":"https:\/\/zojopackaging.com\/pt\/wp-json\/wp\/v2\/product\/10073\/revisions\/10080"}],"wp:featuredmedia":[{"embeddable":true,"href":"https:\/\/zojopackaging.com\/pt\/wp-json\/wp\/v2\/media\/10076"}],"wp:attachment":[{"href":"https:\/\/zojopackaging.com\/pt\/wp-json\/wp\/v2\/media?parent=10073"}],"wp:term":[{"taxonomy":"product_brand","embeddable":true,"href":"https:\/\/zojopackaging.com\/pt\/wp-json\/wp\/v2\/product_brand?post=10073"},{"taxonomy":"product_cat","embeddable":true,"href":"https:\/\/zojopackaging.com\/pt\/wp-json\/wp\/v2\/product_cat?post=10073"},{"taxonomy":"product_tag","embeddable":true,"href":"https:\/\/zojopackaging.com\/pt\/wp-json\/wp\/v2\/product_tag?post=10073"}],"curies":[{"name":"wp","href":"https:\/\/api.w.org\/{rel}","templated":true}]}}