{"id":10082,"date":"2025-04-04T16:35:34","date_gmt":"2025-04-04T08:35:34","guid":{"rendered":"https:\/\/zojopackaging.com\/?post_type=product&#038;p=10082"},"modified":"2025-04-04T16:58:22","modified_gmt":"2025-04-04T08:58:22","slug":"premium-quality-high-quality-custom-soap-boxes-manufacturer","status":"publish","type":"product","link":"https:\/\/zojopackaging.com\/pt\/product\/premium-quality-high-quality-custom-soap-boxes-manufacturer\/","title":{"rendered":"Fabricante de caixas de sab\u00e3o personalizadas de alta qualidade e qualidade superior"},"content":{"rendered":"<h2 id=\"-high-quality-custom-soap-box-manufacturer-product-description-\"><strong>Descri\u00e7\u00e3o do produto do fabricante de caixas de sab\u00e3o personalizadas de alta qualidade<\/strong><\/h2>\n<p>Como um fabricante com 16 anos de experi\u00eancia profissional em design e produ\u00e7\u00e3o de embalagens, estamos empenhados em fornecer aos clientes solu\u00e7\u00f5es personalizadas de caixas de sab\u00e3o que combinam funcionalidade, valor est\u00e9tico e conceitos de prote\u00e7\u00e3o ambiental. Contando com uma oficina de produ\u00e7\u00e3o moderna de 5.320 metros quadrados e um sistema de gest\u00e3o de qualidade rigoroso, garantimos que cada produto cumpre os padr\u00f5es l\u00edderes da ind\u00fastria. De seguida, apresentamos as principais vantagens dos nossos produtos e os destaques dos nossos servi\u00e7os:<\/p>\n<h2 id=\"-1-corrugated-paper-material-scientific-buffering-protecting-product-safety-\"><strong>1. Material de papel ondulado: amortecimento cient\u00edfico, prote\u00e7\u00e3o da seguran\u00e7a do produto<\/strong><\/h2>\n<p>Adoptando um design de estrutura de cart\u00e3o ondulado multicamadas, atrav\u00e9s do processo de composi\u00e7\u00e3o de camadas interm\u00e9dias de papel de n\u00facleo ondulado e cart\u00e3o plano, a caixa de embalagem tem uma excelente resist\u00eancia \u00e0 compress\u00e3o e absor\u00e7\u00e3o de impacto. A sua estrutura em favo de mel pode dispersar eficazmente a press\u00e3o externa durante o transporte, evitar que o sab\u00e3o seja danificado por extrus\u00e3o, colis\u00e3o ou vibra\u00e7\u00e3o e garantir que o produto est\u00e1 sempre intacto desde a f\u00e1brica at\u00e9 \u00e0s m\u00e3os dos consumidores.<\/p>\n<h2 id=\"-2-folding-mailer-box-efficient-packaging-convenient-and-environmentally-friendly-\"><strong>2. Caixa de correio dobr\u00e1vel: Embalagem eficiente, c\u00f3moda e amiga do ambiente<\/strong><\/h2>\n<p>O design inovador de dobragem simplifica o processo de embalagem, e a embalagem e a desmontagem podem ser conclu\u00eddas rapidamente sem cola ou ferramentas complexas. O corpo da caixa adopta o processo de linha de pr\u00e9-indenta\u00e7\u00e3o, tendo em conta a precis\u00e3o e estabilidade da moldagem e adaptando-se aos requisitos de produ\u00e7\u00e3o em massa da linha de produ\u00e7\u00e3o automatizada. O design estrutural leve reduz os custos log\u00edsticos, e a caixa vazia pode ser comprimida para armazenamento, reduzindo o espa\u00e7o de armazenamento ocupado.<\/p>\n<h2 id=\"-three-soothing-pink-tone-psychological-empowerment-conveying-brand-temperature-\"><strong>3. Tom rosa suave: fortalecimento psicol\u00f3gico, transmitindo a temperatura da marca<\/strong><\/h2>\n<p>O corpo da caixa \u00e9 maioritariamente cor-de-rosa suave, inspirado no \"efeito elefante cor-de-rosa\" psicol\u00f3gico - os sinais visuais aliviam a ansiedade e estimulam atitudes positivas. Estudos demonstraram que o cor-de-rosa pode criar uma atmosfera calorosa e pac\u00edfica, aumentar o prazer dos consumidores ao abrir a caixa e ajudar as marcas a estabelecer liga\u00e7\u00f5es emocionais.<\/p>\n<h2 id=\"-four-double-sided-printing-process-double-exposure-strengthen-brand-memory-\"><strong>4. Processo de impress\u00e3o frente e verso: dupla exposi\u00e7\u00e3o, refor\u00e7o da mem\u00f3ria da marca<\/strong><\/h2>\n<p>Adoptam tecnologia de impress\u00e3o frente e verso de alta defini\u00e7\u00e3o, suportam log\u00f3tipo a cores, informa\u00e7\u00f5es sobre o produto e padr\u00f5es personalizados. A textura \u00e9 melhorada atrav\u00e9s de estampagem a quente, envidra\u00e7amento local UV e outros processos para garantir que os elementos visuais da marca s\u00e3o sempre apelativos durante a exposi\u00e7\u00e3o e o transporte nas prateleiras. Por exemplo, a parte da frente pode apresentar o ponto de venda do produto e a parte de tr\u00e1s pode imprimir instru\u00e7\u00f5es ou declara\u00e7\u00f5es de prote\u00e7\u00e3o ambiental para conseguir uma dupla atualiza\u00e7\u00e3o de fun\u00e7\u00e3o e est\u00e9tica.<\/p>\n<h2 id=\"-v-in-depth-customization-service-flexible-adaptation-exclusive-brand-style-\"><strong>5. Servi\u00e7o de personaliza\u00e7\u00e3o em profundidade: adapta\u00e7\u00e3o flex\u00edvel, estilo de marca exclusivo<\/strong><\/h2>\n<p>Oferecemos todas as op\u00e7\u00f5es de personaliza\u00e7\u00e3o:<\/p>\n<ul>\n<li><strong>Sele\u00e7\u00e3o de estilos<\/strong>Os temas dispon\u00edveis s\u00e3o: minimalismo moderno, tend\u00eancia nacional retro, luxo leve empresarial e outros;<\/li>\n<li><strong>Adapta\u00e7\u00e3o das especifica\u00e7\u00f5es<\/strong>: suportam uma variedade de tamanhos, tipos de caixas (tais como tampas superiores e inferiores, caixas de gavetas) e desenhos de janelas;<\/li>\n<li><strong>Elementos personalizados<\/strong>: combina\u00e7\u00e3o livre de imagens, textos, cores e at\u00e9 estruturas interactivas (como caixas de presente com puzzles);<\/li>\n<li><strong>Atualiza\u00e7\u00e3o ambiental<\/strong>materiais ecol\u00f3gicos opcionais, como a pasta de baga\u00e7o e as tintas degrad\u00e1veis, em conformidade com o conceito ESG.<\/li>\n<\/ul>\n<h2 id=\"-six-one-stop-service-worry-free-from-design-to-delivery-\"><strong>6. Servi\u00e7o de balc\u00e3o \u00fanico: sem preocupa\u00e7\u00f5es desde a conce\u00e7\u00e3o at\u00e9 \u00e0 entrega<\/strong><\/h2>\n<p>Com base em 16 anos de profunda experi\u00eancia na ind\u00fastria, constru\u00edmos um sistema de servi\u00e7o de liga\u00e7\u00e3o completa para design, produ\u00e7\u00e3o, inspe\u00e7\u00e3o de qualidade e log\u00edstica:<\/p>\n<ol>\n<li><strong>Equipa de design profissional<\/strong>: Fornecer a modela\u00e7\u00e3o 3D e a prova f\u00edsica de acordo com o tom da marca para garantir a implementa\u00e7\u00e3o do design;<\/li>\n<li><strong>Produ\u00e7\u00e3o inteligente<\/strong>: Introdu\u00e7\u00e3o de uma m\u00e1quina de impress\u00e3o offset alem\u00e3 Heidelberg e de um equipamento de corte e vinco automatizado para dar resposta r\u00e1pida a encomendas de grandes volumes;<\/li>\n<li><strong>Processo de inspe\u00e7\u00e3o de qualidade rigoroso<\/strong>: Passar mais de 20 testes, tais como teste de durabilidade, teste \u00e0 prova de \u00e1gua, teste anti-envelhecimento, etc. para garantir a qualidade do produto;<\/li>\n<li><strong>Rede log\u00edstica global<\/strong>: Cooperar com as principais empresas de log\u00edstica para fornecer servi\u00e7os de transporte porta-a-porta, armazenamento e cust\u00f3dia.<\/li>\n<\/ol>\n<h2 id=\"-vii-customer-service-commitment-professional-companionship-full-time-escort-\"><strong>7. Compromisso de servi\u00e7o ao cliente: Acompanhamento profissional, acompanhante a tempo inteiro<\/strong><\/h2>\n<p>Praticamos o conceito de \"Sucesso do Cliente\" e fornecemos:<\/p>\n<ul>\n<li><strong>Resposta 24 horas por dia<\/strong>: O servi\u00e7o exclusivo de apoio ao cliente acompanha a evolu\u00e7\u00e3o das encomendas e resolve os problemas t\u00e9cnicos no prazo de 48 horas;<\/li>\n<li><strong>Quantidade m\u00ednima de encomenda flex\u00edvel<\/strong>: MOQ 500 pe\u00e7as para reduzir os custos de tentativa e erro das pequenas e m\u00e9dias empresas;<\/li>\n<li><strong>Garantia p\u00f3s-venda<\/strong>: Repara\u00e7\u00e3o\/substitui\u00e7\u00e3o gratuita durante o per\u00edodo de garantia, assist\u00eancia t\u00e9cnica vital\u00edcia.<\/li>\n<\/ul>","protected":false},"excerpt":{"rendered":"<p>Escolher-nos n\u00e3o \u00e9 apenas escolher uma caixa de sab\u00e3o, mas tamb\u00e9m escolher a persist\u00eancia na qualidade, a responsabilidade pela prote\u00e7\u00e3o ambiental e a profunda valoriza\u00e7\u00e3o da marca. Contacte-nos agora para iniciar uma viagem de personaliza\u00e7\u00e3o exclusiva e deixar que a embalagem do produto se torne o portador perfeito da hist\u00f3ria da sua marca<\/p>","protected":false},"featured_media":10083,"template":"","meta":[],"product_brand":[],"product_cat":[30,390,31,433],"product_tag":[1306,1337,1338],"class_list":{"0":"post-10082","1":"product","2":"type-product","3":"status-publish","4":"has-post-thumbnail","6":"product_cat-by-industry","7":"product_cat-custom-cosmetics-boxes","8":"product_cat-paper-box-style","9":"product_cat-shipping-mailer-boxes","10":"product_tag-custom-soap-boxes","11":"product_tag-premium-soap-boxes","12":"product_tag-soap-boxes-manufacturer","14":"first","15":"instock","16":"shipping-taxable","17":"product-type-grouped"},"_links":{"self":[{"href":"https:\/\/zojopackaging.com\/pt\/wp-json\/wp\/v2\/product\/10082","targetHints":{"allow":["GET"]}}],"collection":[{"href":"https:\/\/zojopackaging.com\/pt\/wp-json\/wp\/v2\/product"}],"about":[{"href":"https:\/\/zojopackaging.com\/pt\/wp-json\/wp\/v2\/types\/product"}],"version-history":[{"count":1,"href":"https:\/\/zojopackaging.com\/pt\/wp-json\/wp\/v2\/product\/10082\/revisions"}],"predecessor-version":[{"id":10098,"href":"https:\/\/zojopackaging.com\/pt\/wp-json\/wp\/v2\/product\/10082\/revisions\/10098"}],"wp:featuredmedia":[{"embeddable":true,"href":"https:\/\/zojopackaging.com\/pt\/wp-json\/wp\/v2\/media\/10083"}],"wp:attachment":[{"href":"https:\/\/zojopackaging.com\/pt\/wp-json\/wp\/v2\/media?parent=10082"}],"wp:term":[{"taxonomy":"product_brand","embeddable":true,"href":"https:\/\/zojopackaging.com\/pt\/wp-json\/wp\/v2\/product_brand?post=10082"},{"taxonomy":"product_cat","embeddable":true,"href":"https:\/\/zojopackaging.com\/pt\/wp-json\/wp\/v2\/product_cat?post=10082"},{"taxonomy":"product_tag","embeddable":true,"href":"https:\/\/zojopackaging.com\/pt\/wp-json\/wp\/v2\/product_tag?post=10082"}],"curies":[{"name":"wp","href":"https:\/\/api.w.org\/{rel}","templated":true}]}}