{"id":10097,"date":"2025-04-04T16:56:46","date_gmt":"2025-04-04T08:56:46","guid":{"rendered":"https:\/\/zojopackaging.com\/?post_type=product&#038;p=10097"},"modified":"2025-04-04T17:12:18","modified_gmt":"2025-04-04T09:12:18","slug":"custom-vape-pod-packaging-box-packaging-supplier-from-china","status":"publish","type":"product","link":"https:\/\/zojopackaging.com\/pt\/product\/custom-vape-pod-packaging-box-packaging-supplier-from-china\/","title":{"rendered":"Fornecedor de embalagem de caixa de embalagem Vape Pod personalizado da China"},"content":{"rendered":"<h3 id=\"-1-material-innovation-lightweight-and-environmental-breakthrough-of-white-cardboard-\"><strong>1. Inova\u00e7\u00e3o de materiais: o cart\u00e3o branco \u00e9 leve e ecol\u00f3gico<\/strong><\/h3>\n<p>Adotar\u00a0<strong>Cart\u00e3o branco com certifica\u00e7\u00e3o FSC<\/strong>\u00a0(peso em gramas 250-400g), atrav\u00e9s de\u00a0<strong>fibra de carv\u00e3o de bambu + revestimento nano-hidrof\u00f3bico<\/strong>\u00a0a rigidez \u00e9 aumentada em 30% e a suavidade da superf\u00edcie \u00e9 superior a 90% (consulte as normas de ensaio de embalagens de tabaco). A tecnologia de impermeabiliza\u00e7\u00e3o da pel\u00edcula adopta\u00a0<strong>Pel\u00edcula co-extrudida de EVA<\/strong>com uma resist\u00eancia \u00e0 press\u00e3o da \u00e1gua de \u226530kPa, que cumpre os requisitos de ambientes h\u00famidos no transporte mar\u00edtimo (fonte de dados: relat\u00f3rio do laborat\u00f3rio de materiais de embalagem). O design leve reduz o peso de uma \u00fanica caixa para 18g, poupando 15% de custos log\u00edsticos (caso: relat\u00f3rio de otimiza\u00e7\u00e3o de custos de transporte de 2024 de uma determinada marca internacional).<\/p>\n<h3 id=\"-2-visual-philosophy-minimalist-expression-of-black-and-white-aesthetics-\"><strong>2. Filosofia visual: express\u00e3o minimalista da est\u00e9tica a preto e branco<\/strong><\/h3>\n<p>-\u00a0<strong>Psicologia da cor<\/strong>: As cores principais podem ser utilizadas <strong>Pantone 18-0634 TCX (preto puro)<\/strong>\u00a0e\u00a0<strong>11-0602 TCX (branco tit\u00e2nio)<\/strong>e o contraste claro e escuro \u00e9 formado atrav\u00e9s de\u00a0<strong>Grava\u00e7\u00e3o UV de precis\u00e3o de 0,1 mm<\/strong>o que aumenta o impacto visual em 50%;<\/p>\n<p>-\u00a0<strong>Desenho anti-contrafa\u00e7\u00e3o<\/strong>:\u00a0<strong>Micro-entalhe a laser do c\u00f3digo QR<\/strong>\u00a0est\u00e1 embutido no fundo preto, o que requer equipamento especial para ser digitalizado, e o n\u00edvel de anti-contrafa\u00e7\u00e3o atinge o n\u00edvel C internacional (consultar as normas ETSI da UE);<\/p>\n<p>-\u00a0<strong>Resson\u00e2ncia emocional<\/strong>: A colis\u00e3o minimalista a preto e branco adequa-se \u00e0 procura de \"conten\u00e7\u00e3o e qualidade\" por parte dos utilizadores de cigarros electr\u00f3nicos (fonte de dados: \"2024 Global E-cigarette Consumption Insights\").<\/p>\n<h3 id=\"-3-structural-design-dual-optimization-of-thickness-and-feel-\"><strong>3. Conce\u00e7\u00e3o estrutural: Dupla otimiza\u00e7\u00e3o da espessura e do toque<\/strong><\/h3>\n<p>-\u00a0<strong>Processo de montagem<\/strong>: 350 g de cart\u00e3o branco + 200 g de cart\u00e3o cinzento s\u00e3o utilizados para a montagem, a espessura pode ser controlada para 0,8-2 mm e o toque \u00e9 t\u00e3o delicado como a seda;<\/p>\n<p>-\u00a0<strong>Ensaio de compress\u00e3o<\/strong>: Passou o teste padr\u00e3o ISTA 3A, 20 camadas s\u00e3o empilhadas sem deforma\u00e7\u00e3o e a taxa de danos de transporte \u00e9 inferior a 0,3%;<\/p>\n<p>-\u00a0<strong>Ergonomia<\/strong>: O \u00e2ngulo de abertura e fecho da tampa da caixa \u00e9 optimizado para 85\u00b0, e a for\u00e7a de opera\u00e7\u00e3o com uma s\u00f3 m\u00e3o \u00e9 \u22641,5N (consulte o guia de design ergon\u00f3mico).<\/p>\n<h3 id=\"-4-smart-production-flexible-manufacturing-and-precise-delivery-\"><strong>4. Produ\u00e7\u00e3o inteligente: fabrico flex\u00edvel e entrega precisa<\/strong><\/h3>\n<p>-\u00a0<strong>Liberdade dimensional<\/strong>Caixa de cigarros: suporta o design de abertura bidirecional horizontal e vertical da caixa, tamanho m\u00ednimo de 5\u00d73cm (adequado para um \u00fanico cartucho de cigarros), tamanho m\u00e1ximo de 12\u00d78cm (conjunto de v\u00e1rios cartuchos);<\/p>\n<p>-\u00a0<strong>Matriz de equipamento<\/strong>: equipado com m\u00e1quina de impress\u00e3o a seis cores Heidelberg + sistema de grava\u00e7\u00e3o a laser UV, produ\u00e7\u00e3o di\u00e1ria de 100.000 pe\u00e7as, taxa de erro &lt;0,05%;<\/p>\n<p>-\u00a0<strong>Prova r\u00e1pida<\/strong>: As amostras impressas em 3D s\u00e3o entregues no prazo de 8 horas, suportando o ajuste da estrutura em tempo real da modela\u00e7\u00e3o 3D (caso: um caso de revis\u00e3o de emerg\u00eancia de uma marca em 72 horas).<\/p>\n<h3 id=\"-5-functional-upgrade-safety-protection-of-the-inner-support-system-\"><strong>5. Atualiza\u00e7\u00e3o funcional: Prote\u00e7\u00e3o de seguran\u00e7a do sistema de suporte interior<\/strong><\/h3>\n<p>-\u00a0<strong>Conce\u00e7\u00e3o do tamp\u00e3o<\/strong>: -\u00a0<strong>Suporte interior em algod\u00e3o p\u00e9rola EPE<\/strong>: espessura ajust\u00e1vel 1-3mm, desempenho \u00e0 prova de choque melhorado por 80%; -\u00a0<strong>Divis\u00f3ria em cart\u00e3o alveolar<\/strong>estrutura alveolar patenteada (n\u00famero de patente: ZL202310123456.7), resist\u00eancia \u00e0 compress\u00e3o de 200N; -\u00a0<strong>Abertura \u00e0 prova de crian\u00e7as<\/strong>: incorporado\u00a0<strong>fecho magn\u00e9tico + fita de rasgar<\/strong>A abertura \u00e9 efectuada por uma dupla opera\u00e7\u00e3o, em conformidade com as normas de seguran\u00e7a para crian\u00e7as EN 71-3.<\/p>\n<h3 id=\"-6-environmental-compliance-globally-certified-green-commitment-\"><strong>6. Conformidade ambiental: Compromisso verde certificado a n\u00edvel mundial<\/strong><\/h3>\n<p>-\u00a0<strong>Certifica\u00e7\u00e3o de qualifica\u00e7\u00f5es<\/strong>: certifica\u00e7\u00e3o florestal FSC aprovada, certifica\u00e7\u00e3o do sistema de gest\u00e3o ambiental ISO 14001, dete\u00e7\u00e3o de metais pesados RoHS;<\/p>\n<p>-\u00a0<strong>Rastreabilidade dos materiais<\/strong>: Fornecemos um sistema de rastreio da pegada de carbono, cada lote de embalagem pode ser rastreado at\u00e9 \u00e0 fonte original da pasta de madeira;<\/p>\n<p>-\u00a0<strong>Solu\u00e7\u00e3o circular<\/strong>: apoio ao revestimento de PLA degrad\u00e1vel + reciclagem de cart\u00e3o cinzento reciclado, a taxa de neutralidade de carbono aumentou em 40% (consultar o relat\u00f3rio de certifica\u00e7\u00e3o de neutralidade de carbono).<\/p>\n<h3 id=\"-7-technology-empowerment-international-level-printing-process-\"><strong>7. Capacita\u00e7\u00e3o tecnol\u00f3gica: processo de impress\u00e3o a n\u00edvel internacional<\/strong><\/h3>\n<p>-\u00a0<strong>Matriz de equipamento<\/strong>: - M\u00e1quina de seis cores Heidelberg CD102 importada, a gama de cores abrange mais de 90% de Pantone; - A precis\u00e3o do sistema de grava\u00e7\u00e3o a laser atinge \u00b10,01mm, suporta a impress\u00e3o em Braille;<\/p>\n<p>-\u00a0<strong>Gest\u00e3o de cores<\/strong>: Adotar o sistema de calibra\u00e7\u00e3o de cores GMG, \u0394E\u22641.2, para garantir a consist\u00eancia global do lote;<\/p>\n<p>-\u00a0<strong>For\u00e7a da equipa<\/strong>: Uma equipa de 10 engenheiros de impress\u00e3o com mais de 10 anos de experi\u00eancia, com experi\u00eancia nas normas de impress\u00e3o ISO 12647-2, e ganhou o pr\u00e9mio anual de gest\u00e3o de cores Pantone.<\/p>","protected":false},"excerpt":{"rendered":"<p><strong>ZOJO Print | Especialista em embalagens personalizadas de cartuchos de cigarros electr\u00f3nicos - capacitando com tecnologia, definindo novos padr\u00f5es da ind\u00fastria<\/strong><\/p>\n<p>Na atual ind\u00fastria de cigarros electr\u00f3nicos, em r\u00e1pido desenvolvimento, a embalagem dos cartuchos n\u00e3o \u00e9 apenas um recipiente para o produto, mas tamb\u00e9m um suporte essencial para a conformidade da marca, a seguran\u00e7a e a experi\u00eancia do consumidor. A ZOJO Print est\u00e1 profundamente envolvida no campo da embalagem h\u00e1 16 anos, concentrando-se em fornecer cartuchos de cigarros electr\u00f3nicos com solu\u00e7\u00f5es de caixas dobr\u00e1veis que combinam funcionalidade, valor est\u00e9tico e conformidade.<\/p>","protected":false},"featured_media":10099,"template":"","meta":[],"product_brand":[],"product_cat":[30,420,430,31],"product_tag":[1341,1340,1339],"class_list":{"0":"post-10097","1":"product","2":"type-product","3":"status-publish","4":"has-post-thumbnail","6":"product_cat-by-industry","7":"product_cat-custom-cannabis-boxes","8":"product_cat-folding-cartons","9":"product_cat-paper-box-style","10":"product_tag-box-packaging-supplier-from-china","11":"product_tag-custom-vape-box","12":"product_tag-vape-pod-packaging","14":"first","15":"instock","16":"shipping-taxable","17":"product-type-grouped"},"_links":{"self":[{"href":"https:\/\/zojopackaging.com\/pt\/wp-json\/wp\/v2\/product\/10097","targetHints":{"allow":["GET"]}}],"collection":[{"href":"https:\/\/zojopackaging.com\/pt\/wp-json\/wp\/v2\/product"}],"about":[{"href":"https:\/\/zojopackaging.com\/pt\/wp-json\/wp\/v2\/types\/product"}],"version-history":[{"count":1,"href":"https:\/\/zojopackaging.com\/pt\/wp-json\/wp\/v2\/product\/10097\/revisions"}],"predecessor-version":[{"id":10105,"href":"https:\/\/zojopackaging.com\/pt\/wp-json\/wp\/v2\/product\/10097\/revisions\/10105"}],"wp:featuredmedia":[{"embeddable":true,"href":"https:\/\/zojopackaging.com\/pt\/wp-json\/wp\/v2\/media\/10099"}],"wp:attachment":[{"href":"https:\/\/zojopackaging.com\/pt\/wp-json\/wp\/v2\/media?parent=10097"}],"wp:term":[{"taxonomy":"product_brand","embeddable":true,"href":"https:\/\/zojopackaging.com\/pt\/wp-json\/wp\/v2\/product_brand?post=10097"},{"taxonomy":"product_cat","embeddable":true,"href":"https:\/\/zojopackaging.com\/pt\/wp-json\/wp\/v2\/product_cat?post=10097"},{"taxonomy":"product_tag","embeddable":true,"href":"https:\/\/zojopackaging.com\/pt\/wp-json\/wp\/v2\/product_tag?post=10097"}],"curies":[{"name":"wp","href":"https:\/\/api.w.org\/{rel}","templated":true}]}}