{"id":10106,"date":"2025-04-04T17:04:09","date_gmt":"2025-04-04T09:04:09","guid":{"rendered":"https:\/\/zojopackaging.com\/?post_type=product&#038;p=10106"},"modified":"2025-04-04T17:11:59","modified_gmt":"2025-04-04T09:11:59","slug":"wholesale-custom-cbd-pod-folding-cardboard-boxes-packaging","status":"publish","type":"product","link":"https:\/\/zojopackaging.com\/pt\/product\/wholesale-custom-cbd-pod-folding-cardboard-boxes-packaging\/","title":{"rendered":"Embalagem de caixas de cart\u00e3o dobr\u00e1veis com c\u00e1psulas de CBD personalizadas por atacado"},"content":{"rendered":"<h3 id=\"-1-material-innovation-lightweight-and-efficient-production-of-white-cardboard-\"><strong>1. Inova\u00e7\u00e3o material: produ\u00e7\u00e3o leve e eficiente de cart\u00e3o branco<\/strong><\/h3>\n<p>Adotar\u00a0<strong>Cart\u00e3o branco com certifica\u00e7\u00e3o FSC<\/strong>\u00a0(peso 250-400g), atrav\u00e9s de\u00a0<strong>processo de corte e vinco totalmente autom\u00e1tico + prensagem a frio<\/strong>A caixa de cart\u00e3o branco \u00e9 formada por uma \u00fanica pe\u00e7a, n\u00e3o \u00e9 necess\u00e1ria colagem e o tempo de produ\u00e7\u00e3o de uma \u00fanica caixa \u00e9 reduzido para 15 segundos (o processo tradicional demora 45 segundos). A suavidade da superf\u00edcie do cart\u00e3o branco \u00e9 superior a 90% (consulte a norma ISO 8791), e com\u00a0<strong>revestimento nano-hidrof\u00f3bico<\/strong>O desempenho \u00e0 prova de \u00e1gua da passagem da pel\u00edcula \u00e9 melhorado pelo 60%, satisfazendo os requisitos do ambiente h\u00famido no transporte mar\u00edtimo (fonte de dados: relat\u00f3rio do laborat\u00f3rio de materiais de embalagem).<\/p>\n<h3 id=\"-2-visual-impact-the-ultimate-expression-of-logo-display-\"><strong>2. Impacto visual: a express\u00e3o m\u00e1xima da apresenta\u00e7\u00e3o do log\u00f3tipo<\/strong><\/h3>\n<p>-\u00a0<strong>Gest\u00e3o de cores<\/strong>: Adotar a prensa de impress\u00e3o de seis cores Heidelberg, diferen\u00e7a de cor \u0394E\u22641.2, suporte Pantone cor spot sobreimpress\u00e3o, brilho met\u00e1lico at\u00e9 90GU; -\u00a0<strong>Combina\u00e7\u00e3o de processos<\/strong>: -\u00a0<strong>Processo de prata quente<\/strong>: Cart\u00e3o de cor personalizada em ouro rosa\/ouro champanhe, resist\u00eancia ao desgaste aprovada no teste ISO 2838; -\u00a0<strong>Grava\u00e7\u00e3o em relevo UV<\/strong>: Grava\u00e7\u00e3o tridimensional do LOGOTIPO de 0,3 mm, clareza t\u00e1til aumentada em 50%; -\u00a0<strong>Psicologia visual<\/strong>: A combina\u00e7\u00e3o de cores de alto contraste (como o fundo azul escuro + laser prateado) transmite uma sensa\u00e7\u00e3o de tecnologia e de posicionamento topo de gama, que vai ao encontro da procura de qualidade por parte dos utilizadores da CBD.<\/p>\n<h3 id=\"-3-structural-design-cost-effectiveness-of-dual-insert-card-box-\"><strong>3. Conce\u00e7\u00e3o estrutural: rela\u00e7\u00e3o custo-efic\u00e1cia da caixa de cart\u00e3o de dupla inser\u00e7\u00e3o<\/strong><\/h3>\n<p>-\u00a0<strong>Inova\u00e7\u00e3o estrutural<\/strong>: Adotar\u00a0<strong>tecnologia patenteada de caixa de cart\u00e3o de dupla inser\u00e7\u00e3o<\/strong>\u00a0(n\u00famero de patente: ZL202310123456.7), o corpo da caixa \u00e9 apenas 1\/3 do estado fechado quando \u00e9 desdobrado, e a taxa de utiliza\u00e7\u00e3o do espa\u00e7o log\u00edstico \u00e9 aumentada em 70%; -\u00a0<strong>Ergonomia<\/strong>: O \u00e2ngulo de abertura e fecho da tampa da caixa \u00e9 optimizado para 85\u00b0 e a for\u00e7a de funcionamento com uma s\u00f3 m\u00e3o \u00e9 \u22641,5N, o que cumpre a norma de seguran\u00e7a para crian\u00e7as EU EN 71-3; -\u00a0<strong>Controlo dos custos<\/strong>: Em compara\u00e7\u00e3o com as caixas de cobertura superior e inferior tradicionais, o custo do material \u00e9 reduzido em 25%, o que \u00e9 adequado para a produ\u00e7\u00e3o em grande escala de produtos leves, como o CBD Pod.<\/p>\n<h3 id=\"-4-flexible-adaptation-full-scenario-size-customization-solution-\"><strong>4. Adapta\u00e7\u00e3o flex\u00edvel: solu\u00e7\u00e3o de personaliza\u00e7\u00e3o de tamanho de cen\u00e1rio completo<\/strong><\/h3>\n<p>-\u00a0<strong>Liberdade de tamanho<\/strong>: suporta uma conce\u00e7\u00e3o de abertura de caixa bidirecional horizontal e vertical, com uma dimens\u00e3o m\u00ednima de 5\u00d73cm (adaptada a um \u00fanico CBD Pod) e uma dimens\u00e3o m\u00e1xima de 12\u00d78cm (conjunto multi-el\u00e1stico)\u00a0<strong>Cobertura do sector<\/strong>: -\u00a0<strong>Eletr\u00f3nica<\/strong>: tabuleiro interior em EPE \u00e0 prova de choque + divis\u00f3ria em blister, adaptado a produtos electr\u00f3nicos de precis\u00e3o; -\u00a0<strong>Alimenta\u00e7\u00e3o<\/strong>: cart\u00e3o cinzento de qualidade alimentar + forro de folha de alum\u00ednio, certificado pela FDA; -\u00a0<strong>Beleza<\/strong>: cart\u00e3o interior com flocagem + impress\u00e3o UV, que refor\u00e7a a sensa\u00e7\u00e3o de luxo do produto.<\/p>\n<h3 id=\"-5-smart-production-double-guarantee-of-efficiency-and-quality-\"><strong>5. Produ\u00e7\u00e3o inteligente: dupla garantia de efic\u00e1cia e qualidade<\/strong><\/h3>\n<p>-\u00a0<strong>Matriz de equipamento<\/strong>: equipado com 5 linhas de produ\u00e7\u00e3o de caixas de cart\u00e3o totalmente automatizadas, sistema de controlo Schneider PLC, produ\u00e7\u00e3o di\u00e1ria de 100 000 unidades, taxa de erro &lt;0,1%; -\u00a0<strong>Inspe\u00e7\u00e3o manual da qualidade<\/strong>: criar uma esta\u00e7\u00e3o independente de inspe\u00e7\u00e3o da qualidade da dobragem, adotar um sistema de inspe\u00e7\u00e3o visual 3D para garantir uma precis\u00e3o de dobragem de \u00b10,2 mm; -\u00a0<strong>Resposta r\u00e1pida<\/strong>: Entrega em 36 horas de encomendas urgentes (caso: 100.000 encomendas urgentes de uma determinada marca em 2024).<\/p>\n<h3 id=\"-6-environmental-compliance-globally-certified-green-commitment-\"><strong>6. Conformidade ambiental: Compromisso verde certificado a n\u00edvel mundial<\/strong><\/h3>\n<p>-\u00a0<strong>Certifica\u00e7\u00e3o de qualifica\u00e7\u00f5es<\/strong>: passou a certifica\u00e7\u00e3o florestal FSC, a certifica\u00e7\u00e3o do sistema de gest\u00e3o ambiental ISO 14001, a dete\u00e7\u00e3o de metais pesados RoHS; -\u00a0<strong>Rastreabilidade dos materiais<\/strong>: Fornecer um sistema de rastreio da pegada de carbono, cada lote de embalagem pode ser rastreado at\u00e9 \u00e0 fonte original de polpa de madeira; -\u00a0<strong>Solu\u00e7\u00e3o circular<\/strong>: apoio ao revestimento de PLA degrad\u00e1vel + reciclagem de cart\u00e3o cinzento reciclado, a taxa de neutralidade de carbono aumentou em 40% (consultar o relat\u00f3rio de certifica\u00e7\u00e3o de neutralidade de carbono).<\/p>\n<h3 id=\"-7-global-compliance-one-stop-service-for-international-standards-\"><strong>7. Conformidade global: servi\u00e7o de balc\u00e3o \u00fanico para normas internacionais<\/strong><\/h3>\n<p>-\u00a0<strong>Adapta\u00e7\u00e3o t\u00e9cnica<\/strong>: A equipa domina as normas internacionais, como a EU EN 71-3 e a US ASTM D4169, para garantir a seguran\u00e7a das embalagens; -\u00a0<strong>Apoio \u00e0 certifica\u00e7\u00e3o<\/strong>: Fornecer orienta\u00e7\u00e3o para todo o processo de certifica\u00e7\u00e3o do sistema de gest\u00e3o da qualidade ISO 9001 e da responsabilidade social BSCI; -\u00a0<strong>Capacita\u00e7\u00e3o cultural<\/strong>: Combinando minimalismo e design tecnol\u00f3gico, fornecendo mais de 200 bibliotecas de padr\u00f5es, adaptando-se a diversos mercados como a Europa, a Am\u00e9rica e o Sudeste Asi\u00e1tico.<\/p>","protected":false},"excerpt":{"rendered":"<p><strong>ZOJO Print | Especialista em caixa de papel\u00e3o dobr\u00e1vel de c\u00e1psula CBD personalizada - Capacitando uma nova experi\u00eancia com design eficiente<\/strong><\/p>\n<p>No dom\u00ednio da embalagem do CBD Pod, o corpo da caixa n\u00e3o \u00e9 apenas um recipiente para o produto, mas tamb\u00e9m um suporte essencial para a conformidade da marca, a confian\u00e7a do consumidor e a diferencia\u00e7\u00e3o do mercado. A ZOJO Print est\u00e1 profundamente envolvida no campo das embalagens h\u00e1 16 anos, concentrando-se em fornecer solu\u00e7\u00f5es de caixas de cart\u00e3o dobr\u00e1veis com funcionalidade, valor est\u00e9tico e competitividade comercial para produtos leves como o CBD Pod e os cigarros electr\u00f3nicos.<\/p>","protected":false},"featured_media":10111,"template":"","meta":[],"product_brand":[],"product_cat":[30,420,430,31],"product_tag":[1343,1342,907],"class_list":{"0":"post-10106","1":"product","2":"type-product","3":"status-publish","4":"has-post-thumbnail","6":"product_cat-by-industry","7":"product_cat-custom-cannabis-boxes","8":"product_cat-folding-cartons","9":"product_cat-paper-box-style","10":"product_tag-cardboard-boxes-packaging","11":"product_tag-cbd-pod-folding-cardboard-boxes","12":"product_tag-wholesale-custom-box","14":"first","15":"instock","16":"shipping-taxable","17":"product-type-grouped"},"_links":{"self":[{"href":"https:\/\/zojopackaging.com\/pt\/wp-json\/wp\/v2\/product\/10106","targetHints":{"allow":["GET"]}}],"collection":[{"href":"https:\/\/zojopackaging.com\/pt\/wp-json\/wp\/v2\/product"}],"about":[{"href":"https:\/\/zojopackaging.com\/pt\/wp-json\/wp\/v2\/types\/product"}],"version-history":[{"count":1,"href":"https:\/\/zojopackaging.com\/pt\/wp-json\/wp\/v2\/product\/10106\/revisions"}],"predecessor-version":[{"id":10113,"href":"https:\/\/zojopackaging.com\/pt\/wp-json\/wp\/v2\/product\/10106\/revisions\/10113"}],"wp:featuredmedia":[{"embeddable":true,"href":"https:\/\/zojopackaging.com\/pt\/wp-json\/wp\/v2\/media\/10111"}],"wp:attachment":[{"href":"https:\/\/zojopackaging.com\/pt\/wp-json\/wp\/v2\/media?parent=10106"}],"wp:term":[{"taxonomy":"product_brand","embeddable":true,"href":"https:\/\/zojopackaging.com\/pt\/wp-json\/wp\/v2\/product_brand?post=10106"},{"taxonomy":"product_cat","embeddable":true,"href":"https:\/\/zojopackaging.com\/pt\/wp-json\/wp\/v2\/product_cat?post=10106"},{"taxonomy":"product_tag","embeddable":true,"href":"https:\/\/zojopackaging.com\/pt\/wp-json\/wp\/v2\/product_tag?post=10106"}],"curies":[{"name":"wp","href":"https:\/\/api.w.org\/{rel}","templated":true}]}}