{"id":10114,"date":"2025-04-04T17:20:31","date_gmt":"2025-04-04T09:20:31","guid":{"rendered":"https:\/\/zojopackaging.com\/?post_type=product&#038;p=10114"},"modified":"2025-04-04T17:30:39","modified_gmt":"2025-04-04T09:30:39","slug":"high-quality-irregular-shape-custom-perfume-boxes-wholesale","status":"publish","type":"product","link":"https:\/\/zojopackaging.com\/pt\/product\/high-quality-irregular-shape-custom-perfume-boxes-wholesale\/","title":{"rendered":"Caixas de perfume personalizadas de forma irregular de alta qualidade por atacado"},"content":{"rendered":"<h2 id=\"high-end-customized-irregular-flip-top-shaped-perfume-box-product-description\">Caixa de perfume personalizada de alta qualidade em forma de flip-top irregular Descri\u00e7\u00e3o do produto<\/h2>\n<h2 id=\"-i-product-core-highlights-\"><strong>1. Principais destaques do produto<\/strong><\/h2>\n<ol>\n<li><strong>Design visual de luxo<\/strong>\u00a0Esta caixa de perfume adopta a combina\u00e7\u00e3o cl\u00e1ssica de cores contrastantes\u00a0<strong>papel especial vermelho<\/strong>\u00a0e\u00a0<strong>quadro preto cinzento<\/strong>. A cor vermelha principal transmite entusiasmo e uma sensa\u00e7\u00e3o de topo de gama, e a cor preta auxiliar acrescenta calma e um temperamento misterioso. A superf\u00edcie do corpo da caixa apresenta o log\u00f3tipo da marca atrav\u00e9s de\u00a0<strong>processo de estampagem a quente<\/strong>As linhas douradas e o papel de base vermelho complementam-se mutuamente, o que n\u00e3o s\u00f3 mant\u00e9m o encanto cl\u00e1ssico tradicional, como tamb\u00e9m real\u00e7a a est\u00e9tica minimalista moderna. A forma irregular da tampa articulada quebra a estrutura sim\u00e9trica convencional, e a\u00a0<strong>design de abertura e fecho em bisel<\/strong>\u00a0aumenta o impacto visual e torna-se o centro das aten\u00e7\u00f5es logo que a caixa \u00e9 aberta.<\/li>\n<li><strong>Material amigo do ambiente e degrad\u00e1vel<\/strong>\u00a0De acordo com o conceito de desenvolvimento sustent\u00e1vel, o corpo da caixa \u00e9 feito de\u00a0<strong>materiais degrad\u00e1veis e amigos do ambiente<\/strong>e os principais materiais s\u00e3o papel especial certificado pelo FSC e adesivos \u00e0 base de plantas, tendo em conta tanto a resist\u00eancia como o desempenho ambiental. O forro \u00e9 feito de EVA reciclado preto e\u00a0<strong>flanela preta<\/strong>que n\u00e3o s\u00f3 estabiliza o frasco de perfume (o erro \u00e9 controlado dentro de \u00b11mm), mas tamb\u00e9m melhora a sensa\u00e7\u00e3o de cerim\u00f3nia de desembalagem atrav\u00e9s de um toque delicado.<\/li>\n<\/ol>\n<h2 id=\"-ii-innovative-structure-and-user-experience-\"><strong>2. Estrutura inovadora e experi\u00eancia do utilizador<\/strong><\/h2>\n<ol>\n<li><strong>Desenho de abertura e fecho do ritual<\/strong>\u00a0O \u00fanico\u00a0<strong>estrutura da caixa de abertura obl\u00edqua<\/strong>\u00a0utiliza um bisel de 30\u00b0 para orientar os consumidores a abrirem-se naturalmente. A tampa e a caixa inferior s\u00e3o ligadas com precis\u00e3o atrav\u00e9s de fivelas magn\u00e9ticas, e o processo de abertura e fecho \u00e9 suave e elegante. Combinado com o toque suave do forro de veludo, cria uma experi\u00eancia envolvente como \"descobrir um tesouro\". A caixa interior foi concebida como uma ranhura para cart\u00f5es incorporada, adequada para uma variedade de frascos de perfume com formatos especiais, para garantir a seguran\u00e7a do transporte e a beleza da exposi\u00e7\u00e3o.<\/li>\n<li><strong>Experi\u00eancia interactiva multissensorial<\/strong><\/li>\n<li><strong>Visual<\/strong>: O contraste entre o LOGOTIPO estampado a quente e o vermelho e preto mate apresenta um luxo discreto;<\/li>\n<li><strong>T\u00e1ctil<\/strong>: A textura delicada do papel especial e o forro de veludo criam uma sensa\u00e7\u00e3o de estratifica\u00e7\u00e3o;<\/li>\n<li><strong>Olfato<\/strong>: A caixa pode ser personalizada com papel perfumado, e as notas de topo que ecoam o perfume s\u00e3o libertadas assim que a caixa \u00e9 aberta.<\/li>\n<\/ol>\n<h2 id=\"-iii-customized-service-and-production-guarantee-\"><strong>3. Servi\u00e7o personalizado e garantia de produ\u00e7\u00e3o<\/strong><\/h2>\n<ol>\n<li><strong>Suporte completo para personaliza\u00e7\u00e3o de links<\/strong><\/li>\n<li><strong>Tamanho flex\u00edvel<\/strong>: De acordo com o tamanho do frasco de perfume (comprimento \u00d7 largura \u00d7 altura) fornecido pelo cliente, o engenheiro conclui a modela\u00e7\u00e3o 3D e a prova no prazo de 48 horas, suportando v\u00e1rios tipos de caixas, tais como caixas superiores e inferiores, caixas de gavetas e caixas com formas especiais;<\/li>\n<li><strong>Atualiza\u00e7\u00e3o do processo<\/strong>: Fornece mais de 20 op\u00e7\u00f5es de processos de superf\u00edcie, como estampagem a quente\/prata, grava\u00e7\u00e3o UV e grava\u00e7\u00e3o em relevo, e pode incorporar acess\u00f3rios como \u00edmanes e fitas;<\/li>\n<li><strong>Integra\u00e7\u00e3o da marca<\/strong>: Do design do LOGO ao copywriting da embalagem, fornecemos uma solu\u00e7\u00e3o completa de extens\u00e3o visual VI. a<\/li>\n<li><strong>For\u00e7a de produ\u00e7\u00e3o e controlo de qualidade<\/strong><\/li>\n<li><strong>Equipamento e capacidade<\/strong>: Com m\u00e1quinas de corte e vinco totalmente autom\u00e1ticas, m\u00e1quinas de impress\u00e3o Heidelberg e outros equipamentos avan\u00e7ados, a produ\u00e7\u00e3o di\u00e1ria atinge 10.000 pe\u00e7as e suporta uma encomenda m\u00ednima de 1.000 pe\u00e7as;<\/li>\n<li><strong>Garantia de qualidade<\/strong>: Passou a certifica\u00e7\u00e3o ISO 9001, cada lote de produtos \u00e9 submetido a 12 processos de inspe\u00e7\u00e3o de qualidade, o erro de diferen\u00e7a de cor \u00e9 \u22645%, e a taxa de reclama\u00e7\u00e3o tem sido inferior a 5% durante dez anos consecutivos;<\/li>\n<li><strong>Ciclo de entrega<\/strong>: 5 dias para a prova, 7-14 dias para a produ\u00e7\u00e3o em massa, apoiando a log\u00edstica global e a exporta\u00e7\u00e3o transfronteiri\u00e7a.<\/li>\n<\/ol>\n<h2 id=\"-fourth-application-scenarios-and-market-value-\"><strong>4. Cen\u00e1rios de aplica\u00e7\u00e3o e valor de mercado<\/strong><\/h2>\n<ul>\n<li><strong>Presentes topo de gama<\/strong>: Adequado para perfumes de luxo, fragr\u00e2ncias de edi\u00e7\u00e3o limitada, personaliza\u00e7\u00e3o de casamentos e outros cen\u00e1rios;<\/li>\n<li><strong>Marca Premium<\/strong>: De acordo com os dados do sector, as embalagens diferenciadas podem aumentar a taxa de pr\u00e9mio do produto em 30%-50%;<\/li>\n<li><strong>Certifica\u00e7\u00e3o ambiental<\/strong>: Cumpre as normas REACH da UE e FDA dos EUA, ajudando as marcas a entrar nos mercados europeu e americano que se concentram na sustentabilidade.<\/li>\n<\/ul>","protected":false},"excerpt":{"rendered":"<ul>\n<li>\u200b<strong>Presen\u00e7a distintiva na prateleira.<\/strong>A forma irregular + o contraste vermelho\/dourado atrai os compradores de luxo.<\/li>\n<li>\u200b<strong>Amplifica\u00e7\u00e3o da marca.<\/strong>O log\u00f3tipo\/cores personaliz\u00e1veis refor\u00e7am o reconhecimento da marca.<\/li>\n<li>\u200b<strong>Durabilidade garantida.<\/strong>O cart\u00e3o espesso protege os frascos de perfume fr\u00e1geis durante o transporte.<\/li>\n<li>\u200b<strong>Poupan\u00e7as a granel.<\/strong>Pre\u00e7os competitivos para encomendas de grande volume sem comprometer a qualidade.<\/li>\n<li>\u200b<strong>Premium Unboxing.<\/strong>As texturas brilhantes\/mate e o ajuste seguro melhoram a experi\u00eancia do cliente.<\/li>\n<\/ul>","protected":false},"featured_media":10116,"template":"","meta":[],"product_brand":[],"product_cat":[30,417,428,31],"product_tag":[225,336,540],"class_list":{"0":"post-10114","1":"product","2":"type-product","3":"status-publish","4":"has-post-thumbnail","6":"product_cat-by-industry","7":"product_cat-custom-perfume-boxes-by-industry","8":"product_cat-irregular-shaped-gift-boxes","9":"product_cat-paper-box-style","10":"product_tag-custom-perfume-boxes","11":"product_tag-perfume-boxes","12":"product_tag-perfume-boxes-wholesale","14":"first","15":"instock","16":"shipping-taxable","17":"product-type-grouped"},"_links":{"self":[{"href":"https:\/\/zojopackaging.com\/pt\/wp-json\/wp\/v2\/product\/10114","targetHints":{"allow":["GET"]}}],"collection":[{"href":"https:\/\/zojopackaging.com\/pt\/wp-json\/wp\/v2\/product"}],"about":[{"href":"https:\/\/zojopackaging.com\/pt\/wp-json\/wp\/v2\/types\/product"}],"version-history":[{"count":1,"href":"https:\/\/zojopackaging.com\/pt\/wp-json\/wp\/v2\/product\/10114\/revisions"}],"predecessor-version":[{"id":10121,"href":"https:\/\/zojopackaging.com\/pt\/wp-json\/wp\/v2\/product\/10114\/revisions\/10121"}],"wp:featuredmedia":[{"embeddable":true,"href":"https:\/\/zojopackaging.com\/pt\/wp-json\/wp\/v2\/media\/10116"}],"wp:attachment":[{"href":"https:\/\/zojopackaging.com\/pt\/wp-json\/wp\/v2\/media?parent=10114"}],"wp:term":[{"taxonomy":"product_brand","embeddable":true,"href":"https:\/\/zojopackaging.com\/pt\/wp-json\/wp\/v2\/product_brand?post=10114"},{"taxonomy":"product_cat","embeddable":true,"href":"https:\/\/zojopackaging.com\/pt\/wp-json\/wp\/v2\/product_cat?post=10114"},{"taxonomy":"product_tag","embeddable":true,"href":"https:\/\/zojopackaging.com\/pt\/wp-json\/wp\/v2\/product_tag?post=10114"}],"curies":[{"name":"wp","href":"https:\/\/api.w.org\/{rel}","templated":true}]}}