{"id":10122,"date":"2025-04-04T17:30:47","date_gmt":"2025-04-04T09:30:47","guid":{"rendered":"https:\/\/zojopackaging.com\/?post_type=product&#038;p=10122"},"modified":"2025-04-04T17:48:28","modified_gmt":"2025-04-04T09:48:28","slug":"print-luxury-custom-scented-candle-packaging-boxes-wholesale","status":"publish","type":"product","link":"https:\/\/zojopackaging.com\/pt\/product\/print-luxury-custom-scented-candle-packaging-boxes-wholesale\/","title":{"rendered":"Impress\u00e3o de caixas de embalagem de velas perfumadas personalizadas de luxo por atacado"},"content":{"rendered":"<h2 id=\"-luxury-custom-aromatherapy-candle-packaging-box-wholesale-product-description-\">Impress\u00e3o de caixas de embalagem de velas perfumadas personalizadas de luxo por atacado<\/h2>\n<h2 id=\"-professional-customization-service-\"><strong>Servi\u00e7o de personaliza\u00e7\u00e3o profissional<\/strong><\/h2>\n<p>Uma equipa t\u00e9cnica experiente fornece uma solu\u00e7\u00e3o \u00fanica:<\/p>\n<ul>\n<li><strong>Desenho de renderiza\u00e7\u00e3o 3D<\/strong>: Personaliza\u00e7\u00e3o de embalagens exclusivas de acordo com o tom da marca, incluindo estampagem a quente do LOGO, grava\u00e7\u00e3o em relevo, abertura de janela oca e outros processos.<\/li>\n<li><strong>Apoio total ao processo<\/strong>: Desde a sele\u00e7\u00e3o do material, passando pela adapta\u00e7\u00e3o do processo at\u00e9 \u00e0 confirma\u00e7\u00e3o da prova, asseguramos a implementa\u00e7\u00e3o exacta do design para cumprir os requisitos rigorosos da marca de alta gama em termos de detalhes.<\/li>\n<\/ul>\n<h2 id=\"-application-scenarios-and-industry-adaptability-\"><strong>Cen\u00e1rios de aplica\u00e7\u00e3o e adaptabilidade ao sector<\/strong><\/h2>\n<ul>\n<li><strong>Marca de fragr\u00e2ncias topo de gama<\/strong>: Atrav\u00e9s da estampagem a quente de seda, da cobertura magn\u00e9tica da caixa e de outros processos, criamos embalagens luxuosas que correspondem ao temperamento do perfume.<\/li>\n<li><strong>Com\u00e9rcio eletr\u00f3nico e retalho<\/strong>: O design plano optimiza a efici\u00eancia do armazenamento e do transporte, e a vitrina aumenta a visibilidade do produto e estimula o desejo de compra do consumidor.<\/li>\n<li><strong>Mercado das prendas<\/strong>: Suporta designs criativos, tais como ranhuras para cart\u00f5es de felicita\u00e7\u00f5es com estampagem a quente e abertura e fecho ao estilo de livro para melhorar o sentido ritual e o valor de cole\u00e7\u00e3o das caixas de oferta.<\/li>\n<\/ul>\n<h2 id=\"-technology-and-service-guarantee-\"><strong>Tecnologia e garantia de servi\u00e7o<\/strong><\/h2>\n<ul>\n<li><strong>Dez anos de experi\u00eancia no sector<\/strong>: Profundamente empenhados no dom\u00ednio das embalagens, os servi\u00e7os abrangem as ind\u00fastrias de ponta, como a eletr\u00f3nica de consumo e a beleza, apreendem com precis\u00e3o as tend\u00eancias do mercado e apresentam propostas de design orientadas para o futuro.<\/li>\n<li><strong>Controlo de qualidade de links completos<\/strong>: Utilizar a tecnologia de impress\u00e3o offset para garantir um erro de precis\u00e3o de impress\u00e3o \u22640,02 mm e cooperar com f\u00e1bricas com certifica\u00e7\u00e3o ISO para garantir a consist\u00eancia da produ\u00e7\u00e3o em lote.<\/li>\n<li><strong>Quantidade m\u00ednima de encomenda flex\u00edvel<\/strong>: Suporta uma encomenda m\u00ednima de 50 pe\u00e7as, e a entrega mais r\u00e1pida em 7 dias, satisfazendo as necessidades das pequenas e m\u00e9dias marcas para encomendas de teste e compras de grande volume.<\/li>\n<\/ul>","protected":false},"excerpt":{"rendered":"<ul>\n<li>\u200b<strong>Design seguro para crian\u00e7as.<\/strong>Fecho seguro + etiquetas de aviso para preven\u00e7\u00e3o de acidentes.<\/li>\n<li>\u200b<strong>Apelo ao luxo.<\/strong>O acabamento mate e o estilo minimalista elevam a perce\u00e7\u00e3o da marca.<\/li>\n<li>\u200b<strong>Marca personalizada.<\/strong>Imprima log\u00f3tipos, cores e dados de contacto sem esfor\u00e7o.<\/li>\n<li>\u200b<strong>Dur\u00e1vel e leve.<\/strong>Protege os perfumes sem aumentar o volume.<\/li>\n<li>\u200b<strong>Rent\u00e1vel.<\/strong>Pre\u00e7os por grosso acess\u00edveis para empresas em fase de arranque e grossistas.<\/li>\n<\/ul>","protected":false},"featured_media":10123,"template":"","meta":[],"product_brand":[],"product_cat":[30,416,430,31],"product_tag":[468,1345,1344],"class_list":{"0":"post-10122","1":"product","2":"type-product","3":"status-publish","4":"has-post-thumbnail","6":"product_cat-by-industry","7":"product_cat-custom-candle-boxes","8":"product_cat-folding-cartons","9":"product_cat-paper-box-style","10":"product_tag-custom-candle-packaging","11":"product_tag-luxury-candle-packaging-wholesale","12":"product_tag-scented-boxes-wholesale","14":"first","15":"instock","16":"shipping-taxable","17":"product-type-grouped"},"_links":{"self":[{"href":"https:\/\/zojopackaging.com\/pt\/wp-json\/wp\/v2\/product\/10122","targetHints":{"allow":["GET"]}}],"collection":[{"href":"https:\/\/zojopackaging.com\/pt\/wp-json\/wp\/v2\/product"}],"about":[{"href":"https:\/\/zojopackaging.com\/pt\/wp-json\/wp\/v2\/types\/product"}],"version-history":[{"count":1,"href":"https:\/\/zojopackaging.com\/pt\/wp-json\/wp\/v2\/product\/10122\/revisions"}],"predecessor-version":[{"id":10129,"href":"https:\/\/zojopackaging.com\/pt\/wp-json\/wp\/v2\/product\/10122\/revisions\/10129"}],"wp:featuredmedia":[{"embeddable":true,"href":"https:\/\/zojopackaging.com\/pt\/wp-json\/wp\/v2\/media\/10123"}],"wp:attachment":[{"href":"https:\/\/zojopackaging.com\/pt\/wp-json\/wp\/v2\/media?parent=10122"}],"wp:term":[{"taxonomy":"product_brand","embeddable":true,"href":"https:\/\/zojopackaging.com\/pt\/wp-json\/wp\/v2\/product_brand?post=10122"},{"taxonomy":"product_cat","embeddable":true,"href":"https:\/\/zojopackaging.com\/pt\/wp-json\/wp\/v2\/product_cat?post=10122"},{"taxonomy":"product_tag","embeddable":true,"href":"https:\/\/zojopackaging.com\/pt\/wp-json\/wp\/v2\/product_tag?post=10122"}],"curies":[{"name":"wp","href":"https:\/\/api.w.org\/{rel}","templated":true}]}}