{"id":10130,"date":"2025-04-04T17:48:38","date_gmt":"2025-04-04T09:48:38","guid":{"rendered":"https:\/\/zojopackaging.com\/?post_type=product&#038;p=10130"},"modified":"2025-04-04T18:05:52","modified_gmt":"2025-04-04T10:05:52","slug":"custom-essential-oil-cardboard-drawer-gift-packaging-box","status":"publish","type":"product","link":"https:\/\/zojopackaging.com\/pt\/product\/custom-essential-oil-cardboard-drawer-gift-packaging-box\/","title":{"rendered":"Caixa de cart\u00e3o personalizada com gaveta para oferta de \u00f3leos essenciais"},"content":{"rendered":"<h2 id=\"-customized-essential-oil-cardboard-drawer-gift-box-product-description-\"><strong>Caixa de oferta personalizada com gaveta de cart\u00e3o para \u00f3leos essenciais\u00a0<\/strong><\/h2>\n<h2 id=\"-1-material-and-structural-design-\"><strong>1. Material e projeto estrutural<\/strong><\/h2>\n<p>Esta caixa de embalagem de \u00f3leo essencial utiliza\u00a0<strong>157 g de papel de cobre duplo em cart\u00e3o cinzento de alta densidade de 1200 g<\/strong>e utiliza um processo composto de v\u00e1rias camadas para criar uma caixa est\u00e1vel. O material do n\u00facleo da placa cinza \u00e9 pressionado com fibra reciclada, e a estrutura cinza transparente interna garante que o erro de achatamento do corpo da caixa seja \u22640,1 mm e a resist\u00eancia \u00e0 flex\u00e3o seja 1,5 vezes o padr\u00e3o da ind\u00fastria. O design de abertura e fecho do tipo gaveta \u00e9 combinado com uma estrutura de suc\u00e7\u00e3o\/clipe magn\u00e9tico, que pode atingir mais de 10.000 testes de abertura e fecho sem deforma\u00e7\u00e3o. O corpo da caixa tem uma gama de suporte de carga de 1-3 kg, adequada para garrafas de \u00f3leo essencial de 10 ml-100 ml com v\u00e1rias especifica\u00e7\u00f5es.<\/p>\n<h2 id=\"-ii-customized-lining-solution-\"><strong>2. Solu\u00e7\u00e3o de revestimento personalizada<\/strong><\/h2>\n<p>Fornecer\u00a0<strong>Suporte interior em EVA cortado, camada de amortecimento em algod\u00e3o p\u00e9rola, esponja de flocagem<\/strong>\u00a0sistema de prote\u00e7\u00e3o de tr\u00eas n\u00edveis<\/p>\n<ul>\n<li><strong>Material EVA<\/strong>densidade 0,3-0,5g\/cm\u00b3, porosidade aberta \u226585%, certificado pela FDA para contacto com alimentos<\/li>\n<li><strong>Forro em algod\u00e3o p\u00e9rola<\/strong>Espessura 5-20mm ajust\u00e1vel, taxa de ressalto \u226590%, absorve eficazmente o impacto da for\u00e7a G durante o transporte<\/li>\n<li><strong>Processo de flocagem<\/strong>: Utilizando a tecnologia de flocagem eletrost\u00e1tica, a densidade de flocagem atinge 3.000-5.000 ra\u00edzes\/cm\u00b2, toque delicado e antiderrapante<\/li>\n<\/ul>\n<h2 id=\"-iii-printing-and-surface-treatment-\"><strong>3. Impress\u00e3o e tratamento de superf\u00edcie<\/strong><\/h2>\n<p>Adotar\u00a0<strong>impress\u00e3o a quatro cores + processo de lamina\u00e7\u00e3o<\/strong>\u00a0para obter a exatid\u00e3o de cor da carta de cores Pantone \u0394E\u22641,5:<\/p>\n<ol>\n<li><strong>Pr\u00e9-tratamento do substrato<\/strong>: A superf\u00edcie do cart\u00e3o cinzento \u00e9 tratada com plasma, e a ader\u00eancia da tinta \u00e9 aumentada em 40%<\/li>\n<li><strong>Impress\u00e3o a quatro cores<\/strong>: Equipada com uma impressora UV de 8 cores da Heidelberg, suporta impress\u00e3o de linhas ultrafinas de 0,1 mm<\/li>\n<li><strong>Processo de lamina\u00e7\u00e3o<\/strong>: Pode ser selecionada uma pel\u00edcula BOPP brilhante ou mate, com um n\u00edvel de resist\u00eancia ao desgaste de H (sem riscos ap\u00f3s 5.000 fric\u00e7\u00f5es)<\/li>\n<\/ol>\n<h2 id=\"-iv-personalized-customization-service-\"><strong>4. Servi\u00e7o de personaliza\u00e7\u00e3o personalizado<\/strong><\/h2>\n<ul>\n<li><strong>Apoio \u00e0 conce\u00e7\u00e3o<\/strong>: 12 solu\u00e7\u00f5es de tratamento de superf\u00edcie, incluindo modela\u00e7\u00e3o 3D, estampagem a quente\/embossing, textura em relevo, etc.<\/li>\n<li><strong>Expans\u00e3o da fun\u00e7\u00e3o<\/strong>: Pode integrar a ranhura para cart\u00f5es com chip NFC, a incorpora\u00e7\u00e3o de faixas de luz LED e outras solu\u00e7\u00f5es de embalagem inteligente<\/li>\n<li><strong>Ciclo de verifica\u00e7\u00e3o<\/strong>: 48 horas para a entrega da primeira vers\u00e3o da amostra, suporte de 5 modifica\u00e7\u00f5es de design gratuitas<\/li>\n<\/ul>\n<h2 id=\"-v-production-guarantee-system-\"><strong>5. Sistema de garantia da produ\u00e7\u00e3o<\/strong><\/h2>\n<ul>\n<li><strong>Escala de capacidade<\/strong>: A f\u00e1brica cobre uma \u00e1rea de 5.320 metros quadrados, equipada com 9 linhas de produ\u00e7\u00e3o totalmente autom\u00e1ticas, com uma capacidade de produ\u00e7\u00e3o di\u00e1ria de 1.500.000 conjuntos<\/li>\n<li><strong>Controlo de qualidade<\/strong>: Aprovado na certifica\u00e7\u00e3o do sistema ISO9001, equipado com detetor de corpos estranhos de raios X, c\u00e2mara de teste de temperatura e humidade constantes<\/li>\n<li><strong>Capacidade de I&amp;D<\/strong>: 30 equipas profissionais det\u00eam 12 patentes de embalagens, fornecem an\u00e1lise de simula\u00e7\u00e3o de estrutura de elementos finitos FEA<\/li>\n<\/ul>\n<h2 id=\"-6-environmental-certification-\"><strong>6. Certifica\u00e7\u00e3o ambiental<\/strong><\/h2>\n<ul>\n<li>O substrato de cart\u00e3o cinzento obteve a certifica\u00e7\u00e3o florestal FSC<\/li>\n<li>A tinta est\u00e1 em conformidade com a norma de migra\u00e7\u00e3o de metais pesados EN71-3<\/li>\n<li>A embalagem global \u00e9 100% biodegrad\u00e1vel e recicl\u00e1vel<\/li>\n<\/ul>\n<h2 id=\"-technical-parameter-quick-reference-table-\"><strong>Tabela de refer\u00eancia r\u00e1pida dos par\u00e2metros t\u00e9cnicos<\/strong><\/h2>\n<table>\n<thead>\n<tr>\n<th>Item<\/th>\n<th>Valor standard<\/th>\n<\/tr>\n<\/thead>\n<tbody>\n<tr>\n<td>Erro de tamanho da caixa<\/td>\n<td>\u00b10,5mm<\/td>\n<\/tr>\n<tr>\n<td>Altura do ensaio de queda<\/td>\n<td>1,2 m (norma ISTA 3A)<\/td>\n<\/tr>\n<tr>\n<td>Gama de toler\u00e2ncia \u00e0 humidade<\/td>\n<td>30%-85% RH<\/td>\n<\/tr>\n<tr>\n<td>Ciclo de entrega<\/td>\n<td>7-15 dias \u00fateis<\/td>\n<\/tr>\n<\/tbody>\n<\/table>","protected":false},"excerpt":{"rendered":"<ul>\n<li>\u200b<strong>Design inspirado na natureza<\/strong>: Os tons suaves e os motivos bot\u00e2nicos reflectem pureza e sofistica\u00e7\u00e3o.<\/li>\n<li>\u200b<strong>Materiais ecol\u00f3gicos<\/strong>: O cart\u00e3o recicl\u00e1vel e biodegrad\u00e1vel est\u00e1 em conformidade com as pr\u00e1ticas sustent\u00e1veis.<\/li>\n<li>\u200b<strong>Alta durabilidade<\/strong>: A estrutura refor\u00e7ada protege os \u00f3leos durante a armazenagem e o transporte.<\/li>\n<li>\u200b<strong>Flexibilidade personalizada<\/strong>: Ajustar as dimens\u00f5es, os log\u00f3tipos e o texto para corresponder \u00e0 identidade da marca.<\/li>\n<li>\u200b<strong>Qualidade de impress\u00e3o superior<\/strong>: Tipografia n\u00edtida e cores resistentes ao desbotamento para um acabamento polido.<\/li>\n<\/ul>","protected":false},"featured_media":10133,"template":"","meta":[],"product_brand":[],"product_cat":[30,390,425,31],"product_tag":[1346,1347,1348],"class_list":{"0":"post-10130","1":"product","2":"type-product","3":"status-publish","4":"has-post-thumbnail","6":"product_cat-by-industry","7":"product_cat-custom-cosmetics-boxes","8":"product_cat-lid-and-base-gift-box","9":"product_cat-paper-box-style","10":"product_tag-custom-essential-oil-box","11":"product_tag-essential-oil-drawer-box","12":"product_tag-essential-oil-gift-box","14":"first","15":"instock","16":"shipping-taxable","17":"product-type-grouped"},"_links":{"self":[{"href":"https:\/\/zojopackaging.com\/pt\/wp-json\/wp\/v2\/product\/10130","targetHints":{"allow":["GET"]}}],"collection":[{"href":"https:\/\/zojopackaging.com\/pt\/wp-json\/wp\/v2\/product"}],"about":[{"href":"https:\/\/zojopackaging.com\/pt\/wp-json\/wp\/v2\/types\/product"}],"version-history":[{"count":2,"href":"https:\/\/zojopackaging.com\/pt\/wp-json\/wp\/v2\/product\/10130\/revisions"}],"predecessor-version":[{"id":10138,"href":"https:\/\/zojopackaging.com\/pt\/wp-json\/wp\/v2\/product\/10130\/revisions\/10138"}],"wp:featuredmedia":[{"embeddable":true,"href":"https:\/\/zojopackaging.com\/pt\/wp-json\/wp\/v2\/media\/10133"}],"wp:attachment":[{"href":"https:\/\/zojopackaging.com\/pt\/wp-json\/wp\/v2\/media?parent=10130"}],"wp:term":[{"taxonomy":"product_brand","embeddable":true,"href":"https:\/\/zojopackaging.com\/pt\/wp-json\/wp\/v2\/product_brand?post=10130"},{"taxonomy":"product_cat","embeddable":true,"href":"https:\/\/zojopackaging.com\/pt\/wp-json\/wp\/v2\/product_cat?post=10130"},{"taxonomy":"product_tag","embeddable":true,"href":"https:\/\/zojopackaging.com\/pt\/wp-json\/wp\/v2\/product_tag?post=10130"}],"curies":[{"name":"wp","href":"https:\/\/api.w.org\/{rel}","templated":true}]}}