{"id":10139,"date":"2025-04-04T18:06:07","date_gmt":"2025-04-04T10:06:07","guid":{"rendered":"https:\/\/zojopackaging.com\/?post_type=product&#038;p=10139"},"modified":"2025-04-04T18:19:59","modified_gmt":"2025-04-04T10:19:59","slug":"lid-and-base-30ml-perfume-cosmetic-gift-boxes-packaging","status":"publish","type":"product","link":"https:\/\/zojopackaging.com\/pt\/product\/lid-and-base-30ml-perfume-cosmetic-gift-boxes-packaging\/","title":{"rendered":"Tampa e Base 30ml Perfume Cosm\u00e9ticos Caixas para Prenda Embalagens"},"content":{"rendered":"<h2 id=\"-product-description-of-30ml-perfume-cosmetics-gift-box-with-top-and-bottom-cover-\"><strong>Tampa e Base 30ml Perfume Cosm\u00e9ticos Caixas para Prenda Embalagens<\/strong><\/h2>\n<h2 id=\"-design-concept-fusion-of-senses-and-emotions-\"><strong>Conceito de design: Fus\u00e3o de sentidos e emo\u00e7\u00f5es<\/strong><\/h2>\n<ol>\n<li><strong>Est\u00e9tica visual<\/strong>\u00a0A caixa exterior da caixa de oferta adopta\u00a0<strong>tecido vermelho-tijolo<\/strong>que \u00e9 processada com tecnologia de pel\u00edcula mate ou brilhante para dar \u00e0 superf\u00edcie uma textura discreta e elegante. Ao mesmo tempo,\u00a0<strong>tecnologia de impress\u00e3o em cart\u00e3o a cores<\/strong>\u00a0\u00e9 utilizado para obter uma colis\u00e3o de cores arrojadas (como o laranja coral e o turquesa entrela\u00e7ados) na caixa interior, formando um contraste visual de \"exterior contido e interior brilhante\". O design da estrutura da tampa superior e inferior da caixa superior e inferior esconde o suspense. O rebordo da tampa da caixa adopta\u00a0<strong>\u00c2ngulo de abertura de 12\u00b0 de inclina\u00e7\u00e3o magn\u00e9tica<\/strong>A sua utiliza\u00e7\u00e3o \u00e9 muito simples, simulando a a\u00e7\u00e3o ritualista de levantar a tampa, estimulando o desejo de explora\u00e7\u00e3o dos consumidores.<\/li>\n<li><strong>Narrativa t\u00e1til<\/strong>\u00a0O forro interior \u00e9 feito de\u00a0<strong>algod\u00e3o branco p\u00e9rola<\/strong>que protege o frasco de perfume atrav\u00e9s de material de ressalto de alta densidade e \u00e9 t\u00e3o delicado como a seda. A superf\u00edcie do corpo da caixa pode ser\u00a0<strong>tecnologia de grava\u00e7\u00e3o em relevo<\/strong>\u00a0ou\u00a0<strong>tecnologia de grava\u00e7\u00e3o em couro artificial<\/strong>A marca tem um padr\u00e3o ic\u00f3nico, como a grava\u00e7\u00e3o do padr\u00e3o ic\u00f3nico da marca no tecido vermelho tijolo, que desencadeia um feedback t\u00e1til delicado quando as pontas dos dedos passam por cima, refor\u00e7ando o ponto de mem\u00f3ria da marca.<\/li>\n<\/ol>\n<h2 id=\"-technology-and-customized-services-\"><strong>Tecnologia e servi\u00e7os personalizados<\/strong><\/h2>\n<ol>\n<li><strong>Tecnologia de impress\u00e3o avan\u00e7ada<\/strong><\/li>\n<li><strong>Impress\u00e3o a cores<\/strong>: Suporte para impress\u00e3o em cores diretas Pantone, restaura com precis\u00e3o o sistema de cores da marca, tal como o vermelho tijolo pode escolher Pantone 18-1440TX ocre queimado, real\u00e7ando o luxo retro.<\/li>\n<li><strong>Efeitos especiais<\/strong>: Fornecer\u00a0<strong>estampagem a quente de folha de ouro\/folha de prata<\/strong>\u00a0para criar um LOGOTIPO com brilho met\u00e1lico, ou utilize\u00a0<strong>Verniz local UV<\/strong>\u00a0para real\u00e7ar padr\u00f5es importantes, como o efeito 3D do contorno do frasco de perfume.<\/li>\n<li><strong>Revestimento de prote\u00e7\u00e3o<\/strong>: O revestimento protetor UV pode prolongar a vida \u00fatil das cores impressas e evitar o desbotamento durante o transporte ou armazenamento.<\/li>\n<li><strong>Personaliza\u00e7\u00e3o da hist\u00f3ria da marca<\/strong>\u00a0A equipa de designers \u00e9 boa a incorporar o ADN da marca nos detalhes da embalagem:<\/li>\n<li><strong>Ilustra\u00e7\u00f5es micro narrativas<\/strong>\u00a0podem ser impressos no interior da tampa da caixa, por exemplo, utilizando linhas de estampagem a quente para delinear a paisagem da \u00e1rea de produ\u00e7\u00e3o da mat\u00e9ria-prima do perfume (como os campos de lavanda na Proven\u00e7a).<\/li>\n<li>A caixa inferior esconde um\u00a0<strong>fita amov\u00edvel<\/strong>A c\u00e1psula de fragr\u00e2ncia leve, tecida com o slogan da marca ou palavras-chave da fragr\u00e2ncia (como \"Quiet Oriental Woody Tone\"), liberta o aroma da c\u00e1psula de fragr\u00e2ncia leve quando \u00e9 aberta, formando uma experi\u00eancia de liga\u00e7\u00e3o de cinco sentidos.<\/li>\n<\/ol>\n<h2 id=\"-production-guarantee-and-sustainability-\"><strong>Garantia de produ\u00e7\u00e3o e sustentabilidade<\/strong><\/h2>\n<ol>\n<li><strong>Produ\u00e7\u00e3o de precis\u00e3o em escala<\/strong><\/li>\n<li>A f\u00e1brica tem um\u00a0<strong>Oficina de produ\u00e7\u00e3o de 5.320\u33a1 que atende aos padr\u00f5es internacionais<\/strong>A empresa est\u00e1 equipada com uma m\u00e1quina de corte e vinco totalmente autom\u00e1tica e uma linha de inspe\u00e7\u00e3o de controlo de qualidade para garantir que o erro de forma da caixa da tampa superior e inferior \u00e9 \u22640,3 mm.<\/li>\n<li>Adotar\u00a0<strong>tecnologia de montagem especial amiga do ambiente<\/strong>O papel de superf\u00edcie e o forro s\u00e3o colados com cola \u00e0 base de \u00e1gua, em conformidade com a certifica\u00e7\u00e3o ambiental REACH da UE, e a pegada de carbono \u00e9 reduzida em 70% em compara\u00e7\u00e3o com os processos tradicionais.<\/li>\n<li><strong>Entrega e servi\u00e7o<\/strong><\/li>\n<li>Apoio\u00a0<strong>Prova r\u00e1pida de 48 horas<\/strong>e acompanhamento digital de todo o processo, desde a conce\u00e7\u00e3o at\u00e9 ao produto acabado.<\/li>\n<li>Fornecer\u00a0<strong>solu\u00e7\u00f5es de transporte modular<\/strong>A caixa de presente pode ser dobrada at\u00e9 ficar plana, reduzindo a taxa de perda log\u00edstica para menos de 0,5%, garantindo uma entrega global sem danos.<\/li>\n<\/ol>\n<h2 id=\"-market-value-and-brand-empowerment-\"><strong>Valor de mercado e fortalecimento da marca<\/strong><\/h2>\n<ol>\n<li><strong>Competitividade diferenciada<\/strong>\u00a0Esta solu\u00e7\u00e3o de embalagem aumenta a taxa de reten\u00e7\u00e3o do consumidor em 40% atrav\u00e9s de\u00a0<strong>\"cerim\u00f3nia de abertura + imers\u00e3o sensorial\"<\/strong>\u00a0conce\u00e7\u00e3o. Por exemplo:<\/li>\n<li>A colis\u00e3o de cores da caixa interior pode ser associada \u00e0 fragr\u00e2ncia do perfume (fragr\u00e2ncia frutada com laranja vibrante, fragr\u00e2ncia amadeirada com verde escuro), refor\u00e7ando a perce\u00e7\u00e3o do produto.<\/li>\n<li>As caixas de oferta de edi\u00e7\u00e3o limitada podem ser combinadas com\u00a0<strong>Cart\u00f5es interactivos AR<\/strong>e pode ver o v\u00eddeo da entrevista com o perfumista, digitalizando o padr\u00e3o do corpo da caixa para refor\u00e7ar o valor acrescentado da cultura da marca.<\/li>\n<li><strong>R\u00e1cio custo-efic\u00e1cia<\/strong>\u00a0A produ\u00e7\u00e3o em grande escala faz com que o custo de uma \u00fanica caixa 15%-20% seja inferior ao pre\u00e7o m\u00e9dio do mercado personalizado, e o espa\u00e7o premium pode atingir 300%.<\/li>\n<\/ol>","protected":false},"excerpt":{"rendered":"<p>Esta caixa de oferta de perfume com cobertura mundial utiliza a\u00a0<strong>\"o impacto visual como superf\u00edcie, a resson\u00e2ncia emocional como n\u00facleo\"<\/strong>\u00a0para transformar a singularidade da marca numa experi\u00eancia palp\u00e1vel para o consumidor. Desde o calmo e elegante vermelho tijolo at\u00e9 \u00e0 dram\u00e1tica colis\u00e3o de cores na caixa interior, desde os luxuosos pormenores da estampagem a quente em folha de ouro at\u00e9 \u00e0 prote\u00e7\u00e3o final do algod\u00e3o p\u00e9rola, cada design serve para transmitir o valor da marca e aumentar a convers\u00e3o das vendas.<\/p>","protected":false},"featured_media":10145,"template":"","meta":[],"product_brand":[],"product_cat":[30,390,417,425,31],"product_tag":[1349,1350,339],"class_list":{"0":"post-10139","1":"product","2":"type-product","3":"status-publish","4":"has-post-thumbnail","6":"product_cat-by-industry","7":"product_cat-custom-cosmetics-boxes","8":"product_cat-custom-perfume-boxes-by-industry","9":"product_cat-lid-and-base-gift-box","10":"product_cat-paper-box-style","11":"product_tag-30ml-perfume-boxes","12":"product_tag-lid-and-base-perfume-boxes","13":"product_tag-perfume-gift-boxes","15":"first","16":"instock","17":"shipping-taxable","18":"product-type-grouped"},"_links":{"self":[{"href":"https:\/\/zojopackaging.com\/pt\/wp-json\/wp\/v2\/product\/10139","targetHints":{"allow":["GET"]}}],"collection":[{"href":"https:\/\/zojopackaging.com\/pt\/wp-json\/wp\/v2\/product"}],"about":[{"href":"https:\/\/zojopackaging.com\/pt\/wp-json\/wp\/v2\/types\/product"}],"version-history":[{"count":2,"href":"https:\/\/zojopackaging.com\/pt\/wp-json\/wp\/v2\/product\/10139\/revisions"}],"predecessor-version":[{"id":10147,"href":"https:\/\/zojopackaging.com\/pt\/wp-json\/wp\/v2\/product\/10139\/revisions\/10147"}],"wp:featuredmedia":[{"embeddable":true,"href":"https:\/\/zojopackaging.com\/pt\/wp-json\/wp\/v2\/media\/10145"}],"wp:attachment":[{"href":"https:\/\/zojopackaging.com\/pt\/wp-json\/wp\/v2\/media?parent=10139"}],"wp:term":[{"taxonomy":"product_brand","embeddable":true,"href":"https:\/\/zojopackaging.com\/pt\/wp-json\/wp\/v2\/product_brand?post=10139"},{"taxonomy":"product_cat","embeddable":true,"href":"https:\/\/zojopackaging.com\/pt\/wp-json\/wp\/v2\/product_cat?post=10139"},{"taxonomy":"product_tag","embeddable":true,"href":"https:\/\/zojopackaging.com\/pt\/wp-json\/wp\/v2\/product_tag?post=10139"}],"curies":[{"name":"wp","href":"https:\/\/api.w.org\/{rel}","templated":true}]}}