{"id":10148,"date":"2025-04-04T18:20:18","date_gmt":"2025-04-04T10:20:18","guid":{"rendered":"https:\/\/zojopackaging.com\/?post_type=product&#038;p=10148"},"modified":"2025-04-04T18:34:51","modified_gmt":"2025-04-04T10:34:51","slug":"custom-perfume-cosmetics-clamshell-flip-top-gift-box-factory","status":"publish","type":"product","link":"https:\/\/zojopackaging.com\/pt\/product\/custom-perfume-cosmetics-clamshell-flip-top-gift-box-factory\/","title":{"rendered":"F\u00e1brica de caixas de presente personalizadas para perfumes e cosm\u00e9ticos com tampa flip top"},"content":{"rendered":"<h2 id=\"customized-perfume-cosmetic-flip-gift-box-product-description\">F\u00e1brica de caixas de presente personalizadas para perfumes e cosm\u00e9ticos com tampa flip top<\/h2>\n<h2><strong>1. Material <\/strong>Caixas com tampa flip top em forma de concha<strong>: est\u00e1vel e dur\u00e1vel, real\u00e7ando a textura da marca<\/strong><\/h2>\n<ul>\n<li><strong>Artesanato de superf\u00edcie<\/strong>: O papel especial branco de 120g \u00e9 colado num substrato de cart\u00e3o cinzento de alta resist\u00eancia de 1200g para garantir que a caixa \u00e9 direita e tem uma forte resist\u00eancia \u00e0 press\u00e3o. O cart\u00e3o cinzento utiliza cart\u00e3o dom\u00e9stico totalmente cinzento, com estrutura de fibra uniforme, resist\u00eancia \u00e0 flex\u00e3o e prote\u00e7\u00e3o ambiental, e cumpre as normas de certifica\u00e7\u00e3o FSC. O log\u00f3tipo exclusivo do cliente \u00e9 gravado em relevo na superf\u00edcie e o efeito tridimensional c\u00f4ncavo e convexo \u00e9 obtido atrav\u00e9s de moldes de precis\u00e3o para melhorar as camadas t\u00e1cteis e visuais.<\/li>\n<\/ul>\n<h2 id=\"-2-lining-design-protection-and-beauty-\"><strong>2. Design do forro: prote\u00e7\u00e3o e beleza<\/strong><\/h2>\n<ul>\n<li><strong>Estrutura do revestimento<\/strong>: A camada interior \u00e9 colada com cart\u00e3o azul de 350 g, combinada com espuma EVA personalizada (a espessura pode ser selecionada entre 1,5 e 3,0 mm), e \u00e9 formada uma camada tamp\u00e3o por corte e lamina\u00e7\u00e3o. O material EVA tem uma excelente resist\u00eancia ao choque e pode absorver o impacto durante o transporte. A estrutura magn\u00e9tica foi calculada com precis\u00e3o e o erro de posicionamento \u00e9 inferior a 0,5 mm. Os consumidores podem aceder rapidamente ao produto com uma m\u00e3o. Ao mesmo tempo, o design da janela transparente na caixa \u00e9 conveniente para exibir as informa\u00e7\u00f5es do frasco de perfume.<\/li>\n<\/ul>\n<h2 id=\"-3-customized-service-flexible-adaptation-to-customer-needs-\"><strong>3. Servi\u00e7o personalizado: adapta\u00e7\u00e3o flex\u00edvel \u00e0s necessidades do cliente<\/strong><\/h2>\n<ul>\n<li><strong>Adapta\u00e7\u00e3o do tamanho e do material<\/strong>: Suporta a personaliza\u00e7\u00e3o do tamanho de diferentes produtos, como cigarros, cosm\u00e9ticos e perfumes. Pode ajustar a espessura do cart\u00e3o cinzento (1,5-4,0 mm), a gramagem do papel especial (80-300 g) e a estrutura do forro (como o revestimento de seda, tratamento mate).<\/li>\n<li><strong>Inova\u00e7\u00e3o na conce\u00e7\u00e3o<\/strong>: Uma equipa de designers profissionais presta um servi\u00e7o individualizado, combinando o tom da marca para conceber um estilo simples ou luxuoso. Por exemplo, os padr\u00f5es interactivos da tecnologia AR, os materiais degrad\u00e1veis ou a otimiza\u00e7\u00e3o da estrutura para reduzir o volume da embalagem podem atingir objectivos de leveza e de prote\u00e7\u00e3o ambiental.<\/li>\n<\/ul>\n<h2 id=\"-4-production-strength-and-quality-assurance-\"><strong>4. For\u00e7a de produ\u00e7\u00e3o e garantia de qualidade<\/strong><\/h2>\n<ul>\n<li><strong>Linha de produ\u00e7\u00e3o moderna<\/strong>: A f\u00e1brica est\u00e1 equipada com uma oficina padronizada de 5.320 metros quadrados, com m\u00e1quinas de corte e vinco totalmente autom\u00e1ticas, m\u00e1quinas de estampagem a quente e linhas de produ\u00e7\u00e3o de espuma EVA, com uma capacidade de produ\u00e7\u00e3o di\u00e1ria de 100.000 pe\u00e7as. A linha de montagem automatizada \u00e9 utilizada para monitorizar os dados de produ\u00e7\u00e3o em tempo real atrav\u00e9s do sistema SCADA para garantir que a taxa de aus\u00eancia de perdas de embalagens atinge 99,8%.<\/li>\n<li><strong>Sistema de controlo da qualidade<\/strong>: Desde a entrada das mat\u00e9rias-primas at\u00e9 \u00e0 entrega dos produtos acabados, s\u00e3o implementados 21 processos de inspe\u00e7\u00e3o de qualidade, incluindo testes de indicadores-chave, como o teor de humidade do cart\u00e3o cinzento (\u22648%), a ader\u00eancia de estampagem a quente (teste de fita 3M) e a vida \u00fatil da suc\u00e7\u00e3o magn\u00e9tica (\u2265100 000 vezes de abertura e fecho).<\/li>\n<\/ul>\n<h2 id=\"-5-cases-and-customer-value-\"><strong>5. Casos e valor para o cliente<\/strong><\/h2>\n<ul>\n<li><strong>Caso de sucesso<\/strong>: Concebemos uma caixa de oferta flip-top para uma marca de perfumes topo de gama, utilizando cart\u00e3o branco mate + tecnologia de estampagem a quente dourada, e o forro \u00e9 combinado com EVA de veludo azul. Ap\u00f3s o lan\u00e7amento do produto, a taxa de recompra dos clientes aumentou 30% e a taxa de danos no transporte desceu para menos de 0,5%.<\/li>\n<li><strong>Compromisso ambiental<\/strong>: Fornecer cart\u00e3o cinzento biodegrad\u00e1vel e op\u00e7\u00f5es de impress\u00e3o com tinta \u00e0 base de \u00e1gua, que cumprem as normas ambientais da UE e ajudam as marcas a praticar o conceito de desenvolvimento sustent\u00e1vel.<\/li>\n<\/ul>","protected":false},"excerpt":{"rendered":"<ul>\n<li>\u200b<strong>Apelo est\u00e9tico de qualidade superior<\/strong>- Aumenta a perce\u00e7\u00e3o da marca com detalhes em relevo e linhas simples.<\/li>\n<li>\u200b<strong>Dur\u00e1vel e amigo do ambiente<\/strong>- O material recicl\u00e1vel resistente resiste ao desgaste.<\/li>\n<li>\u200b<strong>Integra\u00e7\u00e3o de marcas personalizadas<\/strong>- Apresentam sem problemas log\u00f3tipos ou mensagens promocionais.<\/li>\n<li>\u200b<strong>Efici\u00eancia das encomendas em massa<\/strong>- Optimizado para uma log\u00edstica grossista econ\u00f3mica.<\/li>\n<li>\u200b<strong>Encaixe universal para garrafas<\/strong>- Os compartimentos ajust\u00e1veis adaptam-se a diversos tamanhos de perfume.<\/li>\n<\/ul>","protected":false},"featured_media":10151,"template":"","meta":[],"product_brand":[],"product_cat":[30,417,424,31],"product_tag":[1353,1351,1352],"class_list":{"0":"post-10148","1":"product","2":"type-product","3":"status-publish","4":"has-post-thumbnail","6":"product_cat-by-industry","7":"product_cat-custom-perfume-boxes-by-industry","8":"product_cat-magnetic-closure-boxes","9":"product_cat-paper-box-style","10":"product_tag-cosmetics-gift-box-factory","11":"product_tag-perfume-clamshell-box","12":"product_tag-perfume-flip-top-gift-box","14":"first","15":"instock","16":"shipping-taxable","17":"product-type-grouped"},"_links":{"self":[{"href":"https:\/\/zojopackaging.com\/pt\/wp-json\/wp\/v2\/product\/10148","targetHints":{"allow":["GET"]}}],"collection":[{"href":"https:\/\/zojopackaging.com\/pt\/wp-json\/wp\/v2\/product"}],"about":[{"href":"https:\/\/zojopackaging.com\/pt\/wp-json\/wp\/v2\/types\/product"}],"version-history":[{"count":1,"href":"https:\/\/zojopackaging.com\/pt\/wp-json\/wp\/v2\/product\/10148\/revisions"}],"predecessor-version":[{"id":10155,"href":"https:\/\/zojopackaging.com\/pt\/wp-json\/wp\/v2\/product\/10148\/revisions\/10155"}],"wp:featuredmedia":[{"embeddable":true,"href":"https:\/\/zojopackaging.com\/pt\/wp-json\/wp\/v2\/media\/10151"}],"wp:attachment":[{"href":"https:\/\/zojopackaging.com\/pt\/wp-json\/wp\/v2\/media?parent=10148"}],"wp:term":[{"taxonomy":"product_brand","embeddable":true,"href":"https:\/\/zojopackaging.com\/pt\/wp-json\/wp\/v2\/product_brand?post=10148"},{"taxonomy":"product_cat","embeddable":true,"href":"https:\/\/zojopackaging.com\/pt\/wp-json\/wp\/v2\/product_cat?post=10148"},{"taxonomy":"product_tag","embeddable":true,"href":"https:\/\/zojopackaging.com\/pt\/wp-json\/wp\/v2\/product_tag?post=10148"}],"curies":[{"name":"wp","href":"https:\/\/api.w.org\/{rel}","templated":true}]}}