{"id":10156,"date":"2025-04-04T18:34:59","date_gmt":"2025-04-04T10:34:59","guid":{"rendered":"https:\/\/zojopackaging.com\/?post_type=product&#038;p=10156"},"modified":"2025-04-04T18:49:42","modified_gmt":"2025-04-04T10:49:42","slug":"custom-perfume-rigid-boxes-with-magnetic-closure-wholesale","status":"publish","type":"product","link":"https:\/\/zojopackaging.com\/pt\/product\/custom-perfume-rigid-boxes-with-magnetic-closure-wholesale\/","title":{"rendered":"Caixas r\u00edgidas personalizadas para perfumes com fecho magn\u00e9tico Venda por grosso"},"content":{"rendered":"<h2 id=\"customized-perfume-hard-box-with-magnetic-seal-wholesale-product-description\">Caixa r\u00edgida para perfumes personalizada com selo magn\u00e9tico Descri\u00e7\u00e3o do produto por atacado<\/h2>\n<h2 id=\"1-material-and-structure-\">1.\u00a0<strong>Material e estrutura<\/strong><\/h2>\n<ul>\n<li>Utiliza\u00e7\u00e3o\u00a0<strong>Papel art\u00edstico revestido C2S de 157 g (papel de cobre duplo)<\/strong>\u00a0com\u00a0<strong>Cart\u00e3o r\u00edgido de 1200 g (cart\u00e3o r\u00edgido)<\/strong>\u00a0para garantir que o corpo da caixa \u00e9 simultaneamente bonito e resistente \u00e0 press\u00e3o.<\/li>\n<li><strong>Tecnologia de superf\u00edcie<\/strong>: Tratamento de pel\u00edcula mate, toque delicado e suave, apresentando uma sensa\u00e7\u00e3o de luxo discreto, em linha com o tom simples e elegante da marca.<\/li>\n<\/ul>\n<h2 id=\"2-appearance-design-\">2.\u00a0<strong>Conce\u00e7\u00e3o do aspeto<\/strong><\/h2>\n<ul>\n<li><strong>Combina\u00e7\u00e3o cl\u00e1ssica de cores<\/strong>: O corpo da caixa \u00e9 uma base preta cl\u00e1ssica, com fontes de impress\u00e3o serigr\u00e1fica dourada ou tecnologia de estampagem a quente, formando um contraste visual n\u00edtido, real\u00e7ando o temperamento elegante.<\/li>\n<li><strong>Estrutura magn\u00e9tica da tampa flip<\/strong>: Design de abertura e fecho em imita\u00e7\u00e3o de livro, a adsor\u00e7\u00e3o magn\u00e9tica \u00e9 precisa e est\u00e1vel, e o momento de abertura da caixa \u00e9 cheio de ritual.<\/li>\n<\/ul>\n<h2 id=\"3-internal-protection-and-decoration-\">3.\u00a0<strong>Prote\u00e7\u00e3o e decora\u00e7\u00e3o internas<\/strong><\/h2>\n<ul>\n<li><strong>Material do forro interior<\/strong>: O forro de seda dourada, liso e anti-fric\u00e7\u00e3o, permite n\u00e3o s\u00f3 fixar o frasco de perfume para evitar que trema, mas tamb\u00e9m aumentar o impacto visual aquando da abertura da caixa.<\/li>\n<li><strong>Espa\u00e7o personalizado<\/strong>: Permite ajustar a cor do revestimento e a disposi\u00e7\u00e3o (como os compartimentos divis\u00f3rios) para satisfazer os requisitos de diferentes tamanhos e formas de frascos de perfume.<\/li>\n<\/ul>\n<h2 id=\"4-production-and-service-advantages-\">4.\u00a0<strong>Vantagens de produ\u00e7\u00e3o e servi\u00e7o<\/strong><\/h2>\n<ul>\n<li><strong>Personaliza\u00e7\u00e3o flex\u00edvel<\/strong>: Suporta o ajuste personalizado do tipo de caixa, cor (como a impress\u00e3o a cores diretas), tecnologia de superf\u00edcie (UV, estampagem a quente, relevo, etc.), com uma quantidade m\u00ednima de encomenda de\u00a0<strong>500 pe\u00e7as<\/strong>para responder \u00e0s necessidades de compras em massa e de exclusividades de marca.<\/li>\n<li><strong>Apoio \u00e0 conce\u00e7\u00e3o<\/strong>: Equipado com uma equipa de design profissional, fornecendo\u00a0<strong>Servi\u00e7o de pr\u00e9-visualiza\u00e7\u00e3o de modelos 3D<\/strong>A tecnologia de ponta, que gera rapidamente representa\u00e7\u00f5es de modelos atrav\u00e9s de ferramentas de IA, acelera a verifica\u00e7\u00e3o e a implementa\u00e7\u00e3o do projeto.<\/li>\n<\/ul>\n<h2 id=\"5-production-and-quality-control-\">5.\u00a0<strong>Produ\u00e7\u00e3o e controlo de qualidade<\/strong><\/h2>\n<ul>\n<li><strong>Equipamento avan\u00e7ado<\/strong>: Utilizar m\u00e1quinas de impress\u00e3o e equipamento de corte e vinco totalmente autom\u00e1ticos para garantir a precis\u00e3o da impress\u00e3o e a consist\u00eancia do tipo de caixa.<\/li>\n<li><strong>Normas de inspe\u00e7\u00e3o da qualidade<\/strong>: O erro \u00e9 rigorosamente controlado dentro de\u00a0<strong>\u00b10,3mm<\/strong>e a qualidade do produto acabado \u00e9 garantida atrav\u00e9s de amostragem multi-link.<\/li>\n<\/ul>\n<h2 id=\"6-logistics-and-after-sales-\">6.\u00a0<strong>Log\u00edstica e p\u00f3s-venda<\/strong><\/h2>\n<ul>\n<li><strong>Entrega global<\/strong>: Apoia a coopera\u00e7\u00e3o log\u00edstica, como YTO, STO e SF Express, e a embalagem especialmente fornecida para a exporta\u00e7\u00e3o transfronteiri\u00e7a pode adaptar-se \u00e0s necessidades de transporte internacional.<\/li>\n<li><strong>Compromisso p\u00f3s-venda<\/strong>: Fornecer\u00a0<strong>Troca e devolu\u00e7\u00e3o incondicional em 15 dias<\/strong>\u00a0e\u00a0<strong>garantia de autenticidade<\/strong>\u00a0para resolver as preocupa\u00e7\u00f5es dos clientes.<\/li>\n<\/ul>\n<h2 id=\"-cooperation-process-\"><strong>Processo de coopera\u00e7\u00e3o<\/strong><\/h2>\n<ol>\n<li><strong>Comunica\u00e7\u00e3o dos requisitos<\/strong>: Forne\u00e7a um esbo\u00e7o do projeto ou descreva os requisitos, e n\u00f3s forneceremos um modelo 3D e um or\u00e7amento no prazo de 3 dias.<\/li>\n<li><strong>Confirma\u00e7\u00e3o da prova<\/strong>: Fornecer 1-2 amostras de modifica\u00e7\u00f5es gratuitamente para garantir que os detalhes est\u00e3o corretos.<\/li>\n<li><strong>Produ\u00e7\u00e3o em massa<\/strong>: Entrega no prazo de 7 a 14 dias \u00fateis ap\u00f3s a confirma\u00e7\u00e3o, apoio ao envio de lotes.<\/li>\n<\/ol>","protected":false},"excerpt":{"rendered":"<ul>\n<li><strong>Apresenta\u00e7\u00e3o da marca<\/strong>: Aplic\u00e1vel \u00e0 embalagem de perfumes de luxo, cosm\u00e9ticos de alta gama e outros produtos, e refor\u00e7a a imagem de alta gama da marca atrav\u00e9s do design da tampa magn\u00e9tica e da tecnologia de pel\u00edcula mate.<\/li>\n<li><strong>Caixa de oferta de f\u00e9rias<\/strong>: Pode ser combinado com acess\u00f3rios como fitas e cart\u00f5es de felicita\u00e7\u00f5es com carimbo dourado para criar caixas de presente de edi\u00e7\u00e3o limitada.<\/li>\n<li><strong>Refer\u00eancia do caso<\/strong>: Personaliz\u00e1mos um\u00a0<strong>caixa de oferta magn\u00e9tica preta mate<\/strong>\u00a0para uma marca internacional, forrado com tecido de seda dourado e com LOGOTIPO em relevo.<\/li>\n<\/ul>","protected":false},"featured_media":10158,"template":"","meta":[],"product_brand":[],"product_cat":[30,417,424,31],"product_tag":[225,1355,1354],"class_list":{"0":"post-10156","1":"product","2":"type-product","3":"status-publish","4":"has-post-thumbnail","6":"product_cat-by-industry","7":"product_cat-custom-perfume-boxes-by-industry","8":"product_cat-magnetic-closure-boxes","9":"product_cat-paper-box-style","10":"product_tag-custom-perfume-boxes","11":"product_tag-magnetic-closure-perfume-boxes","12":"product_tag-perfume-rigid-boxes","14":"first","15":"instock","16":"shipping-taxable","17":"product-type-grouped"},"_links":{"self":[{"href":"https:\/\/zojopackaging.com\/pt\/wp-json\/wp\/v2\/product\/10156","targetHints":{"allow":["GET"]}}],"collection":[{"href":"https:\/\/zojopackaging.com\/pt\/wp-json\/wp\/v2\/product"}],"about":[{"href":"https:\/\/zojopackaging.com\/pt\/wp-json\/wp\/v2\/types\/product"}],"version-history":[{"count":1,"href":"https:\/\/zojopackaging.com\/pt\/wp-json\/wp\/v2\/product\/10156\/revisions"}],"predecessor-version":[{"id":10163,"href":"https:\/\/zojopackaging.com\/pt\/wp-json\/wp\/v2\/product\/10156\/revisions\/10163"}],"wp:featuredmedia":[{"embeddable":true,"href":"https:\/\/zojopackaging.com\/pt\/wp-json\/wp\/v2\/media\/10158"}],"wp:attachment":[{"href":"https:\/\/zojopackaging.com\/pt\/wp-json\/wp\/v2\/media?parent=10156"}],"wp:term":[{"taxonomy":"product_brand","embeddable":true,"href":"https:\/\/zojopackaging.com\/pt\/wp-json\/wp\/v2\/product_brand?post=10156"},{"taxonomy":"product_cat","embeddable":true,"href":"https:\/\/zojopackaging.com\/pt\/wp-json\/wp\/v2\/product_cat?post=10156"},{"taxonomy":"product_tag","embeddable":true,"href":"https:\/\/zojopackaging.com\/pt\/wp-json\/wp\/v2\/product_tag?post=10156"}],"curies":[{"name":"wp","href":"https:\/\/api.w.org\/{rel}","templated":true}]}}