{"id":10164,"date":"2025-04-04T18:49:54","date_gmt":"2025-04-04T10:49:54","guid":{"rendered":"https:\/\/zojopackaging.com\/?post_type=product&#038;p=10164"},"modified":"2025-04-04T18:59:45","modified_gmt":"2025-04-04T10:59:45","slug":"customizable-luxury-perfume-watch-boxes-with-handle","status":"publish","type":"product","link":"https:\/\/zojopackaging.com\/pt\/product\/customizable-luxury-perfume-watch-boxes-with-handle\/","title":{"rendered":"Caixas de rel\u00f3gio personaliz\u00e1veis para perfumes de luxo com pega"},"content":{"rendered":"<h2 id=\"-i-core-features-of-the-product-\"><strong>1. Carater\u00edsticas principais do produto<\/strong><\/h2>\n<ol>\n<li><strong>Combina\u00e7\u00e3o inovadora de materiais, aliando arte e praticidade<\/strong>\u00a0A camada de superf\u00edcie \u00e9 composta por 157 g de papel de arte revestido a C2S e 1200 g de cart\u00e3o duro. O processo composto permite obter resist\u00eancia \u00e0 compress\u00e3o e ao choque (resist\u00eancia \u00e0 compress\u00e3o superior a 50 kg), ao mesmo tempo que confere \u00e0 caixa um toque delicado e uma textura mate. A superf\u00edcie do papel art\u00edstico pode ser personalizada com textura em relevo ou padr\u00e3o serigr\u00e1fico, combinada com o suporte r\u00edgido do cart\u00e3o para garantir que n\u00e3o se deforma durante o transporte, e a apresenta\u00e7\u00e3o visual \u00e9 art\u00edstica de alta qualidade.<\/li>\n<li><strong>Conce\u00e7\u00e3o da melhoria visual da marca<\/strong><\/li>\n<li><strong>Cor principal<\/strong>: Com base no sistema de cores do macaron azul, a cor \u00e9 ajustada com precis\u00e3o atrav\u00e9s da carta de cores Pantone para apresentar um toque suave e sofisticado.<\/li>\n<li><strong>Processo do LOGO<\/strong>: A estampagem a quente de alum\u00ednio eletroqu\u00edmico de grau espelho \u00e9 conclu\u00edda utilizando a unidade de estampagem a quente alem\u00e3 Heidelberg. O \u00edndice de refra\u00e7\u00e3o da luz \u00e9 superior a 85%, e pode formar-se um brilho met\u00e1lico fluido sob luz e sombra din\u00e2micas, melhorando significativamente o reconhecimento da marca.<\/li>\n<\/ol>\n<h2 id=\"-ii-lining-and-structural-optimization-\"><strong>2. Otimiza\u00e7\u00e3o do revestimento e da estrutura<\/strong><\/h2>\n<ol>\n<li><strong>Solu\u00e7\u00e3o de revestimento personalizada<\/strong><\/li>\n<li><strong>Sele\u00e7\u00e3o de materiais<\/strong>: \u00c9 fornecido um revestimento em EVA (\u00e0 prova de choque, anti-est\u00e1tico) ou em esponja (amortecimento suave), e o molde pode ser aberto com precis\u00e3o de acordo com o tamanho do frasco de perfume\/rel\u00f3gio para proteger o produto de colis\u00f5es.<\/li>\n<li><strong>Sistema de correspond\u00eancia de cores<\/strong>: O revestimento \u00e9 compat\u00edvel com o sistema de cores Morandi (como o p\u00f3 cinzento, o azul nevoeiro), e a cor de baixa satura\u00e7\u00e3o \u00e9 obtida atrav\u00e9s do processo de revestimento UV mate, que forma um contraste harmonioso com a cor principal do exterior.<\/li>\n<li><strong>Estrutura patenteada da caixa do c\u00e9u e da terra<\/strong><\/li>\n<li><strong>Conveni\u00eancia de abertura<\/strong>: O design de divis\u00e3o \"c\u00e9u-cobertura-solo\" \u00e9 adotado, e o \u00e2ngulo de abertura e fecho \u00e9 \u226590\u00b0, que pode ser facilmente retirado e colocado com uma m\u00e3o.<\/li>\n<li><strong>Desempenho de veda\u00e7\u00e3o<\/strong>: Ap\u00f3s o fecho do corpo da caixa, esta \u00e9 duplamente bloqueada por suc\u00e7\u00e3o magn\u00e9tica + fivela, \u00e0 prova de poeira e de humidade, e cumpre as normas internacionais de transporte (o teste ISTA 3A foi aprovado).<\/li>\n<\/ol>\n<h2 id=\"-iii-personalized-customization-service-\"><strong>3. Servi\u00e7o de personaliza\u00e7\u00e3o personalizado<\/strong><\/h2>\n<ol>\n<li><strong>Compatibilidade com frascos de perfume<\/strong>\u00a0Suporta a personaliza\u00e7\u00e3o de frascos de perfume de v\u00e1rias especifica\u00e7\u00f5es, de 10 ml a 100 ml, incluindo necessidades especiais, como frascos de vidro com formas especiais e bicos de metal. A ranhura de revestimento pode ser adaptada a formas de corte cil\u00edndricas, quadradas ou personalizadas.<\/li>\n<li><strong>Op\u00e7\u00f5es de expans\u00e3o do processo<\/strong><\/li>\n<li><strong>Tratamento de superf\u00edcie<\/strong>: Op\u00e7\u00e3o de grava\u00e7\u00e3o em relevo, UV local, serigrafia e outros processos, tais como revestimento UV com efeito de c\u00e9u estrelado ou relevo est\u00e9reo 3D.<\/li>\n<li><strong>Design da pega<\/strong>: A pega \u00e9 feita de couro PU ecol\u00f3gico envolto num esqueleto de PP r\u00edgido, que \u00e9 confort\u00e1vel de segurar e pode suportar uma carga de 5 kg, e suporta a estampagem a quente de log\u00f3tipos de marcas.<\/li>\n<\/ol>\n<h2 id=\"-iv-production-and-quality-control-guarantee-\"><strong>4. Garantia de produ\u00e7\u00e3o e controlo de qualidade<\/strong><\/h2>\n<ol>\n<li><strong>Sistema de produ\u00e7\u00e3o inteligente<\/strong><\/li>\n<li><strong>Equipamento<\/strong>: Equipada com uma m\u00e1quina de impress\u00e3o alem\u00e3 Heidelberg CX 102 de seis cores, suporta impress\u00e3o de pontos com precis\u00e3o de 0,1 mm; a linha de corte e vinco totalmente autom\u00e1tica atinge um erro de corte de \u00b10,3 mm.<\/li>\n<li><strong>Controlo de qualidade<\/strong>: O sistema de certifica\u00e7\u00e3o ISO 9001 foi aprovado, a inspe\u00e7\u00e3o da qualidade do processo completo (mat\u00e9rias-primas que entram no armaz\u00e9m \u2192 produtos acabados que saem da f\u00e1brica) abrange 12 processos e a taxa de qualifica\u00e7\u00e3o do produto \u00e9 de 99,98%.<\/li>\n<li><strong>Velocidade de resposta do projeto<\/strong>\u00a0Os designers utilizam software de modela\u00e7\u00e3o param\u00e9trica (como o Rhino+Grasshopper) para fornecer renderiza\u00e7\u00f5es 3D e provas f\u00edsicas no prazo de 48 horas, apoiar a visualiza\u00e7\u00e3o virtual de RA e acelerar a tomada de decis\u00f5es por parte dos clientes.<\/li>\n<\/ol>\n<h2 id=\"-v-application-scenarios-and-added-value-\"><strong>5. Cen\u00e1rios de aplica\u00e7\u00e3o e valor acrescentado<\/strong><\/h2>\n<ul>\n<li><strong>Dom\u00ednios aplic\u00e1veis<\/strong>: caixas de oferta de perfumes de luxo, embalagens de rel\u00f3gios de alta gama, personaliza\u00e7\u00e3o conjunta de edi\u00e7\u00f5es limitadas.<\/li>\n<li><strong>Certifica\u00e7\u00e3o ambiental<\/strong>: O material cumpre as normas FSC, a taxa de reciclagem \u00e9 de 95% e permite a rastreabilidade da pegada de carbono.<\/li>\n<\/ul>\n<p><strong>Processo de personaliza\u00e7\u00e3o<\/strong>: comunica\u00e7\u00e3o da procura \u2192 modela\u00e7\u00e3o 3D \u2192 confirma\u00e7\u00e3o da prova \u2192 produ\u00e7\u00e3o em massa (quantidade m\u00ednima de encomenda 500 pe\u00e7as, apoio a encomendas r\u00e1pidas).<\/p>","protected":false},"excerpt":{"rendered":"<p>\u2705<strong>Apelo ao luxo.<\/strong>Aumente o valor percebido com designs minimalistas e de marca.<br \/>\n\u2705<strong>Efici\u00eancia a granel.<\/strong>Optimizado para uma montagem r\u00e1pida e um transporte econ\u00f3mico.<br \/>\n\u2705<strong>Personaliza\u00e7\u00e3o \u00e0 medida.<\/strong>Adicione log\u00f3tipos, texto ou toques de cor \u00fanicos.<br \/>\n\u2705<strong>Prote\u00e7\u00e3o.<\/strong>Os bordos refor\u00e7ados protegem contra os danos causados pelo transporte.<br \/>\n\u2705<strong>Versatilidade.<\/strong>Ideal para perfumes, rel\u00f3gios ou conjuntos de oferta de luxo.<\/p>","protected":false},"featured_media":10170,"template":"","meta":[],"product_brand":[],"product_cat":[30,413,417,425,31],"product_tag":[1357,1356,1358],"class_list":{"0":"post-10164","1":"product","2":"type-product","3":"status-publish","4":"has-post-thumbnail","6":"product_cat-by-industry","7":"product_cat-consumer-electronics-boxes","8":"product_cat-custom-perfume-boxes-by-industry","9":"product_cat-lid-and-base-gift-box","10":"product_cat-paper-box-style","11":"product_tag-customizable-watch-boxes","12":"product_tag-luxury-perfume-boxes","13":"product_tag-watch-boxes-with-handle","15":"first","16":"instock","17":"shipping-taxable","18":"product-type-grouped"},"_links":{"self":[{"href":"https:\/\/zojopackaging.com\/pt\/wp-json\/wp\/v2\/product\/10164","targetHints":{"allow":["GET"]}}],"collection":[{"href":"https:\/\/zojopackaging.com\/pt\/wp-json\/wp\/v2\/product"}],"about":[{"href":"https:\/\/zojopackaging.com\/pt\/wp-json\/wp\/v2\/types\/product"}],"version-history":[{"count":1,"href":"https:\/\/zojopackaging.com\/pt\/wp-json\/wp\/v2\/product\/10164\/revisions"}],"predecessor-version":[{"id":10171,"href":"https:\/\/zojopackaging.com\/pt\/wp-json\/wp\/v2\/product\/10164\/revisions\/10171"}],"wp:featuredmedia":[{"embeddable":true,"href":"https:\/\/zojopackaging.com\/pt\/wp-json\/wp\/v2\/media\/10170"}],"wp:attachment":[{"href":"https:\/\/zojopackaging.com\/pt\/wp-json\/wp\/v2\/media?parent=10164"}],"wp:term":[{"taxonomy":"product_brand","embeddable":true,"href":"https:\/\/zojopackaging.com\/pt\/wp-json\/wp\/v2\/product_brand?post=10164"},{"taxonomy":"product_cat","embeddable":true,"href":"https:\/\/zojopackaging.com\/pt\/wp-json\/wp\/v2\/product_cat?post=10164"},{"taxonomy":"product_tag","embeddable":true,"href":"https:\/\/zojopackaging.com\/pt\/wp-json\/wp\/v2\/product_tag?post=10164"}],"curies":[{"name":"wp","href":"https:\/\/api.w.org\/{rel}","templated":true}]}}