{"id":10172,"date":"2025-04-05T14:18:29","date_gmt":"2025-04-05T06:18:29","guid":{"rendered":"https:\/\/zojopackaging.com\/?post_type=product&#038;p=10172"},"modified":"2025-04-05T14:26:25","modified_gmt":"2025-04-05T06:26:25","slug":"custom-luxury-perfume-drawer-box-and-bag-gift-box-sets","status":"publish","type":"product","link":"https:\/\/zojopackaging.com\/pt\/product\/custom-luxury-perfume-drawer-box-and-bag-gift-box-sets\/","title":{"rendered":"Caixa e saco de gaveta para perfumes de luxo personalizados - Conjuntos de caixas de oferta"},"content":{"rendered":"<h3 id=\"-1-structural-innovation-double-protection-of-special-paper-gray-board-\"><strong>1. Inova\u00e7\u00e3o estrutural: dupla prote\u00e7\u00e3o de papel especial + cart\u00e3o cinzento<\/strong><\/h3>\n<p>Adoptando uma estrutura composta de\u00a0<strong>Papel especial de alta gramagem de 120g<\/strong>\u00a0(rugosidade da superf\u00edcie Ra\u22640,8\u03bcm) e\u00a0<strong>Cart\u00e3o cinzento 1200g<\/strong>Atrav\u00e9s da tecnologia de corte de precis\u00e3o e moldagem por prensagem a frio, a resist\u00eancia \u00e0 compress\u00e3o do corpo da caixa \u2265350N (consulte a norma de teste ISO 12048) e a taxa de danos no transporte \u00e9 inferior a 0,3%. O forro de placa cinza adota o design de papel\u00e3o em favo de mel, o que melhora o desempenho s\u00edsmico em 80%, mantendo a espessura desdobrada do corpo da caixa apenas 1\/3 daquela no estado fechado e otimizando a utiliza\u00e7\u00e3o do espa\u00e7o log\u00edstico em 70% (Caso: Relat\u00f3rio de otimiza\u00e7\u00e3o de transporte mar\u00edtimo de 2024 de uma marca de fragr\u00e2ncias de luxo).<\/p>\n<h3 id=\"-2-visual-narrative-the-collision-of-gray-aesthetics-and-hot-stamping-technology-\"><strong>2. Narrativa visual: a colis\u00e3o entre a est\u00e9tica cinzenta e a tecnologia de estampagem a quente<\/strong><\/h3>\n<p>-\u00a0<strong>Sistema de cores<\/strong>: A cor principal \u00e9\u00a0<strong>Pantone 18-1445 TCX (cinzento antigo)<\/strong>, que \u00e9 combinado com\u00a0<strong>15-3717 TCX (branco p\u00e9rola)<\/strong>\u00a0para formar um contraste visual, e a transi\u00e7\u00e3o de gradiente de 0,1 mm \u00e9 conseguida atrav\u00e9s de uma impress\u00e3o de alta precis\u00e3o de 1200 dpi; -\u00a0<strong>Capacita\u00e7\u00e3o da marca<\/strong>: O LOGO adopta\u00a0<strong>tecnologia de estampagem a quente em ouro rosa<\/strong>com um brilho met\u00e1lico de 90GU, resist\u00eancia ao desgaste aprovada no teste ISO 2838 e clareza t\u00e1til aumentada em 50%; -\u00a0<strong>Arte de luz e sombra<\/strong>: O bordo da tampa da caixa foi concebido com padr\u00f5es de grava\u00e7\u00e3o a laser de 0,3 mm, que formam efeitos din\u00e2micos de luz e sombra quando a luz \u00e9 refractada, o que se adequa ao tom misterioso das fragr\u00e2ncias topo de gama.<\/p>\n<h3 id=\"-3-lining-system-luxurious-care-in-black-and-gray-colors-\"><strong>3. Sistema de forro: cuidado luxuoso nas cores preto e cinzento<\/strong><\/h3>\n<p>-\u00a0<strong>Sele\u00e7\u00e3o de materiais<\/strong>: -\u00a0<strong>Forro em EVA<\/strong>: 3mm de espessura, dureza Shore 60A, taxa de ressalto por compress\u00e3o \u226595%, adequado para fixar frascos de perfume com formas especiais; -\u00a0<strong>Forro de esponja<\/strong>poliuretano de alta densidade, densidade \u226545kg\/m\u00b3, desempenho \u00e0 prova de choque aprovado na certifica\u00e7\u00e3o ISTA 3A; -\u00a0<strong>Uniforme de estilo<\/strong>pel\u00edcula mate na superf\u00edcie do forro, toque sedoso, em camadas com o forro de cart\u00e3o cinzento, aumentando a sensa\u00e7\u00e3o de abertura da caixa.<\/p>\n<h3 id=\"-4-pull-out-design-balance-between-ritual-and-practicality-\"><strong>4. Design extra\u00edvel: equil\u00edbrio entre ritual e praticidade<\/strong><\/h3>\n<p>-\u00a0<strong>Otimiza\u00e7\u00e3o estrutural<\/strong>: Adotar\u00a0<strong>calha deslizante silenciosa de tr\u00eas sec\u00e7\u00f5es<\/strong>, rolamento de esferas de a\u00e7o inoxid\u00e1vel incorporado, suavidade de extra\u00e7\u00e3o aumentada por 60%, for\u00e7a de opera\u00e7\u00e3o com uma s\u00f3 m\u00e3o \u22641,5N; -\u00a0<strong>Garantia de selagem<\/strong>: O corpo da caixa e a tampa da caixa adoptam\u00a0<strong>suc\u00e7\u00e3o magn\u00e9tica + bloqueio duplo da lingueta<\/strong>a taxa de fuga do teste de estanquidade ao ar \u00e9 &lt;0,05mL\/min, o que cumpre as normas de transporte a\u00e9reo; -\u00a0<strong>Design interativo<\/strong>: O \u00e2ngulo de abertura \u00e9 optimizado para 85\u00b0, com uma faixa de luz LED incorporada (opcional), que desencadeia instantaneamente uma atmosfera de luz suave quando a caixa \u00e9 aberta para melhorar a experi\u00eancia do utilizador.<\/p>\n<h3 id=\"-5-specification-adaptation-full-scenario-capacity-solution-\"><strong>5. Adapta\u00e7\u00e3o das especifica\u00e7\u00f5es: solu\u00e7\u00e3o de capacidade para o cen\u00e1rio completo<\/strong><\/h3>\n<p>-\u00a0<strong>Compatibilidade do tipo de garrafa<\/strong>: suporta frascos de perfume com um di\u00e2metro de 15-45mm e uma altura de 50-150mm, o mais pequeno adequado para tubos de ensaio de 10ml, e o maior pode acomodar frascos de perfume de formato especial de 100ml; -\u00a0<strong>Expans\u00e3o do processo<\/strong>: -\u00a0<strong>Tratamento de superf\u00edcie<\/strong>: relevo UV local, grava\u00e7\u00e3o a laser, revestimento perolado; -\u00a0<strong>Fun\u00e7\u00f5es adicionais<\/strong>: etiquetas de dete\u00e7\u00e3o de temperatura e humidade incorporadas (opcional), rastreabilidade por leitura de c\u00f3digo de chip NFC<\/p>\n<h3 id=\"-6-matching-paper-bag-the-ultimate-solution-for-light-luxury-and-portability-\"><strong>6. Saco de papel a condizer: a solu\u00e7\u00e3o definitiva para um luxo ligeiro e portabilidade<\/strong><\/h3>\n<p>-\u00a0<strong>Matriz de material<\/strong>: -\u00a0<strong>Saco exterior<\/strong>: Cart\u00e3o branco de 300g + revestimento PET de 20\u03bcm, resist\u00eancia ao rasgamento \u226550N; -\u00a0<strong>Forro interior<\/strong>: 50g de tecido n\u00e3o tecido + flocagem, finura de toque Ra\u22640,4\u03bcm; -\u00a0<strong>Detalhes do projeto<\/strong>: A boca do saco adopta fivela magn\u00e9tica + design integrado de pega, suporte de carga \u22652kg, e o tamanho port\u00e1til pode ser personalizado (m\u00ednimo 18\u00d712cm).<\/p>\n<h3 id=\"-7-smart-manufacturing-cornerstone-16-years-of-industry-experience-\"><strong>7. Pedra angular do fabrico inteligente: 16 anos de experi\u00eancia no sector<\/strong><\/h3>\n<p>-\u00a0<strong>Matriz de equipamento<\/strong>: Equipado com uma unidade de impress\u00e3o alem\u00e3 Heidelberg de seis cores (diferen\u00e7a de cor \u0394E\u22640,8), linha de produ\u00e7\u00e3o de corte e vinco totalmente autom\u00e1tica (precis\u00e3o \u00b10,1mm), capacidade de produ\u00e7\u00e3o di\u00e1ria de 100.000 pe\u00e7as; -\u00a0<strong>Sistema de controlo da qualidade<\/strong>: Aprova\u00e7\u00e3o da certifica\u00e7\u00e3o ISO 9001\/BRCGS, cada lote de produtos \u00e9 submetido a 12 inspec\u00e7\u00f5es de qualidade (testes de compress\u00e3o\/descarga\/velocidade da cor), e a taxa de qualifica\u00e7\u00e3o \u00e9 de 99,98%; -\u00a0<strong>Resposta \u00e1gil<\/strong>: A equipa de modela\u00e7\u00e3o param\u00e9trica realiza renderiza\u00e7\u00f5es e provas em 3D no prazo de 48 horas e suporta a personaliza\u00e7\u00e3o de pequenos lotes (encomenda m\u00ednima de 500 pe\u00e7as).<\/p>","protected":false},"excerpt":{"rendered":"<p><strong>ZOJO Print | Caixa e bolsa personalizadas para gaveta de perfume de luxo - Conjunto de caixa de oferta: Fus\u00e3o perfeita de arte e fun\u00e7\u00e3o<\/strong><\/p>\n<p>No mercado de perfumes e fragr\u00e2ncias de alta qualidade, a embalagem n\u00e3o \u00e9 apenas um recipiente para o produto, mas tamb\u00e9m um suporte essencial do tom da marca, da experi\u00eancia do utilizador e da liga\u00e7\u00e3o emocional. A ZOJO Print est\u00e1 profundamente envolvida no sector h\u00e1 16 anos, concentrando-se em fornecer \u00e0s marcas de perfumes de luxo solu\u00e7\u00f5es de conjuntos de caixas e sacos de gavetas que combinam valor art\u00edstico, funcionalidade e competitividade comercial.<\/p>","protected":false},"featured_media":10174,"template":"","meta":[],"product_brand":[],"product_cat":[30,417,432,31,426],"product_tag":[1359,1361,1360],"class_list":{"0":"post-10172","1":"product","2":"type-product","3":"status-publish","4":"has-post-thumbnail","6":"product_cat-by-industry","7":"product_cat-custom-perfume-boxes-by-industry","8":"product_cat-pape-gift-bags","9":"product_cat-paper-box-style","10":"product_cat-paper-drawer-boxes","11":"product_tag-custom-box-and-bag","12":"product_tag-gift-box-sets","13":"product_tag-perfume-drawer-box-and-bag","15":"first","16":"instock","17":"shipping-taxable","18":"product-type-grouped"},"_links":{"self":[{"href":"https:\/\/zojopackaging.com\/pt\/wp-json\/wp\/v2\/product\/10172","targetHints":{"allow":["GET"]}}],"collection":[{"href":"https:\/\/zojopackaging.com\/pt\/wp-json\/wp\/v2\/product"}],"about":[{"href":"https:\/\/zojopackaging.com\/pt\/wp-json\/wp\/v2\/types\/product"}],"version-history":[{"count":1,"href":"https:\/\/zojopackaging.com\/pt\/wp-json\/wp\/v2\/product\/10172\/revisions"}],"predecessor-version":[{"id":10180,"href":"https:\/\/zojopackaging.com\/pt\/wp-json\/wp\/v2\/product\/10172\/revisions\/10180"}],"wp:featuredmedia":[{"embeddable":true,"href":"https:\/\/zojopackaging.com\/pt\/wp-json\/wp\/v2\/media\/10174"}],"wp:attachment":[{"href":"https:\/\/zojopackaging.com\/pt\/wp-json\/wp\/v2\/media?parent=10172"}],"wp:term":[{"taxonomy":"product_brand","embeddable":true,"href":"https:\/\/zojopackaging.com\/pt\/wp-json\/wp\/v2\/product_brand?post=10172"},{"taxonomy":"product_cat","embeddable":true,"href":"https:\/\/zojopackaging.com\/pt\/wp-json\/wp\/v2\/product_cat?post=10172"},{"taxonomy":"product_tag","embeddable":true,"href":"https:\/\/zojopackaging.com\/pt\/wp-json\/wp\/v2\/product_tag?post=10172"}],"curies":[{"name":"wp","href":"https:\/\/api.w.org\/{rel}","templated":true}]}}