{"id":10181,"date":"2025-04-05T14:26:56","date_gmt":"2025-04-05T06:26:56","guid":{"rendered":"https:\/\/zojopackaging.com\/?post_type=product&#038;p=10181"},"modified":"2025-04-05T14:34:36","modified_gmt":"2025-04-05T06:34:36","slug":"custom-premium-pre-roll-magnetic-closure-box-packaging-boxes","status":"publish","type":"product","link":"https:\/\/zojopackaging.com\/pt\/product\/custom-premium-pre-roll-magnetic-closure-box-packaging-boxes\/","title":{"rendered":"Caixas de embalagem personalizadas com fecho magn\u00e9tico em pr\u00e9-rolo Premium"},"content":{"rendered":"<h3 id=\"-1-material-innovation-double-protection-of-coated-paper-gray-board-\"><strong>1. Inova\u00e7\u00e3o material: dupla prote\u00e7\u00e3o de papel revestido + cart\u00e3o cinzento<\/strong><\/h3>\n<p>Adoptando uma estrutura composta de\u00a0<strong>Papel revestido de alta gramagem de 157 g<\/strong>\u00a0(rugosidade da superf\u00edcie Ra\u22640,6\u03bcm) e\u00a0<strong>Placa cinzenta de 3 mm de espessura<\/strong>Atrav\u00e9s da tecnologia de corte de precis\u00e3o e moldagem por prensagem a frio, a resist\u00eancia \u00e0 compress\u00e3o do corpo da caixa \u2265280N (consulte a norma de teste ISO 12048) e a taxa de danos no transporte \u00e9 inferior a 0,5%. A suavidade da superf\u00edcie do papel revestido \u00e9 superior a 90% (ISO 8791), e com o\u00a0<strong>revestimento nano-hidrof\u00f3bico<\/strong>O desempenho \u00e0 prova de \u00e1gua da pel\u00edcula \u00e9 melhorado em 60%, satisfazendo os requisitos do ambiente h\u00famido do transporte mar\u00edtimo (fonte de dados: relat\u00f3rio do laborat\u00f3rio de materiais de embalagem).<\/p>\n<h3 id=\"-2-structural-design-the-ritual-and-practicality-of-the-flip-box-\"><strong>2. Conce\u00e7\u00e3o estrutural: o ritual e o car\u00e1cter pr\u00e1tico da caixa flip<\/strong><\/h3>\n<p>-\u00a0<strong>Otimiza\u00e7\u00e3o mec\u00e2nica do flip<\/strong>:\u00a0<strong>suc\u00e7\u00e3o magn\u00e9tica + bloqueio duplo da lingueta<\/strong>O \u00e2ngulo de abertura e fecho \u00e9 optimizado para 85\u00b0, a for\u00e7a de opera\u00e7\u00e3o com uma s\u00f3 m\u00e3o \u00e9 \u22641,5N e est\u00e1 em conformidade com o design ergon\u00f3mico;<\/p>\n<p>-\u00a0<strong>Sistema de slots<\/strong>A estrutura de EVA \u00e9 composta por 3-5 camadas de ranhuras ajust\u00e1veis (espessura de 1-2 mm), adequadas para cigarros pr\u00e9-enrolados de diferentes di\u00e2metros (\u03a65-15 mm), e o desempenho \u00e0 prova de choque \u00e9 certificado pela ISTA 3A;<\/p>\n<p>-\u00a0<strong>Tecnologia de veda\u00e7\u00e3o magn\u00e9tica<\/strong>A taxa de fuga de veda\u00e7\u00e3o \u00e9 &lt;0,05mL\/min, garantindo a estabilidade do produto para armazenamento a longo prazo.<\/p>\n<h3 id=\"-3-visual-narrative-the-fusion-of-leaf-vein-texture-and-brand-aesthetics-\"><strong>3. Narrativa visual: a fus\u00e3o entre a textura do veio da folha e a est\u00e9tica da marca<\/strong><\/h3>\n<p>-\u00a0<strong>Elementos naturais<\/strong>: a superf\u00edcie da caixa adopta\u00a0<strong>textura de veios de folhas gravada a laser<\/strong>com uma profundidade de 0,1 mm, que forma um efeito din\u00e2mico de luz e sombra quando a luz \u00e9 refractada, transmitindo a vitalidade da natureza;<\/p>\n<p>-\u00a0<strong>Capacita\u00e7\u00e3o da marca<\/strong>: o LOGO adopta\u00a0<strong>tecnologia de estampagem a quente em ouro rosa<\/strong>O brilho do metal atinge 90GU, a resist\u00eancia ao desgaste passa no teste ISO 2838 e a nitidez do toque \u00e9 melhorada em 50%;<\/p>\n<p>-\u00a0<strong>Psicologia da cor<\/strong>: a cor principal \u00e9\u00a0<strong>Pantone 16-5938 TCX (verde antigo)<\/strong>com linhas de estampagem a quente, transmitindo uma imagem de marca topo de gama e natural.<\/p>\n<h3 id=\"-4-color-matrix-personalized-expression-of-macaron-colors-\"><strong>4. Matriz de cores: express\u00e3o personalizada das cores do macaron<\/strong><\/h3>\n<p>-\u00a0<strong>Vermelho vibrante<\/strong>\u00a0(Pantone 18-1755 TCX): atrai os jovens grupos de tend\u00eancia e melhora o reconhecimento nas prateleiras;<\/p>\n<p>-\u00a0<strong>Verde fresco<\/strong>\u00a0(Pantone 16-5938 TCX): em conformidade com o conceito de sa\u00fade natural, adequado para produtos de tabaco biol\u00f3gico;<\/p>\n<p>-\u00a0<strong>P\u00farpura misterioso<\/strong>\u00a0(Pantone 19-3939 TCX): cria uma sensa\u00e7\u00e3o de luxo, adequada para embalagens de edi\u00e7\u00e3o limitada de alta gama;<\/p>\n<p>-\u00a0<strong>Extens\u00e3o personalizada<\/strong>: suporta cart\u00e3o de cor Pantone + impress\u00e3o de cor direta, diferen\u00e7a de cor \u0394E\u22641.2, para satisfazer as necessidades personalizadas da marca.<\/p>\n<h3 id=\"-5-all-round-customization-seamless-adaptation-from-size-to-function-\"><strong>5. Personaliza\u00e7\u00e3o total: adapta\u00e7\u00e3o perfeita do tamanho \u00e0 fun\u00e7\u00e3o<\/strong><\/h3>\n<p>-\u00a0<strong>Flexibilidade de tamanho<\/strong>Suporte m\u00ednimo de \u03a630\u00d750mm (embalagem individual) e m\u00e1ximo de \u03a660\u00d7120mm (caixa de presente com v\u00e1rias embalagens);<\/p>\n<p>-\u00a0<strong>Personaliza\u00e7\u00e3o das ranhuras<\/strong>: quantidade de ranhuras ajust\u00e1vel (3-8 camadas), espa\u00e7amento (5-20mm) e forma (circular\/hexagonal);<\/p>\n<p>-\u00a0<strong>Expans\u00e3o da fun\u00e7\u00e3o<\/strong>: etiqueta com sensor de temperatura e humidade incorporado (opcional), rastreabilidade por leitura de c\u00f3digo de chip NFC (compat\u00edvel com a norma ISO 18000-63).<\/p>\n<h3 id=\"-6-design-empowerment-agile-implementation-from-concept-to-mass-production-\"><strong>6. Capacita\u00e7\u00e3o para a conce\u00e7\u00e3o: Implementa\u00e7\u00e3o \u00e1gil desde o conceito at\u00e9 \u00e0 produ\u00e7\u00e3o em massa<\/strong><\/h3>\n<p>Uma equipa especial de 3 designers seniores fornece tr\u00eas servi\u00e7os personalizados:<\/p>\n<p>-\u00a0<strong>Inova\u00e7\u00e3o estrutural<\/strong>: Desenvolver 12 tipos de caixas patenteadas (tais como camadas rotativas, fechos magn\u00e9ticos com palavra-passe), compat\u00edveis com a coloca\u00e7\u00e3o de produtos com formas especiais;<\/p>\n<p>-\u00a0<strong>Visualiza\u00e7\u00e3o 3D<\/strong>: Produ\u00e7\u00e3o de modelos 3D param\u00e9tricos no prazo de 48 horas (precis\u00e3o de \u00b10,1 mm), suporte de pr\u00e9-visualiza\u00e7\u00e3o virtual AR;<\/p>\n<p>-\u00a0<strong>Capacita\u00e7\u00e3o cultural<\/strong>: Integrar o novo estilo chin\u00eas, cyberpunk e outros estilos, fornecer mais de 200 bibliotecas de padr\u00f5es e adaptar-se a diversos mercados como a Europa, Am\u00e9rica e Sudeste Asi\u00e1tico.<\/p>\n<h3 id=\"-7-smart-manufacturing-cornerstone-16-years-of-industry-experience-\"><strong>7. Pedra angular do fabrico inteligente: 16 anos de experi\u00eancia no sector<\/strong><\/h3>\n<p>-\u00a0<strong>Matriz de equipamento<\/strong>: equipada com unidade de impress\u00e3o alem\u00e3 Heidelberg a seis cores (diferen\u00e7a de cor \u0394E\u22640,8), linha de produ\u00e7\u00e3o de corte e vinco totalmente autom\u00e1tica (precis\u00e3o \u00b10,1mm), capacidade de produ\u00e7\u00e3o di\u00e1ria de 100.000 pe\u00e7as;<\/p>\n<p>-\u00a0<strong>Sistema de controlo da qualidade<\/strong>: Certifica\u00e7\u00e3o ISO 9001\/BRCGS, cada lote de produtos \u00e9 submetido a 12 inspec\u00e7\u00f5es de qualidade (testes de compress\u00e3o\/queda\/resist\u00eancia \u00e0 cor), e a taxa de qualifica\u00e7\u00e3o \u00e9 de 99,98%;<\/p>\n<p>-\u00a0<strong>Resposta \u00e1gil<\/strong>: Entrega em 36 horas de encomendas urgentes (caso: 100.000 pe\u00e7as de encomendas urgentes para uma determinada marca em 2024), apoio \u00e0 personaliza\u00e7\u00e3o de pequenos lotes (encomenda m\u00ednima de 500 pe\u00e7as).<\/p>","protected":false},"excerpt":{"rendered":"<p><strong>ZOJO Print | Caixa de embalagem personalizada de alta qualidade com fecho magn\u00e9tico para pr\u00e9-rolos - Utilizando um design engenhoso para potenciar a nova est\u00e9tica do tabaco<\/strong><\/p>\n<p>No dom\u00ednio das embalagens de cigarros pr\u00e9-enrolados de alta qualidade, o corpo da caixa n\u00e3o \u00e9 apenas um recipiente para o produto, mas tamb\u00e9m um suporte essencial do tom da marca, da experi\u00eancia do utilizador e da diferencia\u00e7\u00e3o do mercado. A ZOJO Print est\u00e1 profundamente envolvida no sector h\u00e1 16 anos, centrando-se no fornecimento de caixas com selo magn\u00e9tico para cigarros pr\u00e9-enrolados com valor funcional, est\u00e9tico e competitividade comercial. A seguir, analisamos o nosso objetivo final de embalagem de tabaco a partir de sete dimens\u00f5es principais:<\/p>","protected":false},"featured_media":10188,"template":"","meta":[],"product_brand":[],"product_cat":[30,420,424,31],"product_tag":[1362,1364,1363],"class_list":{"0":"post-10181","1":"product","2":"type-product","3":"status-publish","4":"has-post-thumbnail","6":"product_cat-by-industry","7":"product_cat-custom-cannabis-boxes","8":"product_cat-magnetic-closure-boxes","9":"product_cat-paper-box-style","10":"product_tag-custom-premium-box","11":"product_tag-packaging-boxes","12":"product_tag-pre-roll-magnetic-closure-box","14":"first","15":"instock","16":"shipping-taxable","17":"product-type-grouped"},"_links":{"self":[{"href":"https:\/\/zojopackaging.com\/pt\/wp-json\/wp\/v2\/product\/10181","targetHints":{"allow":["GET"]}}],"collection":[{"href":"https:\/\/zojopackaging.com\/pt\/wp-json\/wp\/v2\/product"}],"about":[{"href":"https:\/\/zojopackaging.com\/pt\/wp-json\/wp\/v2\/types\/product"}],"version-history":[{"count":1,"href":"https:\/\/zojopackaging.com\/pt\/wp-json\/wp\/v2\/product\/10181\/revisions"}],"predecessor-version":[{"id":10189,"href":"https:\/\/zojopackaging.com\/pt\/wp-json\/wp\/v2\/product\/10181\/revisions\/10189"}],"wp:featuredmedia":[{"embeddable":true,"href":"https:\/\/zojopackaging.com\/pt\/wp-json\/wp\/v2\/media\/10188"}],"wp:attachment":[{"href":"https:\/\/zojopackaging.com\/pt\/wp-json\/wp\/v2\/media?parent=10181"}],"wp:term":[{"taxonomy":"product_brand","embeddable":true,"href":"https:\/\/zojopackaging.com\/pt\/wp-json\/wp\/v2\/product_brand?post=10181"},{"taxonomy":"product_cat","embeddable":true,"href":"https:\/\/zojopackaging.com\/pt\/wp-json\/wp\/v2\/product_cat?post=10181"},{"taxonomy":"product_tag","embeddable":true,"href":"https:\/\/zojopackaging.com\/pt\/wp-json\/wp\/v2\/product_tag?post=10181"}],"curies":[{"name":"wp","href":"https:\/\/api.w.org\/{rel}","templated":true}]}}