{"id":10190,"date":"2025-04-05T14:35:34","date_gmt":"2025-04-05T06:35:34","guid":{"rendered":"https:\/\/zojopackaging.com\/?post_type=product&#038;p=10190"},"modified":"2025-04-05T14:44:05","modified_gmt":"2025-04-05T06:44:05","slug":"custom-wholesale-perfume-slide-out-boxes-packaging-supplier","status":"publish","type":"product","link":"https:\/\/zojopackaging.com\/pt\/product\/custom-wholesale-perfume-slide-out-boxes-packaging-supplier\/","title":{"rendered":"Caixas deslizantes para perfumes por atacado personalizadas Fornecedor de embalagens"},"content":{"rendered":"<h3 id=\"-1-material-innovation-double-protection-of-coated-paper-gray-board-\"><strong>1. Inova\u00e7\u00e3o material: dupla prote\u00e7\u00e3o de papel revestido + cart\u00e3o cinzento<\/strong><\/h3>\n<p>Adoptando uma estrutura composta de\u00a0<strong>Papel revestido de alta gramagem de 157 g<\/strong>\u00a0(rugosidade da superf\u00edcie Ra\u22640,6\u03bcm) e\u00a0<strong>Cart\u00e3o cinzento 1200g<\/strong>Atrav\u00e9s de processos precisos de corte e moldagem por prensagem a frio, a resist\u00eancia \u00e0 compress\u00e3o do corpo da caixa \u00e9 \u2265280N (norma de teste ISO 12048 de refer\u00eancia) e a taxa de danos no transporte \u00e9 inferior a 0,5%. A suavidade da superf\u00edcie do papel revestido \u00e9 superior a 90% (ISO 8791), e com\u00a0<strong>revestimento nano-hidrof\u00f3bico<\/strong>O desempenho \u00e0 prova de \u00e1gua da pel\u00edcula de passagem \u00e9 melhorado pelo 60%, satisfazendo os requisitos de ambientes h\u00famidos no transporte mar\u00edtimo (fonte de dados: relat\u00f3rio do laborat\u00f3rio de materiais de embalagem).<\/p>\n<h3 id=\"-2-structural-design-the-sense-of-ceremony-and-practicality-of-sliding-out-the-box-\"><strong>2. Conce\u00e7\u00e3o estrutural: o sentido de cerim\u00f3nia e a praticidade de deslizar para fora da caixa<\/strong><\/h3>\n<p>-\u00a0<strong>Garantia de selagem<\/strong>: o corpo da caixa e a tampa da caixa adoptam\u00a0<strong>suc\u00e7\u00e3o magn\u00e9tica + bloqueio duplo da lingueta<\/strong>A taxa de fuga do teste de estanquidade ao ar \u00e9 inferior a 0,05mL\/min, o que cumpre as normas de transporte a\u00e9reo;<\/p>\n<p>-\u00a0<strong>Design interativo<\/strong>: o \u00e2ngulo de abertura \u00e9 optimizado para 85\u00b0, com uma faixa de luz LED incorporada (opcional), que desencadeia uma atmosfera de luz suave quando a caixa \u00e9 aberta, melhorando a experi\u00eancia do utilizador.<\/p>\n<h3 id=\"-3-visual-narrative-minimalist-aesthetics-and-brand-empowerment-\"><strong>3. Narrativa visual: Est\u00e9tica minimalista e capacita\u00e7\u00e3o da marca<\/strong><\/h3>\n<p>-\u00a0<strong>Sistema de cores<\/strong>: -\u00a0<strong>Estilo da moda negra<\/strong>: Com padr\u00f5es de corte geom\u00e9tricos, o Pantone 18-1755 TCX (vermelho vibrante) \u00e9 utilizado como toque final para transmitir um sentido art\u00edstico vanguardista;<\/p>\n<p>-\u00a0<strong>Estilo de luxo bege<\/strong>: Com Pantone 16-5938 TCX (Amarelo antigo) como base, sobreposto com padr\u00f5es gravados a laser de 0,3 mm, interpretando a eleg\u00e2ncia cl\u00e1ssica;<\/p>\n<p>-\u00a0<strong>Log\u00f3tipo da marca<\/strong>: A palavra \"PERFUME\" \u00e9 gravada a quente no centro da caixa, utilizando a tecnologia de grava\u00e7\u00e3o em ouro rosa, o brilho met\u00e1lico atinge 90GU e a clareza t\u00e1til \u00e9 aumentada em 50%.<\/p>\n<h3 id=\"-4-lining-system-refined-protection-with-multi-material-adaptation-\"><strong>4. Sistema de revestimento: prote\u00e7\u00e3o aperfei\u00e7oada com adapta\u00e7\u00e3o multimaterial<\/strong><\/h3>\n<p>-\u00a0<strong>Forro em EVA<\/strong>: 3mm de espessura, dureza Shore 60A, resist\u00eancia \u00e0 compress\u00e3o \u2265 95%, adequado para fixar frascos de perfume com formas especiais;<\/p>\n<p>-\u00a0<strong>Esponja\/PEP<\/strong>poliuretano de alta densidade (densidade \u2265 45 kg\/m\u00b3), o desempenho \u00e0 prova de choque \u00e9 certificado pela ISTA 3A;<\/p>\n<p>-\u00a0<strong>Expans\u00e3o personalizada<\/strong>: suporta EPE, flocagem e outros materiais, e pode cortar forro personalizado (adapta\u00e7\u00e3o m\u00ednima \u03a615mm frasco de perfume).<\/p>\n<h3 id=\"-5-all-round-customization-seamless-adaptation-from-function-to-aesthetics-\"><strong>5. Personaliza\u00e7\u00e3o total: adapta\u00e7\u00e3o perfeita da fun\u00e7\u00e3o \u00e0 est\u00e9tica<\/strong><\/h3>\n<p>-\u00a0<strong>Flexibilidade de tamanho<\/strong>: suporta uma gama completa de personaliza\u00e7\u00e3o de comprimento 80-150mm, largura 50-100mm, altura 30-80mm;<\/p>\n<p>-\u00a0<strong>Expans\u00e3o da fun\u00e7\u00e3o<\/strong>: etiqueta de dete\u00e7\u00e3o de temperatura e humidade incorporada (opcional), rastreabilidade por leitura de chips NFC (compat\u00edvel com a norma ISO 18000-63);<\/p>\n<p>-\u00a0<strong>Combina\u00e7\u00e3o de processos<\/strong>: 8 processos de tratamento de superf\u00edcie, tais como UV local, serigrafia, estampagem a quente, etc. s\u00e3o opcionais.<\/p>\n<h3 id=\"-6-design-empowerment-trend-insight-and-agile-implementation-\"><strong>6. Capacita\u00e7\u00e3o do design: perce\u00e7\u00e3o das tend\u00eancias e implementa\u00e7\u00e3o \u00e1gil<\/strong><\/h3>\n<p>Uma equipa especial de 10 designers seniores fornece tr\u00eas servi\u00e7os personalizados:<\/p>\n<p>-\u00a0<strong>Previs\u00e3o de tend\u00eancias<\/strong>: Publicar trimestralmente o \"Relat\u00f3rio de tend\u00eancias de cores para embalagens de fragr\u00e2ncias\", que abrange as cores populares anuais da Pantone e as inova\u00e7\u00f5es de materiais;<\/p>\n<p>-\u00a0<strong>Visualiza\u00e7\u00e3o 3D<\/strong>: Modelos 3D param\u00e9tricos de sa\u00edda (precis\u00e3o de \u00b10,1 mm) no prazo de 48 horas, com suporte de pr\u00e9-visualiza\u00e7\u00e3o virtual AR;<\/p>\n<p>-\u00a0<strong>Capacita\u00e7\u00e3o cultural<\/strong>: Integrar o novo estilo chin\u00eas, cyberpunk e outros estilos, fornecer mais de 200 bibliotecas de padr\u00f5es e adaptar-se a diversos mercados como a Europa, Am\u00e9rica e Sudeste Asi\u00e1tico.<\/p>\n<h3 id=\"-7-smart-manufacturing-foundation-16-years-of-industry-experience-\"><strong>7. Base de fabrico inteligente: 16 anos de experi\u00eancia no sector<\/strong><\/h3>\n<p>-\u00a0<strong>Matriz de equipamento<\/strong>: equipada com unidade de impress\u00e3o alem\u00e3 Heidelberg a seis cores (diferen\u00e7a de cor \u0394E\u22640,8), linha de produ\u00e7\u00e3o de corte e vinco totalmente autom\u00e1tica (precis\u00e3o \u00b10,1mm), capacidade de produ\u00e7\u00e3o di\u00e1ria de 100.000 pe\u00e7as;<\/p>\n<p>-\u00a0<strong>Sistema de controlo da qualidade<\/strong>: Certifica\u00e7\u00e3o ISO 9001\/BRCGS, cada lote de produtos \u00e9 submetido a 12 inspec\u00e7\u00f5es de qualidade (testes de compress\u00e3o\/queda\/resist\u00eancia \u00e0 cor), e a taxa de qualifica\u00e7\u00e3o \u00e9 de 99,98%;<\/p>\n<p>-\u00a0<strong>Resposta \u00e1gil<\/strong>: Entrega em 36 horas de encomendas urgentes (caso: 100.000 pe\u00e7as de encomendas urgentes para uma determinada marca em 2024), apoio \u00e0 personaliza\u00e7\u00e3o de pequenos lotes (encomenda m\u00ednima de 500 pe\u00e7as).<\/p>","protected":false},"excerpt":{"rendered":"<p><strong>ZOJO Print | Especialista em embalagem de caixa deslizante de perfume por atacado personalizada - interpretando a est\u00e9tica da fragr\u00e2ncia com design inovador<\/strong><\/p>\n<p>No campo das embalagens de perfumes de alta qualidade, as caixas deslizantes tornaram-se o principal suporte para as marcas melhorarem os pr\u00e9mios dos produtos com a sua experi\u00eancia interactiva \u00fanica e tens\u00e3o visual. A ZOJO Print est\u00e1 profundamente envolvida no sector h\u00e1 16 anos, concentrando-se em fornecer \u00e0s marcas de perfumes solu\u00e7\u00f5es de caixas deslizantes que combinam funcionalidade, arte e valor comercial.<\/p>","protected":false},"featured_media":10192,"template":"","meta":[],"product_brand":[],"product_cat":[30,417,31,426],"product_tag":[1365,1366,1367],"class_list":{"0":"post-10190","1":"product","2":"type-product","3":"status-publish","4":"has-post-thumbnail","6":"product_cat-by-industry","7":"product_cat-custom-perfume-boxes-by-industry","8":"product_cat-paper-box-style","9":"product_cat-paper-drawer-boxes","10":"product_tag-custom-perfume-slide-out-boxes","11":"product_tag-packaging-supplier","12":"product_tag-wholesale-perfume-slide-out-boxes","14":"first","15":"instock","16":"shipping-taxable","17":"product-type-grouped"},"_links":{"self":[{"href":"https:\/\/zojopackaging.com\/pt\/wp-json\/wp\/v2\/product\/10190","targetHints":{"allow":["GET"]}}],"collection":[{"href":"https:\/\/zojopackaging.com\/pt\/wp-json\/wp\/v2\/product"}],"about":[{"href":"https:\/\/zojopackaging.com\/pt\/wp-json\/wp\/v2\/types\/product"}],"version-history":[{"count":1,"href":"https:\/\/zojopackaging.com\/pt\/wp-json\/wp\/v2\/product\/10190\/revisions"}],"predecessor-version":[{"id":10198,"href":"https:\/\/zojopackaging.com\/pt\/wp-json\/wp\/v2\/product\/10190\/revisions\/10198"}],"wp:featuredmedia":[{"embeddable":true,"href":"https:\/\/zojopackaging.com\/pt\/wp-json\/wp\/v2\/media\/10192"}],"wp:attachment":[{"href":"https:\/\/zojopackaging.com\/pt\/wp-json\/wp\/v2\/media?parent=10190"}],"wp:term":[{"taxonomy":"product_brand","embeddable":true,"href":"https:\/\/zojopackaging.com\/pt\/wp-json\/wp\/v2\/product_brand?post=10190"},{"taxonomy":"product_cat","embeddable":true,"href":"https:\/\/zojopackaging.com\/pt\/wp-json\/wp\/v2\/product_cat?post=10190"},{"taxonomy":"product_tag","embeddable":true,"href":"https:\/\/zojopackaging.com\/pt\/wp-json\/wp\/v2\/product_tag?post=10190"}],"curies":[{"name":"wp","href":"https:\/\/api.w.org\/{rel}","templated":true}]}}