{"id":10199,"date":"2025-04-05T14:45:08","date_gmt":"2025-04-05T06:45:08","guid":{"rendered":"https:\/\/zojopackaging.com\/?post_type=product&#038;p=10199"},"modified":"2025-04-05T14:55:05","modified_gmt":"2025-04-05T06:55:05","slug":"customized-magnetic-perfume-bottle-packaging-gift-box-manufacturer","status":"publish","type":"product","link":"https:\/\/zojopackaging.com\/pt\/product\/customized-magnetic-perfume-bottle-packaging-gift-box-manufacturer\/","title":{"rendered":"Embalagem magn\u00e9tica personalizada para frascos de perfume Caixa de presente Fabricante"},"content":{"rendered":"<h3 id=\"-1-material-innovation-double-protection-of-coated-paper-gray-board-\"><strong>1. Inova\u00e7\u00e3o material: dupla prote\u00e7\u00e3o de papel revestido + cart\u00e3o cinzento<\/strong><\/h3>\n<p>Adoptando uma estrutura composta de\u00a0<strong>Papel revestido de alta gramagem de 157 g<\/strong>\u00a0(rugosidade da superf\u00edcie Ra\u22640,6\u03bcm) e\u00a0<strong>Cart\u00e3o cinzento 1200g<\/strong>Atrav\u00e9s da tecnologia de corte de precis\u00e3o e moldagem por prensagem a frio, a resist\u00eancia \u00e0 compress\u00e3o do corpo da caixa \u2265280N (consulte a norma de teste ISO 12048) e a taxa de danos no transporte \u00e9 inferior a 0,5%. A suavidade da superf\u00edcie do papel revestido \u00e9 superior a 90% (ISO 8791), e com o\u00a0<strong>revestimento nano-hidrof\u00f3bico<\/strong>O desempenho \u00e0 prova de \u00e1gua da pel\u00edcula \u00e9 melhorado em 60%, satisfazendo os requisitos do ambiente h\u00famido do transporte mar\u00edtimo (fonte de dados: relat\u00f3rio do laborat\u00f3rio de materiais de embalagem).<\/p>\n<h3 id=\"-2-structural-design-interactive-revolution-of-magnetic-book-type-\"><strong>2. Conce\u00e7\u00e3o estrutural: revolu\u00e7\u00e3o interactiva do tipo livro magn\u00e9tico<\/strong><\/h3>\n<p>-\u00a0<strong>Otimiza\u00e7\u00e3o magn\u00e9tico-mec\u00e2nica<\/strong>: conjunto de \u00edmanes fortes de 0,5T incorporado, a for\u00e7a de adsor\u00e7\u00e3o entre a tampa da caixa e o corpo da caixa atinge 1,2N, o \u00e2ngulo de abertura e fecho \u00e9 optimizado para 85\u00b0 e a for\u00e7a de opera\u00e7\u00e3o com uma s\u00f3 m\u00e3o \u00e9 \u22641,5N; -\u00a0<strong>Garantia de selagem<\/strong>: fivela de fecho magn\u00e9tico + veda\u00e7\u00e3o dupla da lingueta, taxa de fuga do teste de estanquidade ao ar &lt;0,05mL\/min, em conformidade com as normas de transporte a\u00e9reo.<\/p>\n<h3 id=\"-3-visual-narrative-the-collision-of-exotic-patterns-and-brand-aesthetics-\"><strong>3. Narrativa visual: a colis\u00e3o de padr\u00f5es ex\u00f3ticos e a est\u00e9tica da marca<\/strong><\/h3>\n<p>-\u00a0<strong>Desenho de padr\u00f5es<\/strong>: A superf\u00edcie da caixa adopta\u00a0<strong>Padr\u00e3o de corte geom\u00e9trico marroquino<\/strong>\u00a0(ver resultados da pesquisa), que \u00e9 gravado a laser para atingir uma profundidade de 0,1 mm, e forma um efeito din\u00e2mico de luz e sombra quando a luz \u00e9 refractada; -\u00a0<strong>Sistema de cores<\/strong>: -\u00a0<strong>P\u00farpura misterioso<\/strong>\u00a0(Pantone 19-3939 TCX) \u00e9 combinado com o relevo em ouro rosa para transmitir eleg\u00e2ncia e romance; -\u00a0<strong>Castanho escuro<\/strong>\u00a0(Pantone 16-5938 TCX) \u00e9 combinado com linhas pretas e douradas para interpretar a solenidade cl\u00e1ssica; -\u00a0<strong>Apresenta\u00e7\u00e3o do texto<\/strong>: S\u00e3o utilizadas fontes serifadas personalizadas, e o espa\u00e7amento entre linhas e entre palavras \u00e9 optimizado pela psicologia visual, o que melhora o conforto de leitura em 40%.<\/p>\n<h3 id=\"-4-color-philosophy-a-sensory-symphony-of-purple-and-dark-brown-\"><strong>4. Filosofia da cor: uma sinfonia sensorial de roxo e castanho escuro<\/strong><\/h3>\n<p>-\u00a0<strong>S\u00e9rie p\u00farpura<\/strong>: Atrav\u00e9s de cart\u00e3o de cor Pantone + impress\u00e3o de cor direta, diferen\u00e7a de cor \u0394E\u22641.2, com revestimento perolado, apresentando uma\u00a0<strong>\"Fragr\u00e2ncia do crep\u00fasculo\"<\/strong>-como o n\u00edvel de brilho; -\u00a0<strong>S\u00e9rie castanho escuro<\/strong>: utilizando cart\u00e3o cinzento de qualidade alimentar + forro de flocagem, o toque \u00e9 como a seda, o que se adequa ao posicionamento topo de gama da\u00a0<strong>\"Sussurro do tempo\"<\/strong>\u00a0(caso de refer\u00eancia: uma caixa de oferta da marca ganhou o pr\u00e9mio Red Dot Design Award em 2024).<\/p>\n<h3 id=\"-5-lining-system-luxurious-care-of-black-velvet-eva-\"><strong>5. Sistema de revestimento: cuidado luxuoso de veludo preto + EVA<\/strong><\/h3>\n<p>-\u00a0<strong>Veludo preto<\/strong>: 300g de veludo curto ultra-suave, densidade do veludo de superf\u00edcie \u22655000 fios\/cm\u00b2, coeficiente de fric\u00e7\u00e3o \u22640,15, desempenho anti-riscos aprovado no teste ISO 4649; -\u00a0<strong>Amortecimento em EVA<\/strong>: Espuma de alta densidade de 3 mm, dureza Shore 60A, resist\u00eancia \u00e0 compress\u00e3o \u226595%, adequada para fixar frascos de perfume com formas especiais (ver resultados da pesquisa); -\u00a0<strong>Extens\u00e3o personalizada<\/strong>A m\u00e1quina de perfumaria \u00e9 compat\u00edvel com flocagem, seda e outros materiais, e pode cortar o forro personalizado (m\u00ednimo adequado para frascos de perfume de \u03a615mm).<\/p>\n<h3 id=\"-6-full-process-customization-agile-implementation-from-concept-to-mass-production-\"><strong>6. Personaliza\u00e7\u00e3o de todo o processo: Implementa\u00e7\u00e3o \u00e1gil desde o conceito at\u00e9 \u00e0 produ\u00e7\u00e3o em massa<\/strong><\/h3>\n<p>-\u00a0<strong>Servi\u00e7os criativos<\/strong>: Fornecer modela\u00e7\u00e3o 3D e pr\u00e9-visualiza\u00e7\u00e3o virtual AR, e renderiza\u00e7\u00f5es param\u00e9tricas de sa\u00edda no prazo de 48 horas (caso: 100 000 pe\u00e7as de encomendas urgentes para uma determinada marca foram entregues no prazo de 36 horas); -\u00a0<strong>Combina\u00e7\u00e3o de processos<\/strong>: 8 processos de tratamento de superf\u00edcie, tais como UV local, serigrafia e estampagem a quente, s\u00e3o opcionais;<\/p>\n<h3 id=\"-7-design-empowerment-in-depth-communication-and-brand-resonance-\"><strong>7. Capacita\u00e7\u00e3o do design: comunica\u00e7\u00e3o em profundidade e resson\u00e2ncia da marca<\/strong><\/h3>\n<p>Uma equipa especial composta por 10 designers seniores fornece tr\u00eas grandes servi\u00e7os de personaliza\u00e7\u00e3o: -\u00a0<strong>Perspetiva de tend\u00eancias<\/strong>: Publicar trimestralmente o \"Fragrance Packaging Color Trend Report\", que abrange as cores populares anuais da Pantone e as inova\u00e7\u00f5es de materiais; -\u00a0<strong>Capacita\u00e7\u00e3o cultural<\/strong>: Integrar o novo estilo chin\u00eas, cyberpunk e outros estilos, fornecer mais de 200 bibliotecas de padr\u00f5es e adaptar-se a diversos mercados como a Europa, Am\u00e9rica e Sudeste Asi\u00e1tico; -\u00a0<strong>Caso do cliente<\/strong>: Conceber uma caixa magn\u00e9tica de c\u00e9u estrelado para uma marca de luxo do M\u00e9dio Oriente e obter um aumento de vendas de 45% atrav\u00e9s da camada de c\u00e9u estrelado UV.<\/p>\n<p>ZOJO Print leva <strong>\"tecnologia magn\u00e9tica, capacita\u00e7\u00e3o est\u00e9tica\"<\/strong>\u00a0como o seu conceito central, e sublimar caixas magn\u00e9ticas para presentes numa liga\u00e7\u00e3o de valor entre marcas e consumidores. N\u00e3o s\u00f3 fornecemos recipientes, como tamb\u00e9m ajudamos as marcas a estabelecer uma vantagem competitiva irrepet\u00edvel no mercado de fragr\u00e2ncias de alta qualidade atrav\u00e9s da inova\u00e7\u00e3o de materiais, avan\u00e7os de processos e capacidades de integra\u00e7\u00e3o vertical.<\/p>","protected":false},"excerpt":{"rendered":"<p><strong>Especialista em embalagens magn\u00e9ticas personalizadas para frascos de perfume - interpretando o sentido ritual da fragr\u00e2ncia luxuosa com est\u00e9tica magn\u00e9tica<\/strong><\/p>\n<p>No campo das embalagens de perfumes de alta qualidade, as caixas magn\u00e9ticas para oferta tornaram-se o principal suporte para as marcas melhorarem os pr\u00e9mios dos produtos com a sua experi\u00eancia interactiva \u00fanica e tens\u00e3o visual. A ZOJO Print est\u00e1 profundamente envolvida no sector h\u00e1 16 anos, concentrando-se em fornecer \u00e0s marcas de perfumes solu\u00e7\u00f5es de caixas magn\u00e9ticas em forma de livro que combinam funcionalidade, arte e valor comercial.<\/p>","protected":false},"featured_media":10201,"template":"","meta":[],"product_brand":[],"product_cat":[30,417,424,31],"product_tag":[934,821,1368],"class_list":{"0":"post-10199","1":"product","2":"type-product","3":"status-publish","4":"has-post-thumbnail","6":"product_cat-by-industry","7":"product_cat-custom-perfume-boxes-by-industry","8":"product_cat-magnetic-closure-boxes","9":"product_cat-paper-box-style","10":"product_tag-box-manufacturer","11":"product_tag-customized-box","12":"product_tag-magnetic-perfume-packaging-gift-box","14":"first","15":"instock","16":"shipping-taxable","17":"product-type-grouped"},"_links":{"self":[{"href":"https:\/\/zojopackaging.com\/pt\/wp-json\/wp\/v2\/product\/10199","targetHints":{"allow":["GET"]}}],"collection":[{"href":"https:\/\/zojopackaging.com\/pt\/wp-json\/wp\/v2\/product"}],"about":[{"href":"https:\/\/zojopackaging.com\/pt\/wp-json\/wp\/v2\/types\/product"}],"version-history":[{"count":1,"href":"https:\/\/zojopackaging.com\/pt\/wp-json\/wp\/v2\/product\/10199\/revisions"}],"predecessor-version":[{"id":10206,"href":"https:\/\/zojopackaging.com\/pt\/wp-json\/wp\/v2\/product\/10199\/revisions\/10206"}],"wp:featuredmedia":[{"embeddable":true,"href":"https:\/\/zojopackaging.com\/pt\/wp-json\/wp\/v2\/media\/10201"}],"wp:attachment":[{"href":"https:\/\/zojopackaging.com\/pt\/wp-json\/wp\/v2\/media?parent=10199"}],"wp:term":[{"taxonomy":"product_brand","embeddable":true,"href":"https:\/\/zojopackaging.com\/pt\/wp-json\/wp\/v2\/product_brand?post=10199"},{"taxonomy":"product_cat","embeddable":true,"href":"https:\/\/zojopackaging.com\/pt\/wp-json\/wp\/v2\/product_cat?post=10199"},{"taxonomy":"product_tag","embeddable":true,"href":"https:\/\/zojopackaging.com\/pt\/wp-json\/wp\/v2\/product_tag?post=10199"}],"curies":[{"name":"wp","href":"https:\/\/api.w.org\/{rel}","templated":true}]}}