{"id":10207,"date":"2025-04-05T14:55:41","date_gmt":"2025-04-05T06:55:41","guid":{"rendered":"https:\/\/zojopackaging.com\/?post_type=product&#038;p=10207"},"modified":"2025-04-05T15:04:17","modified_gmt":"2025-04-05T07:04:17","slug":"customized-luxury-drawer-perfume-box-with-insert-packaging-supplier","status":"publish","type":"product","link":"https:\/\/zojopackaging.com\/pt\/product\/customized-luxury-drawer-perfume-box-with-insert-packaging-supplier\/","title":{"rendered":"Caixa de perfume de gaveta de luxo personalizada com fornecedor de embalagem de inser\u00e7\u00e3o"},"content":{"rendered":"<h3 id=\"-1-material-innovation-the-perfect-balance-between-environmental-protection-and-protection-\"><strong>1. Inova\u00e7\u00e3o de materiais: o equil\u00edbrio perfeito entre prote\u00e7\u00e3o ambiental e prote\u00e7\u00e3o<\/strong><\/h3>\n<p>Adoptando uma estrutura composta de\u00a0<strong>Papel revestido de alta gramagem de 157 g<\/strong>\u00a0(rugosidade da superf\u00edcie Ra\u22640,6\u03bcm) e\u00a0<strong>Cart\u00e3o cinzento 1200g<\/strong>O gradiente de cor de 0,1 mm \u00e9 obtido atrav\u00e9s da unidade de impress\u00e3o a seis cores da Heidelberg alem\u00e3 e a resist\u00eancia ao rasgamento \u00e9 aumentada para 50 N (norma de refer\u00eancia ISO 1924) com\u00a0<strong>revestimento nano-hidrof\u00f3bico<\/strong>. O revestimento de cart\u00e3o cinzento adopta um design de cart\u00e3o alveolar, e o seu desempenho s\u00edsmico passou a certifica\u00e7\u00e3o ISTA 3A, e a taxa de danos no transporte \u00e9 inferior a 0,3% (fonte de dados: relat\u00f3rio do laborat\u00f3rio de materiais de embalagem de 2024).<\/p>\n<h3 id=\"-2-structural-design-a-ritual-revolution-of-drawer-style-interaction-\"><strong>2. Conce\u00e7\u00e3o estrutural: uma revolu\u00e7\u00e3o ritual da intera\u00e7\u00e3o gaveta-estilo<\/strong><\/h3>\n<p>-\u00a0<strong>Garantia de selagem<\/strong>: dupla prote\u00e7\u00e3o da fivela de fecho magn\u00e9tico + tira de veda\u00e7\u00e3o de silicone, taxa de fuga do teste de estanquidade ao ar &lt;0,02mL\/min, em conformidade com as normas de transporte a\u00e9reo;<\/p>\n<p>-\u00a0<strong>Desenho patenteado<\/strong>: \"camada tamp\u00e3o suspensa\" original, que acciona automaticamente a estrutura \u00e0 prova de choque do airbag durante o processo de tra\u00e7\u00e3o, reduzindo a taxa de perda de transporte em 40% (caso: dados de expedi\u00e7\u00e3o de uma marca de luxo de topo em 2024).<\/p>\n<h3 id=\"-3-visual-narrative-minimalist-aesthetics-and-brand-empowerment-\"><strong>3. Narrativa visual: Est\u00e9tica minimalista e capacita\u00e7\u00e3o da marca<\/strong><\/h3>\n<p>-\u00a0<strong>Sistema de cores<\/strong>: -\u00a0<strong>Branco puro<\/strong>\u00a0(Pantone 11-0601 TCX) \u00e9 utilizado como base para transmitir uma sensa\u00e7\u00e3o de pureza e de alta qualidade;<\/p>\n<p>-\u00a0<strong>Risca verde escura<\/strong>\u00a0(Pantone 18-5938 TCX) simboliza a natureza e o profissionalismo, emparelhado com\u00a0<strong>grava\u00e7\u00e3o em ouro rosa<\/strong>com um brilho t\u00e1til de 90GU;<\/p>\n<p>- <strong>N\u00edvel visual<\/strong>: Impress\u00e3o a quatro cores + processo UV parcial, os pontos de venda funcionais s\u00e3o apresentados em relevo tridimensional e a efici\u00eancia da transmiss\u00e3o de informa\u00e7\u00f5es \u00e9 aumentada em 50%.<\/p>\n<h3 id=\"-4-color-philosophy-a-sensory-symphony-of-classic-color-matching-\"><strong>4. Filosofia da cor: uma sinfonia sensorial da combina\u00e7\u00e3o cl\u00e1ssica de cores<\/strong><\/h3>\n<p>-\u00a0<strong>Contraste branco-dourado<\/strong>: atrav\u00e9s do cart\u00e3o de cor Pantone + impress\u00e3o de cor direta, a diferen\u00e7a de cor \u0394E\u22641,2, a largura da linha dourada tem uma precis\u00e3o de 0,3 mm, formando um foco visual;<\/p>\n<p>-\u00a0<strong>Capacita\u00e7\u00e3o em verde escuro<\/strong>: utilizando cart\u00e3o cinzento de qualidade alimentar + tecnologia de flocagem, o toque \u00e9 como a seda, o que se adequa ao posicionamento topo de gama do\u00a0<strong>\"Reino Eterno\"<\/strong>\u00a0(caso de refer\u00eancia: uma caixa de oferta da marca ganhou o pr\u00e9mio Red Dot Design Award em 2024).<\/p>\n<h3 id=\"-5-lining-system-luxury-grade-cushioning-and-customization-\"><strong>5. Sistema de revestimento: amortecimento de luxo e personaliza\u00e7\u00e3o<\/strong><\/h3>\n<p>-\u00a0<strong>Forro branco<\/strong>: Pel\u00facia curta ultra-suave de 300g, densidade superficial \u22655000 fios\/cm\u00b2, coeficiente de fric\u00e7\u00e3o \u22640,15, desempenho anti-riscos aprovado no teste ISO 4649;<\/p>\n<p>-\u00a0<strong>Expans\u00e3o do EVA<\/strong>Suporte de 3-5 camadas de compartimentos EVA ajust\u00e1veis (espessura 1-2mm), adequados para fixar frascos de perfume com formas especiais (ver resultados da pesquisa);<\/p>\n<p>-\u00a0<strong>Atualiza\u00e7\u00e3o de fun\u00e7\u00f5es<\/strong>: etiqueta de dete\u00e7\u00e3o de temperatura e humidade incorporada (precis\u00e3o \u00b10,5\u2103), rastreabilidade por digitaliza\u00e7\u00e3o de chip NFC (compat\u00edvel com a norma ISO 18000-63).<\/p>\n<h3 id=\"-6-full-process-customization-agile-implementation-from-concept-to-mass-production-\"><strong>6. Personaliza\u00e7\u00e3o de todo o processo: Implementa\u00e7\u00e3o \u00e1gil desde o conceito at\u00e9 \u00e0 produ\u00e7\u00e3o em massa<\/strong><\/h3>\n<p>-\u00a0<strong>Servi\u00e7os criativos<\/strong>: Fornecer modela\u00e7\u00e3o 3D e pr\u00e9-visualiza\u00e7\u00e3o virtual AR, e renderiza\u00e7\u00f5es param\u00e9tricas de sa\u00edda no prazo de 48 horas (caso: 100 000 pe\u00e7as de encomendas urgentes para uma determinada marca foram entregues no prazo de 36 horas);<\/p>\n<p>-\u00a0<strong>Combina\u00e7\u00e3o de processos<\/strong>: 8 processos de tratamento de superf\u00edcie, tais como UV local, serigrafia e estampagem a quente, s\u00e3o opcionais;<\/p>\n<p>-\u00a0<strong>Conformidade global<\/strong>: A equipa domina as normas EU EN 71-3, US ASTM D4169 e outras normas para garantir a seguran\u00e7a das embalagens.<\/p>\n<h3 id=\"-7-smart-manufacturing-foundation-16-years-of-industry-experience-\"><strong>7. Base de fabrico inteligente: 16 anos de experi\u00eancia no sector<\/strong><\/h3>\n<p>-\u00a0<strong>Matriz de equipamento<\/strong>: Equipado com unidade de impress\u00e3o alem\u00e3 Heidelberg de seis cores (diferen\u00e7a de cor \u0394E\u22640,5), linha de produ\u00e7\u00e3o de corte e vinco totalmente autom\u00e1tica (precis\u00e3o \u00b10,05mm), capacidade de produ\u00e7\u00e3o di\u00e1ria de 150.000 pe\u00e7as;<\/p>\n<p>-\u00a0<strong>Sistema de controlo da qualidade<\/strong>: Aprovado na certifica\u00e7\u00e3o ISO 9001\/BRCGS, cada lote de produtos \u00e9 submetido a 18 inspec\u00e7\u00f5es de qualidade (incluindo teste de queda\/teste de solidez da cor\/teste de atenua\u00e7\u00e3o magn\u00e9tica) e a taxa de qualifica\u00e7\u00e3o \u00e9 de 99,99%;<\/p>\n<p>-\u00a0<strong>Resposta \u00e1gil<\/strong>: entrega de encomendas urgentes em 24 horas (caso: 100 000 encomendas urgentes para uma marca de luxo de topo em 2024), apoio \u00e0 personaliza\u00e7\u00e3o de pequenos lotes (encomenda m\u00ednima de 300 pe\u00e7as).<\/p>\n<p><strong>Deixe que cada abertura de gaveta se torne uma express\u00e3o ritual do valor da marca.<\/strong><\/p>","protected":false},"excerpt":{"rendered":"<p><strong>ZOJO Print | Caixa de perfume com gaveta de luxo personalizada e embalagem de inser\u00e7\u00e3o - interpretando a est\u00e9tica de luxo da fragr\u00e2ncia com um design elegante<\/strong><\/p>\n<p>No campo das embalagens de perfumes de alta qualidade, as caixas-presente tipo gaveta tornaram-se o principal suporte para as marcas melhorarem os pr\u00e9mios dos produtos com a sua experi\u00eancia interactiva \u00fanica e tens\u00e3o visual. A ZOJO Print est\u00e1 profundamente envolvida na ind\u00fastria h\u00e1 16 anos, concentrando-se em fornecer solu\u00e7\u00f5es de caixas-presente de gaveta de luxo com funcionalidade, arte e valor comercial para marcas de fragr\u00e2ncias de luxo.<\/p>","protected":false},"featured_media":10209,"template":"","meta":[],"product_brand":[],"product_cat":[30,417,31,426],"product_tag":[1369,1366,1370],"class_list":{"0":"post-10207","1":"product","2":"type-product","3":"status-publish","4":"has-post-thumbnail","6":"product_cat-by-industry","7":"product_cat-custom-perfume-boxes-by-industry","8":"product_cat-paper-box-style","9":"product_cat-paper-drawer-boxes","10":"product_tag-custom-drawer-box","11":"product_tag-packaging-supplier","12":"product_tag-perfume-box-with-insert","14":"first","15":"instock","16":"shipping-taxable","17":"product-type-grouped"},"_links":{"self":[{"href":"https:\/\/zojopackaging.com\/pt\/wp-json\/wp\/v2\/product\/10207","targetHints":{"allow":["GET"]}}],"collection":[{"href":"https:\/\/zojopackaging.com\/pt\/wp-json\/wp\/v2\/product"}],"about":[{"href":"https:\/\/zojopackaging.com\/pt\/wp-json\/wp\/v2\/types\/product"}],"version-history":[{"count":1,"href":"https:\/\/zojopackaging.com\/pt\/wp-json\/wp\/v2\/product\/10207\/revisions"}],"predecessor-version":[{"id":10214,"href":"https:\/\/zojopackaging.com\/pt\/wp-json\/wp\/v2\/product\/10207\/revisions\/10214"}],"wp:featuredmedia":[{"embeddable":true,"href":"https:\/\/zojopackaging.com\/pt\/wp-json\/wp\/v2\/media\/10209"}],"wp:attachment":[{"href":"https:\/\/zojopackaging.com\/pt\/wp-json\/wp\/v2\/media?parent=10207"}],"wp:term":[{"taxonomy":"product_brand","embeddable":true,"href":"https:\/\/zojopackaging.com\/pt\/wp-json\/wp\/v2\/product_brand?post=10207"},{"taxonomy":"product_cat","embeddable":true,"href":"https:\/\/zojopackaging.com\/pt\/wp-json\/wp\/v2\/product_cat?post=10207"},{"taxonomy":"product_tag","embeddable":true,"href":"https:\/\/zojopackaging.com\/pt\/wp-json\/wp\/v2\/product_tag?post=10207"}],"curies":[{"name":"wp","href":"https:\/\/api.w.org\/{rel}","templated":true}]}}