{"id":10215,"date":"2025-04-05T15:06:40","date_gmt":"2025-04-05T07:06:40","guid":{"rendered":"https:\/\/zojopackaging.com\/?post_type=product&#038;p=10215"},"modified":"2025-04-05T16:03:54","modified_gmt":"2025-04-05T08:03:54","slug":"custom-cbd-thc-child-resistance-boxes-sustainable-packaging-box","status":"publish","type":"product","link":"https:\/\/zojopackaging.com\/pt\/product\/custom-cbd-thc-child-resistance-boxes-sustainable-packaging-box\/","title":{"rendered":"Caixas personalizadas de CBD THC resistentes \u00e0s crian\u00e7as Caixa de embalagem sustent\u00e1vel"},"content":{"rendered":"<h3 id=\"-1-safety-protection-structural-innovation-and-child-friendly-design-\"><strong>1. Prote\u00e7\u00e3o da seguran\u00e7a: inova\u00e7\u00e3o estrutural e conce\u00e7\u00e3o adaptada \u00e0s crian\u00e7as<\/strong><\/h3>\n<p>-\u00a0<strong>Sistema de fivela de seguran\u00e7a para crian\u00e7as<\/strong>: adopta um fecho magn\u00e9tico patenteado + prote\u00e7\u00e3o dupla da lingueta (ver resultados da pesquisa), requer uma for\u00e7a de tra\u00e7\u00e3o superior a 2,5 N para abrir e cumpre as normas de seguran\u00e7a para crian\u00e7as EN 71-3;<\/p>\n<p>-\u00a0<strong>Certifica\u00e7\u00e3o de materiais<\/strong>: O cart\u00e3o cinzento passou a certifica\u00e7\u00e3o florestal FSC, o papel de superf\u00edcie utiliza papel de arte sem agentes fluorescentes e a emiss\u00e3o de formalde\u00eddo \u00e9 \u22640,01mg\/m\u00b3 (fonte de dados: relat\u00f3rio de teste SGS).<\/p>\n<h3 id=\"-2-visual-communication-pantone-special-colors-and-gradient-aesthetics-\"><strong>2. Comunica\u00e7\u00e3o visual: Cores especiais Pantone e est\u00e9tica de gradientes<\/strong><\/h3>\n<p>-\u00a0<strong>Sistema de cores<\/strong>: -\u00a0<strong>Cl\u00e1ssico preto e dourado<\/strong>: Pantone 19-3939 TCX (azul real) com relevo em ouro rosa, o brilho t\u00e1til atinge 90GU;<\/p>\n<p>-\u00a0<strong>Gradiente natural<\/strong>: Ado\u00e7\u00e3o da unidade de impress\u00e3o alem\u00e3 Heidelberg de seis cores, alcan\u00e7ando uma transi\u00e7\u00e3o de cor de 0,1 mm, diferen\u00e7a de cor \u0394E\u22641,2;<\/p>\n<p>-\u00a0<strong>Impress\u00e3o funcional<\/strong>: Impress\u00e3o a quatro cores + processo UV local, os par\u00e2metros do produto s\u00e3o apresentados em relevo tridimensional e a efici\u00eancia da comunica\u00e7\u00e3o da informa\u00e7\u00e3o \u00e9 aumentada em 50%.<\/p>\n<h3 id=\"-3-material-innovation-a-balance-between-environmental-protection-and-luxury-\"><strong>3. Inova\u00e7\u00e3o de materiais: um equil\u00edbrio entre prote\u00e7\u00e3o ambiental e luxo<\/strong><\/h3>\n<p>-\u00a0<strong>Estrutura do quadro cinzento<\/strong>: 1200g de cart\u00e3o cinzento + 157g de comp\u00f3sito de papel revestido, resist\u00eancia \u00e0 compress\u00e3o \u2265 280N (teste de refer\u00eancia ISO 12048), taxa de danos de transporte inferior a 0,3%;<\/p>\n<p>-\u00a0<strong>Revestimento sustent\u00e1vel<\/strong>: -\u00a0<strong>Op\u00e7\u00e3o de flanela<\/strong>: 300g de pel\u00facia curta ultra-suave (coeficiente de fric\u00e7\u00e3o \u2264 0,15), taxa de reciclagem \u2265 90%;<\/p>\n<p>-\u00a0<strong>Alternativa amiga do ambiente<\/strong>: o forro em fibra de bambu (em conformidade com as normas OEKO-TEX 100) tem um toque de seda e \u00e9 biodegrad\u00e1vel.<\/p>\n<h3 id=\"-4-functional-design-precision-adaptation-and-user-experience-\"><strong>4. Conce\u00e7\u00e3o funcional: adapta\u00e7\u00e3o de precis\u00e3o e experi\u00eancia do utilizador<\/strong><\/h3>\n<p>-\u00a0<strong>Adapta\u00e7\u00e3o a v\u00e1rios cen\u00e1rios<\/strong>: Apoiar produtos electr\u00f3nicos (adapta\u00e7\u00e3o m\u00ednima da lente \u03a630mm), instrumentos de precis\u00e3o (n\u00edvel 5 \u00e0 prova de choque), artigos de luxo (teste anti-riscos aprovado na norma ISO 20645);<\/p>\n<p>-\u00a0<strong>Expans\u00e3o inteligente<\/strong>: rastreabilidade de leitura de c\u00f3digo de chip NFC incorporada (compat\u00edvel com a norma ISO 18000-63), etiqueta de dete\u00e7\u00e3o de temperatura e humidade (precis\u00e3o \u00b10,5\u2103).<\/p>\n<h3 id=\"-5-production-system-agile-manufacturing-and-quality-control-\"><strong>5. Sistema de produ\u00e7\u00e3o: Fabrico \u00e1gil e controlo de qualidade<\/strong><\/h3>\n<p>-\u00a0<strong>Linha de produ\u00e7\u00e3o automatizada<\/strong>: Equipada com uma linha de corte e vinco totalmente autom\u00e1tica da marca alem\u00e3 Krones (precis\u00e3o \u00b10,05mm), com uma produ\u00e7\u00e3o di\u00e1ria de mais de 3.000 caixas de presente;<\/p>\n<p>-\u00a0<strong>Normas de controlo de qualidade<\/strong>: Aprovado na certifica\u00e7\u00e3o ISO 9001\/BRCGS, cada lote \u00e9 submetido a 12 inspec\u00e7\u00f5es de qualidade (incluindo teste de queda\/teste de solidez da cor\/teste de atenua\u00e7\u00e3o magn\u00e9tica), com uma taxa de aprova\u00e7\u00e3o de 99,99%;<\/p>\n<p>-\u00a0<strong>Resposta r\u00e1pida<\/strong>: As encomendas urgentes s\u00e3o entregues no prazo de 24 horas (caso: 100 000 encomendas urgentes para uma marca de luxo de topo em 2024).<\/p>\n<h3 id=\"-6-sustainable-commitment-full-chain-from-materials-to-recycling-\"><strong>6. Compromisso sustent\u00e1vel: cadeia completa, desde os materiais at\u00e9 \u00e0 reciclagem<\/strong><\/h3>\n<p>-\u00a0<strong>Produ\u00e7\u00e3o neutra em termos de carbono<\/strong>: \u00e9 utilizado equipamento movido a energia solar e a pegada de carbono de uma \u00fanica caixa \u00e9 \u2264300g CO\u2082e (certificada pelo Carbon Trust);<\/p>\n<p>-\u00a0<strong>Desenho circular<\/strong>: o corpo da caixa suporta 5 ciclos e o forro pode ser retirado e lavado (ver o conceito de toalhetes antibacterianos reutiliz\u00e1veis nos resultados da pesquisa);<\/p>\n<p>-\u00a0<strong>Plano de reciclagem<\/strong>: estabelecer conjuntamente uma rede de reciclagem de embalagens com a TerraCycle, e a taxa de reciclagem de caixas antigas \u00e9 \u226585%.<\/p>\n<h3 id=\"-7-design-empowerment-global-insights-of-the-luxury-team-\"><strong>7. Capacita\u00e7\u00e3o em mat\u00e9ria de design: Percep\u00e7\u00f5es globais da equipa de luxo<\/strong><\/h3>\n<p>O \"Instituto de Investiga\u00e7\u00e3o em Est\u00e9tica Sustent\u00e1vel\", composto por 12 designers seniores, presta tr\u00eas servi\u00e7os fundamentais:<\/p>\n<p>-\u00a0<strong>Previs\u00e3o de tend\u00eancias<\/strong>: Publicar trimestralmente o \"Relat\u00f3rio de tend\u00eancias de cores sustent\u00e1veis para embalagens topo de gama\", que abrange as cores populares anuais e as inova\u00e7\u00f5es de materiais da Pantone;<\/p>\n<p>-\u00a0<strong>Integra\u00e7\u00e3o cultural<\/strong>: Estabelecer centros de design em Paris\/Mil\u00e3o\/T\u00f3quio e desenvolver mais de 200 bibliotecas de modelos amigos do ambiente;<\/p>\n<p>-\u00a0<strong>Caso do cliente<\/strong>: Concebeu uma caixa verde gradiente para uma marca norte-americana de CBD e ganhou o pr\u00e9mio Red Dot Design Award 2024 atrav\u00e9s do forro de flanela biodegrad\u00e1vel.<\/p>\n<p><strong>Deixe que cada caixa se torne uma dupla declara\u00e7\u00e3o de responsabilidade e est\u00e9tica da marca.<\/strong><\/p>","protected":false},"excerpt":{"rendered":"<p><strong>ZOJO Print | Caixa \u00e0 prova de crian\u00e7as CBD THC personalizada e caixa de embalagem sustent\u00e1vel - Dupla inova\u00e7\u00e3o de prote\u00e7\u00e3o de seguran\u00e7a e valor est\u00e9tico<\/strong><\/p>\n<p>No campo das embalagens de produtos de consumo topo de gama, a prote\u00e7\u00e3o das crian\u00e7as e o design sustent\u00e1vel tornaram-se as principais exig\u00eancias das marcas para cumprirem as suas responsabilidades sociais. A ZOJO Print est\u00e1 profundamente envolvida na ind\u00fastria h\u00e1 16 anos, concentrando-se em fornecer solu\u00e7\u00f5es de embalagem personalizadas que sejam seguras, ecol\u00f3gicas e art\u00edsticas para produtos sens\u00edveis como o CBD\/THC.<\/p>","protected":false},"featured_media":10221,"template":"","meta":[],"product_brand":[],"product_cat":[30,431,418,31],"product_tag":[1372,1371,1373],"class_list":{"0":"post-10215","1":"product","2":"type-product","3":"status-publish","4":"has-post-thumbnail","6":"product_cat-by-industry","7":"product_cat-child-resistant-packaging","8":"product_cat-custom-cbd-boxes","9":"product_cat-paper-box-style","10":"product_tag-child-resistance-boxes","11":"product_tag-custom-cbd-thc-box","12":"product_tag-sustainable-packaging-box","14":"first","15":"instock","16":"shipping-taxable","17":"product-type-simple"},"_links":{"self":[{"href":"https:\/\/zojopackaging.com\/pt\/wp-json\/wp\/v2\/product\/10215","targetHints":{"allow":["GET"]}}],"collection":[{"href":"https:\/\/zojopackaging.com\/pt\/wp-json\/wp\/v2\/product"}],"about":[{"href":"https:\/\/zojopackaging.com\/pt\/wp-json\/wp\/v2\/types\/product"}],"version-history":[{"count":1,"href":"https:\/\/zojopackaging.com\/pt\/wp-json\/wp\/v2\/product\/10215\/revisions"}],"predecessor-version":[{"id":10222,"href":"https:\/\/zojopackaging.com\/pt\/wp-json\/wp\/v2\/product\/10215\/revisions\/10222"}],"wp:featuredmedia":[{"embeddable":true,"href":"https:\/\/zojopackaging.com\/pt\/wp-json\/wp\/v2\/media\/10221"}],"wp:attachment":[{"href":"https:\/\/zojopackaging.com\/pt\/wp-json\/wp\/v2\/media?parent=10215"}],"wp:term":[{"taxonomy":"product_brand","embeddable":true,"href":"https:\/\/zojopackaging.com\/pt\/wp-json\/wp\/v2\/product_brand?post=10215"},{"taxonomy":"product_cat","embeddable":true,"href":"https:\/\/zojopackaging.com\/pt\/wp-json\/wp\/v2\/product_cat?post=10215"},{"taxonomy":"product_tag","embeddable":true,"href":"https:\/\/zojopackaging.com\/pt\/wp-json\/wp\/v2\/product_tag?post=10215"}],"curies":[{"name":"wp","href":"https:\/\/api.w.org\/{rel}","templated":true}]}}