{"id":10223,"date":"2025-04-05T15:17:39","date_gmt":"2025-04-05T07:17:39","guid":{"rendered":"https:\/\/zojopackaging.com\/?post_type=product&#038;p=10223"},"modified":"2025-04-05T15:29:17","modified_gmt":"2025-04-05T07:29:17","slug":"custom-vape-pods-packaging-cardboard-box-wholesale-rates-maker","status":"publish","type":"product","link":"https:\/\/zojopackaging.com\/pt\/product\/custom-vape-pods-packaging-cardboard-box-wholesale-rates-maker\/","title":{"rendered":"Caixa de cart\u00e3o para embalagem de c\u00e1psulas Vape personalizada Fabricante de tarifas por atacado"},"content":{"rendered":"<h3 id=\"-1-material-innovation-industrial-grade-protection-of-350g-white-cardboard-\"><strong>1. Inova\u00e7\u00e3o material: prote\u00e7\u00e3o de n\u00edvel industrial em cart\u00e3o branco de 350 g<\/strong><\/h3>\n<p>Adotar\u00a0<strong>Cart\u00e3o branco de 350 g certificado pelo FSC<\/strong>\u00a0(erro de peso \u2264\u00b15g\/m\u00b2), passar no teste de compress\u00e3o padr\u00e3o alem\u00e3o DIN 53357, carga de caixa \u00fanica \u226515kg, taxa de deforma\u00e7\u00e3o &lt;0,3%. A quantidade de aplica\u00e7\u00e3o de cola na superf\u00edcie do cart\u00e3o atinge 8g\/m\u00b2, e o desempenho \u00e0 prova de humidade \u00e9 melhorado em 60% (consulte o resultado da pesquisa para normas de embalagem amigas do ambiente), que cumpre os requisitos rigorosos dos regulamentos REACH da UE sobre materiais de embalagem.<\/p>\n<h3 id=\"-2-minimalist-design-visual-expression-of-industrial-aesthetics-\"><strong>2. Design minimalista: express\u00e3o visual da est\u00e9tica industrial<\/strong><\/h3>\n<p>-\u00a0<strong>Conce\u00e7\u00e3o estrutural<\/strong>: estampado com molde de chapa de a\u00e7o laminado a frio de 0,8 mm de espessura, o erro de uniformidade da espessura da parede da caixa \u22640,1 mm; -\u00a0<strong>Sistema visual<\/strong>: -\u00a0<strong>Controlo da cor<\/strong>: Pantone 11-0601 TCX (branco puro) como cor principal, com linha de estampagem a quente de 0,3 mm de largura (diferen\u00e7a de cor \u0394E\u22641,5); -\u00a0<strong>N\u00edvel de informa\u00e7\u00e3o<\/strong>: impress\u00e3o em quatro cores + processo de grava\u00e7\u00e3o UV local, rugosidade de toque do LOGOTIPO da marca Ra\u22653.0\u03bcm, reconhecimento de Braille aumentado em 40%.<\/p>\n<h3 id=\"-3-printing-technology-accurate-delivery-of-brand-value-\"><strong>3. Tecnologia de impress\u00e3o: entrega exacta do valor da marca<\/strong><\/h3>\n<p>-\u00a0<strong>Impress\u00e3o de alta precis\u00e3o<\/strong>: Unidade de impress\u00e3o alem\u00e3 Heidelberg a seis cores, com uma precis\u00e3o de sobreimpress\u00e3o de 0,05 mm (m\u00e9dia da ind\u00fastria de 0,15 mm), reprodu\u00e7\u00e3o de cores \u0394E\u22641,2; -\u00a0<strong>Tecnologia anti-contrafa\u00e7\u00e3o<\/strong>microtexto integrado (largura de linha de 0,02 mm) e c\u00f3digo QR de dados vari\u00e1veis, suporte de liga\u00e7\u00e3o de chips NFC (em conformidade com a norma ISO 14443).<\/p>\n<h3 id=\"-4-human-computer-interaction-minimal-opening-and-efficient-production-\"><strong>4. Intera\u00e7\u00e3o homem-computador: abertura m\u00ednima e produ\u00e7\u00e3o eficiente<\/strong><\/h3>\n<p>-\u00a0<strong>Sistema de abertura<\/strong>: fechadura magn\u00e9tica + calha deslizante de duplo seguro, for\u00e7a de abertura \u22641,5N (em conformidade com as normas de seguran\u00e7a para crian\u00e7as ISO 13857), taxa de sucesso de opera\u00e7\u00e3o com uma m\u00e3o \uff1e98%; -\u00a0<strong>Efici\u00eancia da produ\u00e7\u00e3o<\/strong>: utilizando linha de corte e vinco totalmente autom\u00e1tica (velocidade \u22653000 folhas\/hora), ciclo de moldagem de caixas &lt;8 segundos, capacidade de produ\u00e7\u00e3o di\u00e1ria superior a 50.000 pe\u00e7as.<\/p>\n<h3 id=\"-5-smart-manufacturing-system-hard-core-support-for-large-scale-production-\"><strong>5. Sistema de fabrico inteligente: apoio essencial \u00e0 produ\u00e7\u00e3o em grande escala<\/strong><\/h3>\n<p>-\u00a0<strong>Escala de base<\/strong>: Uma f\u00e1brica inteligente com uma \u00e1rea de 5.360 metros quadrados, equipada com uma linha alem\u00e3 de cart\u00e3o de cinco camadas BHS (velocidade \u2265 200m\/min); -\u00a0<strong>Resposta \u00e1gil<\/strong>: Apoio \u00e0 personaliza\u00e7\u00e3o de pequenos lotes (encomenda m\u00ednima de 500 pe\u00e7as), prova r\u00e1pida em 72 horas e entrega em 48 horas de encomendas urgentes.<\/p>\n<h3 id=\"-6-quality-control-full-link-quality-control-guarantee-\"><strong>6. Controlo de qualidade: garantia de controlo de qualidade de liga\u00e7\u00e3o total<\/strong><\/h3>\n<p>-\u00a0<strong>Inspe\u00e7\u00e3o a tr\u00eas n\u00edveis<\/strong>: - Fim da mat\u00e9ria-prima: Cada lote de cart\u00e3o \u00e9 testado quanto ao peso em gramas\/resist\u00eancia \u00e0 compress\u00e3o\/agente fluorescente (consulte o processo de inspe\u00e7\u00e3o da qualidade dos resultados da pesquisa); - Fim da produ\u00e7\u00e3o: O sistema de inspe\u00e7\u00e3o visual em linha analisa os defeitos de impress\u00e3o em tempo real (taxa de dete\u00e7\u00e3o \uff1e99,9%); - Fim do produto acabado: Inspe\u00e7\u00e3o de qualidade autenticada por terceiros (incluindo teste de queda\/vibra\u00e7\u00e3o\/queda). -\u00a0<strong>Sistema de certifica\u00e7\u00e3o<\/strong>: Passou a certifica\u00e7\u00e3o ISO 9001\/BRCGS\/FSC, e o relat\u00f3rio de inspe\u00e7\u00e3o de qualidade pode ser rastreado at\u00e9 ao lote de mat\u00e9ria-prima.<\/p>\n<h3 id=\"-7-design-empowerment-in-depth-insight-into-industry-trends-\"><strong>7. Capacita\u00e7\u00e3o em mat\u00e9ria de design: uma vis\u00e3o aprofundada das tend\u00eancias do sector<\/strong><\/h3>\n<p>O \"Laborat\u00f3rio de Embalagem de Cigarros Electr\u00f3nicos\", composto por 8 engenheiros de embalagem seniores, fornece tr\u00eas grandes servi\u00e7os inovadores: -\u00a0<strong>Previs\u00e3o de tend\u00eancias<\/strong>: Publica\u00e7\u00e3o trimestral do \"Livro Branco sobre a Tecnologia de Embalagem de Cigarros Electr\u00f3nicos\", que abrange direc\u00e7\u00f5es de ponta como a estrutura de suc\u00e7\u00e3o magn\u00e9tica\/materiais degrad\u00e1veis; -\u00a0<strong>Reserva de patentes<\/strong>: Det\u00e9m 18 patentes de estruturas de embalagem (incluindo 5 PCT internacionais), e o fecho de suc\u00e7\u00e3o magn\u00e9tica tem uma vida \u00fatil de 10 000 aberturas e fechos; -\u00a0<strong>Solu\u00e7\u00e3o personalizada<\/strong>: Suporta concep\u00e7\u00f5es integradas, como o visor inteligente de controlo da temperatura e a luz indicadora do cartucho de cigarros restante (consulte as caixas premiadas nos resultados da pesquisa).<\/p>\n<p><strong>Deixe que cada embalagem se torne uma declara\u00e7\u00e3o visual da for\u00e7a t\u00e9cnica da marca.<\/strong><\/p>","protected":false},"excerpt":{"rendered":"<p><strong>ZOJO Print | Caixa de cart\u00e3o personalizada para embalagem de cartuchos de cigarros electr\u00f3nicos - Utilizando a est\u00e9tica industrial e a produ\u00e7\u00e3o inteligente para permitir que o valor da marca d\u00ea um salto em frente<\/strong><\/p>\n<p>Na atual itera\u00e7\u00e3o de alta velocidade da ind\u00fastria de cigarros electr\u00f3nicos, a embalagem n\u00e3o \u00e9 apenas um recipiente para o produto, mas tamb\u00e9m o principal portador da imagem da marca e da conformidade. A ZOJO Print tem estado profundamente envolvida no campo da embalagem de cigarros electr\u00f3nicos e desenvolveu uma solu\u00e7\u00e3o de caixa de cart\u00e3o que combina seguran\u00e7a, prote\u00e7\u00e3o ambiental e sentido de design de acordo com as carater\u00edsticas dos cartuchos.<\/p>","protected":false},"featured_media":10224,"template":"","meta":[],"product_brand":[],"product_cat":[30,420,430,31],"product_tag":[1375,1126,1374],"class_list":{"0":"post-10223","1":"product","2":"type-product","3":"status-publish","4":"has-post-thumbnail","6":"product_cat-by-industry","7":"product_cat-custom-cannabis-boxes","8":"product_cat-folding-cartons","9":"product_cat-paper-box-style","10":"product_tag-box-wholesale-rates-maker","11":"product_tag-cardboard-box-wholesale","12":"product_tag-custom-vape-pods-packaging","14":"first","15":"instock","16":"shipping-taxable","17":"product-type-grouped"},"_links":{"self":[{"href":"https:\/\/zojopackaging.com\/pt\/wp-json\/wp\/v2\/product\/10223","targetHints":{"allow":["GET"]}}],"collection":[{"href":"https:\/\/zojopackaging.com\/pt\/wp-json\/wp\/v2\/product"}],"about":[{"href":"https:\/\/zojopackaging.com\/pt\/wp-json\/wp\/v2\/types\/product"}],"version-history":[{"count":1,"href":"https:\/\/zojopackaging.com\/pt\/wp-json\/wp\/v2\/product\/10223\/revisions"}],"predecessor-version":[{"id":10230,"href":"https:\/\/zojopackaging.com\/pt\/wp-json\/wp\/v2\/product\/10223\/revisions\/10230"}],"wp:featuredmedia":[{"embeddable":true,"href":"https:\/\/zojopackaging.com\/pt\/wp-json\/wp\/v2\/media\/10224"}],"wp:attachment":[{"href":"https:\/\/zojopackaging.com\/pt\/wp-json\/wp\/v2\/media?parent=10223"}],"wp:term":[{"taxonomy":"product_brand","embeddable":true,"href":"https:\/\/zojopackaging.com\/pt\/wp-json\/wp\/v2\/product_brand?post=10223"},{"taxonomy":"product_cat","embeddable":true,"href":"https:\/\/zojopackaging.com\/pt\/wp-json\/wp\/v2\/product_cat?post=10223"},{"taxonomy":"product_tag","embeddable":true,"href":"https:\/\/zojopackaging.com\/pt\/wp-json\/wp\/v2\/product_tag?post=10223"}],"curies":[{"name":"wp","href":"https:\/\/api.w.org\/{rel}","templated":true}]}}