{"id":10231,"date":"2025-04-05T15:29:54","date_gmt":"2025-04-05T07:29:54","guid":{"rendered":"https:\/\/zojopackaging.com\/?post_type=product&#038;p=10231"},"modified":"2025-04-05T15:38:12","modified_gmt":"2025-04-05T07:38:12","slug":"customized-vape-pod-folding-cardboard-box-packaging-boxes","status":"publish","type":"product","link":"https:\/\/zojopackaging.com\/pt\/product\/customized-vape-pod-folding-cardboard-box-packaging-boxes\/","title":{"rendered":"Caixa de cart\u00e3o dobr\u00e1vel Vape POD personalizada Caixas de embalagem"},"content":{"rendered":"<h3 id=\"-1-structural-innovation-the-minimalist-philosophy-of-the-classic-double-insert-card-box-\"><strong>1. Inova\u00e7\u00e3o estrutural: a filosofia minimalista da caixa de cart\u00e3o cl\u00e1ssica de dupla inser\u00e7\u00e3o<\/strong><\/h3>\n<p>Adotar\u00a0<strong>Estampagem de moldes de chapa de a\u00e7o laminada a frio com 0,8 mm de espessura<\/strong>, o erro de uniformidade da espessura da parede da caixa \u22640,1 mm e alcan\u00e7ar\u00a0<strong>Abertura e fecho ultra-r\u00e1pidos em 3 segundos<\/strong>\u00a0(for\u00e7a de abertura medida \u22641,2N). O design da fivela de dupla inser\u00e7\u00e3o passou a certifica\u00e7\u00e3o de seguran\u00e7a infantil ISO 13857, requer uma for\u00e7a de tra\u00e7\u00e3o superior a 2,5N para abrir e a taxa de danos no transporte \u00e9 inferior a 0,3% (fonte de dados: relat\u00f3rio do laborat\u00f3rio de material de embalagem 2024).<\/p>\n<h3 id=\"-2-visual-empowerment-scenario-based-customized-printing-technology-\"><strong>2. Capacita\u00e7\u00e3o visual: tecnologia de impress\u00e3o personalizada baseada em cen\u00e1rios<\/strong><\/h3>\n<p>-\u00a0<strong>Correspond\u00eancia de cores diretas Pantone<\/strong>: Ado\u00e7\u00e3o da unidade de impress\u00e3o alem\u00e3 Heidelberg de seis cores, alcan\u00e7ando uma precis\u00e3o de sobreimpress\u00e3o de n\u00edvel 0,05 mm (\u0394E\u22641,2), suportando o processo de grava\u00e7\u00e3o Pantone 19-3939 TCX (azul real) + ouro rosa;<\/p>\n<p>-\u00a0<strong>Conce\u00e7\u00e3o visual din\u00e2mica<\/strong>: Atrav\u00e9s do processo de grava\u00e7\u00e3o local UV (altura 0,3 mm), o cen\u00e1rio de utiliza\u00e7\u00e3o do produto \u00e9 transformado num diagrama 3D t\u00e1til e a efici\u00eancia da transmiss\u00e3o de informa\u00e7\u00f5es \u00e9 melhorada em 50%.<\/p>\n<h3 id=\"-3-intelligent-production-industrial-grade-efficiency-and-quality-control-\"><strong>3. Produ\u00e7\u00e3o inteligente: efici\u00eancia e controlo de qualidade de n\u00edvel industrial<\/strong><\/h3>\n<p>-\u00a0<strong>Linha de produ\u00e7\u00e3o automatizada<\/strong>: Equipada com uma linha de cart\u00e3o de cinco camadas BHS alem\u00e3 (velocidade \u2265200m\/min), a capacidade de produ\u00e7\u00e3o di\u00e1ria excede as 50.000 pe\u00e7as;<\/p>\n<p>-\u00a0<strong>Sistema de controlo da qualidade<\/strong>: Aprovado na certifica\u00e7\u00e3o ISO 9001\/BRCGS, cada lote \u00e9 submetido a 12 inspec\u00e7\u00f5es de qualidade (incluindo testes de queda\/vibra\u00e7\u00e3o\/queda) e a taxa de aprova\u00e7\u00e3o \u00e9 de 99,99%.<\/p>\n<h3 id=\"-4-material-revolution-durable-aesthetics-of-matte-coating-\"><strong>4. Revolu\u00e7\u00e3o dos materiais: Est\u00e9tica duradoura do revestimento mate<\/strong><\/h3>\n<p>-\u00a0<strong>Sele\u00e7\u00e3o de papel facial<\/strong>: 350g de cart\u00e3o branco (certificado FSC) + 0,2mm de revestimento PET mate, rugosidade da superf\u00edcie Ra\u22640,6\u03bcm, resist\u00eancia ao desgaste aprovada no teste de roda Taber CS-10 (atenua\u00e7\u00e3o do brilho &lt;5% ap\u00f3s 500 voltas);<\/p>\n<p>-\u00a0<strong>Tecnologia preta anti-riscos<\/strong>: As cores escuras s\u00e3o impressas com tinta de carbono, combinada com um revestimento nano-hidrof\u00f3bico, e o n\u00edvel de resist\u00eancia aos riscos atinge 4H (padr\u00e3o de teste de dureza do l\u00e1pis).<\/p>\n<h3 id=\"-5-design-driven-luxury-customization-service-\"><strong>5. Orientado para o design: Servi\u00e7o de personaliza\u00e7\u00e3o de luxo<\/strong><\/h3>\n<p>O \"Electronic Cigarette Aesthetics Research Institute\", composto por 12 designers de embalagens seniores, fornece tr\u00eas servi\u00e7os principais:<\/p>\n<p>-\u00a0<strong>Previs\u00e3o de tend\u00eancias<\/strong>: Publica\u00e7\u00e3o trimestral do \"Electronic Cigarette Packaging Color Trend Report\", que abrange direc\u00e7\u00f5es de ponta como a estrutura de suc\u00e7\u00e3o magn\u00e9tica\/materiais degrad\u00e1veis;<\/p>\n<p>-\u00a0<strong>Expans\u00e3o inteligente<\/strong>: Suporta a implanta\u00e7\u00e3o de chips NFC (em conformidade com a norma ISO 14443), etiquetas de dete\u00e7\u00e3o de temperatura e humidade (precis\u00e3o \u00b10,5\u2103).<\/p>\n<h3 id=\"-6-industry-accumulation-global-brand-service-network-\"><strong>6. Acumula\u00e7\u00e3o no sector: rede global de servi\u00e7os de marca<\/strong><\/h3>\n<p>-\u00a0<strong>Caso de refer\u00eancia<\/strong>: -\u00a0<strong>Uma marca norte-americana<\/strong>: Gra\u00e7as \u00e0 fivela magn\u00e9tica de seguran\u00e7a para crian\u00e7as + tecnologia de impress\u00e3o UV, a taxa de devolu\u00e7\u00e3o de embalagens \u00e9 reduzida em 70%;<\/p>\n<p>-\u00a0<strong>Solu\u00e7\u00e3o de conformidade europeia<\/strong>: O chip RFID incorporado regista as informa\u00e7\u00f5es log\u00edsticas, em conformidade com os regulamentos TPD da UE;<\/p>\n<p>-\u00a0<strong>Resposta r\u00e1pida<\/strong>: prova r\u00e1pida de 72 horas, apoio \u00e0 personaliza\u00e7\u00e3o de pequenos lotes (encomenda m\u00ednima de 300 pe\u00e7as).<\/p>\n<h3 id=\"-7-green-commitment-full-link-sustainable-solution-\"><strong>7. Compromisso ecol\u00f3gico: solu\u00e7\u00e3o sustent\u00e1vel totalmente ligada<\/strong><\/h3>\n<p>-\u00a0<strong>Certifica\u00e7\u00e3o FSC<\/strong>: Os materiais s\u00e3o rastre\u00e1veis, passaram a certifica\u00e7\u00e3o florestal internacional FSC e oferecem uma qualidade reconhecida pelas grandes marcas<\/p>\n<p>-\u00a0<strong>Desenho circular<\/strong>: O corpo da caixa suporta 5 ciclos, e o forro \u00e9 amov\u00edvel e lav\u00e1vel (tecnologia de fibra de palha degrad\u00e1vel);<\/p>\n<p><strong>Deixe que cada caixa de papel se torne uma declara\u00e7\u00e3o visual da for\u00e7a t\u00e9cnica da marca.<\/strong><\/p>","protected":false},"excerpt":{"rendered":"<p><strong>ZOJO Print | Caixa de papel\u00e3o dobr\u00e1vel Vape POD personalizada - Reformulando a nova refer\u00eancia de embalagens de cigarros eletr\u00f4nicos com est\u00e9tica industrial e produ\u00e7\u00e3o inteligente<\/strong><\/p>\n<p>Atualmente, \u00e0 medida que a ind\u00fastria dos cigarros electr\u00f3nicos procura a leveza e a prote\u00e7\u00e3o ambiental, a ZOJO Print, com 16 anos de experi\u00eancia no fabrico inteligente de embalagens, fornece aos produtos Vape POD solu\u00e7\u00f5es de caixas de cart\u00e3o dobr\u00e1veis que combinam funcionalidade, seguran\u00e7a e design.<\/p>","protected":false},"featured_media":10234,"template":"","meta":[],"product_brand":[],"product_cat":[30,420,430,31],"product_tag":[1376,1364,1377],"class_list":{"0":"post-10231","1":"product","2":"type-product","3":"status-publish","4":"has-post-thumbnail","6":"product_cat-by-industry","7":"product_cat-custom-cannabis-boxes","8":"product_cat-folding-cartons","9":"product_cat-paper-box-style","10":"product_tag-custom-vape-pod-box","11":"product_tag-packaging-boxes","12":"product_tag-pod-folding-cardboard-box","14":"first","15":"instock","16":"shipping-taxable","17":"product-type-grouped"},"_links":{"self":[{"href":"https:\/\/zojopackaging.com\/pt\/wp-json\/wp\/v2\/product\/10231","targetHints":{"allow":["GET"]}}],"collection":[{"href":"https:\/\/zojopackaging.com\/pt\/wp-json\/wp\/v2\/product"}],"about":[{"href":"https:\/\/zojopackaging.com\/pt\/wp-json\/wp\/v2\/types\/product"}],"version-history":[{"count":1,"href":"https:\/\/zojopackaging.com\/pt\/wp-json\/wp\/v2\/product\/10231\/revisions"}],"predecessor-version":[{"id":10238,"href":"https:\/\/zojopackaging.com\/pt\/wp-json\/wp\/v2\/product\/10231\/revisions\/10238"}],"wp:featuredmedia":[{"embeddable":true,"href":"https:\/\/zojopackaging.com\/pt\/wp-json\/wp\/v2\/media\/10234"}],"wp:attachment":[{"href":"https:\/\/zojopackaging.com\/pt\/wp-json\/wp\/v2\/media?parent=10231"}],"wp:term":[{"taxonomy":"product_brand","embeddable":true,"href":"https:\/\/zojopackaging.com\/pt\/wp-json\/wp\/v2\/product_brand?post=10231"},{"taxonomy":"product_cat","embeddable":true,"href":"https:\/\/zojopackaging.com\/pt\/wp-json\/wp\/v2\/product_cat?post=10231"},{"taxonomy":"product_tag","embeddable":true,"href":"https:\/\/zojopackaging.com\/pt\/wp-json\/wp\/v2\/product_tag?post=10231"}],"curies":[{"name":"wp","href":"https:\/\/api.w.org\/{rel}","templated":true}]}}