{"id":10239,"date":"2025-04-05T15:41:20","date_gmt":"2025-04-05T07:41:20","guid":{"rendered":"https:\/\/zojopackaging.com\/?post_type=product&#038;p=10239"},"modified":"2025-04-05T16:03:28","modified_gmt":"2025-04-05T08:03:28","slug":"customized-pre-roll-cigarette-boxes-fast-delivery-cardboard-box","status":"publish","type":"product","link":"https:\/\/zojopackaging.com\/pt\/product\/customized-pre-roll-cigarette-boxes-fast-delivery-cardboard-box\/","title":{"rendered":"Caixas de Cigarro Personalizadas com Pr\u00e9-Rolo Caixa de Cart\u00e3o de Entrega R\u00e1pida"},"content":{"rendered":"<h3 id=\"-1-structural-innovation-the-minimalist-philosophy-of-opening-and-closing-cigarette-boxes-\"><strong>1. Inova\u00e7\u00e3o estrutural: a filosofia minimalista de abertura e fecho das caixas de cigarros<\/strong><\/h3>\n<p>Adotar\u00a0<strong>Estampagem de moldes de chapa de a\u00e7o laminada a frio com 0,8 mm de espessura<\/strong>o erro de uniformidade da espessura da parede da caixa \u00e9 \u22640,1 mm, obtendo-se\u00a0<strong>Abertura e fecho ultra-r\u00e1pidos em 3 segundos<\/strong>\u00a0(for\u00e7a de abertura medida \u22641,2N). Com base no conceito de design das coroas de rel\u00f3gios topo de gama, a\u00a0<strong>sistema de fivela de seguran\u00e7a dupla<\/strong>\u00a0\u00e9 adicionado de forma inovadora, exigindo uma for\u00e7a de tra\u00e7\u00e3o superior a 2,5 N para abrir (em conformidade com as normas de seguran\u00e7a para crian\u00e7as ISO 13857), e a taxa de danos no transporte \u00e9 inferior a 0,3% (fonte de dados: relat\u00f3rio do laborat\u00f3rio de materiais de embalagem 2024).<\/p>\n<h3 id=\"-2-visual-narrative-scenario-based-customized-printing-technology-\"><strong>2. Narrativa visual: Tecnologia de impress\u00e3o personalizada baseada em cen\u00e1rios<\/strong><\/h3>\n<p>-\u00a0<strong>Correspond\u00eancia de cores diretas Pantone<\/strong>: Ado\u00e7\u00e3o da unidade de impress\u00e3o a seis cores da Heidelberg alem\u00e3, alcan\u00e7ando uma precis\u00e3o de sobreimpress\u00e3o de 0,05 mm (\u0394E\u22641,2), suportando o processo de grava\u00e7\u00e3o Pantone 19-3939 TCX (azul real) + ouro rosa;<\/p>\n<p>-\u00a0<strong>Design visual din\u00e2mico<\/strong>: Atrav\u00e9s do processo de grava\u00e7\u00e3o local UV (altura de 0,3 mm), o cen\u00e1rio da planta\u00e7\u00e3o de tabaco \u00e9 transformado num diagrama 3D t\u00e1til e a efici\u00eancia da transmiss\u00e3o de informa\u00e7\u00f5es \u00e9 aumentada em 50%.<\/p>\n<h3 id=\"-3-modeling-breakthrough-industrial-expression-of-geometric-aesthetics-\"><strong>3. Inova\u00e7\u00e3o na modela\u00e7\u00e3o: Express\u00e3o industrial da est\u00e9tica geom\u00e9trica<\/strong><\/h3>\n<p>-\u00a0<strong>Inova\u00e7\u00e3o estrutural<\/strong>: Quebrando a forma cil\u00edndrica tradicional, adoptando\u00a0<strong>corte da propor\u00e7\u00e3o \u00e1urea<\/strong>O corpo da caixa est\u00e1 inclinado num \u00e2ngulo de 12\u00b0 e est\u00e1 em conformidade com a curva ergon\u00f3mica do punho; -\u00a0<strong>Design patenteado<\/strong>: Com a patente \"estrutura de absor\u00e7\u00e3o de choque em favo de mel\", a resist\u00eancia \u00e0 compress\u00e3o \u00e9 aumentada em 80% e passou no teste de transporte ISTA 3A.<\/p>\n<h3 id=\"-4-environmental-commitment-forest-certification-system-material-\"><strong>4. Compromisso ambiental: material do sistema de certifica\u00e7\u00e3o florestal<\/strong><\/h3>\n<p>-\u00a0<strong>Sele\u00e7\u00e3o de materiais<\/strong>: Estrutura composta de 1200g de cart\u00e3o cinzento + 350g de cart\u00e3o branco com certifica\u00e7\u00e3o FSC, emiss\u00e3o de formalde\u00eddo \u22640,01mg\/m\u00b3 (certifica\u00e7\u00e3o de teste SGS);<\/p>\n<p>-\u00a0<strong>Processo de seguran\u00e7a<\/strong>: o tratamento de superf\u00edcie utiliza verniz \u00e0 base de \u00e1gua (teor de COVs \u226450g\/L), passou a certifica\u00e7\u00e3o de grau de contacto alimentar da FDA.<\/p>\n<h3 id=\"-5-brand-empowerment-luxury-customization-service-\"><strong>5. Fortalecimento da marca: servi\u00e7o de personaliza\u00e7\u00e3o de luxo<\/strong><\/h3>\n<p>O \"Tobacco Aesthetics Research Institute\", composto por 12 designers de embalagens seniores, presta tr\u00eas servi\u00e7os essenciais:<\/p>\n<p>-\u00a0<strong>Implanta\u00e7\u00e3o de genes de marca<\/strong>: grava\u00e7\u00e3o a laser do LOGO (precis\u00e3o \u00b10,02mm) + estampagem a quente em relevo (espessura 0,3mm) processo combinado;<\/p>\n<p>-\u00a0<strong>Expans\u00e3o inteligente<\/strong>: suportam a implanta\u00e7\u00e3o de chips NFC (em conformidade com a norma ISO 14443), etiquetas de dete\u00e7\u00e3o de temperatura e humidade (precis\u00e3o \u00b10,5\u2103).<\/p>\n<h3 id=\"-6-texture-revolution-matt-lamination-process-\"><strong>6. Revolu\u00e7\u00e3o da textura: Processo de lamina\u00e7\u00e3o mate<\/strong><\/h3>\n<p>-\u00a0<strong>Tratamento de superf\u00edcie<\/strong>: Adotar a lamina\u00e7\u00e3o PET mate personalizada da Henkel alem\u00e3 (brilho \u226415GU), coeficiente de fric\u00e7\u00e3o \u22640,15, n\u00edvel de resist\u00eancia a riscos at\u00e9 4H (teste de dureza do l\u00e1pis); -\u00a0<strong>Otimiza\u00e7\u00e3o t\u00e1til<\/strong>: Tratamento micro-matte da superf\u00edcie (Ra\u22640,8\u03bcm), o tato \u00e9 t\u00e3o delicado como a seda e a taxa de res\u00edduos de impress\u00f5es digitais \u00e9 reduzida em 90%.<\/p>\n<h3 id=\"-7-agile-smart-manufacturing-72-hour-ultra-fast-delivery-system-\"><strong>7. Fabrico \u00e1gil e inteligente: Sistema de entrega ultra-r\u00e1pida em 72 horas<\/strong><\/h3>\n<p>-\u00a0<strong>Base de fabrico inteligente<\/strong>: Uma f\u00e1brica inteligente que cobre uma \u00e1rea de 15.000 metros quadrados, equipada com uma linha alem\u00e3 de cart\u00e3o de cinco camadas BHS (velocidade do ve\u00edculo \u2265 200m\/min);<\/p>\n<p>-\u00a0<strong>Norma de controlo de qualidade<\/strong>: Aprovado na certifica\u00e7\u00e3o ISO 9001\/BRCGS, cada lote \u00e9 submetido a 12 inspec\u00e7\u00f5es de qualidade (incluindo testes de queda\/vibra\u00e7\u00e3o\/queda) e a taxa de aprova\u00e7\u00e3o \u00e9 de 99,99%;<\/p>\n<p>-\u00a0<strong>Resposta r\u00e1pida<\/strong>: Apoio \u00e0 personaliza\u00e7\u00e3o de pequenos lotes (encomenda m\u00ednima de 300 pe\u00e7as), prova r\u00e1pida de 72 horas e entrega em 48 horas para encomendas urgentes.<\/p>\n<p><strong>Deixe que cada embalagem se torne uma declara\u00e7\u00e3o visual da for\u00e7a t\u00e9cnica da marca.<\/strong><\/p>","protected":false},"excerpt":{"rendered":"<p><strong>ZOJO Print | Customized Pre-roll cigarette box fast delivery cardboard box - reformulando a nova refer\u00eancia de embalagens de tabaco com est\u00e9tica industrial e fabrica\u00e7\u00e3o \u00e1gil<\/strong><\/p>\n<p>No mercado de consumo de tabaco de alta qualidade, a embalagem n\u00e3o \u00e9 apenas um recipiente para o produto, mas tamb\u00e9m o principal portador do tom da marca e da liga\u00e7\u00e3o emocional do consumidor. A ZOJO Print tem estado profundamente envolvida no campo das embalagens de tabaco e desenvolveu uma solu\u00e7\u00e3o de caixa de cart\u00e3o que combina funcionalidade, arte e entrega \u00e1gil com base nas carater\u00edsticas dos cigarros Pre-roll.<\/p>","protected":false},"featured_media":10252,"template":"","meta":[],"product_brand":[],"product_cat":[30,420,430,31],"product_tag":[1378,1380,1379],"class_list":{"0":"post-10239","1":"product","2":"type-product","3":"status-publish","4":"has-post-thumbnail","6":"product_cat-by-industry","7":"product_cat-custom-cannabis-boxes","8":"product_cat-folding-cartons","9":"product_cat-paper-box-style","10":"product_tag-customized-pre-roll-box","11":"product_tag-fast-delivery-cardboard-box","12":"product_tag-pre-roll-cigarette-boxes","14":"first","15":"instock","16":"shipping-taxable","17":"product-type-grouped"},"_links":{"self":[{"href":"https:\/\/zojopackaging.com\/pt\/wp-json\/wp\/v2\/product\/10239","targetHints":{"allow":["GET"]}}],"collection":[{"href":"https:\/\/zojopackaging.com\/pt\/wp-json\/wp\/v2\/product"}],"about":[{"href":"https:\/\/zojopackaging.com\/pt\/wp-json\/wp\/v2\/types\/product"}],"version-history":[{"count":1,"href":"https:\/\/zojopackaging.com\/pt\/wp-json\/wp\/v2\/product\/10239\/revisions"}],"predecessor-version":[{"id":10240,"href":"https:\/\/zojopackaging.com\/pt\/wp-json\/wp\/v2\/product\/10239\/revisions\/10240"}],"wp:featuredmedia":[{"embeddable":true,"href":"https:\/\/zojopackaging.com\/pt\/wp-json\/wp\/v2\/media\/10252"}],"wp:attachment":[{"href":"https:\/\/zojopackaging.com\/pt\/wp-json\/wp\/v2\/media?parent=10239"}],"wp:term":[{"taxonomy":"product_brand","embeddable":true,"href":"https:\/\/zojopackaging.com\/pt\/wp-json\/wp\/v2\/product_brand?post=10239"},{"taxonomy":"product_cat","embeddable":true,"href":"https:\/\/zojopackaging.com\/pt\/wp-json\/wp\/v2\/product_cat?post=10239"},{"taxonomy":"product_tag","embeddable":true,"href":"https:\/\/zojopackaging.com\/pt\/wp-json\/wp\/v2\/product_tag?post=10239"}],"curies":[{"name":"wp","href":"https:\/\/api.w.org\/{rel}","templated":true}]}}