{"id":10241,"date":"2025-04-05T15:49:32","date_gmt":"2025-04-05T07:49:32","guid":{"rendered":"https:\/\/zojopackaging.com\/?post_type=product&#038;p=10241"},"modified":"2025-04-05T15:59:53","modified_gmt":"2025-04-05T07:59:53","slug":"custom-child-resistant-packaging-for-cbd-products-drawer-box","status":"publish","type":"product","link":"https:\/\/zojopackaging.com\/pt\/product\/custom-child-resistant-packaging-for-cbd-products-drawer-box\/","title":{"rendered":"Embalagem personalizada resistente a crian\u00e7as para caixa de gaveta de produtos CBD"},"content":{"rendered":"<h3 id=\"-1-safety-protection-patented-child-proof-buckle-and-color-psychology-integration-\"><strong>1. Prote\u00e7\u00e3o de seguran\u00e7a: fivela patenteada \u00e0 prova de crian\u00e7as e integra\u00e7\u00e3o da psicologia da cor<\/strong><\/h3>\n<p>-\u00a0<strong>Sistema de seguran\u00e7a para crian\u00e7as<\/strong>: Ado\u00e7\u00e3o de uma estrutura de fechadura: as crian\u00e7as n\u00e3o a podem abrir, protegendo eficazmente a sa\u00fade das crian\u00e7as e cumprindo os requisitos t\u00e9cnicos e as normas de fechaduras para crian\u00e7as nos Estados Unidos, Canad\u00e1 e outros pa\u00edses.<\/p>\n<p>-\u00a0<strong>Cor gradiente<\/strong>: Utilizando a unidade de impress\u00e3o alem\u00e3 Heidelberg de oito cores, \u00e9 conseguida uma transi\u00e7\u00e3o de gradiente de grau de 0,03 mm (Pantone 19-3939 TCX roxo para 16-3938 TCX vermelho rosa), diferen\u00e7a de cor \u0394E\u22640,8, e o espetro din\u00e2mico \u00e9 simulado atrav\u00e9s do efeito de grelha, o que aumenta o apelo visual em 70%.<\/p>\n<h3 id=\"-2-space-revolution-modular-lining-and-size-customization-\"><strong>2. Revolu\u00e7\u00e3o espacial: Revestimento modular e personaliza\u00e7\u00e3o de tamanhos<\/strong><\/h3>\n<p>-\u00a0<strong>Estrutura flex\u00edvel<\/strong>: Adopta um revestimento hexagonal em favo de mel (destac\u00e1vel), permite acomodar 3-6 cartuchos CBD ao mesmo tempo e aumenta a utiliza\u00e7\u00e3o do espa\u00e7o em 40%;<\/p>\n<p>-\u00a0<strong>Personaliza\u00e7\u00e3o do tamanho<\/strong>: Cartucho de ajuste m\u00ednimo \u03a615mm, peso m\u00e1ximo de suporte de carga 200g, estrutura de suporte de carga optimizada por an\u00e1lise de elementos finitos (resist\u00eancia \u00e0 compress\u00e3o \u2265 250N).<\/p>\n<h3 id=\"-3-material-innovation-gray-board-copper-plate-composite-process-\"><strong>3. Inova\u00e7\u00e3o material: Processo composto de placa de cobre de cart\u00e3o cinzento<\/strong><\/h3>\n<p>-\u00a0<strong>Sele\u00e7\u00e3o do material de base<\/strong>: 1200g de cart\u00e3o cinzento (certificado FSC) + 200g de comp\u00f3sito de papel revestido, quantidade de aplica\u00e7\u00e3o de cola na superf\u00edcie 10g\/m\u00b2, desempenho \u00e0 prova de humidade passa no teste de condensa\u00e7\u00e3o de 72 horas (humidade \u2264 85%);<\/p>\n<p>-\u00a0<strong>Tecnologia anti-deforma\u00e7\u00e3o<\/strong>: Os quatro cantos do corpo da caixa adoptam um design de nervura de refor\u00e7o triangular (\u00e2ngulo de 45\u00b0), taxa de deforma\u00e7\u00e3o &lt;0,15% (consulte a norma ISO 12048).<\/p>\n<h3 id=\"-4-brand-empowerment-fashion-elements-and-craftsmanship-empowerment-\"><strong>4. Capacita\u00e7\u00e3o da marca: Elementos de moda e capacita\u00e7\u00e3o artesanal<\/strong><\/h3>\n<p>-\u00a0<strong>Sistema visual<\/strong>: -\u00a0<strong>Colis\u00e3o de cores<\/strong>: Cor principal p\u00farpura espacial profunda com linhas prateadas quentes a laser (brilho \u2265 95GU), rugosidade de toque Ra \u2265 4,0\u03bcm;<\/p>\n<p>-\u00a0<strong>Impress\u00e3o inteligente<\/strong>: Tinta com temperatura vari\u00e1vel integrada (31-36\u2103 de restitui\u00e7\u00e3o de cor) e camada luminosa (luminesc\u00eancia cont\u00ednua durante 8 horas) para melhorar a experi\u00eancia interactiva.<\/p>\n<p>-\u00a0<strong>Implanta\u00e7\u00e3o de elementos<\/strong>: Suporte para grava\u00e7\u00e3o a laser do padr\u00e3o de ADN da marca (precis\u00e3o de \u00b1 0,01 mm) + patch de proje\u00e7\u00e3o hologr\u00e1fica din\u00e2mica (compat\u00edvel com a norma ISO 18000-63).<\/p>\n<h3 id=\"-5-process-breakthrough-dual-upgrade-of-touch-and-vision-\"><strong>5. Processo inovador: atualiza\u00e7\u00e3o dupla do tato e da vis\u00e3o<\/strong><\/h3>\n<p>-\u00a0<strong>Processo de grava\u00e7\u00e3o<\/strong>: Transfer\u00eancia de placa de gravura met\u00e1lica com 0,5 mm de espessura, altura convexa de 0,3 mm (em conformidade com as normas de reconhecimento do Braille), resist\u00eancia ao desgaste aprovada no teste de roda Taber CS-10 (taxa de reten\u00e7\u00e3o da claridade ap\u00f3s 1000 voltas&gt; 95%);<\/p>\n<p>-\u00a0<strong>Vidros com prote\u00e7\u00e3o UV local<\/strong>: utilizando \u00f3leo UV alem\u00e3o da Henkel (espessura de 5\u03bcm), contraste de brilho 1:5, n\u00edvel de resist\u00eancia a riscos 4H (teste de dureza do l\u00e1pis).<\/p>\n<h3 id=\"-6-industry-precipitation-global-brand-service-network-\"><strong>6. Precipita\u00e7\u00e3o no sector: rede global de servi\u00e7os de marca<\/strong><\/h3>\n<p>-\u00a0<strong>Caso de refer\u00eancia<\/strong>: -\u00a0<strong>L\u00edder norte-americano em CBD<\/strong>: fivela magn\u00e9tica de seguran\u00e7a para crian\u00e7as + processo de gradiente, a taxa de recompra de embalagens aumentou em 150%;<\/p>\n<p>-\u00a0<strong>Solu\u00e7\u00e3o de conformidade europeia<\/strong>: log\u00edstica de rastreio com chip NFC incorporado, em conformidade com a regulamenta\u00e7\u00e3o TPD da UE;<\/p>\n<p>-\u00a0<strong>Resposta r\u00e1pida<\/strong>: 72 horas de prova r\u00e1pida, apoio \u00e0 personaliza\u00e7\u00e3o de pequenos lotes (encomenda m\u00ednima de 200 pe\u00e7as).<\/p>\n<h3 id=\"-7-smart-manufacturing-system-agile-production-and-quality-control-\"><strong>7. Sistema de fabrico inteligente: produ\u00e7\u00e3o \u00e1gil e controlo de qualidade<\/strong><\/h3>\n<p>-\u00a0<strong>Linha de produ\u00e7\u00e3o automatizada<\/strong>: equipada com uma linha de corte e vinco alem\u00e3 BHS totalmente autom\u00e1tica (velocidade \u2265 3500 folhas\/hora), com uma capacidade de produ\u00e7\u00e3o di\u00e1ria de mais de 8000 pe\u00e7as;<\/p>\n<p>-\u00a0<strong>Normas de controlo de qualidade<\/strong>: Certifica\u00e7\u00e3o ISO 9001\/BRCGS, cada lote \u00e9 submetido a 15 inspec\u00e7\u00f5es de qualidade (incluindo teste de atenua\u00e7\u00e3o magn\u00e9tica\/teste de solidez da cor\/teste de queda), com uma taxa de aprova\u00e7\u00e3o de 99,98%;<\/p>\n<p>-\u00a0<strong>Compromisso sustent\u00e1vel<\/strong>: Lan\u00e7ou o plano \"embalagem zero carbono\", com uma pegada de carbono de \u2264180g CO\u2082e por caixa (certificada pela Carbon Trust).<\/p>\n<p><strong>Que cada caixa de gaveta se torne um portador perfeito da for\u00e7a tecnol\u00f3gica e do cuidado human\u00edstico da marca.<\/strong><\/p>","protected":false},"excerpt":{"rendered":"<p><strong>ZOJO Print | Embalagem CBD personalizada com caixa de gaveta \u00e0 prova de crian\u00e7as - reformulando a nova refer\u00eancia para embalagens de produtos de can\u00e1bis de alta qualidade com est\u00e9tica industrial e prote\u00e7\u00e3o inteligente<\/strong><\/p>\n<p>No dom\u00ednio das embalagens de produtos com CBD, o equil\u00edbrio entre seguran\u00e7a e design tornou-se a principal competitividade das marcas para conquistar o mercado de topo de gama. A ZOJO Print est\u00e1 profundamente envolvida na embalagem de produtos de can\u00e1bis h\u00e1 16 anos e desenvolveu uma solu\u00e7\u00e3o de caixa de gaveta que combina seguran\u00e7a \u00e0 prova de crian\u00e7as, impacto visual e fun\u00e7\u00f5es de espa\u00e7o com base nas carater\u00edsticas dos produtos CBD.<\/p>","protected":false},"featured_media":10246,"template":"","meta":[],"product_brand":[],"product_cat":[30,431,418,31],"product_tag":[1382,1383,1381],"class_list":{"0":"post-10241","1":"product","2":"type-product","3":"status-publish","4":"has-post-thumbnail","6":"product_cat-by-industry","7":"product_cat-child-resistant-packaging","8":"product_cat-custom-cbd-boxes","9":"product_cat-paper-box-style","10":"product_tag-cbd-products-drawer-box","11":"product_tag-child-resistant-packaging","12":"product_tag-custom-child-resistant-packaging","14":"first","15":"instock","16":"shipping-taxable","17":"product-type-simple"},"_links":{"self":[{"href":"https:\/\/zojopackaging.com\/pt\/wp-json\/wp\/v2\/product\/10241","targetHints":{"allow":["GET"]}}],"collection":[{"href":"https:\/\/zojopackaging.com\/pt\/wp-json\/wp\/v2\/product"}],"about":[{"href":"https:\/\/zojopackaging.com\/pt\/wp-json\/wp\/v2\/types\/product"}],"version-history":[{"count":1,"href":"https:\/\/zojopackaging.com\/pt\/wp-json\/wp\/v2\/product\/10241\/revisions"}],"predecessor-version":[{"id":10248,"href":"https:\/\/zojopackaging.com\/pt\/wp-json\/wp\/v2\/product\/10241\/revisions\/10248"}],"wp:featuredmedia":[{"embeddable":true,"href":"https:\/\/zojopackaging.com\/pt\/wp-json\/wp\/v2\/media\/10246"}],"wp:attachment":[{"href":"https:\/\/zojopackaging.com\/pt\/wp-json\/wp\/v2\/media?parent=10241"}],"wp:term":[{"taxonomy":"product_brand","embeddable":true,"href":"https:\/\/zojopackaging.com\/pt\/wp-json\/wp\/v2\/product_brand?post=10241"},{"taxonomy":"product_cat","embeddable":true,"href":"https:\/\/zojopackaging.com\/pt\/wp-json\/wp\/v2\/product_cat?post=10241"},{"taxonomy":"product_tag","embeddable":true,"href":"https:\/\/zojopackaging.com\/pt\/wp-json\/wp\/v2\/product_tag?post=10241"}],"curies":[{"name":"wp","href":"https:\/\/api.w.org\/{rel}","templated":true}]}}