{"id":10446,"date":"2025-06-04T15:03:01","date_gmt":"2025-06-04T07:03:01","guid":{"rendered":"https:\/\/zojopackaging.com\/?post_type=product&#038;p=10446"},"modified":"2025-06-04T16:22:11","modified_gmt":"2025-06-04T08:22:11","slug":"empty-luxury-magnetic-closure-eyeshadow-blusher-palettes-box","status":"publish","type":"product","link":"https:\/\/zojopackaging.com\/pt\/product\/empty-luxury-magnetic-closure-eyeshadow-blusher-palettes-box\/","title":{"rendered":"Caixa vazia de luxo com fecho magn\u00e9tico para paletas de sombras e blushes"},"content":{"rendered":"<p><strong>Fant\u00e1stica e extravagante caixa de maquilhagem magn\u00e9tica vazia\u00a0<\/strong>foi concebido para marcas de charme que procuram uma excelente experi\u00eancia de maquilhagem e uma apar\u00eancia de embalagem de alto n\u00edvel. N\u00e3o se trata apenas de um recipiente, mas tamb\u00e9m de um palco excecional para os seus produtos de maquilhagem de alta qualidade, integrando carater\u00edsticas funcionais com uma apar\u00eancia luxuosa para produzir uma experi\u00eancia not\u00e1vel de desembalagem e utiliza\u00e7\u00e3o para os clientes.<\/p>\n<h2 id=\"1-classic-form-functional-design-\">1.\u00a0<strong>Forma cl\u00e1ssica, design funcional:\u00a0<\/strong>.<\/h2>\n<ul>\n<li>Adotar\u00a0<strong>caixa retangular tradicional com tampa flip-top\u00a0<\/strong>. As linhas s\u00e3o suaves e rotineiras, os lados s\u00e3o claros e o aspeto geral \u00e9 clim\u00e1tico e est\u00e1vel, o que satisfaz os padr\u00f5es visuais das embalagens de produtos est\u00e9ticos topo de gama.<\/li>\n<li>A estrutura \u00e9 segura e duradoura, o que \u00e9 conveniente para o ecr\u00e3 de visualiza\u00e7\u00e3o regular no ponto de venda a retalho para tirar o m\u00e1ximo partido do impacto do ecr\u00e3 de visualiza\u00e7\u00e3o. O seu corpo pequeno \u00e9 tamb\u00e9m muito f\u00e1cil de transportar, comprar e armazenar diariamente, e permite retocar rapidamente a maquilhagem em qualquer altura e em qualquer lugar.<\/li>\n<\/ul>\n<h2 id=\"2-magnificent-opening-box-mirror-reflection-\">2.\u00a0<strong>Magn\u00edfica caixa de abertura, reflexo no espelho:\u00a0<\/strong>.<\/h2>\n<ul>\n<li>No momento em que a tampa \u00e9 aberta,\u00a0<strong>uma enorme \u00e1rea de espelho incorporado de alta defini\u00e7\u00e3o\u00a0<\/strong>aparece de imediato, ocupando a posi\u00e7\u00e3o central da tampa. O espelho tem uma elevada nitidez e um espl\u00eandido processamento lateral, proporcionando uma excelente experi\u00eancia de utiliza\u00e7\u00e3o, semelhante \u00e0 de um espelho de maquilhagem especializado.<\/li>\n<li>Este estilo aumenta substancialmente a facilidade e a satisfa\u00e7\u00e3o dos retoques de maquilhagem e da sele\u00e7\u00e3o de cores dos utilizadores e integra perfeitamente fun\u00e7\u00f5es \u00fateis (inspe\u00e7\u00e3o r\u00e1pida da maquilhagem, colora\u00e7\u00e3o precisa) com prazer visual (espa\u00e7o aberto, aumento da qualidade do artigo).<\/li>\n<\/ul>\n<h2 id=\"3-difficult-substrate-impressive-structure-\">3.\u00a0<strong>Substrato dif\u00edcil, estrutura impressionante:\u00a0<\/strong>.<\/h2>\n<ul>\n<li>O texto do produto \u00e9 constitu\u00eddo por\u00a0<strong>cart\u00e3o dif\u00edcil selecionado de alta qualidade\u00a0<\/strong>. Tem uma excelente\u00a0<strong>desempenho da estanquicidade e do suporte\u00a0<\/strong>que oferece uma forte prote\u00e7\u00e3o estrutural.<\/li>\n<li>Consegue suportar adequadamente a vibra\u00e7\u00e3o, a extrus\u00e3o durante o transporte e as colis\u00f5es na utiliza\u00e7\u00e3o di\u00e1ria, garantindo a prote\u00e7\u00e3o de produtos de maquilhagem delicados, como o escurecimento dos olhos e o interior do flush.<\/li>\n<li>Ao mesmo tempo, o cart\u00e3o de alta densidade \u00e9\u00a0<strong>um substrato adequado para\u00a0<\/strong>efeitos de superf\u00edcie sofisticados (como marca\u00e7\u00e3o a quente fina, lamina\u00e7\u00e3o brilhante, UV local, filme t\u00e1til, etc.), conferindo \u00e0 embalagem do produto\u00a0<strong>apar\u00eancia superior\u00a0<\/strong>O projeto tem um toque s\u00f3lido e firme, e \u00e9 visualmente luxuoso.<\/li>\n<\/ul>\n<h2 id=\"4-captivating-shade-emotional-resonance-\">4.\u00a0<strong>Sombra cativante, resson\u00e2ncia emocional:\u00a0<\/strong>.<\/h2>\n<ul>\n<li>A tonalidade prim\u00e1ria do corpo da embalagem adopta\u00a0<strong>um tom de rosa vivo e luminoso\u00a0<\/strong>. Esta op\u00e7\u00e3o de tonalidade tem uma forte\u00a0<strong>impacto est\u00e9tico e reconhecimento da marca\u00a0<\/strong>que pode rapidamente atrair a aten\u00e7\u00e3o na prateleira e captar o interesse dos consumidores.<\/li>\n<li>Corresponder com precis\u00e3o \u00e0s escolhas est\u00e9ticas das utilizadoras-alvo em termos de amor, delicadeza e vitalidade, estimular a vibra\u00e7\u00e3o psicol\u00f3gica e estabelecer um impacto profundo na marca.<\/li>\n<\/ul>\n<h2 id=\"5-versatile-modification-unique-satisfaction-\">5.\u00a0<strong>Modifica\u00e7\u00e3o vers\u00e1til, satisfa\u00e7\u00e3o \u00fanica:\u00a0<\/strong>.<\/h2>\n<ul>\n<li>Damos\u00a0<strong>servi\u00e7os personalizados muito vers\u00e1teis\u00a0<\/strong>. Quer se trate da dimens\u00e3o da caixa (ajustada \u00e0s especifica\u00e7\u00f5es e ao n\u00famero de olhos escuros e de descarga), da disposi\u00e7\u00e3o da divis\u00e3o interior (suc\u00e7\u00e3o magn\u00e9tica\/tabuleiro de pl\u00e1stico ou divis\u00f3rias espec\u00edficas), ou do estilo do fecho magn\u00e9tico (resist\u00eancia magn\u00e9tica, terapia de superf\u00edcie), da informa\u00e7\u00e3o sobre a estrutura da embalagem (como o forro, a posi\u00e7\u00e3o de fixa\u00e7\u00e3o), pode ser especificamente personalizada de acordo com as suas necessidades.\u00a0<strong>pormenoriza as necessidades do produto e o tom da marca\u00a0<\/strong>.<\/li>\n<li>Design \u00fanico, para real\u00e7ar na perfei\u00e7\u00e3o o valor \u00fanico do seu produto.<\/li>\n<\/ul>\n<h2 id=\"6-speed-wins-one-action-faster-\">6.\u00a0<strong>A velocidade vence, uma a\u00e7\u00e3o mais r\u00e1pida:\u00a0<\/strong>.<\/h2>\n<ul>\n<li>Especialmente lan\u00e7ado\u00a0<strong>Servi\u00e7o \"exemplo r\u00e1pido\" de 1 hora\u00a0<\/strong>. Depois de recebermos os seus documentos de estilo ou necessidades, garantimos\u00a0<strong>oferecer exemplos de embalagens no prazo de 1 hora\u00a0<\/strong>.<\/li>\n<li>Esta solu\u00e7\u00e3o tem por objetivo\u00a0<strong>confirmar rapidamente o efeito do design (cor, material, processo, estrutura)\u00a0<\/strong>O sistema de gest\u00e3o da qualidade, que reduz substancialmente o seu ciclo de prova, ajustamento e verifica\u00e7\u00e3o de produtos, oferece uma garantia de execu\u00e7\u00e3o s\u00f3lida para tarefas imediatas ou estrat\u00e9gias de mercado que exigem uma tomada de decis\u00e3o r\u00e1pida,\u00a0<strong>melhorar significativamente a velocidade de lan\u00e7amento de novos artigos e a capacidade de resposta do mercado\u00a0<\/strong>.<\/li>\n<\/ul>\n<h2 id=\"7-craftsmanship-inheritance-quality-control-\">7.\u00a0<strong>Heran\u00e7a artesanal, controlo de qualidade:\u00a0<\/strong>.<\/h2>\n<ul>\n<li>Dependendo da profunda experi\u00eancia da f\u00e1brica acumulada no\u00a0<strong>ind\u00fastria de embalagem e impress\u00e3o de produtos h\u00e1 muitos anos\u00a0<\/strong>e\u00a0<strong>sistema de procedimento de produ\u00e7\u00e3o maduro e est\u00e1vel\u00a0<\/strong>.<\/li>\n<li>Compreendemos profundamente e podemos entender com precis\u00e3o todas as suas necessidades exigentes de\u00a0<strong>embalagens de charme topo de gama\u00a0<\/strong>- desde a rigorosa sele\u00e7\u00e3o de materiais, passando por um artesanato encantador at\u00e9 \u00e0 rigorosa garantia de qualidade.<\/li>\n<li><strong>As excelentes capacidades de produ\u00e7\u00e3o s\u00e3o a base fundamental para o desenvolvimento da melhor qualidade de YaoSe - Caixa vazia topo de gama.\u00a0<\/strong>Cada artigo personifica a nossa procura cont\u00ednua de especializa\u00e7\u00e3o e alta qualidade.<\/li>\n<\/ul>\n<p><strong>YaoSe - Caixa de maquilhagem com fecho magn\u00e9tico de placa vazia topo de gama\u00a0<\/strong>A nossa empresa, com o seu belo trabalho, estilo humanizado, apar\u00eancia cativante e servi\u00e7os de modifica\u00e7\u00e3o eficientes, dedica-se a tornar-se o seu forte apoio para a produ\u00e7\u00e3o de produtos de atra\u00e7\u00e3o premium. Escolha-nos, selecione a excelente unidade de velocidade, alta qualidade e topo de gama.<\/p>\n<h2 id=\"product-core-advantage-summary-table-\">Tabela de resumo das principais vantagens do produto.<\/h2>\n<table>\n<thead>\n<tr>\n<th>Medi\u00e7\u00e3o de fun\u00e7\u00f5es<\/th>\n<th>Pontos principais de benef\u00edcios<\/th>\n<th>Vale a pena incorporar<\/th>\n<\/tr>\n<\/thead>\n<tbody>\n<tr>\n<td><strong>Carater\u00edsticas e estilo<\/strong><\/td>\n<td><strong>1. Caixa cl\u00e1ssica retangular em forma de concha<\/strong><\/td>\n<td>Apelos est\u00e9ticos de tend\u00eancia, generosos e sensatos; f\u00e1ceis de exibir, trazer e guardar.<\/td>\n<\/tr>\n<tr>\n<td><\/td>\n<td><strong>2. Espelho embutido de alta defini\u00e7\u00e3o de enorme localiza\u00e7\u00e3o<\/strong><\/td>\n<td>Melhorar a experi\u00eancia do cliente, a maquilhagem e o exame das sombras \u00e9 excecionalmente simples, sensato e deslumbrante.<\/td>\n<\/tr>\n<tr>\n<td><strong>Material e estrutura<\/strong><\/td>\n<td><strong>3. Corpo de cart\u00e3o dif\u00edcil escolhido<\/strong><\/td>\n<td>Estanquicidade e apoio excepcionais, contor\u00e7\u00e3o anti-extrus\u00e3o; protege a seguran\u00e7a dos objectos interiores.<\/td>\n<\/tr>\n<tr>\n<td><\/td>\n<td><\/td>\n<td>A tecnologia moderna de superf\u00edcie sofisticada, a textura impressionante e o toque glamoroso s\u00e3o perfeitos.<\/td>\n<\/tr>\n<tr>\n<td><strong>Olhar e reconhecimento<\/strong><\/td>\n<td><strong>4. Aplica\u00e7\u00e3o de cor-de-rosa intenso<\/strong><\/td>\n<td>Efeito est\u00e9tico s\u00f3lido; elevado reconhecimento; em conformidade com as escolhas das mulheres-alvo.<\/td>\n<\/tr>\n<tr>\n<td><strong>Solu\u00e7\u00e3o e assist\u00eancia<\/strong><\/td>\n<td><strong>5. Rem\u00e9dios muito personalizados<\/strong><\/td>\n<td>O tamanho, a estrutura, o formato interno, a fivela magn\u00e9tica e o acabamento podem ser adaptados para satisfazer necessidades espec\u00edficas.<\/td>\n<\/tr>\n<tr>\n<td><\/td>\n<td><strong>6. Solu\u00e7\u00e3o de amostragem r\u00e1pida de 1 hora<\/strong><\/td>\n<td>Confirmar rapidamente os impactos do layout; reduzir o ciclo de avan\u00e7o; apoiar projectos de situa\u00e7\u00f5es de emerg\u00eancia; aumentar a taxa de a\u00e7\u00e3o no mercado.<\/td>\n<\/tr>\n<tr>\n<td><strong>Fabrico e qualidade<\/strong><\/td>\n<td><strong>7. Anos de experi\u00eancia no sector e tecnologia moderna totalmente desenvolvida e est\u00e1vel<\/strong><\/td>\n<td>Compreendemos com precis\u00e3o as necessidades das embalagens de produtos de grande apelo; a tecnologia moderna de produ\u00e7\u00e3o totalmente desenvolvida garante uma qualidade e uma distribui\u00e7\u00e3o excepcionais.<\/td>\n<\/tr>\n<\/tbody>\n<\/table>","protected":false},"excerpt":{"rendered":"<p>A caixa adopta uma forma cl\u00e1ssica e pr\u00e1tica de caixa cuboide em concha. Este design \u00e9 limpo e elegante, em linha com a est\u00e9tica dominante das embalagens de cosm\u00e9ticos, e \u00e9 f\u00e1cil de exibir, transportar e armazenar. Depois de aberta, a caixa \u00e9 fornecida com um espelho grande, que melhora consideravelmente a experi\u00eancia do utilizador e facilita o retoque da maquilhagem e a experimenta\u00e7\u00e3o de cores. \u00c9 uma combina\u00e7\u00e3o perfeita de praticidade e beleza. O corpo da caixa adopta uma cor rosa brilhante. Esta escolha de cor \u00e9 visualmente muito impactante e reconhec\u00edvel, o que vai ao encontro das prefer\u00eancias est\u00e9ticas das utilizadoras-alvo.<\/p>","protected":false},"featured_media":10447,"template":"","meta":[],"product_brand":[],"product_cat":[30,390,424,31],"product_tag":[1388,1389,1387],"class_list":{"0":"post-10446","1":"product","2":"type-product","3":"status-publish","4":"has-post-thumbnail","6":"product_cat-by-industry","7":"product_cat-custom-cosmetics-boxes","8":"product_cat-magnetic-closure-boxes","9":"product_cat-paper-box-style","10":"product_tag-blusher-palettes-boxes","11":"product_tag-custom-eyeshadow-blusher-palettes-boxes","12":"product_tag-empty-magnetic-eyeshadow-palette","14":"first","15":"instock","16":"shipping-taxable","17":"product-type-simple"},"_links":{"self":[{"href":"https:\/\/zojopackaging.com\/pt\/wp-json\/wp\/v2\/product\/10446","targetHints":{"allow":["GET"]}}],"collection":[{"href":"https:\/\/zojopackaging.com\/pt\/wp-json\/wp\/v2\/product"}],"about":[{"href":"https:\/\/zojopackaging.com\/pt\/wp-json\/wp\/v2\/types\/product"}],"version-history":[{"count":1,"href":"https:\/\/zojopackaging.com\/pt\/wp-json\/wp\/v2\/product\/10446\/revisions"}],"predecessor-version":[{"id":10452,"href":"https:\/\/zojopackaging.com\/pt\/wp-json\/wp\/v2\/product\/10446\/revisions\/10452"}],"wp:featuredmedia":[{"embeddable":true,"href":"https:\/\/zojopackaging.com\/pt\/wp-json\/wp\/v2\/media\/10447"}],"wp:attachment":[{"href":"https:\/\/zojopackaging.com\/pt\/wp-json\/wp\/v2\/media?parent=10446"}],"wp:term":[{"taxonomy":"product_brand","embeddable":true,"href":"https:\/\/zojopackaging.com\/pt\/wp-json\/wp\/v2\/product_brand?post=10446"},{"taxonomy":"product_cat","embeddable":true,"href":"https:\/\/zojopackaging.com\/pt\/wp-json\/wp\/v2\/product_cat?post=10446"},{"taxonomy":"product_tag","embeddable":true,"href":"https:\/\/zojopackaging.com\/pt\/wp-json\/wp\/v2\/product_tag?post=10446"}],"curies":[{"name":"wp","href":"https:\/\/api.w.org\/{rel}","templated":true}]}}