{"id":2434,"date":"2024-03-12T10:15:11","date_gmt":"2024-03-12T02:15:11","guid":{"rendered":"https:\/\/zojopackaging.com\/?post_type=product&#038;p=2434"},"modified":"2025-03-27T21:12:25","modified_gmt":"2025-03-27T13:12:25","slug":"personalized-cigarette-boxes","status":"publish","type":"product","link":"https:\/\/zojopackaging.com\/pt\/product\/personalized-cigarette-boxes\/","title":{"rendered":"Cannabis Vazio 510 Vape Cartucho Embalagem Atacado"},"content":{"rendered":"<h1>Cannabis Vazio 510 Vape Cartucho Embalagem Atacado<\/h1>\n<p>Os nossos fabricantes est\u00e3o sempre \u00e0 procura de caixas de vape personalizadas que sejam \u00fanicas, concebidas \u00e0 medida e com padr\u00f5es de qualidade de alto n\u00edvel. Percebemos a necessidade de tabaco na sociedade e a tend\u00eancia de caixas personalizadas com estilo. Os fumadores est\u00e3o muito preocupados com a qualidade das caixas de cigarros, de modo a exibirem estilo e a refor\u00e7arem a sua personalidade. Sabemos a import\u00e2ncia do estilo, para al\u00e9m da qualidade das caixas, e \u00e9 por isso que concebemos caixas de cigarros modernas para o mercado, que os seus clientes v\u00e3o adorar.<\/p>\n<h1>Deixe-nos imprimir caixas para si<\/h1>\n<p>N\u00e3o se trata apenas de criar caixas e vender; trabalhamos no design, fazemos uma maquete em 3D e fabricamos as caixas de facto utilizando cart\u00e3o ou Kraft de alta qualidade. Na era atual, todas as empresas de tabaco trabalham dia e noite para diferenciar a MARCA utilizando elementos de design personalizados, cores de impress\u00e3o, log\u00f3tipos ou quaisquer infografias. Connosco, \u00e9 simples! Basta enviar os seus requisitos de design ou deixar-nos criar algo atraente para si. Sabemos como criar as Caixas de Cigarros Personalizadas l\u00edderes de mercado e impressas que s\u00e3o suficientemente poderosas para alavancar as suas vendas em poucos dias.<\/p>\n<p>Al\u00e9m disso, as nossas m\u00e1quinas de impress\u00e3o digital avan\u00e7adas s\u00e3o operadas por t\u00e9cnicos especializados, n\u00e3o deixando margem para erros quando se trata de imprimir Caixas de Cigarros de Papel Personalizadas. Orgulhamo-nos de estabelecer um novo padr\u00e3o de Caixas de Cigarros Personalizadas, suficientemente competente para ajudar a marca a desbloquear as novas dimens\u00f5es do sucesso.<\/p>\n<h1>Dispon\u00edvel em todos os tamanhos<\/h1>\n<p>A experi\u00eancia pr\u00e1tica e a pesquisa de mercado tornaram-nos suficientemente capazes de conceber todas as estruturas, estilos e tamanhos de caixas. \u00c9 por isso que afirmamos que as nossas caixas de embalagem de cigarros impressas e personalizadas est\u00e3o alinhadas com as estrat\u00e9gias de marketing empresarial de alto n\u00edvel, ajudam-nas a impulsionar e, finalmente, a sua marca ter\u00e1 um fator de surpresa. Basta enviar-nos os tamanhos e as dimens\u00f5es exactas para que possamos criar as caixas em conformidade. Estamos confiantes de que n\u00e3o conseguir\u00e1 detetar qualquer diferen\u00e7a nas nossas caixas, encontrando as duas como clones e c\u00f3pias perfeitas uma da outra.<\/p>\n<h1>Fabricamos caixas em todos os materiais<\/h1>\n<p>Um dos aspectos mais importantes da embalagem \u00e9 o material, e uma das nossas vantagens competitivas \u00e9 criar as caixas em todos os materiais, ou seja, Kraft, Cart\u00e3o, ou outros. As Caixas de Cart\u00e3o Personalizadas para Embalagem de Cigarros s\u00e3o resistentes, duras e utilizadas maioritariamente para embalar muitos cigarros. Por outro lado, as Caixas de Cigarros Impressas Personalizadas em Kraft s\u00e3o leves, mais trabalhadas com elementos de marca e cores, e tamb\u00e9m s\u00e3o biodegrad\u00e1veis.<\/p>\n<h1><strong>Especifica\u00e7\u00e3o<\/strong><\/h1>\n<table width=\"1153\">\n<tbody>\n<tr>\n<td width=\"373\">Dimens\u00f5es<\/td>\n<td width=\"373\">Todos os tamanhos e formas personalizados<\/td>\n<\/tr>\n<tr>\n<td width=\"373\">Impress\u00e3o<\/td>\n<td width=\"373\">CMYK, PMS, Sem impress\u00e3o<\/td>\n<\/tr>\n<tr>\n<td width=\"373\">Estoque de papel<\/td>\n<td width=\"373\">10pt a 28pt (60lb a 400lb) Kraft ecol\u00f3gico, canelado E-flute, cart\u00e3o Bux, cartolina<\/td>\n<\/tr>\n<tr>\n<td width=\"373\">Quantidades<\/td>\n<td width=\"373\">500- 500,000<\/td>\n<\/tr>\n<tr>\n<td width=\"373\">Revestimento<\/td>\n<td width=\"373\">Brilhante, Mate, Spot UV<\/td>\n<\/tr>\n<tr>\n<td width=\"373\">Processo por defeito<\/td>\n<td width=\"373\">Corte e vinco, colagem, perfura\u00e7\u00e3o<\/td>\n<\/tr>\n<tr>\n<td width=\"373\">Op\u00e7\u00f5es<\/td>\n<td width=\"373\">Recorte de janela personalizada, folha de ouro\/prata, grava\u00e7\u00e3o em relevo, tinta em relevo, folha de PVC.<\/td>\n<\/tr>\n<tr>\n<td width=\"373\">Prova<\/td>\n<td width=\"373\">Vista plana, maqueta 3D, amostragem f\u00edsica (a pedido)<\/td>\n<\/tr>\n<tr>\n<td width=\"373\">Tempo de retorno<\/td>\n<td width=\"373\">7-14 dias \u00fateis , Urg\u00eancia<\/td>\n<\/tr>\n<tr>\n<td width=\"373\">MOQ<\/td>\n<td width=\"373\">500<\/td>\n<\/tr>\n<tr>\n<td width=\"373\">Tempo de amostragem<\/td>\n<td width=\"373\">\u00a05 dias<\/td>\n<\/tr>\n<tr>\n<td width=\"373\">Prazo de pagamento<\/td>\n<td width=\"373\">T\/T, Western Union, Paypal, dep\u00f3sito 30% e saldo 70% antes do envio.<\/td>\n<\/tr>\n<\/tbody>\n<\/table>\n<div class=\"widget block block-static-block\">\n<div class=\"landing-page-section option-bottom\">\n<div class=\"custom-materials-tabs-content container container-adjustment\">\n<div class=\"custom-materials-tab-content active\">\n<div class=\"widget block block-static-block\">\n<div class=\"options-items\">\n<div class=\"flex-grid-row-option\">\n<div class=\"flex-grid-item-option\">\n<div class=\"material-box\">\n<p>&nbsp;<\/p>\n<\/div>\n<\/div>\n<\/div>\n<\/div>\n<p><!---end of option item--><\/p>\n<\/div>\n<\/div>\n<\/div>\n<\/div>\n<\/div>","protected":false},"excerpt":{"rendered":"<p>1. Caixa com fecho magn\u00e9tico, design com \u00edman incorporado para evitar o desgaste externo, simplicidade visual, abertura e fecho mais suaves, elevada taxa de reutiliza\u00e7\u00e3o da caixa<br \/>\n2. O esquema de cores Macaron reduz a fadiga visual e cria uma atmosfera relaxante e curativa<br \/>\n3. Pode ser totalmente personalizado de acordo com as necessidades para se adequar \u00e0 sua embalagem de cigarro eletr\u00f3nico de cannabis<\/p>","protected":false},"featured_media":2445,"template":"","meta":[],"product_brand":[],"product_cat":[30,420,424,31],"product_tag":[716,715,593],"class_list":{"0":"post-2434","1":"product","2":"type-product","3":"status-publish","4":"has-post-thumbnail","6":"product_cat-by-industry","7":"product_cat-custom-cannabis-boxes","8":"product_cat-magnetic-closure-boxes","9":"product_cat-paper-box-style","10":"product_tag-cartridge-packaging-wholesale","11":"product_tag-empty-vape-packaging","12":"product_tag-vape-cartridge-packaging","14":"first","15":"instock","16":"shipping-taxable","17":"product-type-grouped"},"_links":{"self":[{"href":"https:\/\/zojopackaging.com\/pt\/wp-json\/wp\/v2\/product\/2434","targetHints":{"allow":["GET"]}}],"collection":[{"href":"https:\/\/zojopackaging.com\/pt\/wp-json\/wp\/v2\/product"}],"about":[{"href":"https:\/\/zojopackaging.com\/pt\/wp-json\/wp\/v2\/types\/product"}],"version-history":[{"count":2,"href":"https:\/\/zojopackaging.com\/pt\/wp-json\/wp\/v2\/product\/2434\/revisions"}],"predecessor-version":[{"id":8424,"href":"https:\/\/zojopackaging.com\/pt\/wp-json\/wp\/v2\/product\/2434\/revisions\/8424"}],"wp:featuredmedia":[{"embeddable":true,"href":"https:\/\/zojopackaging.com\/pt\/wp-json\/wp\/v2\/media\/2445"}],"wp:attachment":[{"href":"https:\/\/zojopackaging.com\/pt\/wp-json\/wp\/v2\/media?parent=2434"}],"wp:term":[{"taxonomy":"product_brand","embeddable":true,"href":"https:\/\/zojopackaging.com\/pt\/wp-json\/wp\/v2\/product_brand?post=2434"},{"taxonomy":"product_cat","embeddable":true,"href":"https:\/\/zojopackaging.com\/pt\/wp-json\/wp\/v2\/product_cat?post=2434"},{"taxonomy":"product_tag","embeddable":true,"href":"https:\/\/zojopackaging.com\/pt\/wp-json\/wp\/v2\/product_tag?post=2434"}],"curies":[{"name":"wp","href":"https:\/\/api.w.org\/{rel}","templated":true}]}}