{"id":2469,"date":"2024-03-12T10:57:56","date_gmt":"2024-03-12T02:57:56","guid":{"rendered":"https:\/\/zojopackaging.com\/?post_type=product&#038;p=2469"},"modified":"2025-03-28T16:22:24","modified_gmt":"2025-03-28T08:22:24","slug":"wholesale-e-cigarette-packaging-box","status":"publish","type":"product","link":"https:\/\/zojopackaging.com\/pt\/product\/wholesale-e-cigarette-packaging-box\/","title":{"rendered":"Caixa de embalagem de can\u00e1bis e marijuana com marca personalizada por atacado"},"content":{"rendered":"<h1>Caixa de embalagem de can\u00e1bis e marijuana com marca personalizada por atacado<\/h1>\n<p>As nossas caixas de embalagem de can\u00e1bis de marca personalizada por atacado s\u00e3o fabricadas com precis\u00e3o e qualidade em mente. Fabricadas com materiais de alta qualidade, oferecem durabilidade e uma apar\u00eancia elegante que chama a aten\u00e7\u00e3o.<\/p>\n<p>A caixa de embalagem de can\u00e1bis de marca personalizada por atacado n\u00e3o \u00e9 apenas funcional, mas tamb\u00e9m personaliz\u00e1vel. Pode escolher entre uma variedade de cores, padr\u00f5es e op\u00e7\u00f5es de marca para criar um aspeto \u00fanico e distinto que reflicta a identidade da sua marca. Isto permite que os seus produtos de cigarros electr\u00f3nicos se destaquem nas prateleiras e atraiam a aten\u00e7\u00e3o de potenciais clientes.<\/p>\n<p>Para al\u00e9m do seu apelo est\u00e9tico, a nossa caixa de embalagem foi concebida a pensar na comodidade do utilizador. Possui mecanismos de abertura f\u00e1cil e compartimentos para organizar os acess\u00f3rios, proporcionando uma experi\u00eancia perfeita tanto para os retalhistas como para os consumidores.<\/p>\n<p>Quando escolhe o nosso<\/p>\n<p>Ao comprar uma caixa de embalagem de can\u00e1bis e marijuana de marca personalizada por grosso, n\u00e3o est\u00e1 apenas a adquirir um recipiente; est\u00e1 a investir numa ferramenta de marketing que ajuda a promover a sua marca e a aumentar o valor percebido dos seus produtos. Quer se trate de uma pequena empresa ou de um grande distribuidor, os nossos pre\u00e7os por grosso permitem-lhe embalar os seus cigarros electr\u00f3nicos com estilo e profissionalismo.<\/p>\n<p>Melhore o seu neg\u00f3cio de cigarros electr\u00f3nicos com a nossa caixa de embalagem de cigarros electr\u00f3nicos por grosso de alta qualidade e d\u00ea aos seus produtos a apresenta\u00e7\u00e3o que merecem.<\/p>\n<h1><strong>Especifica\u00e7\u00e3o<\/strong><\/h1>\n<table style=\"height: 456px;\" width=\"1153\">\n<tbody>\n<tr>\n<td width=\"373\">Dimens\u00f5es<\/td>\n<td width=\"373\">Todos os tamanhos e formas personalizados<\/td>\n<\/tr>\n<tr>\n<td width=\"373\">Impress\u00e3o<\/td>\n<td width=\"373\">CMYK, PMS, Sem impress\u00e3o<\/td>\n<\/tr>\n<tr>\n<td width=\"373\">Estoque de papel<\/td>\n<td width=\"373\">10pt a 28pt (60lb a 400lb) Kraft ecol\u00f3gico, canelado E-flute, cart\u00e3o Bux, cartolina<\/td>\n<\/tr>\n<tr>\n<td width=\"373\">Quantidades<\/td>\n<td width=\"373\">500- 500,000<\/td>\n<\/tr>\n<tr>\n<td width=\"373\">Revestimento<\/td>\n<td width=\"373\">Brilhante, Mate, Spot UV<\/td>\n<\/tr>\n<tr>\n<td width=\"373\">Processo por defeito<\/td>\n<td width=\"373\">Corte e vinco, colagem, perfura\u00e7\u00e3o<\/td>\n<\/tr>\n<tr>\n<td width=\"373\">Op\u00e7\u00f5es<\/td>\n<td width=\"373\">Recorte de janela personalizada, folha de ouro\/prata, grava\u00e7\u00e3o em relevo, tinta em relevo, folha de PVC.<\/td>\n<\/tr>\n<tr>\n<td width=\"373\">Prova<\/td>\n<td width=\"373\">Vista plana, maqueta 3D, amostragem f\u00edsica (a pedido)<\/td>\n<\/tr>\n<tr>\n<td width=\"373\">Tempo de retorno<\/td>\n<td width=\"373\">7-14 dias \u00fateis , Urg\u00eancia<\/td>\n<\/tr>\n<tr>\n<td width=\"373\">MOQ<\/td>\n<td width=\"373\">500<\/td>\n<\/tr>\n<tr>\n<td width=\"373\">Tempo de amostragem<\/td>\n<td width=\"373\">\u00a05 dias<\/td>\n<\/tr>\n<tr>\n<td width=\"373\">Prazo de pagamento<\/td>\n<td width=\"373\">T\/T, Western Union, Paypal, dep\u00f3sito 30% e saldo 70% antes do envio.<\/td>\n<\/tr>\n<\/tbody>\n<\/table>\n<div class=\"widget block block-static-block\">\n<div class=\"landing-page-section option-bottom\">\n<div class=\"custom-materials-tabs-content container container-adjustment\">\n<div class=\"custom-materials-tab-content active\">\n<div class=\"widget block block-static-block\">\n<div class=\"options-items\">\n<div class=\"flex-grid-row-option\">\n<div class=\"flex-grid-item-option\">\n<div class=\"material-box\">\n<div class=\"material-des\">\n<p>&nbsp;<\/p>\n<\/div>\n<p>&nbsp;<\/p>\n<\/div>\n<\/div>\n<\/div>\n<\/div>\n<p><!---end of option item--><\/p>\n<\/div>\n<\/div>\n<\/div>\n<\/div>\n<\/div>","protected":false},"excerpt":{"rendered":"<p>1. O design da caixa da gaveta e a abertura deslizante facilitam a abertura e o fecho pelos utilizadores, melhorando a experi\u00eancia de desembalagem<br \/>\n2. O esquema de cores macaron reduz a fadiga visual e cria uma atmosfera relaxante e curativa<br \/>\n3. A superf\u00edcie da caixa \u00e9 impressa claramente sem diferen\u00e7a de cor. Pode melhorar a experi\u00eancia do utilizador<\/p>","protected":false},"featured_media":2474,"template":"","meta":[],"product_brand":[],"product_cat":[30,420,31],"product_tag":[824,826,825],"class_list":{"0":"post-2469","1":"product","2":"type-product","3":"status-publish","4":"has-post-thumbnail","6":"product_cat-by-industry","7":"product_cat-custom-cannabis-boxes","8":"product_cat-paper-box-style","9":"product_tag-cannabis-packaging-box","10":"product_tag-custom-cannabis-packaging-box","11":"product_tag-marijuana-packaging-wholesale","13":"first","14":"instock","15":"shipping-taxable","16":"product-type-grouped"},"_links":{"self":[{"href":"https:\/\/zojopackaging.com\/pt\/wp-json\/wp\/v2\/product\/2469","targetHints":{"allow":["GET"]}}],"collection":[{"href":"https:\/\/zojopackaging.com\/pt\/wp-json\/wp\/v2\/product"}],"about":[{"href":"https:\/\/zojopackaging.com\/pt\/wp-json\/wp\/v2\/types\/product"}],"version-history":[{"count":2,"href":"https:\/\/zojopackaging.com\/pt\/wp-json\/wp\/v2\/product\/2469\/revisions"}],"predecessor-version":[{"id":8471,"href":"https:\/\/zojopackaging.com\/pt\/wp-json\/wp\/v2\/product\/2469\/revisions\/8471"}],"wp:featuredmedia":[{"embeddable":true,"href":"https:\/\/zojopackaging.com\/pt\/wp-json\/wp\/v2\/media\/2474"}],"wp:attachment":[{"href":"https:\/\/zojopackaging.com\/pt\/wp-json\/wp\/v2\/media?parent=2469"}],"wp:term":[{"taxonomy":"product_brand","embeddable":true,"href":"https:\/\/zojopackaging.com\/pt\/wp-json\/wp\/v2\/product_brand?post=2469"},{"taxonomy":"product_cat","embeddable":true,"href":"https:\/\/zojopackaging.com\/pt\/wp-json\/wp\/v2\/product_cat?post=2469"},{"taxonomy":"product_tag","embeddable":true,"href":"https:\/\/zojopackaging.com\/pt\/wp-json\/wp\/v2\/product_tag?post=2469"}],"curies":[{"name":"wp","href":"https:\/\/api.w.org\/{rel}","templated":true}]}}