{"id":2476,"date":"2024-03-12T11:11:02","date_gmt":"2024-03-12T03:11:02","guid":{"rendered":"https:\/\/zojopackaging.com\/?post_type=product&#038;p=2476"},"modified":"2025-03-28T12:53:50","modified_gmt":"2025-03-28T04:53:50","slug":"customized-e-cigarette-packaging-card-box","status":"publish","type":"product","link":"https:\/\/zojopackaging.com\/pt\/product\/customized-e-cigarette-packaging-card-box\/","title":{"rendered":"Caixas de embalagem de papel\u00e3o de \u00f3leo de c\u00e2nhamo personalizadas Fabricante"},"content":{"rendered":"<h1>Caixas de embalagem de papel\u00e3o de \u00f3leo de c\u00e2nhamo personalizadas Fabricante<\/h1>\n<p>Estas caixas para cigarros personalizadas, simples mas elegantes, ajud\u00e1-lo-\u00e3o a embalar e a expor os seus cigarros electr\u00f3nicos num estilo moderno. Feitas de materiais de embalagem duradouros, estas maravilhosas caixas transportar\u00e3o em seguran\u00e7a os seus delicados cigarros electr\u00f3nicos. Quer necessite de entregar os seus cigarros electr\u00f3nicos aos seus clientes ou retalhistas, estas caixas resistentes ajudar\u00e3o muito a dar-lhe paz de esp\u00edrito. Ligue-nos para obter uma oferta de desconto maravilhosa para estas caixas atractivas!<\/p>\n<h1>Obtenha o melhor suporte de design para o fabricante de caixas de embalagem de papel\u00e3o de \u00f3leo de c\u00e2nhamo personalizado!<\/h1>\n<p>A nossa empresa oferece as caixas de cigarros electr\u00f3nicos impressas por encomenda mais apresent\u00e1veis para levar a sua marca a um n\u00edvel totalmente novo. Uma apresenta\u00e7\u00e3o fascinante oferecida por estas caixas far\u00e1 com que os seus cigarros electr\u00f3nicos sejam vendidos imediatamente e em grande quantidade. Os nossos especialistas em embalagens gostariam de o ajudar a obter as melhores caixas! Oferecemos-lhe os conhecimentos especializados mais competentes e o apoio \u00e0 conce\u00e7\u00e3o sem qualquer custo.<\/p>\n<h1>As caixas de cigarros electr\u00f3nicos personalizadas mais impec\u00e1veis com o log\u00f3tipo da sua marca<\/h1>\n<p>Na Zojoprint Packaging, fazemos o nosso melhor para promover e destacar a sua marca no mercado. Pode imprimir o nome e o log\u00f3tipo da sua marca nestas caixas modernas para apresentar a sua empresa de forma mais abrangente. Pode ter a certeza de que, com a nossa inovadora tecnologia de impress\u00e3o offset e digital, s\u00f3 receber\u00e1 as mais impec\u00e1veis caixas de cigarros electr\u00f3nicos personalizadas com o log\u00f3tipo da sua marca.<\/p>\n<h1><strong>Especifica\u00e7\u00e3o<\/strong><\/h1>\n<div class=\"widget block block-static-block\">\n<div class=\"landing-page-section option-bottom\">\n<div class=\"custom-materials-tabs-content container container-adjustment\">\n<div class=\"custom-materials-tab-content active\">\n<div class=\"widget block block-static-block\">\n<div class=\"options-items\">\n<div class=\"flex-grid-row-option\">\n<div class=\"flex-grid-item-option\">\n<div class=\"material-box\">\n<div class=\"material-des\">\n<table width=\"1070\">\n<tbody>\n<tr>\n<td width=\"373\">Dimens\u00f5es<\/td>\n<td width=\"373\">Todos os tamanhos e formas personalizados<\/td>\n<\/tr>\n<tr>\n<td width=\"373\">MOQ<\/td>\n<td width=\"373\">500 unidades<\/td>\n<\/tr>\n<tr>\n<td width=\"373\">Tempo de amostragem<\/td>\n<td width=\"373\">3-5 dias<\/td>\n<\/tr>\n<tr>\n<td width=\"373\">Processo por defeito<\/td>\n<td width=\"373\">Corte e vinco, colagem, ranhura, perfura\u00e7\u00e3o<\/td>\n<\/tr>\n<tr>\n<td width=\"373\">Impress\u00e3o<\/td>\n<td width=\"373\">Cmyk, pms, sem impress\u00e3o<\/td>\n<\/tr>\n<tr>\n<td width=\"373\">Op\u00e7\u00e3o de material<\/td>\n<td width=\"373\">Papel de cart\u00e3o branco, papel revestido, papel art\u00edstico, papel kraft, cart\u00e3o marfim, cart\u00e3o duplex, papel especial, etc.<\/td>\n<\/tr>\n<tr>\n<td width=\"373\">Acabamento de superf\u00edcies<\/td>\n<td width=\"373\">Lamina\u00e7\u00e3o mate\/brilhante, grava\u00e7\u00e3o em relevo, grava\u00e7\u00e3o em relevo, estampagem em folha, etc.<\/td>\n<\/tr>\n<tr>\n<td width=\"373\">Utiliza\u00e7\u00e3o na ind\u00fastria<\/td>\n<td width=\"373\">cosm\u00e9ticos, perfumes, vestu\u00e1rio, j\u00f3ias, tabaco, alimentos, presentes, produtos de consumo di\u00e1rio,<\/td>\n<\/tr>\n<tr>\n<td width=\"373\">Controlo de qualidade<\/td>\n<td width=\"373\">Equipamento avan\u00e7ado e equipa QC experiente verificam rigorosamente o material, os produtos semi-acabados e acabados em cada etapa antes de<\/td>\n<\/tr>\n<tr>\n<td width=\"373\">Pre\u00e7o<\/td>\n<td width=\"373\">O pre\u00e7o final ser\u00e1 adaptado ao seu produto e \u00e0 quantidade de que necessita<\/td>\n<\/tr>\n<tr>\n<td width=\"373\">Tempo de rota\u00e7\u00e3o<\/td>\n<td width=\"373\">7-14 dias \u00fateis, com urg\u00eancia<\/td>\n<\/tr>\n<tr>\n<td width=\"373\">Papel em stock<\/td>\n<td width=\"373\">10pt a 28pt (60lb a 400lb) Kraft ecol\u00f3gico, cart\u00e3o canelado e-flute, cart\u00e3o bux, cartolina<\/td>\n<\/tr>\n<tr>\n<td width=\"373\">Formato da obra de arte<\/td>\n<td width=\"373\">JPG, PDF, AI, CDR, EPS, GIF....<\/td>\n<\/tr>\n<tr>\n<td width=\"373\">Acess\u00f3rios<\/td>\n<td width=\"373\">\u00cdman, fita, forma EVA, tabuleiro de pl\u00e1stico, esponja, janela PVC\/PET\/PP,...<\/td>\n<\/tr>\n<tr>\n<td width=\"373\">Prazo de pagamento<\/td>\n<td width=\"373\">T\/T, Western Union, Paypal, dep\u00f3sito 30% e saldo 70% antes do envio.<\/td>\n<\/tr>\n<\/tbody>\n<\/table>\n<\/div>\n<\/div>\n<\/div>\n<\/div>\n<\/div>\n<\/div>\n<\/div>\n<\/div>\n<\/div>\n<\/div>\n<div class=\"widget block block-static-block\">\n<div class=\"landing-page-section option-bottom\">\n<div class=\"custom-materials-tabs-content container container-adjustment\">\n<div class=\"custom-materials-tab-content active\">\n<div class=\"widget block block-static-block\">\n<div class=\"options-items\">\n<div class=\"flex-grid-row-option\">\n<div class=\"flex-grid-item-option\">\n<div class=\"material-box\">\n<p>&nbsp;<\/p>\n<\/div>\n<\/div>\n<\/div>\n<\/div>\n<p><!---end of option item--><\/p>\n<\/div>\n<\/div>\n<\/div>\n<\/div>\n<\/div>","protected":false},"excerpt":{"rendered":"<p>1. A caixa de cart\u00e3o dobr\u00e1vel pode ser achatada para armazenamento, reduzindo o espa\u00e7o de armazenamento; elevada efici\u00eancia de empilhamento durante o transporte, reduzindo os custos log\u00edsticos<br \/>\n2. material de cart\u00e3o branco, superf\u00edcie lisa e delicada, impress\u00e3o amiga do ambiente<br \/>\n3. V\u00e1rios tamanhos podem ser personalizados de acordo com os seus produtos, adequados para v\u00e1rias caixas de embalagem de \u00f3leo de can\u00e1bis<\/p>","protected":false},"featured_media":2480,"template":"","meta":[],"product_brand":[],"product_cat":[30,420,430,31],"product_tag":[774,772,773],"class_list":{"0":"post-2476","1":"product","2":"type-product","3":"status-publish","4":"has-post-thumbnail","6":"product_cat-by-industry","7":"product_cat-custom-cannabis-boxes","8":"product_cat-folding-cartons","9":"product_cat-paper-box-style","10":"product_tag-custom-hemp-oil-boxes-manufacturer","11":"product_tag-custom-hemp-packaging","12":"product_tag-hemp-oil-boxes","14":"first","15":"instock","16":"shipping-taxable","17":"product-type-grouped"},"_links":{"self":[{"href":"https:\/\/zojopackaging.com\/pt\/wp-json\/wp\/v2\/product\/2476","targetHints":{"allow":["GET"]}}],"collection":[{"href":"https:\/\/zojopackaging.com\/pt\/wp-json\/wp\/v2\/product"}],"about":[{"href":"https:\/\/zojopackaging.com\/pt\/wp-json\/wp\/v2\/types\/product"}],"version-history":[{"count":2,"href":"https:\/\/zojopackaging.com\/pt\/wp-json\/wp\/v2\/product\/2476\/revisions"}],"predecessor-version":[{"id":8450,"href":"https:\/\/zojopackaging.com\/pt\/wp-json\/wp\/v2\/product\/2476\/revisions\/8450"}],"wp:featuredmedia":[{"embeddable":true,"href":"https:\/\/zojopackaging.com\/pt\/wp-json\/wp\/v2\/media\/2480"}],"wp:attachment":[{"href":"https:\/\/zojopackaging.com\/pt\/wp-json\/wp\/v2\/media?parent=2476"}],"wp:term":[{"taxonomy":"product_brand","embeddable":true,"href":"https:\/\/zojopackaging.com\/pt\/wp-json\/wp\/v2\/product_brand?post=2476"},{"taxonomy":"product_cat","embeddable":true,"href":"https:\/\/zojopackaging.com\/pt\/wp-json\/wp\/v2\/product_cat?post=2476"},{"taxonomy":"product_tag","embeddable":true,"href":"https:\/\/zojopackaging.com\/pt\/wp-json\/wp\/v2\/product_tag?post=2476"}],"curies":[{"name":"wp","href":"https:\/\/api.w.org\/{rel}","templated":true}]}}