{"id":2526,"date":"2024-03-12T11:46:02","date_gmt":"2024-03-12T03:46:02","guid":{"rendered":"https:\/\/zojopackaging.com\/?post_type=product&#038;p=2526"},"modified":"2025-03-27T21:23:20","modified_gmt":"2025-03-27T13:23:20","slug":"customized-e-cigarette-box","status":"publish","type":"product","link":"https:\/\/zojopackaging.com\/pt\/product\/customized-e-cigarette-box\/","title":{"rendered":"Caixas de embalagem de caneta Vape descart\u00e1veis personalizadas por atacado"},"content":{"rendered":"<h1>Caixas de embalagem de caneta Vape descart\u00e1veis personalizadas por atacado<\/h1>\n<p><strong>Design exclusivo<\/strong><br \/>\nA nossa caixa personalizada para cigarros electr\u00f3nicos apresenta um design elegante e moderno que chama a aten\u00e7\u00e3o. O mecanismo de rota\u00e7\u00e3o suave acrescenta um toque de sofistica\u00e7\u00e3o, facilitando o acesso ao seu cigarro eletr\u00f3nico com estilo. As op\u00e7\u00f5es personaliz\u00e1veis permitem-lhe personalizar a caixa com o log\u00f3tipo da sua marca, cores e padr\u00f5es, garantindo que se destaca na prateleira.<br \/>\n<strong>Materiais de primeira qualidade<\/strong><br \/>\nUtilizamos apenas materiais da mais elevada qualidade para garantir durabilidade e prote\u00e7\u00e3o. A caixa \u00e9 feita de cart\u00e3o ou pl\u00e1stico resistente, que protege o seu cigarro eletr\u00f3nico de danos durante o transporte e o armazenamento. O revestimento interior foi cuidadosamente concebido para manter o dispositivo firmemente no lugar, evitando qualquer movimento ou riscos.<br \/>\n<strong>Pr\u00e1tico e compacto<\/strong><br \/>\nO tamanho compacto da Customized E-Cigarette Flip Box torna-a altamente port\u00e1til. Pode coloc\u00e1-la facilmente no bolso ou na mala, levando o essencial da vaporiza\u00e7\u00e3o consigo para onde quer que v\u00e1. O design flip tamb\u00e9m proporciona um acesso r\u00e1pido e sem complica\u00e7\u00f5es ao seu cigarro eletr\u00f3nico, permitindo uma vaporiza\u00e7\u00e3o sem problemas em qualquer lugar.<br \/>\n<strong>Promo\u00e7\u00e3o da marca<\/strong><br \/>\nEsta caixa flip n\u00e3o \u00e9 apenas uma solu\u00e7\u00e3o de embalagem, mas tamb\u00e9m uma poderosa ferramenta de marketing. Personalize-a com a identidade da sua marca para aumentar a visibilidade e o reconhecimento da marca. O design \u00fanico e o toque personalizado deixar\u00e3o uma impress\u00e3o duradoura nos seus clientes, ajudando-o a construir uma base de clientes fi\u00e9is.<br \/>\n<strong>Op\u00e7\u00f5es vers\u00e1teis<\/strong><br \/>\nQuer se trate de uma pequena empresa em fase de arranque ou de uma marca estabelecida, oferecemos uma vasta gama de op\u00e7\u00f5es de personaliza\u00e7\u00e3o para satisfazer as suas necessidades espec\u00edficas. Escolha entre diferentes tamanhos, formas e acabamentos para criar uma flip box que represente perfeitamente o seu produto de cigarro eletr\u00f3nico.<\/p>\n<p>Actualize a embalagem do seu cigarro eletr\u00f3nico com a Flip Box personalizada para cigarros electr\u00f3nicos e fa\u00e7a uma afirma\u00e7\u00e3o arrojada no mercado. Contacte-nos hoje para come\u00e7ar a criar a sua solu\u00e7\u00e3o de embalagem exclusiva!<\/p>\n<h1><strong>Especifica\u00e7\u00e3o<\/strong><\/h1>\n<div class=\"widget block block-static-block\">\n<div class=\"landing-page-section option-bottom\">\n<div class=\"custom-materials-tabs-content container container-adjustment\">\n<div class=\"custom-materials-tab-content active\">\n<div class=\"widget block block-static-block\">\n<div class=\"options-items\">\n<div class=\"flex-grid-row-option\">\n<div class=\"flex-grid-item-option\">\n<div class=\"material-box\">\n<div class=\"material-des\">\n<table class=\"table table-striped\" width=\"1140\">\n<tbody>\n<tr class=\"firstRow\">\n<td>Dimens\u00f5es<\/td>\n<td>Todos os tamanhos e formas personalizados<\/td>\n<\/tr>\n<tr>\n<td>Impress\u00e3o<\/td>\n<td>CMYK, PMS, Sem impress\u00e3o<\/td>\n<\/tr>\n<tr>\n<td>Estoque de papel<\/td>\n<td>10pt a 28pt (60lb a 400lb) Kraft ecol\u00f3gico, canelado E-flute, cart\u00e3o Bux, cartolina<\/td>\n<\/tr>\n<tr>\n<td>Quantidades<\/td>\n<td>500 - 500,000<\/td>\n<\/tr>\n<tr>\n<td>Revestimento<\/td>\n<td>Brilhante, Mate, Spot UV<\/td>\n<\/tr>\n<tr>\n<td>Processo por defeito<\/td>\n<td>Corte e vinco, colagem, perfura\u00e7\u00e3o<\/td>\n<\/tr>\n<tr>\n<td>Op\u00e7\u00f5es<\/td>\n<td>Recorte de janela personalizada, folha de ouro\/prata, grava\u00e7\u00e3o em relevo, tinta em relevo, folha de PVC.<\/td>\n<\/tr>\n<tr>\n<td>Prova<\/td>\n<td>Vista plana, maqueta 3D, amostragem f\u00edsica (a pedido)<\/td>\n<\/tr>\n<tr>\n<td>Tempo de retorno<\/td>\n<td>7-14 dias \u00fateis , Urg\u00eancia<\/td>\n<\/tr>\n<tr>\n<td>MOQ<\/td>\n<td>500<\/td>\n<\/tr>\n<\/tbody>\n<\/table>\n<\/div>\n<p>&nbsp;<\/p>\n<\/div>\n<\/div>\n<\/div>\n<\/div>\n<p><!---end of option item--><\/p>\n<\/div>\n<\/div>\n<\/div>\n<\/div>\n<\/div>","protected":false},"excerpt":{"rendered":"<p>1. Design \u00e0 prova de crian\u00e7as para evitar que as crian\u00e7as o ingiram acidentalmente, mas os adultos podem abri-lo facilmente<br \/>\n2. V\u00e1rios tamanhos podem ser personalizados de acordo com os seus produtos, adequados para a embalagem de v\u00e1rios tipos de vape de cannabis<br \/>\n3. A f\u00e1brica de personaliza\u00e7\u00e3o de embalagens de cannabis, amostras gr\u00e1tis, pode fornecer-lhe o pre\u00e7o mais baixo e o tempo de entrega mais r\u00e1pido<\/p>","protected":false},"featured_media":6464,"template":"","meta":[],"product_brand":[],"product_cat":[30,431,420,31],"product_tag":[719,717,718],"class_list":{"0":"post-2526","1":"product","2":"type-product","3":"status-publish","4":"has-post-thumbnail","6":"product_cat-by-industry","7":"product_cat-child-resistant-packaging","8":"product_cat-custom-cannabis-boxes","9":"product_cat-paper-box-style","10":"product_tag-dank-vape-packaging-boxes","11":"product_tag-disposable-vape-packaging","12":"product_tag-vape-pen-packaging","14":"first","15":"instock","16":"shipping-taxable","17":"product-type-grouped"},"_links":{"self":[{"href":"https:\/\/zojopackaging.com\/pt\/wp-json\/wp\/v2\/product\/2526","targetHints":{"allow":["GET"]}}],"collection":[{"href":"https:\/\/zojopackaging.com\/pt\/wp-json\/wp\/v2\/product"}],"about":[{"href":"https:\/\/zojopackaging.com\/pt\/wp-json\/wp\/v2\/types\/product"}],"version-history":[{"count":2,"href":"https:\/\/zojopackaging.com\/pt\/wp-json\/wp\/v2\/product\/2526\/revisions"}],"predecessor-version":[{"id":8425,"href":"https:\/\/zojopackaging.com\/pt\/wp-json\/wp\/v2\/product\/2526\/revisions\/8425"}],"wp:featuredmedia":[{"embeddable":true,"href":"https:\/\/zojopackaging.com\/pt\/wp-json\/wp\/v2\/media\/6464"}],"wp:attachment":[{"href":"https:\/\/zojopackaging.com\/pt\/wp-json\/wp\/v2\/media?parent=2526"}],"wp:term":[{"taxonomy":"product_brand","embeddable":true,"href":"https:\/\/zojopackaging.com\/pt\/wp-json\/wp\/v2\/product_brand?post=2526"},{"taxonomy":"product_cat","embeddable":true,"href":"https:\/\/zojopackaging.com\/pt\/wp-json\/wp\/v2\/product_cat?post=2526"},{"taxonomy":"product_tag","embeddable":true,"href":"https:\/\/zojopackaging.com\/pt\/wp-json\/wp\/v2\/product_tag?post=2526"}],"curies":[{"name":"wp","href":"https:\/\/api.w.org\/{rel}","templated":true}]}}