{"id":2539,"date":"2024-03-12T11:50:20","date_gmt":"2024-03-12T03:50:20","guid":{"rendered":"https:\/\/zojopackaging.com\/?post_type=product&#038;p=2539"},"modified":"2025-03-28T14:15:29","modified_gmt":"2025-03-28T06:15:29","slug":"custom-e-cigarette-drawer-packaging-boxes","status":"publish","type":"product","link":"https:\/\/zojopackaging.com\/pt\/product\/custom-e-cigarette-drawer-packaging-boxes\/","title":{"rendered":"Caixas de embalagem Vape Premium personalizadas \u00e0 prova de crian\u00e7as por atacado"},"content":{"rendered":"<h1>Caixas de embalagem Vape Premium personalizadas \u00e0 prova de crian\u00e7as por atacado<\/h1>\n<p>caixas de embalagem vape personalizadas \u00e0 prova de crian\u00e7as por atacado - uma solu\u00e7\u00e3o de embalagem sofisticada e funcional para os seus produtos de cigarros electr\u00f3nicos.<\/p>\n<p>O interior da caixa de papel da gaveta \u00e9 cuidadosamente trabalhado para garantir um ajuste perfeito para a sua nuca e acess\u00f3rios. Proporciona uma excelente prote\u00e7\u00e3o, mantendo os seus produtos a salvo de danos durante a armazenagem e o transporte.<\/p>\n<p>As nossas caixas de papel personalizadas para gavetas de vape s\u00e3o fabricadas com materiais de alta qualidade, garantindo durabilidade e um toque luxuoso. N\u00e3o s\u00e3o apenas embalagens; s\u00e3o uma extens\u00e3o da qualidade e do empenho da sua marca.<\/p>\n<p>Quer esteja a lan\u00e7ar uma nova linha de vape ou a procurar atualizar a sua embalagem existente, as nossas caixas de gaveta personalizadas s\u00e3o a escolha perfeita. Destaque-se no mercado e proporcione aos seus clientes uma experi\u00eancia de unboxing inesquec\u00edvel.<\/p>\n<p>Escolha caixas de papel personalizadas para gavetas vape e eleve a sua marca a novos patamares.<\/p>\n<h1><strong>Especifica\u00e7\u00e3o<\/strong><\/h1>\n<table style=\"height: 456px;\" width=\"1153\">\n<tbody>\n<tr>\n<td width=\"373\">Dimens\u00f5es<\/td>\n<td width=\"373\">Todos os tamanhos e formas personalizados<\/td>\n<\/tr>\n<tr>\n<td width=\"373\">Impress\u00e3o<\/td>\n<td width=\"373\">CMYK, PMS, Sem impress\u00e3o<\/td>\n<\/tr>\n<tr>\n<td width=\"373\">Estoque de papel<\/td>\n<td width=\"373\">10pt a 28pt (60lb a 400lb) Kraft ecol\u00f3gico, canelado E-flute, cart\u00e3o Bux, cartolina<\/td>\n<\/tr>\n<tr>\n<td width=\"373\">Quantidades<\/td>\n<td width=\"373\">500- 500,000<\/td>\n<\/tr>\n<tr>\n<td width=\"373\">Revestimento<\/td>\n<td width=\"373\">Brilhante, Mate, Spot UV<\/td>\n<\/tr>\n<tr>\n<td width=\"373\">Processo por defeito<\/td>\n<td width=\"373\">Corte e vinco, colagem, perfura\u00e7\u00e3o<\/td>\n<\/tr>\n<tr>\n<td width=\"373\">Op\u00e7\u00f5es<\/td>\n<td width=\"373\">Recorte de janela personalizada, folha de ouro\/prata, grava\u00e7\u00e3o em relevo, tinta em relevo, folha de PVC.<\/td>\n<\/tr>\n<tr>\n<td width=\"373\">Prova<\/td>\n<td width=\"373\">Vista plana, maqueta 3D, amostragem f\u00edsica (a pedido)<\/td>\n<\/tr>\n<tr>\n<td width=\"373\">Tempo de retorno<\/td>\n<td width=\"373\">7-14 dias \u00fateis , Urg\u00eancia<\/td>\n<\/tr>\n<tr>\n<td width=\"373\">MOQ<\/td>\n<td width=\"373\">500<\/td>\n<\/tr>\n<tr>\n<td width=\"373\">Tempo de amostragem<\/td>\n<td width=\"373\">\u00a05 dias<\/td>\n<\/tr>\n<tr>\n<td width=\"373\">Prazo de pagamento<\/td>\n<td width=\"373\">T\/T, Western Union, Paypal, dep\u00f3sito 30% e saldo 70% antes do envio.<\/td>\n<\/tr>\n<\/tbody>\n<\/table>\n<div class=\"widget block block-static-block\">\n<div class=\"landing-page-section option-bottom\">\n<div class=\"custom-materials-tabs-content container container-adjustment\">\n<div class=\"custom-materials-tab-content active\">\n<div class=\"widget block block-static-block\">\n<div class=\"options-items\">\n<div class=\"flex-grid-row-option\">\n<div class=\"flex-grid-item-option\">\n<div class=\"material-box\">\n<div class=\"material-des\">\n<p>&nbsp;<\/p>\n<\/div>\n<p>&nbsp;<\/p>\n<\/div>\n<\/div>\n<\/div>\n<\/div>\n<p><!---end of option item--><\/p>\n<\/div>\n<\/div>\n<\/div>\n<\/div>\n<\/div>","protected":false},"excerpt":{"rendered":"<p>1. Design \u00e0 prova de crian\u00e7as para evitar que as crian\u00e7as o ingiram acidentalmente, mas os adultos podem abri-lo facilmente<br \/>\n2. O design da janela permite que os clientes vejam os seus produtos vape de forma mais intuitiva, o que pode reduzir os custos de comunica\u00e7\u00e3o<br \/>\n3. V\u00e1rios tamanhos podem ser personalizados de acordo com os seus produtos, adequados para todos os tipos de embalagens de vapor de cannabis<\/p>","protected":false},"featured_media":6384,"template":"","meta":[],"product_brand":[],"product_cat":[30,431,420,31],"product_tag":[792,793,595],"class_list":{"0":"post-2539","1":"product","2":"type-product","3":"status-publish","4":"has-post-thumbnail","6":"product_cat-by-industry","7":"product_cat-child-resistant-packaging","8":"product_cat-custom-cannabis-boxes","9":"product_cat-paper-box-style","10":"product_tag-child-proof-vape-packaging","11":"product_tag-premium-vape-packaging","12":"product_tag-vape-packaging-wholesale","14":"first","15":"instock","16":"shipping-taxable","17":"product-type-grouped"},"_links":{"self":[{"href":"https:\/\/zojopackaging.com\/pt\/wp-json\/wp\/v2\/product\/2539","targetHints":{"allow":["GET"]}}],"collection":[{"href":"https:\/\/zojopackaging.com\/pt\/wp-json\/wp\/v2\/product"}],"about":[{"href":"https:\/\/zojopackaging.com\/pt\/wp-json\/wp\/v2\/types\/product"}],"version-history":[{"count":2,"href":"https:\/\/zojopackaging.com\/pt\/wp-json\/wp\/v2\/product\/2539\/revisions"}],"predecessor-version":[{"id":8458,"href":"https:\/\/zojopackaging.com\/pt\/wp-json\/wp\/v2\/product\/2539\/revisions\/8458"}],"wp:featuredmedia":[{"embeddable":true,"href":"https:\/\/zojopackaging.com\/pt\/wp-json\/wp\/v2\/media\/6384"}],"wp:attachment":[{"href":"https:\/\/zojopackaging.com\/pt\/wp-json\/wp\/v2\/media?parent=2539"}],"wp:term":[{"taxonomy":"product_brand","embeddable":true,"href":"https:\/\/zojopackaging.com\/pt\/wp-json\/wp\/v2\/product_brand?post=2539"},{"taxonomy":"product_cat","embeddable":true,"href":"https:\/\/zojopackaging.com\/pt\/wp-json\/wp\/v2\/product_cat?post=2539"},{"taxonomy":"product_tag","embeddable":true,"href":"https:\/\/zojopackaging.com\/pt\/wp-json\/wp\/v2\/product_tag?post=2539"}],"curies":[{"name":"wp","href":"https:\/\/api.w.org\/{rel}","templated":true}]}}