{"id":2571,"date":"2024-03-12T13:47:23","date_gmt":"2024-03-12T05:47:23","guid":{"rendered":"https:\/\/zojopackaging.com\/?post_type=product&#038;p=2571"},"modified":"2025-03-24T18:34:31","modified_gmt":"2025-03-24T10:34:31","slug":"custom-pre-roll-packaging","status":"publish","type":"product","link":"https:\/\/zojopackaging.com\/pt\/product\/custom-pre-roll-packaging\/","title":{"rendered":"Juntas pr\u00e9-rolamento de cannabis personalizadas Caixas de embalagem Suprimentos"},"content":{"rendered":"<h1>Juntas pr\u00e9-rolamento de cannabis personalizadas Caixas de embalagem SuprimentosEmbalagens pr\u00e9-rolamento personalizadas<\/h1>\n<p><a href=\"https:\/\/zojopackaging.com\/pt\/categoria-produto\/cannabis-boxes\/\">Embalagem personalizada em pr\u00e9-rolos<\/a> \u00e9 um m\u00e9todo de acondicionamento espec\u00edfico para produtos pr\u00e9-enrolados <a href=\"https:\/\/zojoprint.en.alibaba.com\/productgrouplist-941131925\/Child_Resistant_Packaging_Box.html\" target=\"_blank\" rel=\"noopener\">produtos de can\u00e1bis<\/a>\u00c0 medida que a ind\u00fastria da can\u00e1bis \u00e9 legalizada e comercializada, o sector est\u00e1 a passar por uma r\u00e1pida mudan\u00e7a e inova\u00e7\u00e3o.<a href=\"https:\/\/zojopackaging.com\/pt\/categoria-produto\/cannabis-boxes\/\">embalagem em pr\u00e9-rolos<\/a> t\u00eam uma grande variedade de op\u00e7\u00f5es personalizadas, incluindo uma variedade de formas, desenhos, tamanhos, cores, seguran\u00e7a para crian\u00e7as e cortes, etc. Estas op\u00e7\u00f5es permitem-lhes n\u00e3o s\u00f3 proteger os produtos, mas tamb\u00e9m melhorar a imagem da marca e atrair a aten\u00e7\u00e3o do consumidor.<\/p>\n<h3><a href=\"https:\/\/zojopackaging.com\/pt\/categoria-produto\/cannabis-boxes\/\">Embalagem personalizada em pr\u00e9-rolos<\/a> acompanha as tend\u00eancias do mercado<\/h3>\n<p>A ind\u00fastria da can\u00e1bis \u00e9 um mercado din\u00e2mico que est\u00e1 em constante evolu\u00e7\u00e3o, com as prefer\u00eancias dos consumidores e as paisagens regulamentares a mudarem a um ritmo acelerado. Por conseguinte, num mercado concorrido, \u00e9 essencial um design de embalagem \u00fanico. Uma embalagem bem concebida pode melhorar a experi\u00eancia do utilizador,As embalagens personalizadas ajudam as marcas de cannabis a estabelecer uma identidade \u00fanica e a fidelizar os clientes.zojopackaging.us <a href=\"https:\/\/zojopackaging.com\/pt\/categoria-produto\/cannabis-boxes\/\">embalagens personalizadas para pr\u00e9-rolos<\/a> com base nas especifica\u00e7\u00f5es do seu produto e nas necessidades do mercado, permitindo que a sua marca obtenha um posicionamento \u00fanico no mercado, garantindo a qualidade e a seguran\u00e7a do produto, com o objetivo de ajudar a sua marca a destacar-se num mercado altamente competitivo.<\/p>\n<h3>Embalagem e impress\u00e3o de caixas de pr\u00e9-rolos personalizadas<\/h3>\n<p>Temos uma equipa profissional que realiza regularmente pesquisas de mercado para analisar as mudan\u00e7as no comportamento e nas prefer\u00eancias dos consumidores, e tem uma compreens\u00e3o profunda e percep\u00e7\u00f5es em tempo real das tend\u00eancias populares na ind\u00fastria de impress\u00e3o de embalagens. Garantimos que os nossos clientes podem utilizar os mais recentes designs e tecnologias para melhorar a embalagem dos seus produtos. Utilizamos a mais recente tecnologia de impress\u00e3o para garantir que a qualidade de impress\u00e3o das embalagens \u00e9 do mais alto padr\u00e3o, como caixas de pr\u00e9-rolos. Pode ajudar a sua marca a destacar-se no mercado.<\/p>\n<p>&nbsp;<\/p>\n<p><strong>Especifica\u00e7\u00e3o<\/strong><\/p>\n<table style=\"height: 456px;\" width=\"1153\">\n<tbody>\n<tr>\n<td width=\"373\">Dimens\u00f5es<\/td>\n<td width=\"373\">Todos os tamanhos e formas personalizados<\/td>\n<\/tr>\n<tr>\n<td width=\"373\">Impress\u00e3o<\/td>\n<td width=\"373\">CMYK, PMS, Sem impress\u00e3o<\/td>\n<\/tr>\n<tr>\n<td width=\"373\">Estoque de papel<\/td>\n<td width=\"373\">10pt a 28pt (60lb a 400lb) Kraft ecol\u00f3gico, canelado E-flute, cart\u00e3o Bux, cartolina<\/td>\n<\/tr>\n<tr>\n<td width=\"373\">Quantidades<\/td>\n<td width=\"373\">500- 500,000<\/td>\n<\/tr>\n<tr>\n<td width=\"373\">Revestimento<\/td>\n<td width=\"373\">Brilhante, Mate, Spot UV<\/td>\n<\/tr>\n<tr>\n<td width=\"373\">Processo por defeito<\/td>\n<td width=\"373\">Corte e vinco, colagem, perfura\u00e7\u00e3o<\/td>\n<\/tr>\n<tr>\n<td width=\"373\">Op\u00e7\u00f5es<\/td>\n<td width=\"373\">Recorte de janela personalizada, folha de ouro\/prata, grava\u00e7\u00e3o em relevo, tinta em relevo, folha de PVC.<\/td>\n<\/tr>\n<tr>\n<td width=\"373\">Prova<\/td>\n<td width=\"373\">Vista plana, maqueta 3D, amostragem f\u00edsica (a pedido)<\/td>\n<\/tr>\n<tr>\n<td width=\"373\">Tempo de retorno<\/td>\n<td width=\"373\">7-14 dias \u00fateis , Urg\u00eancia<\/td>\n<\/tr>\n<tr>\n<td width=\"373\">MOQ<\/td>\n<td width=\"373\">500<\/td>\n<\/tr>\n<tr>\n<td width=\"373\">Tempo de amostragem<\/td>\n<td width=\"373\">\u00a05 dias<\/td>\n<\/tr>\n<tr>\n<td width=\"373\">Prazo de pagamento<\/td>\n<td width=\"373\">T\/T, Western Union, Paypal, dep\u00f3sito 30% e saldo 70% antes do envio.<\/td>\n<\/tr>\n<\/tbody>\n<\/table>\n<div class=\"widget block block-static-block\">\n<div class=\"landing-page-section option-bottom\">\n<div class=\"custom-materials-tabs-content container container-adjustment\">\n<div class=\"custom-materials-tab-content active\">\n<div class=\"widget block block-static-block\">\n<div class=\"options-items\">\n<div class=\"flex-grid-row-option\">\n<div class=\"flex-grid-item-option\">\n<div class=\"material-box\">\n<div class=\"material-des\">\n<p>&nbsp;<\/p>\n<\/div>\n<p>&nbsp;<\/p>\n<\/div>\n<\/div>\n<\/div>\n<\/div>\n<p><!---end of option item--><\/p>\n<\/div>\n<\/div>\n<\/div>\n<\/div>\n<\/div>","protected":false},"excerpt":{"rendered":"<ul>\n<li>MOQ: 500 pe\u00e7as<\/li>\n<li>Tempo de entrega: 7-14 dias \u00fateis, Rush<\/li>\n<li>Dimens\u00e3o (di\u00e2metro x altura) \u00e0 medida<\/li>\n<li>Impress\u00e3o personalizada<\/li>\n<li>Amigo do ambiente, recicl\u00e1vel e sem pl\u00e1stico<\/li>\n<li>Pre\u00e7o\uff1aO pre\u00e7o final ser\u00e1 adaptado ao seu produto e \u00e0 quantidade que necessita<\/li>\n<\/ul>","protected":false},"featured_media":6462,"template":"","meta":[],"product_brand":[],"product_cat":[30,431,420,31,426],"product_tag":[584,585,586],"class_list":{"0":"post-2571","1":"product","2":"type-product","3":"status-publish","4":"has-post-thumbnail","6":"product_cat-by-industry","7":"product_cat-child-resistant-packaging","8":"product_cat-custom-cannabis-boxes","9":"product_cat-paper-box-style","10":"product_cat-paper-drawer-boxes","11":"product_tag-cannabis-pre-roll-packaging","12":"product_tag-pre-roll-boxes","13":"product_tag-pre-roll-packaging-supplies","15":"first","16":"instock","17":"shipping-taxable","18":"product-type-grouped"},"_links":{"self":[{"href":"https:\/\/zojopackaging.com\/pt\/wp-json\/wp\/v2\/product\/2571","targetHints":{"allow":["GET"]}}],"collection":[{"href":"https:\/\/zojopackaging.com\/pt\/wp-json\/wp\/v2\/product"}],"about":[{"href":"https:\/\/zojopackaging.com\/pt\/wp-json\/wp\/v2\/types\/product"}],"version-history":[{"count":2,"href":"https:\/\/zojopackaging.com\/pt\/wp-json\/wp\/v2\/product\/2571\/revisions"}],"predecessor-version":[{"id":8115,"href":"https:\/\/zojopackaging.com\/pt\/wp-json\/wp\/v2\/product\/2571\/revisions\/8115"}],"wp:featuredmedia":[{"embeddable":true,"href":"https:\/\/zojopackaging.com\/pt\/wp-json\/wp\/v2\/media\/6462"}],"wp:attachment":[{"href":"https:\/\/zojopackaging.com\/pt\/wp-json\/wp\/v2\/media?parent=2571"}],"wp:term":[{"taxonomy":"product_brand","embeddable":true,"href":"https:\/\/zojopackaging.com\/pt\/wp-json\/wp\/v2\/product_brand?post=2571"},{"taxonomy":"product_cat","embeddable":true,"href":"https:\/\/zojopackaging.com\/pt\/wp-json\/wp\/v2\/product_cat?post=2571"},{"taxonomy":"product_tag","embeddable":true,"href":"https:\/\/zojopackaging.com\/pt\/wp-json\/wp\/v2\/product_tag?post=2571"}],"curies":[{"name":"wp","href":"https:\/\/api.w.org\/{rel}","templated":true}]}}