{"id":2612,"date":"2024-03-12T14:51:34","date_gmt":"2024-03-12T06:51:34","guid":{"rendered":"https:\/\/zojopackaging.com\/?post_type=product&#038;p=2612"},"modified":"2025-03-28T16:37:20","modified_gmt":"2025-03-28T08:37:20","slug":"pink-e-cigarette-packaging-card-box","status":"publish","type":"product","link":"https:\/\/zojopackaging.com\/pt\/product\/pink-e-cigarette-packaging-card-box\/","title":{"rendered":"F\u00e1brica de caixa de embalagem comest\u00edvel de maconha para caneta l\u00edquida Vape personalizada"},"content":{"rendered":"<h1>F\u00e1brica de caixa de embalagem comest\u00edvel de maconha para caneta l\u00edquida Vape personalizada<\/h1>\n<p>A caixa de embalagem de marijuana comest\u00edvel para caneta vape l\u00edquida personalizada rosa \u00e9 uma solu\u00e7\u00e3o elegante e funcional para armazenar e apresentar cigarros electr\u00f3nicos de forma atraente. Esta caixa de embalagem foi concebida com um toque feminino, apresentando uma cor rosa suave que apela a uma est\u00e9tica mais delicada e elegante.<\/p>\n<p>A caixa de cart\u00e3o \u00e9 fabricada com materiais de alta qualidade, garantindo durabilidade e prote\u00e7\u00e3o para os cigarros electr\u00f3nicos no seu interior. A constru\u00e7\u00e3o robusta da caixa ajuda a manter o conte\u00fado seguro durante o armazenamento e o transporte.<\/p>\n<p>O design da caixa de cart\u00e3o da embalagem \u00e9 elegante e moderno, com um aspeto limpo e minimalista que complementa o apelo geral dos cigarros electr\u00f3nicos. A cor rosa acrescenta um toque de sofistica\u00e7\u00e3o e charme, fazendo com que se destaque nas prateleiras das lojas ou quando apresentada como presente.<\/p>\n<p>A caixa foi concebida para ser compacta e leve, tornando-a conveniente para os utilizadores transportarem e guardarem os seus cigarros electr\u00f3nicos. A caixa de cart\u00e3o proporciona um compartimento seguro para os cigarros electr\u00f3nicos, mantendo-os organizados e protegidos de elementos externos.<\/p>\n<h1><strong>Especifica\u00e7\u00e3o<\/strong><\/h1>\n<table style=\"height: 456px;\" width=\"1153\">\n<tbody>\n<tr>\n<td width=\"373\">Dimens\u00f5es<\/td>\n<td width=\"373\">Todos os tamanhos e formas personalizados<\/td>\n<\/tr>\n<tr>\n<td width=\"373\">Impress\u00e3o<\/td>\n<td width=\"373\">CMYK, PMS, Sem impress\u00e3o<\/td>\n<\/tr>\n<tr>\n<td width=\"373\">Estoque de papel<\/td>\n<td width=\"373\">10pt a 28pt (60lb a 400lb) Kraft ecol\u00f3gico, canelado E-flute, cart\u00e3o Bux, cartolina<\/td>\n<\/tr>\n<tr>\n<td width=\"373\">Quantidades<\/td>\n<td width=\"373\">500- 500,000<\/td>\n<\/tr>\n<tr>\n<td width=\"373\">Revestimento<\/td>\n<td width=\"373\">Brilhante, Mate, Spot UV<\/td>\n<\/tr>\n<tr>\n<td width=\"373\">Processo por defeito<\/td>\n<td width=\"373\">Corte e vinco, colagem, perfura\u00e7\u00e3o<\/td>\n<\/tr>\n<tr>\n<td width=\"373\">Op\u00e7\u00f5es<\/td>\n<td width=\"373\">Recorte de janela personalizada, folha de ouro\/prata, grava\u00e7\u00e3o em relevo, tinta em relevo, folha de PVC.<\/td>\n<\/tr>\n<tr>\n<td width=\"373\">Prova<\/td>\n<td width=\"373\">Vista plana, maqueta 3D, amostragem f\u00edsica (a pedido)<\/td>\n<\/tr>\n<tr>\n<td width=\"373\">Tempo de retorno<\/td>\n<td width=\"373\">7-14 dias \u00fateis , Urg\u00eancia<\/td>\n<\/tr>\n<tr>\n<td width=\"373\">MOQ<\/td>\n<td width=\"373\">500<\/td>\n<\/tr>\n<tr>\n<td width=\"373\">Tempo de amostragem<\/td>\n<td width=\"373\">\u00a05 dias<\/td>\n<\/tr>\n<tr>\n<td width=\"373\">Prazo de pagamento<\/td>\n<td width=\"373\">T\/T, Western Union, Paypal, dep\u00f3sito 30% e saldo 70% antes do envio.<\/td>\n<\/tr>\n<\/tbody>\n<\/table>\n<div class=\"widget block block-static-block\">\n<div class=\"landing-page-section option-bottom\">\n<div class=\"custom-materials-tabs-content container container-adjustment\">\n<div class=\"custom-materials-tab-content active\">\n<div class=\"widget block block-static-block\">\n<div class=\"options-items\">\n<div class=\"flex-grid-row-option\">\n<div class=\"flex-grid-item-option\">\n<div class=\"material-box\">\n<div class=\"material-des\">\n<p>&nbsp;<\/p>\n<\/div>\n<p>&nbsp;<\/p>\n<\/div>\n<\/div>\n<\/div>\n<\/div>\n<p><!---end of option item--><\/p>\n<\/div>\n<\/div>\n<\/div>\n<\/div>\n<\/div>","protected":false},"excerpt":{"rendered":"<p>1. Fabricado em cart\u00e3o branco, com superf\u00edcie lisa e delicada e impress\u00e3o ecol\u00f3gica<br \/>\n2. As caixas de cart\u00e3o dobr\u00e1veis podem ser achatadas para armazenamento, reduzindo o espa\u00e7o de armazenamento; elevada efici\u00eancia de empilhamento durante o transporte, reduzindo os custos log\u00edsticos<br \/>\n3. V\u00e1rios tamanhos podem ser personalizados de acordo com os seus produtos, adequados para a embalagem de v\u00e1rios produtos<\/p>","protected":false},"featured_media":2622,"template":"","meta":[],"product_brand":[],"product_cat":[30,420,430,31],"product_tag":[830,831,718],"class_list":{"0":"post-2612","1":"product","2":"type-product","3":"status-publish","4":"has-post-thumbnail","6":"product_cat-by-industry","7":"product_cat-custom-cannabis-boxes","8":"product_cat-folding-cartons","9":"product_cat-paper-box-style","10":"product_tag-custom-vape-liquid-packaging","11":"product_tag-marijuana-edible-packaging","12":"product_tag-vape-pen-packaging","14":"first","15":"instock","16":"shipping-taxable","17":"product-type-grouped"},"_links":{"self":[{"href":"https:\/\/zojopackaging.com\/pt\/wp-json\/wp\/v2\/product\/2612","targetHints":{"allow":["GET"]}}],"collection":[{"href":"https:\/\/zojopackaging.com\/pt\/wp-json\/wp\/v2\/product"}],"about":[{"href":"https:\/\/zojopackaging.com\/pt\/wp-json\/wp\/v2\/types\/product"}],"version-history":[{"count":2,"href":"https:\/\/zojopackaging.com\/pt\/wp-json\/wp\/v2\/product\/2612\/revisions"}],"predecessor-version":[{"id":8473,"href":"https:\/\/zojopackaging.com\/pt\/wp-json\/wp\/v2\/product\/2612\/revisions\/8473"}],"wp:featuredmedia":[{"embeddable":true,"href":"https:\/\/zojopackaging.com\/pt\/wp-json\/wp\/v2\/media\/2622"}],"wp:attachment":[{"href":"https:\/\/zojopackaging.com\/pt\/wp-json\/wp\/v2\/media?parent=2612"}],"wp:term":[{"taxonomy":"product_brand","embeddable":true,"href":"https:\/\/zojopackaging.com\/pt\/wp-json\/wp\/v2\/product_brand?post=2612"},{"taxonomy":"product_cat","embeddable":true,"href":"https:\/\/zojopackaging.com\/pt\/wp-json\/wp\/v2\/product_cat?post=2612"},{"taxonomy":"product_tag","embeddable":true,"href":"https:\/\/zojopackaging.com\/pt\/wp-json\/wp\/v2\/product_tag?post=2612"}],"curies":[{"name":"wp","href":"https:\/\/api.w.org\/{rel}","templated":true}]}}