{"id":2624,"date":"2024-03-12T14:59:23","date_gmt":"2024-03-12T06:59:23","guid":{"rendered":"https:\/\/zojopackaging.com\/?post_type=product&#038;p=2624"},"modified":"2025-03-28T16:51:07","modified_gmt":"2025-03-28T08:51:07","slug":"custom-printed-e-cigarette-boxes","status":"publish","type":"product","link":"https:\/\/zojopackaging.com\/pt\/product\/custom-printed-e-cigarette-boxes\/","title":{"rendered":"Caixa de \u00f3leo de c\u00e2nhamo de chocolate CBD impressa com can\u00e1bis personalizada por atacado"},"content":{"rendered":"<h1 class=\"LC20lb MBeuO DKV0Md\">Caixa de \u00f3leo de c\u00e2nhamo de chocolate CBD impressa com can\u00e1bis personalizada por atacado<\/h1>\n<p>Utilizam uma bateria que cont\u00e9m uma solu\u00e7\u00e3o de diferentes subst\u00e2ncias qu\u00edmicas, aromas e nicotina. Embora algumas subst\u00e2ncias possam ser perigosas, s\u00e3o muito menos nocivas do que um cigarro tradicional. Assim, com o aumento da procura de cigarros electr\u00f3nicos e outros produtos de vaporiza\u00e7\u00e3o, as empresas est\u00e3o a tentar encontrar formas mais criativas de embalar os seus produtos. Para o efeito, os nossos designers gr\u00e1ficos profissionais sugerem ideias e designs de caixas para cigarros electr\u00f3nicos. Estas d\u00e3o uma apresenta\u00e7\u00e3o profissional aos seus produtos e ajudam a manter a sua qualidade. <em>As caixas personalizadas<\/em>\u00a0oferece-lhe personaliza\u00e7\u00f5es \u00fanicas para criar\u00a0<strong>Desenhos de embalagens de cigarros electr\u00f3nicos<\/strong>\u00a0que criam uma rela\u00e7\u00e3o de confian\u00e7a entre a sua marca e os consumidores. Al\u00e9m disso, o material de melhor qualidade protege os seus produtos de contamina\u00e7\u00e3o e danos. A tend\u00eancia para a utiliza\u00e7\u00e3o de cigarros electr\u00f3nicos tem vindo a aumentar ao longo do tempo. Para al\u00e9m da personaliza\u00e7\u00e3o ilimitada, somos tamb\u00e9m a primeira escolha dos consumidores devido aos nossos servi\u00e7os excepcionais.<\/p>\n<h3><strong>Comprar <\/strong>Caixa de \u00f3leo de c\u00e2nhamo de chocolate CBD impressa com can\u00e1bis personalizada <strong>A pre\u00e7os grossistas<\/strong><\/h3>\n<p>No mundo dos cigarros electr\u00f3nicos, h\u00e1 muitas marcas no mercado para competir. \u00c9 por isso que um visual elegante se tornou obrigat\u00f3rio para sobreviver \u00e0 concorr\u00eancia. Personalizado\u00a0<strong>solu\u00e7\u00f5es de embalagem de cigarros electr\u00f3nicos<\/strong>\u00a0desempenham um papel importante neste dom\u00ednio. Estas caixas aumentam a visibilidade dos produtos, destacando a sua marca no mercado. As caixas de cart\u00e3o personalizadas para cigarros electr\u00f3nicos s\u00e3o a melhor forma de preservar a sua qualidade. S\u00e3o concebidas para satisfazer as expectativas dos clientes e as tend\u00eancias actuais do mercado.\u00a0<em>As caixas personalizadas<\/em>\u00a0\u00e9 um dos maiores fabricantes grossistas que lhe fornece caixas topo de gama a pre\u00e7os econ\u00f3micos.<\/p>\n<h3><strong>Material dur\u00e1vel para prote\u00e7\u00e3o do 100%<\/strong><\/h3>\n<p>Fabricamos caixas de armazenamento para cigarros electr\u00f3nicos com a melhor qualidade\u00a0<a href=\"https:\/\/zojopackaging.com\/pt\/categoria-produto\/custom-e-cigarette-box\/\">caixas de cart\u00e3o<\/a>\u00a0ou caixas Kraft. O material \u00e9 suficientemente dur\u00e1vel e resistente para proporcionar a m\u00e1xima prote\u00e7\u00e3o ao produto. Mant\u00e9m-nos seguros durante a transi\u00e7\u00e3o, armazenamento e exposi\u00e7\u00e3o. Pode personalizar a espessura da caixa de acordo com a delicadeza dos seus valiosos produtos. Um aspeto t\u00e3o exuberante das caixas de cigarros electr\u00f3nicos personalizadas por atacado faz com que os seus produtos se destaquem nas prateleiras de retalho.<\/p>\n<p>N\u00e3o \u00e9 espantoso obter uma excelente qualidade e pre\u00e7os m\u00ednimos sob o mesmo teto? Sim, est\u00e1 a pensar bem, ter\u00e1 uma combina\u00e7\u00e3o perfeita de qualidade e pre\u00e7o da nossa parte, para exceder as expectativas dos clientes. Oferecemos produtos de boa qualidade<strong>\u00a0<\/strong><strong>caixas de cigarros electr\u00f3nicos com impress\u00e3o personalizada<\/strong>\u00a0a pre\u00e7os econ\u00f3micos. Os nossos pre\u00e7os s\u00e3o altamente competitivos em compara\u00e7\u00e3o com o mercado.<\/p>\n<h3><strong>Impress\u00e3o de qualidade superior<\/strong><\/h3>\n<p>Somos a primeira escolha dos consumidores porque fornecemos servi\u00e7os de impress\u00e3o de qualidade superior aos nossos venerados clientes. Cri\u00e1mos grandes impressoras digitais, serigr\u00e1ficas e offset utilizando t\u00e9cnicas de ponta. Tintas e maquinaria de impress\u00e3o de excelente qualidade fazem com que os nossos produtos sejam os mais bem classificados.<strong>\u00a0<\/strong>caixas de cigarros electr\u00f3nicos em papel com impress\u00e3o personalizada. A lamina\u00e7\u00e3o e o acabamento especiais s\u00e3o aplicados no final para real\u00e7ar a sua gra\u00e7a. Oferecemos pr\u00e1ticas ecol\u00f3gicas 100% para\u00a0<strong>impress\u00e3o de desenhos de cigarros electr\u00f3nicos<\/strong>. Isto assegura a entrega de um produto de elevado valor \u00e0 porta do cliente. A utiliza\u00e7\u00e3o de uma impress\u00e3o de alta qualidade e de estilos atractivos confere um aspeto extraordin\u00e1rio aos seus produtos.<\/p>\n<p>Al\u00e9m disso, n\u00e3o s\u00e3o aplicadas taxas de corte ou de revestimento a nenhum dos nossos produtos.<strong>\u00a0<\/strong>Oferecemos uma solu\u00e7\u00e3o de personaliza\u00e7\u00e3o completa no que respeita ao layout e ao design. Os clientes s\u00e3o livres de selecionar as especifica\u00e7\u00f5es de<strong>\u00a0<\/strong><strong>caixas de embalagem de cigarros electr\u00f3nicos personalizadas\u00a0<\/strong>de acordo com as suas necessidades. A nossa prioridade m\u00e1xima \u00e9 fornecer aos nossos clientes as suas caixas de embalagem de sonho.<\/p>\n<h3><strong>Caixas de cigarros electr\u00f3nicos cortadas<\/strong><\/h3>\n<p>Pode conceber caixas de cigarros electr\u00f3nicos cortadas sob press\u00e3o personalizadas em vastas combina\u00e7\u00f5es de formas e estilos, consoante os requisitos da sua marca. \u00c9 necess\u00e1ria uma solu\u00e7\u00e3o de embalagem inovadora para aumentar a visibilidade do seu produto. As caixas expositoras de cigarros electr\u00f3nicos personalizadas s\u00e3o perfeitas para fazer com que a sua marca se destaque da concorr\u00eancia. Imprima estas caixas com padr\u00f5es interessantes ou trabalhos art\u00edsticos personalizados para as tornar mais apelativas. \u00c9 uma boa op\u00e7\u00e3o para as empresas que pretendem criar uma identidade de marca distinta. As nossas caixas mais bem cotadas com cortes permitem que os clientes vejam o produto real antes da compra. Isto aumenta a satisfa\u00e7\u00e3o do cliente e permite que os fabricantes apresentem os seus produtos de forma atractiva. Tamb\u00e9m s\u00e3o concebidas inser\u00e7\u00f5es especiais para as caixas, de modo a proporcionar um amortecimento extra para evitar quebras durante o envio e o transporte.<\/p>\n<h3><strong>Envio gratuito e suporte de design gratuito<\/strong><\/h3>\n<p>O envio gratuito e o apoio \u00e0 conce\u00e7\u00e3o s\u00e3o algumas das pr\u00e1ticas fundamentais da nossa empresa. Dispomos de uma equipa de designers profissionais e peritos t\u00e9cnicos para o ajudar a criar\u00a0<strong>caixas de cigarros electr\u00f3nicos personalizadas com log\u00f3tipos.<\/strong>\u00a0Informam os clientes sobre as especifica\u00e7\u00f5es, as carater\u00edsticas e o trabalho art\u00edstico relacionado. Os designers preparam um modelo de acordo com as suas disposi\u00e7\u00f5es. Todo o processo \u00e9 efectuado sem custos. Al\u00e9m disso, oferecemos envio gratuito para os EUA e Canad\u00e1. No entanto, para os clientes que vivem fora do pa\u00eds, os nossos custos de envio s\u00e3o m\u00ednimos em compara\u00e7\u00e3o com os da concorr\u00eancia.<\/p>\n<p>Al\u00e9m disso, em compara\u00e7\u00e3o com outros fabricantes de embalagens personalizadas, temos um tempo de execu\u00e7\u00e3o r\u00e1pido. Os nossos especialistas em embalagens asseguram sempre que todos os prazos s\u00e3o cumpridos a tempo. Al\u00e9m disso, tamb\u00e9m pode contactar o nosso servi\u00e7o de apoio ao cliente, que est\u00e1 dispon\u00edvel 24 horas por dia, 7 dias por semana. Dispomos de v\u00e1rios representantes de vendas competentes. Estes est\u00e3o ao seu dispor 24 horas por dia para responder \u00e0s suas perguntas e resolver as suas preocupa\u00e7\u00f5es sobre\u00a0<strong>caixas de cigarros electr\u00f3nicos personalizadas\u00a0<\/strong>r\u00e1pida e eficazmente.<\/p>\n<p>A sustentabilidade ambiental tornou-se uma quest\u00e3o importante a ser trabalhada. N\u00f3s come\u00e7amos a implementar pr\u00e1ticas verdes para projetar caixas impressas de cigarros eletr\u00f4nicos Kraft. Todos os produtos, incluindo a caixa de cigarros electr\u00f3nicos personalizada por atacado, s\u00e3o feitos de material recicl\u00e1vel 100%. Isso beneficia o planeta e prova ser ben\u00e9fico para a reputa\u00e7\u00e3o da sua marca. Por isso, n\u00e3o perca esta fant\u00e1stica oportunidade e obtenha j\u00e1 o seu or\u00e7amento gratuito!<\/p>\n<h1><strong>Especifica\u00e7\u00e3o<\/strong><\/h1>\n<table style=\"height: 456px;\" width=\"1153\">\n<tbody>\n<tr>\n<td width=\"373\">Dimens\u00f5es<\/td>\n<td width=\"373\">Todos os tamanhos e formas personalizados<\/td>\n<\/tr>\n<tr>\n<td width=\"373\">Impress\u00e3o<\/td>\n<td width=\"373\">CMYK, PMS, Sem impress\u00e3o<\/td>\n<\/tr>\n<tr>\n<td width=\"373\">Estoque de papel<\/td>\n<td width=\"373\">10pt a 28pt (60lb a 400lb) Kraft ecol\u00f3gico, canelado E-flute, cart\u00e3o Bux, cartolina<\/td>\n<\/tr>\n<tr>\n<td width=\"373\">Quantidades<\/td>\n<td width=\"373\">500- 500,000<\/td>\n<\/tr>\n<tr>\n<td width=\"373\">Revestimento<\/td>\n<td width=\"373\">Brilhante, Mate, Spot UV<\/td>\n<\/tr>\n<tr>\n<td width=\"373\">Processo por defeito<\/td>\n<td width=\"373\">Corte e vinco, colagem, perfura\u00e7\u00e3o<\/td>\n<\/tr>\n<tr>\n<td width=\"373\">Op\u00e7\u00f5es<\/td>\n<td width=\"373\">Recorte de janela personalizada, folha de ouro\/prata, grava\u00e7\u00e3o em relevo, tinta em relevo, folha de PVC.<\/td>\n<\/tr>\n<tr>\n<td width=\"373\">Prova<\/td>\n<td width=\"373\">Vista plana, maqueta 3D, amostragem f\u00edsica (a pedido)<\/td>\n<\/tr>\n<tr>\n<td width=\"373\">Tempo de retorno<\/td>\n<td width=\"373\">7-14 dias \u00fateis , Urg\u00eancia<\/td>\n<\/tr>\n<tr>\n<td width=\"373\">MOQ<\/td>\n<td width=\"373\">500<\/td>\n<\/tr>\n<tr>\n<td width=\"373\">Tempo de amostragem<\/td>\n<td width=\"373\">\u00a05 dias<\/td>\n<\/tr>\n<tr>\n<td width=\"373\">Prazo de pagamento<\/td>\n<td width=\"373\">T\/T, Western Union, Paypal, dep\u00f3sito 30% e saldo 70% antes do envio.<\/td>\n<\/tr>\n<\/tbody>\n<\/table>\n<div class=\"widget block block-static-block\">\n<div class=\"landing-page-section option-bottom\">\n<div class=\"custom-materials-tabs-content container container-adjustment\">\n<div class=\"custom-materials-tab-content active\">\n<div class=\"widget block block-static-block\">\n<div class=\"options-items\">\n<div class=\"flex-grid-row-option\">\n<div class=\"flex-grid-item-option\">\n<div class=\"material-box\">\n<div class=\"material-des\">\n<p>&nbsp;<\/p>\n<\/div>\n<p>&nbsp;<\/p>\n<\/div>\n<\/div>\n<\/div>\n<\/div>\n<p><!---end of option item--><\/p>\n<\/div>\n<\/div>\n<\/div>\n<\/div>\n<\/div>","protected":false},"excerpt":{"rendered":"<p>1. O design da gaveta da caixa de papel e a abertura deslizante facilitam a abertura e o fecho pelos utilizadores, melhorando a experi\u00eancia de desembalagem<br \/>\n2. V\u00e1rios tamanhos podem ser personalizados de acordo com seus produtos, adequados para a embalagem de v\u00e1rios chocolates CBD de c\u00e2nhamo<br \/>\n3. A impress\u00e3o na superf\u00edcie da caixa \u00e9 clara e n\u00e3o tem diferen\u00e7a de cor, o que pode melhorar a sua experi\u00eancia de utilizador<\/p>","protected":false},"featured_media":2627,"template":"","meta":[],"product_brand":[],"product_cat":[30,418,31,426],"product_tag":[832,833,834],"class_list":{"0":"post-2624","1":"product","2":"type-product","3":"status-publish","4":"has-post-thumbnail","6":"product_cat-by-industry","7":"product_cat-custom-cbd-boxes","8":"product_cat-paper-box-style","9":"product_cat-paper-drawer-boxes","10":"product_tag-cbd-chocolate-box-wholesale","11":"product_tag-custom-cannabis-box","12":"product_tag-hemp-oil-box-wholesale","14":"first","15":"instock","16":"shipping-taxable","17":"product-type-grouped"},"_links":{"self":[{"href":"https:\/\/zojopackaging.com\/pt\/wp-json\/wp\/v2\/product\/2624","targetHints":{"allow":["GET"]}}],"collection":[{"href":"https:\/\/zojopackaging.com\/pt\/wp-json\/wp\/v2\/product"}],"about":[{"href":"https:\/\/zojopackaging.com\/pt\/wp-json\/wp\/v2\/types\/product"}],"version-history":[{"count":2,"href":"https:\/\/zojopackaging.com\/pt\/wp-json\/wp\/v2\/product\/2624\/revisions"}],"predecessor-version":[{"id":8474,"href":"https:\/\/zojopackaging.com\/pt\/wp-json\/wp\/v2\/product\/2624\/revisions\/8474"}],"wp:featuredmedia":[{"embeddable":true,"href":"https:\/\/zojopackaging.com\/pt\/wp-json\/wp\/v2\/media\/2627"}],"wp:attachment":[{"href":"https:\/\/zojopackaging.com\/pt\/wp-json\/wp\/v2\/media?parent=2624"}],"wp:term":[{"taxonomy":"product_brand","embeddable":true,"href":"https:\/\/zojopackaging.com\/pt\/wp-json\/wp\/v2\/product_brand?post=2624"},{"taxonomy":"product_cat","embeddable":true,"href":"https:\/\/zojopackaging.com\/pt\/wp-json\/wp\/v2\/product_cat?post=2624"},{"taxonomy":"product_tag","embeddable":true,"href":"https:\/\/zojopackaging.com\/pt\/wp-json\/wp\/v2\/product_tag?post=2624"}],"curies":[{"name":"wp","href":"https:\/\/api.w.org\/{rel}","templated":true}]}}