{"id":2645,"date":"2024-03-12T15:16:34","date_gmt":"2024-03-12T07:16:34","guid":{"rendered":"https:\/\/zojopackaging.com\/?post_type=product&#038;p=2645"},"modified":"2025-03-28T15:15:39","modified_gmt":"2025-03-28T07:15:39","slug":"customization-e-cigarette-packaging-box","status":"publish","type":"product","link":"https:\/\/zojopackaging.com\/pt\/product\/customization-e-cigarette-packaging-box\/","title":{"rendered":"Caixas de pastilhas para dormir dissol\u00faveis em CBD personalizadas por atacado"},"content":{"rendered":"<h1>Caixas de pastilhas para dormir dissol\u00faveis em CBD personalizadas por atacado<\/h1>\n<p>As caixas personalizadas de comprimidos para dormir dissolv\u00edveis cbd por atacado s\u00e3o uma solu\u00e7\u00e3o de embalagem vers\u00e1til e personalizada que permite \u00e0s marcas criar uma apresenta\u00e7\u00e3o \u00fanica e personalizada para os seus comprimidos para dormir dissolv\u00edveis cbd. Esta caixa de embalagem oferece uma ampla gama de op\u00e7\u00f5es de personaliza\u00e7\u00e3o, incluindo design, tamanho, forma, cor e toques finais, para atender \u00e0s necessidades espec\u00edficas de marca e marketing de cada empresa.<\/p>\n<p>As marcas podem optar por incorporar o seu log\u00f3tipo, as cores da marca e as mensagens na caixa de embalagem para criar um aspeto coeso e de marca que ressoe junto do seu p\u00fablico-alvo. As possibilidades de design s\u00e3o infinitas, permitindo que as marcas mostrem a sua criatividade e individualidade atrav\u00e9s da caixa de embalagem.<\/p>\n<p>Para al\u00e9m da personaliza\u00e7\u00e3o do design, as marcas tamb\u00e9m podem selecionar o tamanho e a forma da caixa da embalagem para melhor se adaptarem aos seus produtos cbd dissolvable sleep tablets. Quer prefiram uma caixa compacta e minimalista ou um design maior e mais elaborado, as op\u00e7\u00f5es de personaliza\u00e7\u00e3o permitem que as marcas adaptem a embalagem \u00e0s especifica\u00e7\u00f5es dos seus produtos.<\/p>\n<p>Al\u00e9m disso, as marcas podem escolher entre uma variedade de op\u00e7\u00f5es de acabamento, tais como acabamentos mate ou brilhantes, grava\u00e7\u00e3o em relevo, foiling ou revestimento UV pontual, para dar um toque de luxo \u00e0 caixa da embalagem. Estes acabamentos elevam o aspeto e a sensa\u00e7\u00e3o geral da embalagem, aumentando o valor percebido dos comprimidos para dormir dissolv\u00edveis de cbd.<\/p>\n<h1><strong>Especifica\u00e7\u00e3o<\/strong><\/h1>\n<table style=\"height: 456px;\" width=\"1153\">\n<tbody>\n<tr>\n<td width=\"373\">Dimens\u00f5es<\/td>\n<td width=\"373\">Todos os tamanhos e formas personalizados<\/td>\n<\/tr>\n<tr>\n<td width=\"373\">Impress\u00e3o<\/td>\n<td width=\"373\">CMYK, PMS, Sem impress\u00e3o<\/td>\n<\/tr>\n<tr>\n<td width=\"373\">Estoque de papel<\/td>\n<td width=\"373\">10pt a 28pt (60lb a 400lb) Kraft ecol\u00f3gico, canelado E-flute, cart\u00e3o Bux, cartolina<\/td>\n<\/tr>\n<tr>\n<td width=\"373\">Quantidades<\/td>\n<td width=\"373\">500- 500,000<\/td>\n<\/tr>\n<tr>\n<td width=\"373\">Revestimento<\/td>\n<td width=\"373\">Brilhante, Mate, Spot UV<\/td>\n<\/tr>\n<tr>\n<td width=\"373\">Processo por defeito<\/td>\n<td width=\"373\">Corte e vinco, colagem, perfura\u00e7\u00e3o<\/td>\n<\/tr>\n<tr>\n<td width=\"373\">Op\u00e7\u00f5es<\/td>\n<td width=\"373\">Recorte de janela personalizada, folha de ouro\/prata, grava\u00e7\u00e3o em relevo, tinta em relevo, folha de PVC.<\/td>\n<\/tr>\n<tr>\n<td width=\"373\">Prova<\/td>\n<td width=\"373\">Vista plana, maqueta 3D, amostragem f\u00edsica (a pedido)<\/td>\n<\/tr>\n<tr>\n<td width=\"373\">Tempo de retorno<\/td>\n<td width=\"373\">7-14 dias \u00fateis , Urg\u00eancia<\/td>\n<\/tr>\n<tr>\n<td width=\"373\">MOQ<\/td>\n<td width=\"373\">500<\/td>\n<\/tr>\n<tr>\n<td width=\"373\">Tempo de amostragem<\/td>\n<td width=\"373\">3-5 dias<\/td>\n<\/tr>\n<tr>\n<td width=\"373\">Prazo de pagamento<\/td>\n<td width=\"373\">T\/T, Western Union, Paypal, dep\u00f3sito 30% e saldo 70% antes do envio.<\/td>\n<\/tr>\n<\/tbody>\n<\/table>\n<div class=\"widget block block-static-block\">\n<div class=\"landing-page-section option-bottom\">\n<div class=\"custom-materials-tabs-content container container-adjustment\">\n<div class=\"custom-materials-tab-content active\">\n<div class=\"widget block block-static-block\">\n<div class=\"options-items\">\n<div class=\"flex-grid-row-option\">\n<div class=\"flex-grid-item-option\">\n<div class=\"material-box\">\n<p>&nbsp;<\/p>\n<\/div>\n<\/div>\n<\/div>\n<\/div>\n<p><!---end of option item--><\/p>\n<\/div>\n<\/div>\n<\/div>\n<\/div>\n<\/div>","protected":false},"excerpt":{"rendered":"<p>1. V\u00e1rios tamanhos podem ser personalizados de acordo com o seu produto, adequado para todos os tipos de embalagens de p\u00edlulas para dormir sol\u00faveis em CBD<br \/>\n2. As caixas de cart\u00e3o dobr\u00e1veis podem ser achatadas para armazenamento, reduzindo o espa\u00e7o de armazenamento; elevada efici\u00eancia de empilhamento durante o transporte, reduzindo os custos log\u00edsticos<br \/>\n3. material de cart\u00e3o branco, superf\u00edcie lisa e delicada, impress\u00e3o amiga do ambiente<\/p>","protected":false},"featured_media":6424,"template":"","meta":[],"product_brand":[],"product_cat":[30,418,430,31],"product_tag":[808,807,356],"class_list":{"0":"post-2645","1":"product","2":"type-product","3":"status-publish","4":"has-post-thumbnail","6":"product_cat-by-industry","7":"product_cat-custom-cbd-boxes","8":"product_cat-folding-cartons","9":"product_cat-paper-box-style","10":"product_tag-cbd-boxes-wholesale","11":"product_tag-cbd-dissolvable-sleep-tablets-boxes","12":"product_tag-custom-cbd-boxes","14":"first","15":"instock","16":"shipping-taxable","17":"product-type-grouped"},"_links":{"self":[{"href":"https:\/\/zojopackaging.com\/pt\/wp-json\/wp\/v2\/product\/2645","targetHints":{"allow":["GET"]}}],"collection":[{"href":"https:\/\/zojopackaging.com\/pt\/wp-json\/wp\/v2\/product"}],"about":[{"href":"https:\/\/zojopackaging.com\/pt\/wp-json\/wp\/v2\/types\/product"}],"version-history":[{"count":2,"href":"https:\/\/zojopackaging.com\/pt\/wp-json\/wp\/v2\/product\/2645\/revisions"}],"predecessor-version":[{"id":8464,"href":"https:\/\/zojopackaging.com\/pt\/wp-json\/wp\/v2\/product\/2645\/revisions\/8464"}],"wp:featuredmedia":[{"embeddable":true,"href":"https:\/\/zojopackaging.com\/pt\/wp-json\/wp\/v2\/media\/6424"}],"wp:attachment":[{"href":"https:\/\/zojopackaging.com\/pt\/wp-json\/wp\/v2\/media?parent=2645"}],"wp:term":[{"taxonomy":"product_brand","embeddable":true,"href":"https:\/\/zojopackaging.com\/pt\/wp-json\/wp\/v2\/product_brand?post=2645"},{"taxonomy":"product_cat","embeddable":true,"href":"https:\/\/zojopackaging.com\/pt\/wp-json\/wp\/v2\/product_cat?post=2645"},{"taxonomy":"product_tag","embeddable":true,"href":"https:\/\/zojopackaging.com\/pt\/wp-json\/wp\/v2\/product_tag?post=2645"}],"curies":[{"name":"wp","href":"https:\/\/api.w.org\/{rel}","templated":true}]}}