{"id":2659,"date":"2024-03-12T16:01:36","date_gmt":"2024-03-12T08:01:36","guid":{"rendered":"https:\/\/zojopackaging.com\/?post_type=product&#038;p=2659"},"modified":"2025-03-28T17:13:57","modified_gmt":"2025-03-28T09:13:57","slug":"printed-e-cigarette-packaging-boxes","status":"publish","type":"product","link":"https:\/\/zojopackaging.com\/pt\/product\/printed-e-cigarette-packaging-boxes\/","title":{"rendered":"Caixas de gavetas de papel para \u00f3leo de can\u00e1bis resistentes a crian\u00e7as"},"content":{"rendered":"<h1 class=\"indIKd q23Yce fA1vYb cS4Vcb-pGL6qe-fwJd0c\">Caixas de gavetas de papel para \u00f3leo de can\u00e1bis resistentes a crian\u00e7as<\/h1>\n<p>Est\u00e1 \u00e0 procura de caixas de gaveta de papel para \u00f3leo de can\u00e1bis \u00e0 prova de crian\u00e7as? Deseja obter uma embalagem personalizada para o seu vape? A embalagem personalizada pode ser a escolha certa ent\u00e3o; voc\u00ea ter\u00e1 muitas op\u00e7\u00f5es aqui para decorar suas caixas de gaveta de papel de \u00f3leo de cannabis \u00e0 prova de crian\u00e7as resistentes a crian\u00e7as. Aqui, voc\u00ea n\u00e3o obter\u00e1 apenas embalagens personalizadas de acordo com suas necessidades, mas tamb\u00e9m algumas ofertas e descontos incr\u00edveis.<\/p>\n<p>As caixas est\u00e3o dispon\u00edveis numa variedade de tamanhos e estilos para acomodar diferentes modelos e acess\u00f3rios de \u00f3leo de can\u00e1bis. Pode escolher entre uma gama de acabamentos, tais como brilhante, mate ou texturado, para dar \u00e0 sua embalagem aquele toque extra de sofistica\u00e7\u00e3o.<\/p>\n<p>A personaliza\u00e7\u00e3o est\u00e1 no centro da nossa oferta. Adapte a caixa \u00e0s suas especifica\u00e7\u00f5es exactas - selecione as cores que representam a sua marca, incorpore elementos de design especiais e adicione informa\u00e7\u00f5es essenciais sobre o produto. Este n\u00edvel de personaliza\u00e7\u00e3o ajuda a sua can\u00e1bis a destacar-se nas prateleiras e deixa uma impress\u00e3o duradoura nos consumidores.<\/p>\n<h1><strong>Especifica\u00e7\u00e3o<\/strong><\/h1>\n<table style=\"height: 456px;\" width=\"1153\">\n<tbody>\n<tr>\n<td width=\"373\">Dimens\u00f5es<\/td>\n<td width=\"373\">Todos os tamanhos e formas personalizados<\/td>\n<\/tr>\n<tr>\n<td width=\"373\">Impress\u00e3o<\/td>\n<td width=\"373\">CMYK, PMS, Sem impress\u00e3o<\/td>\n<\/tr>\n<tr>\n<td width=\"373\">Estoque de papel<\/td>\n<td width=\"373\">10pt a 28pt (60lb a 400lb) Kraft ecol\u00f3gico, canelado E-flute, cart\u00e3o Bux, cartolina<\/td>\n<\/tr>\n<tr>\n<td width=\"373\">Quantidades<\/td>\n<td width=\"373\">500- 500,000<\/td>\n<\/tr>\n<tr>\n<td width=\"373\">Revestimento<\/td>\n<td width=\"373\">Brilhante, Mate, Spot UV<\/td>\n<\/tr>\n<tr>\n<td width=\"373\">Processo por defeito<\/td>\n<td width=\"373\">Corte e vinco, colagem, perfura\u00e7\u00e3o<\/td>\n<\/tr>\n<tr>\n<td width=\"373\">Op\u00e7\u00f5es<\/td>\n<td width=\"373\">Recorte de janela personalizada, folha de ouro\/prata, grava\u00e7\u00e3o em relevo, tinta em relevo, folha de PVC.<\/td>\n<\/tr>\n<tr>\n<td width=\"373\">Prova<\/td>\n<td width=\"373\">Vista plana, maqueta 3D, amostragem f\u00edsica (a pedido)<\/td>\n<\/tr>\n<tr>\n<td width=\"373\">Tempo de retorno<\/td>\n<td width=\"373\">7-14 dias \u00fateis , Urg\u00eancia<\/td>\n<\/tr>\n<tr>\n<td width=\"373\">MOQ<\/td>\n<td width=\"373\">500<\/td>\n<\/tr>\n<tr>\n<td width=\"373\">Tempo de amostragem<\/td>\n<td width=\"373\">3-5 dias<\/td>\n<\/tr>\n<tr>\n<td width=\"373\">Prazo de pagamento<\/td>\n<td width=\"373\">T\/T, Western Union, Paypal, dep\u00f3sito 30% e saldo 70% antes do envio.<\/td>\n<\/tr>\n<\/tbody>\n<\/table>\n<p>&nbsp;<\/p>\n<div class=\"widget block block-static-block\">\n<div class=\"landing-page-section option-bottom\">\n<div class=\"custom-materials-tabs-content container container-adjustment\">\n<div class=\"custom-materials-tab-content active\">\n<div class=\"widget block block-static-block\">\n<div class=\"options-items\">\n<div class=\"flex-grid-row-option\">\n<div class=\"flex-grid-item-option\">\n<div class=\"material-box\">\n<p>&nbsp;<\/p>\n<\/div>\n<\/div>\n<\/div>\n<\/div>\n<p><!---end of option item--><\/p>\n<\/div>\n<\/div>\n<\/div>\n<\/div>\n<\/div>","protected":false},"excerpt":{"rendered":"<p>1. O design da caixa de papel com gaveta, deslizante para abrir, facilita a abertura e o fecho pelos utilizadores, melhorando a experi\u00eancia de desembalagem<br \/>\n2. V\u00e1rios tamanhos podem ser personalizados de acordo com os seus produtos, adequados para a embalagem de v\u00e1rios \u00f3leos de can\u00e1bis<br \/>\n3. A impress\u00e3o na superf\u00edcie da caixa \u00e9 clara e n\u00e3o tem diferen\u00e7a de cor, o que pode melhorar a sua experi\u00eancia de utilizador<br \/>\n4. O design lateral \u00e0 prova de crian\u00e7as impede as crian\u00e7as de o ingerirem acidentalmente, mas os adultos podem abri-lo facilmente<\/p>","protected":false},"featured_media":6455,"template":"","meta":[],"product_brand":[],"product_cat":[30,431,420,31],"product_tag":[835,836,794],"class_list":{"0":"post-2659","1":"product","2":"type-product","3":"status-publish","4":"has-post-thumbnail","6":"product_cat-by-industry","7":"product_cat-child-resistant-packaging","8":"product_cat-custom-cannabis-boxes","9":"product_cat-paper-box-style","10":"product_tag-cannabis-oil-boxes","11":"product_tag-child-proof-cannabis-boxes","12":"product_tag-child-resistant-cannabis-boxes","14":"first","15":"instock","16":"shipping-taxable","17":"product-type-grouped"},"_links":{"self":[{"href":"https:\/\/zojopackaging.com\/pt\/wp-json\/wp\/v2\/product\/2659","targetHints":{"allow":["GET"]}}],"collection":[{"href":"https:\/\/zojopackaging.com\/pt\/wp-json\/wp\/v2\/product"}],"about":[{"href":"https:\/\/zojopackaging.com\/pt\/wp-json\/wp\/v2\/types\/product"}],"version-history":[{"count":2,"href":"https:\/\/zojopackaging.com\/pt\/wp-json\/wp\/v2\/product\/2659\/revisions"}],"predecessor-version":[{"id":8475,"href":"https:\/\/zojopackaging.com\/pt\/wp-json\/wp\/v2\/product\/2659\/revisions\/8475"}],"wp:featuredmedia":[{"embeddable":true,"href":"https:\/\/zojopackaging.com\/pt\/wp-json\/wp\/v2\/media\/6455"}],"wp:attachment":[{"href":"https:\/\/zojopackaging.com\/pt\/wp-json\/wp\/v2\/media?parent=2659"}],"wp:term":[{"taxonomy":"product_brand","embeddable":true,"href":"https:\/\/zojopackaging.com\/pt\/wp-json\/wp\/v2\/product_brand?post=2659"},{"taxonomy":"product_cat","embeddable":true,"href":"https:\/\/zojopackaging.com\/pt\/wp-json\/wp\/v2\/product_cat?post=2659"},{"taxonomy":"product_tag","embeddable":true,"href":"https:\/\/zojopackaging.com\/pt\/wp-json\/wp\/v2\/product_tag?post=2659"}],"curies":[{"name":"wp","href":"https:\/\/api.w.org\/{rel}","templated":true}]}}