{"id":2687,"date":"2024-03-12T17:01:17","date_gmt":"2024-03-12T09:01:17","guid":{"rendered":"https:\/\/zojopackaging.com\/?post_type=product&#038;p=2687"},"modified":"2025-03-28T19:30:44","modified_gmt":"2025-03-28T11:30:44","slug":"custom-vape-pen-packaging-box","status":"publish","type":"product","link":"https:\/\/zojopackaging.com\/pt\/product\/custom-vape-pen-packaging-box\/","title":{"rendered":"Caixa dobr\u00e1vel para caneta Vape personalizada com cabide Fabricante"},"content":{"rendered":"<h1>Caixa dobr\u00e1vel para caneta Vape personalizada com cabide Fabricante<\/h1>\n<div class=\"auto-hide-last-sibling-br paragraph-ae1685 br-paragraph-space\">\n<p>Caixa de embalagem de caneta Vape personalizada - a solu\u00e7\u00e3o perfeita para mostrar e proteger os seus produtos de caneta Vape!<\/p>\n<p>Concebidas tendo em conta o estilo e a funcionalidade, as nossas caixas de embalagem personalizadas s\u00e3o concebidas para satisfazer as suas necessidades espec\u00edficas e a identidade da sua marca.<\/p>\n<p>O que realmente diferencia nossa caixa de embalagem de caneta Vape personalizada s\u00e3o as op\u00e7\u00f5es de personaliza\u00e7\u00e3o. Tem a liberdade de escolher o tamanho, a forma, a cor e a impress\u00e3o que se alinham com a est\u00e9tica da sua marca. Quer prefira um design arrojado e moderno ou um visual mais cl\u00e1ssico e sofisticado, podemos dar vida \u00e0 sua vis\u00e3o.<\/p>\n<p>A embalagem personalizada n\u00e3o s\u00f3 melhora a atra\u00e7\u00e3o visual das suas canetas Vape, como tamb\u00e9m serve como uma poderosa ferramenta de marketing. Com o log\u00f3tipo da sua marca e as mensagens exclusivas apresentadas de forma proeminente, ajuda a aumentar o reconhecimento da marca e a fidelidade do cliente.<\/p>\n<h1><strong>Especifica\u00e7\u00e3o<\/strong><\/h1>\n<table width=\"1153\">\n<tbody>\n<tr>\n<td width=\"373\">Dimens\u00f5es<\/td>\n<td width=\"373\">Todos os tamanhos e formas personalizados<\/td>\n<\/tr>\n<tr>\n<td width=\"373\">Impress\u00e3o<\/td>\n<td width=\"373\">CMYK, PMS, Sem impress\u00e3o<\/td>\n<\/tr>\n<tr>\n<td width=\"373\">Estoque de papel<\/td>\n<td width=\"373\">10pt a 28pt (60lb a 400lb) Kraft ecol\u00f3gico, canelado E-flute, cart\u00e3o Bux, cartolina<\/td>\n<\/tr>\n<tr>\n<td width=\"373\">Quantidades<\/td>\n<td width=\"373\">500- 500,000<\/td>\n<\/tr>\n<tr>\n<td width=\"373\">Revestimento<\/td>\n<td width=\"373\">Brilhante, Mate, Spot UV<\/td>\n<\/tr>\n<tr>\n<td width=\"373\">Processo por defeito<\/td>\n<td width=\"373\">Corte e vinco, colagem, perfura\u00e7\u00e3o<\/td>\n<\/tr>\n<tr>\n<td width=\"373\">Op\u00e7\u00f5es<\/td>\n<td width=\"373\">Recorte de janela personalizada, folha de ouro\/prata, grava\u00e7\u00e3o em relevo, tinta em relevo, folha de PVC.<\/td>\n<\/tr>\n<tr>\n<td width=\"373\">Prova<\/td>\n<td width=\"373\">Vista plana, maqueta 3D, amostragem f\u00edsica (a pedido)<\/td>\n<\/tr>\n<tr>\n<td width=\"373\">Tempo de retorno<\/td>\n<td width=\"373\">7-14 dias \u00fateis , Urg\u00eancia<\/td>\n<\/tr>\n<tr>\n<td width=\"373\">MOQ<\/td>\n<td width=\"373\">500<\/td>\n<\/tr>\n<tr>\n<td width=\"373\">Tempo de amostragem<\/td>\n<td width=\"373\">3-5 dias<\/td>\n<\/tr>\n<tr>\n<td width=\"373\">Prazo de pagamento<\/td>\n<td width=\"373\">T\/T, Western Union, Paypal, dep\u00f3sito 30% e saldo 70% antes do envio.<\/td>\n<\/tr>\n<\/tbody>\n<\/table>\n<\/div>\n<h1 class=\"auto-hide-last-sibling-br paragraph-ae1685 br-paragraph-space\">O que oferecemos no atacado de embalagens de canetas Vape<\/h1>\n<div class=\"auto-hide-last-sibling-br paragraph-ae1685 br-paragraph-space\">Somos uma equipa de profissionais e j\u00e1 trabalh\u00e1mos em numerosos produtos impressos por encomenda a n\u00edvel grossista, tais como caixas de cartuchos para vape e embalagens para vape. Coloc\u00e1mos os desenhos no nosso s\u00edtio Web e oferecemos-lhe apoio gratuito na conce\u00e7\u00e3o. Tudo o que precisa de fazer \u00e9 apresentar a sua ideia, e n\u00f3s trataremos at\u00e9 das dimens\u00f5es e do dimensionamento, apresentando-lhe o produto final da mais alta qualidade.<\/div>\n<div><\/div>\n<h1 class=\"auto-hide-last-sibling-br paragraph-ae1685 br-paragraph-space\">O que procura nas suas embalagens Vape?<\/h1>\n<div class=\"auto-hide-last-sibling-br paragraph-ae1685 br-paragraph-space\">Se \u00e9 empres\u00e1rio, procura, sem d\u00favida, duas coisas: qualidade e baixo custo. No entanto, \u00e9 um desafio identificar a empresa que oferece caixas de qualidade a pre\u00e7os baixos, apesar das in\u00fameras reivindica\u00e7\u00f5es. Na realidade, todas as empresas de embalagem t\u00eam como objetivo aumentar o volume de neg\u00f3cios. Mas quando se trata de qualidade e custo, a We Custom Boxes \u00e9 extremamente honesta. O nosso objetivo \u00e9 facilitar o cliente em todos os aspectos. Estamos a desenvolver caixas vape para satisfazer todas as suas necessidades.<\/div>\n<div><\/div>\n<div class=\"auto-hide-last-sibling-br paragraph-ae1685 br-paragraph-space\">Uma grande variedade de caixas vape est\u00e1 dispon\u00edvel para venda no nosso s\u00edtio Web. Pode confirmar o seu pre\u00e7o e qualidade solicitando uma amostra, que pode ser entregue \u00e0 sua porta num prazo limitado. Se estiver satisfeito com o pre\u00e7o e a qualidade, pode efetuar uma encomenda maior.<\/div>\n<h1 class=\"auto-hide-last-sibling-br paragraph-ae1685 br-paragraph-space\">Como as nossas caixas personalizadas lhe oferecem mais op\u00e7\u00f5es<\/h1>\n<div class=\"auto-hide-last-sibling-br paragraph-ae1685 br-paragraph-space\">As nossas caixas personalizadas permitem-lhe escolher entre uma s\u00e9rie de estilos, formas, desenhos e cores para as caixas. Tem duas formas de proceder. Ou pode trazer todos os seus desejos espec\u00edficos, como estudar os produtos da sua marca e pedir-nos para desenvolver as caixas com uma determinada cor, design ou forma. Ou pode pedir orienta\u00e7\u00e3o aos nossos especialistas sobre o que \u00e9 mais adequado.<\/div>\n<h1 class=\"auto-hide-last-sibling-br paragraph-ae1685 br-paragraph-space\">Pedir or\u00e7amento<\/h1>\n<div class=\"auto-hide-last-sibling-br paragraph-ae1685 br-paragraph-space\">Agora, contacte-nos por correio eletr\u00f3nico para <span style=\"color: #ff0000;\"><strong>info@zojoprint.com <\/strong><span style=\"color: #000000;\">ou<\/span><strong> vickio@zojopackaging.com<\/strong><\/span>. Pode tamb\u00e9m telefonar-nos para o n\u00famero de telefone fornecido em qualquer altura. O nosso servi\u00e7o de apoio ao cliente est\u00e1 dispon\u00edvel 24 horas por dia. Al\u00e9m disso, pode obter uma resposta imediata \u00e0 sua quest\u00e3o atrav\u00e9s do nosso servi\u00e7o de conversa\u00e7\u00e3o em direto.<\/div>\n<div class=\"widget block block-static-block\">\n<div class=\"landing-page-section option-bottom\">\n<div class=\"custom-materials-tabs-content container container-adjustment\">\n<div class=\"custom-materials-tab-content active\">\n<div class=\"widget block block-static-block\">\n<p><!---end of option item--><\/p>\n<\/div>\n<\/div>\n<\/div>\n<\/div>\n<\/div>","protected":false},"excerpt":{"rendered":"<p>As caixas de canetas Vape personalizadas s\u00e3o a melhor maneira de apresentar suas canetas Vape de uma maneira elegante. Compre caixas de embalagem de caneta Vape a pre\u00e7o de atacado. Suporte de design gratuito\uff01<\/p>\n<p>Personaliza\u00e7\u00e3o: Pode personalizar o tamanho\/impress\u00e3o\/material\/acabamento\/forma, etc.<br \/>\nTipo de material: Amigo do ambiente, tem certifica\u00e7\u00e3o FSC\/ISO\/BSCI<br \/>\nTempo de produ\u00e7\u00e3o: Amostra 1-3 dias; a granel 7-9 dias<br \/>\nTempo de envio: Expresso 3-7 dias; Ar 12-16 dias; Barco 25-30 dias\uff08Diferentes pa\u00edses t\u00eam tempos diferentes)<\/p>\n<p>Pre\u00e7o:Contacte-nos para enviar um inqu\u00e9rito!<\/p>\n<p>&nbsp;<\/p>","protected":false},"featured_media":2692,"template":"","meta":[],"product_brand":[],"product_cat":[30,418,430,31],"product_tag":[817,849,848],"class_list":{"0":"post-2687","1":"product","2":"type-product","3":"status-publish","4":"has-post-thumbnail","6":"product_cat-by-industry","7":"product_cat-custom-cbd-boxes","8":"product_cat-folding-cartons","9":"product_cat-paper-box-style","10":"product_tag-custom-box","11":"product_tag-hanger-box-manufacturer","12":"product_tag-vape-pen-folding-carton","14":"first","15":"instock","16":"shipping-taxable","17":"product-type-grouped"},"_links":{"self":[{"href":"https:\/\/zojopackaging.com\/pt\/wp-json\/wp\/v2\/product\/2687","targetHints":{"allow":["GET"]}}],"collection":[{"href":"https:\/\/zojopackaging.com\/pt\/wp-json\/wp\/v2\/product"}],"about":[{"href":"https:\/\/zojopackaging.com\/pt\/wp-json\/wp\/v2\/types\/product"}],"version-history":[{"count":2,"href":"https:\/\/zojopackaging.com\/pt\/wp-json\/wp\/v2\/product\/2687\/revisions"}],"predecessor-version":[{"id":8504,"href":"https:\/\/zojopackaging.com\/pt\/wp-json\/wp\/v2\/product\/2687\/revisions\/8504"}],"wp:featuredmedia":[{"embeddable":true,"href":"https:\/\/zojopackaging.com\/pt\/wp-json\/wp\/v2\/media\/2692"}],"wp:attachment":[{"href":"https:\/\/zojopackaging.com\/pt\/wp-json\/wp\/v2\/media?parent=2687"}],"wp:term":[{"taxonomy":"product_brand","embeddable":true,"href":"https:\/\/zojopackaging.com\/pt\/wp-json\/wp\/v2\/product_brand?post=2687"},{"taxonomy":"product_cat","embeddable":true,"href":"https:\/\/zojopackaging.com\/pt\/wp-json\/wp\/v2\/product_cat?post=2687"},{"taxonomy":"product_tag","embeddable":true,"href":"https:\/\/zojopackaging.com\/pt\/wp-json\/wp\/v2\/product_tag?post=2687"}],"curies":[{"name":"wp","href":"https:\/\/api.w.org\/{rel}","templated":true}]}}