{"id":2694,"date":"2024-03-12T17:05:03","date_gmt":"2024-03-12T09:05:03","guid":{"rendered":"https:\/\/zojopackaging.com\/?post_type=product&#038;p=2694"},"modified":"2025-03-28T19:44:03","modified_gmt":"2025-03-28T11:44:03","slug":"wholesale-e-cigarette-boxes","status":"publish","type":"product","link":"https:\/\/zojopackaging.com\/pt\/product\/wholesale-e-cigarette-boxes\/","title":{"rendered":"Caixa de cart\u00e3o Vape personalizada por atacado Fabricante"},"content":{"rendered":"<h1 class=\"LC20lb MBeuO DKV0Md\">Caixas de cigarros electr\u00f3nicos por grosso<\/h1>\n<p>As nossas caixas para cigarros electr\u00f3nicos por grosso - a melhor solu\u00e7\u00e3o de embalagem para o seu neg\u00f3cio de cigarros electr\u00f3nicos!<\/p>\n<p>As nossas caixas para cigarros electr\u00f3nicos por grosso foram concebidas para satisfazer as diversas necessidades do mercado dos cigarros electr\u00f3nicos. Fabricadas com precis\u00e3o e utilizando materiais de alta qualidade, estas caixas oferecem uma prote\u00e7\u00e3o superior aos seus valiosos produtos.<\/p>\n<h2><strong>Porqu\u00ea escolher a nossa op\u00e7\u00e3o de venda por grosso?<\/strong><\/h2>\n<p>Com a compra a granel, beneficia de poupan\u00e7as de custos significativas sem comprometer a qualidade. Isto faz com que seja a escolha ideal para empresas de todas as dimens\u00f5es, quer se trate de uma empresa em fase de arranque ou de uma empresa j\u00e1 estabelecida.<\/p>\n<p>Compreendemos a import\u00e2ncia da marca. \u00c9 por isso que as nossas caixas de cigarros eletr\u00f3nicos por atacado podem ser personalizadas com o seu log\u00f3tipo, cores da marca e gr\u00e1ficos exclusivos. Isso ajuda a criar uma imagem de marca consistente e reconhec\u00edvel, aumentando a fidelidade do cliente e o conhecimento da marca.<\/p>\n<p>O nosso compromisso com a qualidade garante que cada caixa \u00e9 duradoura e fi\u00e1vel, proporcionando uma solu\u00e7\u00e3o de embalagem segura que protege os seus cigarros electr\u00f3nicos de danos durante o armazenamento e o transporte.<\/p>\n<h1><strong>Especifica\u00e7\u00e3o<\/strong><\/h1>\n<table style=\"height: 456px;\" width=\"1153\">\n<tbody>\n<tr>\n<td width=\"373\">Dimens\u00f5es<\/td>\n<td width=\"373\">Todos os tamanhos e formas personalizados<\/td>\n<\/tr>\n<tr>\n<td width=\"373\">Impress\u00e3o<\/td>\n<td width=\"373\">CMYK, PMS, Sem impress\u00e3o<\/td>\n<\/tr>\n<tr>\n<td width=\"373\">Estoque de papel<\/td>\n<td width=\"373\">10pt a 28pt (60lb a 400lb) Kraft ecol\u00f3gico, canelado E-flute, cart\u00e3o Bux, cartolina<\/td>\n<\/tr>\n<tr>\n<td width=\"373\">Quantidades<\/td>\n<td width=\"373\">500- 500,000<\/td>\n<\/tr>\n<tr>\n<td width=\"373\">Revestimento<\/td>\n<td width=\"373\">Brilhante, Mate, Spot UV<\/td>\n<\/tr>\n<tr>\n<td width=\"373\">Processo por defeito<\/td>\n<td width=\"373\">Corte e vinco, colagem, perfura\u00e7\u00e3o<\/td>\n<\/tr>\n<tr>\n<td width=\"373\">Op\u00e7\u00f5es<\/td>\n<td width=\"373\">Recorte de janela personalizada, folha de ouro\/prata, grava\u00e7\u00e3o em relevo, tinta em relevo, folha de PVC.<\/td>\n<\/tr>\n<tr>\n<td width=\"373\">Prova<\/td>\n<td width=\"373\">Vista plana, maqueta 3D, amostragem f\u00edsica (a pedido)<\/td>\n<\/tr>\n<tr>\n<td width=\"373\">Tempo de retorno<\/td>\n<td width=\"373\">7-14 dias \u00fateis , Urg\u00eancia<\/td>\n<\/tr>\n<tr>\n<td width=\"373\">MOQ<\/td>\n<td width=\"373\">500<\/td>\n<\/tr>\n<tr>\n<td width=\"373\">Tempo de amostragem<\/td>\n<td width=\"373\">3-5 dias<\/td>\n<\/tr>\n<tr>\n<td width=\"373\">Prazo de pagamento<\/td>\n<td width=\"373\">T\/T, Western Union, Paypal, dep\u00f3sito 30% e saldo 70% antes do envio.<\/td>\n<\/tr>\n<\/tbody>\n<\/table>\n<div class=\"widget block block-static-block\">\n<div class=\"landing-page-section option-bottom\">\n<div class=\"custom-materials-tabs-content container container-adjustment\">\n<div class=\"custom-materials-tab-content active\">\n<div class=\"widget block block-static-block\">\n<div class=\"options-items\">\n<div class=\"flex-grid-row-option\">\n<div class=\"flex-grid-item-option\">\n<div class=\"material-box\">\n<div class=\"material-des\">\n<p>&nbsp;<\/p>\n<\/div>\n<p>&nbsp;<\/p>\n<\/div>\n<\/div>\n<\/div>\n<\/div>\n<p><!---end of option item--><\/p>\n<\/div>\n<\/div>\n<\/div>\n<\/div>\n<\/div>","protected":false},"excerpt":{"rendered":"<p>Obter caixas de vape personalizadas a pre\u00e7os por grosso. Crie suas pr\u00f3prias caixas de embalagem de vapor de um fornecedor de caixas confi\u00e1vel agora!<\/p>\n<p>Personaliza\u00e7\u00e3o: Pode personalizar o tamanho\/impress\u00e3o\/material\/acabamento\/forma, etc.<br \/>\nTipo de material: Amigo do ambiente, tem certifica\u00e7\u00e3o FSC\/ISO\/BSCI<br \/>\nTempo de produ\u00e7\u00e3o: Amostra 1-3 dias; a granel 7-9 dias<br \/>\nTempo de envio: Expresso 3-7 dias; Ar 12-16 dias; Barco 25-30 dias\uff08Diferentes pa\u00edses t\u00eam tempos diferentes)<\/p>\n<p>Pre\u00e7o:Contacte-nos para enviar um inqu\u00e9rito!<\/p>","protected":false},"featured_media":2700,"template":"","meta":[],"product_brand":[],"product_cat":[30,418,430,31],"product_tag":[852,850,851],"class_list":{"0":"post-2694","1":"product","2":"type-product","3":"status-publish","4":"has-post-thumbnail","6":"product_cat-by-industry","7":"product_cat-custom-cbd-boxes","8":"product_cat-folding-cartons","9":"product_cat-paper-box-style","10":"product_tag-custom-wholesale-box","11":"product_tag-custom-wholesale-vape-cardboard-box","12":"product_tag-vape-cardboard-box","14":"first","15":"instock","16":"shipping-taxable","17":"product-type-grouped"},"_links":{"self":[{"href":"https:\/\/zojopackaging.com\/pt\/wp-json\/wp\/v2\/product\/2694","targetHints":{"allow":["GET"]}}],"collection":[{"href":"https:\/\/zojopackaging.com\/pt\/wp-json\/wp\/v2\/product"}],"about":[{"href":"https:\/\/zojopackaging.com\/pt\/wp-json\/wp\/v2\/types\/product"}],"version-history":[{"count":2,"href":"https:\/\/zojopackaging.com\/pt\/wp-json\/wp\/v2\/product\/2694\/revisions"}],"predecessor-version":[{"id":5959,"href":"https:\/\/zojopackaging.com\/pt\/wp-json\/wp\/v2\/product\/2694\/revisions\/5959"}],"wp:featuredmedia":[{"embeddable":true,"href":"https:\/\/zojopackaging.com\/pt\/wp-json\/wp\/v2\/media\/2700"}],"wp:attachment":[{"href":"https:\/\/zojopackaging.com\/pt\/wp-json\/wp\/v2\/media?parent=2694"}],"wp:term":[{"taxonomy":"product_brand","embeddable":true,"href":"https:\/\/zojopackaging.com\/pt\/wp-json\/wp\/v2\/product_brand?post=2694"},{"taxonomy":"product_cat","embeddable":true,"href":"https:\/\/zojopackaging.com\/pt\/wp-json\/wp\/v2\/product_cat?post=2694"},{"taxonomy":"product_tag","embeddable":true,"href":"https:\/\/zojopackaging.com\/pt\/wp-json\/wp\/v2\/product_tag?post=2694"}],"curies":[{"name":"wp","href":"https:\/\/api.w.org\/{rel}","templated":true}]}}